{"id":17984,"date":"2025-05-13T11:06:04","date_gmt":"2025-05-13T09:06:04","guid":{"rendered":"https:\/\/wilbra.it\/prodotto\/cremas-balsamos-y-grasas-para-el-mantenimiento-del-calzado-y-el-cuero-de-marca-blanca\/"},"modified":"2025-05-19T09:38:57","modified_gmt":"2025-05-19T07:38:57","slug":"cremas-balsamos-y-grasas-para-el-mantenimiento-del-calzado-y-el-cuero-de-marca-blanca","status":"publish","type":"product","link":"https:\/\/wilbra.it\/es\/producto\/cremas-balsamos-y-grasas-para-el-mantenimiento-del-calzado-y-el-cuero-de-marca-blanca\/","title":{"rendered":"Cremas, b\u00e1lsamos y grasas para el mantenimiento del calzado y el cuero de marca blanca"},"content":{"rendered":"","protected":false},"excerpt":{"rendered":"","protected":false},"featured_media":17649,"comment_status":"closed","ping_status":"closed","template":"","meta":[],"product_brand":[],"product_cat":[817],"product_tag":[],"class_list":{"0":"post-17984","1":"product","2":"type-product","3":"status-publish","4":"has-post-thumbnail","6":"product_cat-private-label-es","8":"first","9":"instock","10":"sold-individually","11":"taxable","12":"shipping-taxable","13":"purchasable","14":"product-type-variable"},"yoast_head":"<!-- This site is optimized with the Yoast SEO plugin v25.8 - https:\/\/yoast.com\/wordpress\/plugins\/seo\/ -->\n<title>Cremas, b\u00e1lsamos y grasas para calzado y cuero de marca blanca- Wilbra<\/title>\n<meta name=\"description\" content=\"Producci\u00f3n para terceros y marcas privadas de productos para el cuidado del cuero: cremas, b\u00e1lsamos, grasas. Solicitar informaci\u00f3n.\" \/>\n<meta name=\"robots\" content=\"index, follow, max-snippet:-1, max-image-preview:large, max-video-preview:-1\" \/>\n<link rel=\"canonical\" href=\"https:\/\/wilbra.it\/es\/producto\/cremas-balsamos-y-grasas-para-el-mantenimiento-del-calzado-y-el-cuero-de-marca-blanca\/\" \/>\n<meta property=\"og:locale\" content=\"es_ES\" \/>\n<meta property=\"og:type\" content=\"article\" \/>\n<meta property=\"og:title\" content=\"Cremas, b\u00e1lsamos y grasas para calzado y cuero de marca blanca- Wilbra\" \/>\n<meta property=\"og:description\" content=\"Producci\u00f3n para terceros y marcas privadas de productos para el cuidado del cuero: cremas, b\u00e1lsamos, grasas. Solicitar informaci\u00f3n.\" \/>\n<meta property=\"og:url\" content=\"https:\/\/wilbra.it\/es\/producto\/cremas-balsamos-y-grasas-para-el-mantenimiento-del-calzado-y-el-cuero-de-marca-blanca\/\" \/>\n<meta property=\"og:site_name\" content=\"Wilbra\" \/>\n<meta property=\"article:modified_time\" content=\"2025-05-19T07:38:57+00:00\" \/>\n<meta property=\"og:image\" content=\"https:\/\/wilbra.it\/wp-content\/uploads\/2025\/05\/wilbra-creme-balsami-grassi-private-label.jpg\" \/>\n\t<meta property=\"og:image:width\" content=\"2000\" \/>\n\t<meta property=\"og:image:height\" content=\"2000\" \/>\n\t<meta property=\"og:image:type\" content=\"image\/jpeg\" \/>\n<meta name=\"twitter:card\" content=\"summary_large_image\" \/>\n<meta name=\"twitter:label1\" content=\"Tiempo de lectura\" \/>\n\t<meta name=\"twitter:data1\" content=\"1 minuto\" \/>\n<script type=\"application\/ld+json\" class=\"yoast-schema-graph\">{\"@context\":\"https:\/\/schema.org\",\"@graph\":[{\"@type\":\"WebPage\",\"@id\":\"https:\/\/wilbra.it\/es\/producto\/cremas-balsamos-y-grasas-para-el-mantenimiento-del-calzado-y-el-cuero-de-marca-blanca\/\",\"url\":\"https:\/\/wilbra.it\/es\/producto\/cremas-balsamos-y-grasas-para-el-mantenimiento-del-calzado-y-el-cuero-de-marca-blanca\/\",\"name\":\"Cremas, b\u00e1lsamos y grasas para calzado y cuero de marca blanca- Wilbra\",\"isPartOf\":{\"@id\":\"https:\/\/wilbra.it\/#website\"},\"primaryImageOfPage\":{\"@id\":\"https:\/\/wilbra.it\/es\/producto\/cremas-balsamos-y-grasas-para-el-mantenimiento-del-calzado-y-el-cuero-de-marca-blanca\/#primaryimage\"},\"image\":{\"@id\":\"https:\/\/wilbra.it\/es\/producto\/cremas-balsamos-y-grasas-para-el-mantenimiento-del-calzado-y-el-cuero-de-marca-blanca\/#primaryimage\"},\"thumbnailUrl\":\"https:\/\/wilbra.it\/wp-content\/uploads\/2025\/05\/wilbra-creme-balsami-grassi-private-label.jpg\",\"datePublished\":\"2025-05-13T09:06:04+00:00\",\"dateModified\":\"2025-05-19T07:38:57+00:00\",\"description\":\"Producci\u00f3n para terceros y marcas privadas de productos para el cuidado del cuero: cremas, b\u00e1lsamos, grasas. Solicitar informaci\u00f3n.\",\"breadcrumb\":{\"@id\":\"https:\/\/wilbra.it\/es\/producto\/cremas-balsamos-y-grasas-para-el-mantenimiento-del-calzado-y-el-cuero-de-marca-blanca\/#breadcrumb\"},\"inLanguage\":\"es\",\"potentialAction\":[{\"@type\":\"ReadAction\",\"target\":[\"https:\/\/wilbra.it\/es\/producto\/cremas-balsamos-y-grasas-para-el-mantenimiento-del-calzado-y-el-cuero-de-marca-blanca\/\"]}]},{\"@type\":\"ImageObject\",\"inLanguage\":\"es\",\"@id\":\"https:\/\/wilbra.it\/es\/producto\/cremas-balsamos-y-grasas-para-el-mantenimiento-del-calzado-y-el-cuero-de-marca-blanca\/#primaryimage\",\"url\":\"https:\/\/wilbra.it\/wp-content\/uploads\/2025\/05\/wilbra-creme-balsami-grassi-private-label.jpg\",\"contentUrl\":\"https:\/\/wilbra.it\/wp-content\/uploads\/2025\/05\/wilbra-creme-balsami-grassi-private-label.jpg\",\"width\":2000,\"height\":2000,\"caption\":\"Grasas, cremas y b\u00e1lsamos para el mantenimiento del cuero de marca blanca\"},{\"@type\":\"BreadcrumbList\",\"@id\":\"https:\/\/wilbra.it\/es\/producto\/cremas-balsamos-y-grasas-para-el-mantenimiento-del-calzado-y-el-cuero-de-marca-blanca\/#breadcrumb\",\"itemListElement\":[{\"@type\":\"ListItem\",\"position\":1,\"name\":\"Cat\u00e1logo de productos\",\"item\":\"https:\/\/wilbra.it\/es\/catalogo\/\"},{\"@type\":\"ListItem\",\"position\":2,\"name\":\"Cremas, b\u00e1lsamos y grasas para el mantenimiento del calzado y el cuero de marca blanca\"}]},{\"@type\":\"WebSite\",\"@id\":\"https:\/\/wilbra.it\/#website\",\"url\":\"https:\/\/wilbra.it\/\",\"name\":\"Wilbra\",\"description\":\"Prodotti per la cura di pelli e tessuti\",\"potentialAction\":[{\"@type\":\"SearchAction\",\"target\":{\"@type\":\"EntryPoint\",\"urlTemplate\":\"https:\/\/wilbra.it\/?s={search_term_string}\"},\"query-input\":{\"@type\":\"PropertyValueSpecification\",\"valueRequired\":true,\"valueName\":\"search_term_string\"}}],\"inLanguage\":\"es\"}]}<\/script>\n<!-- \/ Yoast SEO plugin. -->","yoast_head_json":{"title":"Cremas, b\u00e1lsamos y grasas para calzado y cuero de marca blanca- Wilbra","description":"Producci\u00f3n para terceros y marcas privadas de productos para el cuidado del cuero: cremas, b\u00e1lsamos, grasas. Solicitar informaci\u00f3n.","robots":{"index":"index","follow":"follow","max-snippet":"max-snippet:-1","max-image-preview":"max-image-preview:large","max-video-preview":"max-video-preview:-1"},"canonical":"https:\/\/wilbra.it\/es\/producto\/cremas-balsamos-y-grasas-para-el-mantenimiento-del-calzado-y-el-cuero-de-marca-blanca\/","og_locale":"es_ES","og_type":"article","og_title":"Cremas, b\u00e1lsamos y grasas para calzado y cuero de marca blanca- Wilbra","og_description":"Producci\u00f3n para terceros y marcas privadas de productos para el cuidado del cuero: cremas, b\u00e1lsamos, grasas. Solicitar informaci\u00f3n.","og_url":"https:\/\/wilbra.it\/es\/producto\/cremas-balsamos-y-grasas-para-el-mantenimiento-del-calzado-y-el-cuero-de-marca-blanca\/","og_site_name":"Wilbra","article_modified_time":"2025-05-19T07:38:57+00:00","og_image":[{"width":2000,"height":2000,"url":"https:\/\/wilbra.it\/wp-content\/uploads\/2025\/05\/wilbra-creme-balsami-grassi-private-label.jpg","type":"image\/jpeg"}],"twitter_card":"summary_large_image","twitter_misc":{"Tiempo de lectura":"1 minuto"},"schema":{"@context":"https:\/\/schema.org","@graph":[{"@type":"WebPage","@id":"https:\/\/wilbra.it\/es\/producto\/cremas-balsamos-y-grasas-para-el-mantenimiento-del-calzado-y-el-cuero-de-marca-blanca\/","url":"https:\/\/wilbra.it\/es\/producto\/cremas-balsamos-y-grasas-para-el-mantenimiento-del-calzado-y-el-cuero-de-marca-blanca\/","name":"Cremas, b\u00e1lsamos y grasas para calzado y cuero de marca blanca- Wilbra","isPartOf":{"@id":"https:\/\/wilbra.it\/#website"},"primaryImageOfPage":{"@id":"https:\/\/wilbra.it\/es\/producto\/cremas-balsamos-y-grasas-para-el-mantenimiento-del-calzado-y-el-cuero-de-marca-blanca\/#primaryimage"},"image":{"@id":"https:\/\/wilbra.it\/es\/producto\/cremas-balsamos-y-grasas-para-el-mantenimiento-del-calzado-y-el-cuero-de-marca-blanca\/#primaryimage"},"thumbnailUrl":"https:\/\/wilbra.it\/wp-content\/uploads\/2025\/05\/wilbra-creme-balsami-grassi-private-label.jpg","datePublished":"2025-05-13T09:06:04+00:00","dateModified":"2025-05-19T07:38:57+00:00","description":"Producci\u00f3n para terceros y marcas privadas de productos para el cuidado del cuero: cremas, b\u00e1lsamos, grasas. Solicitar informaci\u00f3n.","breadcrumb":{"@id":"https:\/\/wilbra.it\/es\/producto\/cremas-balsamos-y-grasas-para-el-mantenimiento-del-calzado-y-el-cuero-de-marca-blanca\/#breadcrumb"},"inLanguage":"es","potentialAction":[{"@type":"ReadAction","target":["https:\/\/wilbra.it\/es\/producto\/cremas-balsamos-y-grasas-para-el-mantenimiento-del-calzado-y-el-cuero-de-marca-blanca\/"]}]},{"@type":"ImageObject","inLanguage":"es","@id":"https:\/\/wilbra.it\/es\/producto\/cremas-balsamos-y-grasas-para-el-mantenimiento-del-calzado-y-el-cuero-de-marca-blanca\/#primaryimage","url":"https:\/\/wilbra.it\/wp-content\/uploads\/2025\/05\/wilbra-creme-balsami-grassi-private-label.jpg","contentUrl":"https:\/\/wilbra.it\/wp-content\/uploads\/2025\/05\/wilbra-creme-balsami-grassi-private-label.jpg","width":2000,"height":2000,"caption":"Grasas, cremas y b\u00e1lsamos para el mantenimiento del cuero de marca blanca"},{"@type":"BreadcrumbList","@id":"https:\/\/wilbra.it\/es\/producto\/cremas-balsamos-y-grasas-para-el-mantenimiento-del-calzado-y-el-cuero-de-marca-blanca\/#breadcrumb","itemListElement":[{"@type":"ListItem","position":1,"name":"Cat\u00e1logo de productos","item":"https:\/\/wilbra.it\/es\/catalogo\/"},{"@type":"ListItem","position":2,"name":"Cremas, b\u00e1lsamos y grasas para el mantenimiento del calzado y el cuero de marca blanca"}]},{"@type":"WebSite","@id":"https:\/\/wilbra.it\/#website","url":"https:\/\/wilbra.it\/","name":"Wilbra","description":"Prodotti per la cura di pelli e tessuti","potentialAction":[{"@type":"SearchAction","target":{"@type":"EntryPoint","urlTemplate":"https:\/\/wilbra.it\/?s={search_term_string}"},"query-input":{"@type":"PropertyValueSpecification","valueRequired":true,"valueName":"search_term_string"}}],"inLanguage":"es"}]}},"_links":{"self":[{"href":"https:\/\/wilbra.it\/es\/wp-json\/wp\/v2\/product\/17984","targetHints":{"allow":["GET"]}}],"collection":[{"href":"https:\/\/wilbra.it\/es\/wp-json\/wp\/v2\/product"}],"about":[{"href":"https:\/\/wilbra.it\/es\/wp-json\/wp\/v2\/types\/product"}],"replies":[{"embeddable":true,"href":"https:\/\/wilbra.it\/es\/wp-json\/wp\/v2\/comments?post=17984"}],"wp:featuredmedia":[{"embeddable":true,"href":"https:\/\/wilbra.it\/es\/wp-json\/wp\/v2\/media\/17649"}],"wp:attachment":[{"href":"https:\/\/wilbra.it\/es\/wp-json\/wp\/v2\/media?parent=17984"}],"wp:term":[{"taxonomy":"product_brand","embeddable":true,"href":"https:\/\/wilbra.it\/es\/wp-json\/wp\/v2\/product_brand?post=17984"},{"taxonomy":"product_cat","embeddable":true,"href":"https:\/\/wilbra.it\/es\/wp-json\/wp\/v2\/product_cat?post=17984"},{"taxonomy":"product_tag","embeddable":true,"href":"https:\/\/wilbra.it\/es\/wp-json\/wp\/v2\/product_tag?post=17984"}],"curies":[{"name":"wp","href":"https:\/\/api.w.org\/{rel}","templated":true}]}}