{"id":16579,"date":"2022-05-17T09:13:27","date_gmt":"2022-05-17T07:13:27","guid":{"rendered":"https:\/\/wilbra.it\/prodotto\/artiglio-casa-colla-trasparente-neoprenica\/"},"modified":"2023-11-24T16:15:18","modified_gmt":"2023-11-24T15:15:18","slug":"artiglio-casa-pegamento-de-neopreno-transparente","status":"publish","type":"product","link":"https:\/\/wilbra.it\/es\/producto\/artiglio-casa-pegamento-de-neopreno-transparente\/","title":{"rendered":"Artiglio Casa"},"content":{"rendered":"","protected":false},"excerpt":{"rendered":"<p>Cola transparente de excelente esparcibilidad y fijaci\u00f3n, ideal para todos los trabajos y peque\u00f1as reparaciones del hogar. El pegamento transparente Artiglio Casa es un adhesivo de neopreno de baja viscosidad, con alta resistencia al calor y a la humedad, apto para usos generales y reparaciones que deban perdurar en el tiempo. Esta masilla funciona mejor en superficies porosas que requieren cierta flexibilidad y elasticidad en su uso (como, por ejemplo, los zapatos) y garantiza un sellado firme e impermeable, manteniendo una buena elasticidad.<\/p>\n<p>La base de Artiglio Casa es el hist\u00f3rico <a href=\"https:\/\/wilbra.it\/es\/producto\/artiglio-super-620-tubo-pegamento-de-neopreno\/\" target=\"_blank\" rel=\"noopener\">Artiglio Super 620<\/a>, conocido desde hace d\u00e9cadas tambi\u00e9n como \u00abpegamento de zapatero\u00bb por su validez en la producci\u00f3n y reparaci\u00f3n de calzado. En esta versi\u00f3n Artiglio Casa es a\u00fan m\u00e1s especial para todos los trabajos dom\u00e9sticos y peque\u00f1as reparaciones cotidianas.<\/p>\n<p>Los tubos de cola Artiglio Casa est\u00e1n disponibles tanto en envases individuales (aptos para el bricolaje) como en blisters para exponer en el mostrador de tu tienda.<\/p>\n","protected":false},"featured_media":14322,"comment_status":"closed","ping_status":"closed","template":"","meta":[],"product_brand":[],"product_cat":[559],"product_tag":[563],"class_list":{"0":"post-16579","1":"product","2":"type-product","3":"status-publish","4":"has-post-thumbnail","6":"product_cat-casa","7":"product_tag-adhesivos-y-colas","9":"first","10":"instock","11":"sold-individually","12":"taxable","13":"shipping-taxable","14":"purchasable","15":"product-type-variable","16":"has-default-attributes"},"yoast_head":"<!-- This site is optimized with the Yoast SEO plugin v25.8 - https:\/\/yoast.com\/wordpress\/plugins\/seo\/ -->\n<title>Cola Artiglio Casa - Wilbra<\/title>\n<meta name=\"description\" content=\"Artiglio Casa es un pegamento de contacto transparente. Apto para tejidos, madera, cuero, pl\u00e1stico y calzado. Descubre todos nuestros pegamentos.\" \/>\n<meta name=\"robots\" content=\"index, follow, max-snippet:-1, max-image-preview:large, max-video-preview:-1\" \/>\n<link rel=\"canonical\" href=\"https:\/\/wilbra.it\/es\/producto\/artiglio-casa-pegamento-de-neopreno-transparente\/\" \/>\n<meta property=\"og:locale\" content=\"es_ES\" \/>\n<meta property=\"og:type\" content=\"article\" \/>\n<meta property=\"og:title\" content=\"Cola Artiglio Casa - Wilbra\" \/>\n<meta property=\"og:description\" content=\"Artiglio Casa es un pegamento de contacto transparente. Apto para tejidos, madera, cuero, pl\u00e1stico y calzado. Descubre todos nuestros pegamentos.\" \/>\n<meta property=\"og:url\" content=\"https:\/\/wilbra.it\/es\/producto\/artiglio-casa-pegamento-de-neopreno-transparente\/\" \/>\n<meta property=\"og:site_name\" content=\"Wilbra\" \/>\n<meta property=\"article:modified_time\" content=\"2023-11-24T15:15:18+00:00\" \/>\n<meta property=\"og:image\" content=\"https:\/\/wilbra.it\/wp-content\/uploads\/2022\/05\/artiglio-casa-trasparente.jpg\" \/>\n\t<meta property=\"og:image:width\" content=\"800\" \/>\n\t<meta property=\"og:image:height\" content=\"800\" \/>\n\t<meta property=\"og:image:type\" content=\"image\/jpeg\" \/>\n<meta name=\"twitter:card\" content=\"summary_large_image\" \/>\n<script type=\"application\/ld+json\" class=\"yoast-schema-graph\">{\"@context\":\"https:\/\/schema.org\",\"@graph\":[{\"@type\":\"WebPage\",\"@id\":\"https:\/\/wilbra.it\/es\/producto\/artiglio-casa-pegamento-de-neopreno-transparente\/\",\"url\":\"https:\/\/wilbra.it\/es\/producto\/artiglio-casa-pegamento-de-neopreno-transparente\/\",\"name\":\"Cola Artiglio Casa - Wilbra\",\"isPartOf\":{\"@id\":\"https:\/\/wilbra.it\/#website\"},\"primaryImageOfPage\":{\"@id\":\"https:\/\/wilbra.it\/es\/producto\/artiglio-casa-pegamento-de-neopreno-transparente\/#primaryimage\"},\"image\":{\"@id\":\"https:\/\/wilbra.it\/es\/producto\/artiglio-casa-pegamento-de-neopreno-transparente\/#primaryimage\"},\"thumbnailUrl\":\"https:\/\/wilbra.it\/wp-content\/uploads\/2022\/05\/artiglio-casa-trasparente.jpg\",\"datePublished\":\"2022-05-17T07:13:27+00:00\",\"dateModified\":\"2023-11-24T15:15:18+00:00\",\"description\":\"Artiglio Casa es un pegamento de contacto transparente. Apto para tejidos, madera, cuero, pl\u00e1stico y calzado. Descubre todos nuestros pegamentos.\",\"breadcrumb\":{\"@id\":\"https:\/\/wilbra.it\/es\/producto\/artiglio-casa-pegamento-de-neopreno-transparente\/#breadcrumb\"},\"inLanguage\":\"es\",\"potentialAction\":[{\"@type\":\"ReadAction\",\"target\":[\"https:\/\/wilbra.it\/es\/producto\/artiglio-casa-pegamento-de-neopreno-transparente\/\"]}]},{\"@type\":\"ImageObject\",\"inLanguage\":\"es\",\"@id\":\"https:\/\/wilbra.it\/es\/producto\/artiglio-casa-pegamento-de-neopreno-transparente\/#primaryimage\",\"url\":\"https:\/\/wilbra.it\/wp-content\/uploads\/2022\/05\/artiglio-casa-trasparente.jpg\",\"contentUrl\":\"https:\/\/wilbra.it\/wp-content\/uploads\/2022\/05\/artiglio-casa-trasparente.jpg\",\"width\":800,\"height\":800,\"caption\":\"Embalaje pegamento transparente Artiglio casa\"},{\"@type\":\"BreadcrumbList\",\"@id\":\"https:\/\/wilbra.it\/es\/producto\/artiglio-casa-pegamento-de-neopreno-transparente\/#breadcrumb\",\"itemListElement\":[{\"@type\":\"ListItem\",\"position\":1,\"name\":\"Cat\u00e1logo de productos\",\"item\":\"https:\/\/wilbra.it\/es\/catalogo\/\"},{\"@type\":\"ListItem\",\"position\":2,\"name\":\"Artiglio Casa\"}]},{\"@type\":\"WebSite\",\"@id\":\"https:\/\/wilbra.it\/#website\",\"url\":\"https:\/\/wilbra.it\/\",\"name\":\"Wilbra\",\"description\":\"Prodotti per la cura di pelli e tessuti\",\"potentialAction\":[{\"@type\":\"SearchAction\",\"target\":{\"@type\":\"EntryPoint\",\"urlTemplate\":\"https:\/\/wilbra.it\/?s={search_term_string}\"},\"query-input\":{\"@type\":\"PropertyValueSpecification\",\"valueRequired\":true,\"valueName\":\"search_term_string\"}}],\"inLanguage\":\"es\"}]}<\/script>\n<!-- \/ Yoast SEO plugin. -->","yoast_head_json":{"title":"Cola Artiglio Casa - Wilbra","description":"Artiglio Casa es un pegamento de contacto transparente. Apto para tejidos, madera, cuero, pl\u00e1stico y calzado. Descubre todos nuestros pegamentos.","robots":{"index":"index","follow":"follow","max-snippet":"max-snippet:-1","max-image-preview":"max-image-preview:large","max-video-preview":"max-video-preview:-1"},"canonical":"https:\/\/wilbra.it\/es\/producto\/artiglio-casa-pegamento-de-neopreno-transparente\/","og_locale":"es_ES","og_type":"article","og_title":"Cola Artiglio Casa - Wilbra","og_description":"Artiglio Casa es un pegamento de contacto transparente. Apto para tejidos, madera, cuero, pl\u00e1stico y calzado. Descubre todos nuestros pegamentos.","og_url":"https:\/\/wilbra.it\/es\/producto\/artiglio-casa-pegamento-de-neopreno-transparente\/","og_site_name":"Wilbra","article_modified_time":"2023-11-24T15:15:18+00:00","og_image":[{"width":800,"height":800,"url":"https:\/\/wilbra.it\/wp-content\/uploads\/2022\/05\/artiglio-casa-trasparente.jpg","type":"image\/jpeg"}],"twitter_card":"summary_large_image","schema":{"@context":"https:\/\/schema.org","@graph":[{"@type":"WebPage","@id":"https:\/\/wilbra.it\/es\/producto\/artiglio-casa-pegamento-de-neopreno-transparente\/","url":"https:\/\/wilbra.it\/es\/producto\/artiglio-casa-pegamento-de-neopreno-transparente\/","name":"Cola Artiglio Casa - Wilbra","isPartOf":{"@id":"https:\/\/wilbra.it\/#website"},"primaryImageOfPage":{"@id":"https:\/\/wilbra.it\/es\/producto\/artiglio-casa-pegamento-de-neopreno-transparente\/#primaryimage"},"image":{"@id":"https:\/\/wilbra.it\/es\/producto\/artiglio-casa-pegamento-de-neopreno-transparente\/#primaryimage"},"thumbnailUrl":"https:\/\/wilbra.it\/wp-content\/uploads\/2022\/05\/artiglio-casa-trasparente.jpg","datePublished":"2022-05-17T07:13:27+00:00","dateModified":"2023-11-24T15:15:18+00:00","description":"Artiglio Casa es un pegamento de contacto transparente. Apto para tejidos, madera, cuero, pl\u00e1stico y calzado. Descubre todos nuestros pegamentos.","breadcrumb":{"@id":"https:\/\/wilbra.it\/es\/producto\/artiglio-casa-pegamento-de-neopreno-transparente\/#breadcrumb"},"inLanguage":"es","potentialAction":[{"@type":"ReadAction","target":["https:\/\/wilbra.it\/es\/producto\/artiglio-casa-pegamento-de-neopreno-transparente\/"]}]},{"@type":"ImageObject","inLanguage":"es","@id":"https:\/\/wilbra.it\/es\/producto\/artiglio-casa-pegamento-de-neopreno-transparente\/#primaryimage","url":"https:\/\/wilbra.it\/wp-content\/uploads\/2022\/05\/artiglio-casa-trasparente.jpg","contentUrl":"https:\/\/wilbra.it\/wp-content\/uploads\/2022\/05\/artiglio-casa-trasparente.jpg","width":800,"height":800,"caption":"Embalaje pegamento transparente Artiglio casa"},{"@type":"BreadcrumbList","@id":"https:\/\/wilbra.it\/es\/producto\/artiglio-casa-pegamento-de-neopreno-transparente\/#breadcrumb","itemListElement":[{"@type":"ListItem","position":1,"name":"Cat\u00e1logo de productos","item":"https:\/\/wilbra.it\/es\/catalogo\/"},{"@type":"ListItem","position":2,"name":"Artiglio Casa"}]},{"@type":"WebSite","@id":"https:\/\/wilbra.it\/#website","url":"https:\/\/wilbra.it\/","name":"Wilbra","description":"Prodotti per la cura di pelli e tessuti","potentialAction":[{"@type":"SearchAction","target":{"@type":"EntryPoint","urlTemplate":"https:\/\/wilbra.it\/?s={search_term_string}"},"query-input":{"@type":"PropertyValueSpecification","valueRequired":true,"valueName":"search_term_string"}}],"inLanguage":"es"}]}},"_links":{"self":[{"href":"https:\/\/wilbra.it\/es\/wp-json\/wp\/v2\/product\/16579","targetHints":{"allow":["GET"]}}],"collection":[{"href":"https:\/\/wilbra.it\/es\/wp-json\/wp\/v2\/product"}],"about":[{"href":"https:\/\/wilbra.it\/es\/wp-json\/wp\/v2\/types\/product"}],"replies":[{"embeddable":true,"href":"https:\/\/wilbra.it\/es\/wp-json\/wp\/v2\/comments?post=16579"}],"wp:featuredmedia":[{"embeddable":true,"href":"https:\/\/wilbra.it\/es\/wp-json\/wp\/v2\/media\/14322"}],"wp:attachment":[{"href":"https:\/\/wilbra.it\/es\/wp-json\/wp\/v2\/media?parent=16579"}],"wp:term":[{"taxonomy":"product_brand","embeddable":true,"href":"https:\/\/wilbra.it\/es\/wp-json\/wp\/v2\/product_brand?post=16579"},{"taxonomy":"product_cat","embeddable":true,"href":"https:\/\/wilbra.it\/es\/wp-json\/wp\/v2\/product_cat?post=16579"},{"taxonomy":"product_tag","embeddable":true,"href":"https:\/\/wilbra.it\/es\/wp-json\/wp\/v2\/product_tag?post=16579"}],"curies":[{"name":"wp","href":"https:\/\/api.w.org\/{rel}","templated":true}]}}