{"id":16567,"date":"2022-05-17T10:05:47","date_gmt":"2022-05-17T08:05:47","guid":{"rendered":"https:\/\/wilbra.it\/prodotto\/flashstick-colla-gel-istantanea-universale-cianoacrilata\/"},"modified":"2023-11-22T16:51:16","modified_gmt":"2023-11-22T15:51:16","slug":"flashstick-pegamento-gel-instantaneo","status":"publish","type":"product","link":"https:\/\/wilbra.it\/es\/producto\/flashstick-pegamento-gel-instantaneo\/","title":{"rendered":"FlashStick gel"},"content":{"rendered":"","protected":false},"excerpt":{"rendered":"<p>Adhesivo instant\u00e1neo especial extra denso, extra fuerte y extra r\u00e1pido en todo tipo de superficies, con una uni\u00f3n s\u00f3lida e invisible. Para un resultado sorprendente incluso sobre vidrio, cer\u00e1mica y plexigl\u00e1s. Una sola gota es suficiente para varios cent\u00edmetros cuadrados y act\u00faa en menos de un minuto.<\/p>\n<p>Disponible en tubos de 3g y en frascos de 5, 20 y 50 g.<\/p>\n<p>El Gel de Cianoacrilato es el pegamento ideal para bricolaje y modelismo y su versatilidad lo hace especialmente indicado para usos donde se requiere una fuerte fijaci\u00f3n y una gran precisi\u00f3n. La boquilla especial garantiza aplicaciones de dosificaci\u00f3n precisas y exactas. Adem\u00e1s, el tap\u00f3n est\u00e1 equipado con una aguja para evitar que el pico se obstruya, lo que permite utilizar superpegamento incluso varios d\u00edas despu\u00e9s de la primera apertura.<\/p>\n","protected":false},"featured_media":0,"comment_status":"closed","ping_status":"closed","template":"","meta":[],"product_brand":[],"product_cat":[558,559],"product_tag":[563],"class_list":{"0":"post-16567","1":"product","2":"type-product","3":"status-publish","5":"product_cat-artesanos","6":"product_cat-casa","7":"product_tag-adhesivos-y-colas","9":"first","10":"instock","11":"sold-individually","12":"taxable","13":"shipping-taxable","14":"purchasable","15":"product-type-variable","16":"has-default-attributes"},"yoast_head":"<!-- This site is optimized with the Yoast SEO plugin v25.8 - https:\/\/yoast.com\/wordpress\/plugins\/seo\/ -->\n<title>FlashStick gel - Wilbra<\/title>\n<meta name=\"description\" content=\"Adhesivo instant\u00e1neo especial extra denso, extra fuerte y extra r\u00e1pido en todo tipo de superficies, con una uni\u00f3n s\u00f3lida e invisible.\" \/>\n<meta name=\"robots\" content=\"index, follow, max-snippet:-1, max-image-preview:large, max-video-preview:-1\" \/>\n<link rel=\"canonical\" href=\"https:\/\/wilbra.it\/es\/prodotto\/flashstick-pegamento-gel-instantaneo\/\" \/>\n<meta property=\"og:locale\" content=\"es_ES\" \/>\n<meta property=\"og:type\" content=\"article\" \/>\n<meta property=\"og:title\" content=\"FlashStick gel - Wilbra\" \/>\n<meta property=\"og:description\" content=\"Adhesivo instant\u00e1neo especial extra denso, extra fuerte y extra r\u00e1pido en todo tipo de superficies, con una uni\u00f3n s\u00f3lida e invisible.\" \/>\n<meta property=\"og:url\" content=\"https:\/\/wilbra.it\/es\/prodotto\/flashstick-pegamento-gel-instantaneo\/\" \/>\n<meta property=\"og:site_name\" content=\"Wilbra\" \/>\n<meta property=\"article:modified_time\" content=\"2023-11-22T15:51:16+00:00\" \/>\n<meta name=\"twitter:card\" content=\"summary_large_image\" \/>\n<script type=\"application\/ld+json\" class=\"yoast-schema-graph\">{\"@context\":\"https:\/\/schema.org\",\"@graph\":[{\"@type\":\"WebPage\",\"@id\":\"https:\/\/wilbra.it\/es\/prodotto\/flashstick-pegamento-gel-instantaneo\/\",\"url\":\"https:\/\/wilbra.it\/es\/prodotto\/flashstick-pegamento-gel-instantaneo\/\",\"name\":\"FlashStick gel - Wilbra\",\"isPartOf\":{\"@id\":\"https:\/\/wilbra.it\/#website\"},\"datePublished\":\"2022-05-17T08:05:47+00:00\",\"dateModified\":\"2023-11-22T15:51:16+00:00\",\"description\":\"Adhesivo instant\u00e1neo especial extra denso, extra fuerte y extra r\u00e1pido en todo tipo de superficies, con una uni\u00f3n s\u00f3lida e invisible.\",\"breadcrumb\":{\"@id\":\"https:\/\/wilbra.it\/es\/prodotto\/flashstick-pegamento-gel-instantaneo\/#breadcrumb\"},\"inLanguage\":\"es\",\"potentialAction\":[{\"@type\":\"ReadAction\",\"target\":[\"https:\/\/wilbra.it\/es\/prodotto\/flashstick-pegamento-gel-instantaneo\/\"]}]},{\"@type\":\"BreadcrumbList\",\"@id\":\"https:\/\/wilbra.it\/es\/prodotto\/flashstick-pegamento-gel-instantaneo\/#breadcrumb\",\"itemListElement\":[{\"@type\":\"ListItem\",\"position\":1,\"name\":\"Cat\u00e1logo de productos\",\"item\":\"https:\/\/wilbra.it\/es\/catalogo\/\"},{\"@type\":\"ListItem\",\"position\":2,\"name\":\"FlashStick gel\"}]},{\"@type\":\"WebSite\",\"@id\":\"https:\/\/wilbra.it\/#website\",\"url\":\"https:\/\/wilbra.it\/\",\"name\":\"Wilbra\",\"description\":\"Prodotti per la cura di pelli e tessuti\",\"potentialAction\":[{\"@type\":\"SearchAction\",\"target\":{\"@type\":\"EntryPoint\",\"urlTemplate\":\"https:\/\/wilbra.it\/?s={search_term_string}\"},\"query-input\":{\"@type\":\"PropertyValueSpecification\",\"valueRequired\":true,\"valueName\":\"search_term_string\"}}],\"inLanguage\":\"es\"}]}<\/script>\n<!-- \/ Yoast SEO plugin. -->","yoast_head_json":{"title":"FlashStick gel - Wilbra","description":"Adhesivo instant\u00e1neo especial extra denso, extra fuerte y extra r\u00e1pido en todo tipo de superficies, con una uni\u00f3n s\u00f3lida e invisible.","robots":{"index":"index","follow":"follow","max-snippet":"max-snippet:-1","max-image-preview":"max-image-preview:large","max-video-preview":"max-video-preview:-1"},"canonical":"https:\/\/wilbra.it\/es\/prodotto\/flashstick-pegamento-gel-instantaneo\/","og_locale":"es_ES","og_type":"article","og_title":"FlashStick gel - Wilbra","og_description":"Adhesivo instant\u00e1neo especial extra denso, extra fuerte y extra r\u00e1pido en todo tipo de superficies, con una uni\u00f3n s\u00f3lida e invisible.","og_url":"https:\/\/wilbra.it\/es\/prodotto\/flashstick-pegamento-gel-instantaneo\/","og_site_name":"Wilbra","article_modified_time":"2023-11-22T15:51:16+00:00","twitter_card":"summary_large_image","schema":{"@context":"https:\/\/schema.org","@graph":[{"@type":"WebPage","@id":"https:\/\/wilbra.it\/es\/prodotto\/flashstick-pegamento-gel-instantaneo\/","url":"https:\/\/wilbra.it\/es\/prodotto\/flashstick-pegamento-gel-instantaneo\/","name":"FlashStick gel - Wilbra","isPartOf":{"@id":"https:\/\/wilbra.it\/#website"},"datePublished":"2022-05-17T08:05:47+00:00","dateModified":"2023-11-22T15:51:16+00:00","description":"Adhesivo instant\u00e1neo especial extra denso, extra fuerte y extra r\u00e1pido en todo tipo de superficies, con una uni\u00f3n s\u00f3lida e invisible.","breadcrumb":{"@id":"https:\/\/wilbra.it\/es\/prodotto\/flashstick-pegamento-gel-instantaneo\/#breadcrumb"},"inLanguage":"es","potentialAction":[{"@type":"ReadAction","target":["https:\/\/wilbra.it\/es\/prodotto\/flashstick-pegamento-gel-instantaneo\/"]}]},{"@type":"BreadcrumbList","@id":"https:\/\/wilbra.it\/es\/prodotto\/flashstick-pegamento-gel-instantaneo\/#breadcrumb","itemListElement":[{"@type":"ListItem","position":1,"name":"Cat\u00e1logo de productos","item":"https:\/\/wilbra.it\/es\/catalogo\/"},{"@type":"ListItem","position":2,"name":"FlashStick gel"}]},{"@type":"WebSite","@id":"https:\/\/wilbra.it\/#website","url":"https:\/\/wilbra.it\/","name":"Wilbra","description":"Prodotti per la cura di pelli e tessuti","potentialAction":[{"@type":"SearchAction","target":{"@type":"EntryPoint","urlTemplate":"https:\/\/wilbra.it\/?s={search_term_string}"},"query-input":{"@type":"PropertyValueSpecification","valueRequired":true,"valueName":"search_term_string"}}],"inLanguage":"es"}]}},"_links":{"self":[{"href":"https:\/\/wilbra.it\/es\/wp-json\/wp\/v2\/product\/16567","targetHints":{"allow":["GET"]}}],"collection":[{"href":"https:\/\/wilbra.it\/es\/wp-json\/wp\/v2\/product"}],"about":[{"href":"https:\/\/wilbra.it\/es\/wp-json\/wp\/v2\/types\/product"}],"replies":[{"embeddable":true,"href":"https:\/\/wilbra.it\/es\/wp-json\/wp\/v2\/comments?post=16567"}],"wp:attachment":[{"href":"https:\/\/wilbra.it\/es\/wp-json\/wp\/v2\/media?parent=16567"}],"wp:term":[{"taxonomy":"product_brand","embeddable":true,"href":"https:\/\/wilbra.it\/es\/wp-json\/wp\/v2\/product_brand?post=16567"},{"taxonomy":"product_cat","embeddable":true,"href":"https:\/\/wilbra.it\/es\/wp-json\/wp\/v2\/product_cat?post=16567"},{"taxonomy":"product_tag","embeddable":true,"href":"https:\/\/wilbra.it\/es\/wp-json\/wp\/v2\/product_tag?post=16567"}],"curies":[{"name":"wp","href":"https:\/\/api.w.org\/{rel}","templated":true}]}}