{"id":16560,"date":"2022-05-17T10:22:01","date_gmt":"2022-05-17T08:22:01","guid":{"rendered":"https:\/\/wilbra.it\/prodotto\/flashstick-super-colla-istantanea-universale-cianoacrilata\/"},"modified":"2023-11-22T15:45:14","modified_gmt":"2023-11-22T14:45:14","slug":"super-pegamento-flashstick","status":"publish","type":"product","link":"https:\/\/wilbra.it\/es\/producto\/super-pegamento-flashstick\/","title":{"rendered":"FlashStick"},"content":{"rendered":"","protected":false},"excerpt":{"rendered":"<p>Adhesivo Especial Instant\u00e1neo de Cianoacrilato, com\u00fanmente llamado Super Pegamento, que garantiza una uni\u00f3n fuerte e inmediata.<br \/>\nEl Super Pegamento FlashStick es completamente transparente una vez seco y, por lo tanto, es ideal para crear pegamentos invisibles. Act\u00faa en unos instantes, basta con una gota por cada varios cent\u00edmetros cuadrados.<\/p>\n<p>Disponible en blister de 3, 5, 20 y 50 g.<\/p>\n<p>Artiglio FlashStick Super Pegamento es especialmente adecuado para usos que requieren una fijaci\u00f3n fuerte y una gran precisi\u00f3n. La boquilla especial garantiza aplicaciones de dosificaci\u00f3n precisas y exactas. Adem\u00e1s, el tap\u00f3n est\u00e1 equipado con una aguja para evitar que el pico se obstruya, lo que permite utilizar superpegamento incluso varios d\u00edas despu\u00e9s de la primera apertura.<\/p>\n","protected":false},"featured_media":14340,"comment_status":"closed","ping_status":"closed","template":"","meta":[],"product_brand":[],"product_cat":[558,559],"product_tag":[563],"class_list":{"0":"post-16560","1":"product","2":"type-product","3":"status-publish","4":"has-post-thumbnail","6":"product_cat-artesanos","7":"product_cat-casa","8":"product_tag-adhesivos-y-colas","10":"first","11":"instock","12":"sold-individually","13":"taxable","14":"shipping-taxable","15":"purchasable","16":"product-type-variable"},"yoast_head":"<!-- This site is optimized with the Yoast SEO plugin v25.8 - https:\/\/yoast.com\/wordpress\/plugins\/seo\/ -->\n<title>Super Pegamento FlashStick - Wilbra<\/title>\n<meta name=\"description\" content=\"S\u00faper pegamento para uniones fuertes, inmediatas y duraderas. Funciona en unos momentos. 100% transparente. Diferentes formatos disponibles.\" \/>\n<meta name=\"robots\" content=\"index, follow, max-snippet:-1, max-image-preview:large, max-video-preview:-1\" \/>\n<link rel=\"canonical\" href=\"https:\/\/wilbra.it\/es\/prodotto\/super-pegamento-flashstick\/\" \/>\n<meta property=\"og:locale\" content=\"es_ES\" \/>\n<meta property=\"og:type\" content=\"article\" \/>\n<meta property=\"og:title\" content=\"Super Pegamento FlashStick - Wilbra\" \/>\n<meta property=\"og:description\" content=\"S\u00faper pegamento para uniones fuertes, inmediatas y duraderas. Funciona en unos momentos. 100% transparente. Diferentes formatos disponibles.\" \/>\n<meta property=\"og:url\" content=\"https:\/\/wilbra.it\/es\/prodotto\/super-pegamento-flashstick\/\" \/>\n<meta property=\"og:site_name\" content=\"Wilbra\" \/>\n<meta property=\"article:modified_time\" content=\"2023-11-22T14:45:14+00:00\" \/>\n<meta property=\"og:image\" content=\"https:\/\/wilbra.it\/wp-content\/uploads\/2022\/05\/artiglio-adesivo-cianoacrilato-flashstick.jpg\" \/>\n\t<meta property=\"og:image:width\" content=\"2000\" \/>\n\t<meta property=\"og:image:height\" content=\"2000\" \/>\n\t<meta property=\"og:image:type\" content=\"image\/jpeg\" \/>\n<meta name=\"twitter:card\" content=\"summary_large_image\" \/>\n<script type=\"application\/ld+json\" class=\"yoast-schema-graph\">{\"@context\":\"https:\/\/schema.org\",\"@graph\":[{\"@type\":\"WebPage\",\"@id\":\"https:\/\/wilbra.it\/es\/prodotto\/super-pegamento-flashstick\/\",\"url\":\"https:\/\/wilbra.it\/es\/prodotto\/super-pegamento-flashstick\/\",\"name\":\"Super Pegamento FlashStick - Wilbra\",\"isPartOf\":{\"@id\":\"https:\/\/wilbra.it\/#website\"},\"primaryImageOfPage\":{\"@id\":\"https:\/\/wilbra.it\/es\/prodotto\/super-pegamento-flashstick\/#primaryimage\"},\"image\":{\"@id\":\"https:\/\/wilbra.it\/es\/prodotto\/super-pegamento-flashstick\/#primaryimage\"},\"thumbnailUrl\":\"https:\/\/wilbra.it\/wp-content\/uploads\/2022\/05\/artiglio-adesivo-cianoacrilato-flashstick.jpg\",\"datePublished\":\"2022-05-17T08:22:01+00:00\",\"dateModified\":\"2023-11-22T14:45:14+00:00\",\"description\":\"S\u00faper pegamento para uniones fuertes, inmediatas y duraderas. Funciona en unos momentos. 100% transparente. Diferentes formatos disponibles.\",\"breadcrumb\":{\"@id\":\"https:\/\/wilbra.it\/es\/prodotto\/super-pegamento-flashstick\/#breadcrumb\"},\"inLanguage\":\"es\",\"potentialAction\":[{\"@type\":\"ReadAction\",\"target\":[\"https:\/\/wilbra.it\/es\/prodotto\/super-pegamento-flashstick\/\"]}]},{\"@type\":\"ImageObject\",\"inLanguage\":\"es\",\"@id\":\"https:\/\/wilbra.it\/es\/prodotto\/super-pegamento-flashstick\/#primaryimage\",\"url\":\"https:\/\/wilbra.it\/wp-content\/uploads\/2022\/05\/artiglio-adesivo-cianoacrilato-flashstick.jpg\",\"contentUrl\":\"https:\/\/wilbra.it\/wp-content\/uploads\/2022\/05\/artiglio-adesivo-cianoacrilato-flashstick.jpg\",\"width\":2000,\"height\":2000,\"caption\":\"FlashStick CianoWil Super Pegamento - Adhesivo instant\u00e1neo\"},{\"@type\":\"BreadcrumbList\",\"@id\":\"https:\/\/wilbra.it\/es\/prodotto\/super-pegamento-flashstick\/#breadcrumb\",\"itemListElement\":[{\"@type\":\"ListItem\",\"position\":1,\"name\":\"Cat\u00e1logo de productos\",\"item\":\"https:\/\/wilbra.it\/es\/catalogo\/\"},{\"@type\":\"ListItem\",\"position\":2,\"name\":\"FlashStick\"}]},{\"@type\":\"WebSite\",\"@id\":\"https:\/\/wilbra.it\/#website\",\"url\":\"https:\/\/wilbra.it\/\",\"name\":\"Wilbra\",\"description\":\"Prodotti per la cura di pelli e tessuti\",\"potentialAction\":[{\"@type\":\"SearchAction\",\"target\":{\"@type\":\"EntryPoint\",\"urlTemplate\":\"https:\/\/wilbra.it\/?s={search_term_string}\"},\"query-input\":{\"@type\":\"PropertyValueSpecification\",\"valueRequired\":true,\"valueName\":\"search_term_string\"}}],\"inLanguage\":\"es\"}]}<\/script>\n<!-- \/ Yoast SEO plugin. -->","yoast_head_json":{"title":"Super Pegamento FlashStick - Wilbra","description":"S\u00faper pegamento para uniones fuertes, inmediatas y duraderas. Funciona en unos momentos. 100% transparente. Diferentes formatos disponibles.","robots":{"index":"index","follow":"follow","max-snippet":"max-snippet:-1","max-image-preview":"max-image-preview:large","max-video-preview":"max-video-preview:-1"},"canonical":"https:\/\/wilbra.it\/es\/prodotto\/super-pegamento-flashstick\/","og_locale":"es_ES","og_type":"article","og_title":"Super Pegamento FlashStick - Wilbra","og_description":"S\u00faper pegamento para uniones fuertes, inmediatas y duraderas. Funciona en unos momentos. 100% transparente. Diferentes formatos disponibles.","og_url":"https:\/\/wilbra.it\/es\/prodotto\/super-pegamento-flashstick\/","og_site_name":"Wilbra","article_modified_time":"2023-11-22T14:45:14+00:00","og_image":[{"width":2000,"height":2000,"url":"https:\/\/wilbra.it\/wp-content\/uploads\/2022\/05\/artiglio-adesivo-cianoacrilato-flashstick.jpg","type":"image\/jpeg"}],"twitter_card":"summary_large_image","schema":{"@context":"https:\/\/schema.org","@graph":[{"@type":"WebPage","@id":"https:\/\/wilbra.it\/es\/prodotto\/super-pegamento-flashstick\/","url":"https:\/\/wilbra.it\/es\/prodotto\/super-pegamento-flashstick\/","name":"Super Pegamento FlashStick - Wilbra","isPartOf":{"@id":"https:\/\/wilbra.it\/#website"},"primaryImageOfPage":{"@id":"https:\/\/wilbra.it\/es\/prodotto\/super-pegamento-flashstick\/#primaryimage"},"image":{"@id":"https:\/\/wilbra.it\/es\/prodotto\/super-pegamento-flashstick\/#primaryimage"},"thumbnailUrl":"https:\/\/wilbra.it\/wp-content\/uploads\/2022\/05\/artiglio-adesivo-cianoacrilato-flashstick.jpg","datePublished":"2022-05-17T08:22:01+00:00","dateModified":"2023-11-22T14:45:14+00:00","description":"S\u00faper pegamento para uniones fuertes, inmediatas y duraderas. Funciona en unos momentos. 100% transparente. Diferentes formatos disponibles.","breadcrumb":{"@id":"https:\/\/wilbra.it\/es\/prodotto\/super-pegamento-flashstick\/#breadcrumb"},"inLanguage":"es","potentialAction":[{"@type":"ReadAction","target":["https:\/\/wilbra.it\/es\/prodotto\/super-pegamento-flashstick\/"]}]},{"@type":"ImageObject","inLanguage":"es","@id":"https:\/\/wilbra.it\/es\/prodotto\/super-pegamento-flashstick\/#primaryimage","url":"https:\/\/wilbra.it\/wp-content\/uploads\/2022\/05\/artiglio-adesivo-cianoacrilato-flashstick.jpg","contentUrl":"https:\/\/wilbra.it\/wp-content\/uploads\/2022\/05\/artiglio-adesivo-cianoacrilato-flashstick.jpg","width":2000,"height":2000,"caption":"FlashStick CianoWil Super Pegamento - Adhesivo instant\u00e1neo"},{"@type":"BreadcrumbList","@id":"https:\/\/wilbra.it\/es\/prodotto\/super-pegamento-flashstick\/#breadcrumb","itemListElement":[{"@type":"ListItem","position":1,"name":"Cat\u00e1logo de productos","item":"https:\/\/wilbra.it\/es\/catalogo\/"},{"@type":"ListItem","position":2,"name":"FlashStick"}]},{"@type":"WebSite","@id":"https:\/\/wilbra.it\/#website","url":"https:\/\/wilbra.it\/","name":"Wilbra","description":"Prodotti per la cura di pelli e tessuti","potentialAction":[{"@type":"SearchAction","target":{"@type":"EntryPoint","urlTemplate":"https:\/\/wilbra.it\/?s={search_term_string}"},"query-input":{"@type":"PropertyValueSpecification","valueRequired":true,"valueName":"search_term_string"}}],"inLanguage":"es"}]}},"_links":{"self":[{"href":"https:\/\/wilbra.it\/es\/wp-json\/wp\/v2\/product\/16560","targetHints":{"allow":["GET"]}}],"collection":[{"href":"https:\/\/wilbra.it\/es\/wp-json\/wp\/v2\/product"}],"about":[{"href":"https:\/\/wilbra.it\/es\/wp-json\/wp\/v2\/types\/product"}],"replies":[{"embeddable":true,"href":"https:\/\/wilbra.it\/es\/wp-json\/wp\/v2\/comments?post=16560"}],"wp:featuredmedia":[{"embeddable":true,"href":"https:\/\/wilbra.it\/es\/wp-json\/wp\/v2\/media\/14340"}],"wp:attachment":[{"href":"https:\/\/wilbra.it\/es\/wp-json\/wp\/v2\/media?parent=16560"}],"wp:term":[{"taxonomy":"product_brand","embeddable":true,"href":"https:\/\/wilbra.it\/es\/wp-json\/wp\/v2\/product_brand?post=16560"},{"taxonomy":"product_cat","embeddable":true,"href":"https:\/\/wilbra.it\/es\/wp-json\/wp\/v2\/product_cat?post=16560"},{"taxonomy":"product_tag","embeddable":true,"href":"https:\/\/wilbra.it\/es\/wp-json\/wp\/v2\/product_tag?post=16560"}],"curies":[{"name":"wp","href":"https:\/\/api.w.org\/{rel}","templated":true}]}}