{"id":16506,"date":"2022-05-17T12:34:36","date_gmt":"2022-05-17T10:34:36","guid":{"rendered":"https:\/\/wilbra.it\/prodotto\/artiglio-super-620-tubetto-colla-neoprenica\/"},"modified":"2023-11-24T14:54:11","modified_gmt":"2023-11-24T13:54:11","slug":"artiglio-super-620-tubo-pegamento-de-neopreno","status":"publish","type":"product","link":"https:\/\/wilbra.it\/es\/producto\/artiglio-super-620-tubo-pegamento-de-neopreno\/","title":{"rendered":"Artiglio Super 620"},"content":{"rendered":"","protected":false},"excerpt":{"rendered":"<p>Artiglio Super 620 Tubetto es un producto hist\u00f3rico de Wilbra, un adhesivo de neopreno de baja viscosidad adecuado para pegar eficazmente cualquier superficie rugosa, como madera, pl\u00e1stico y cuero. La extrema versatilidad se debe a su composici\u00f3n: un adhesivo de neopreno de baja viscosidad con excelente esparcibilidad y buena resistencia al calor y la humedad. Apto para usos generales y en particular para reparaciones. Una vez seco, el pegamento tiene una fijaci\u00f3n fuerte y segura, al tiempo que mantiene una flexibilidad \u00f3ptima para reparar objetos que se usan mucho.<\/p>\n<p>Artiglio Super 620 Tubetto est\u00e1 disponible en formatos de 75ml y 150ml. Los tubos est\u00e1n disponibles tanto en envases individuales (aptos para uso de bricolaje) como en blisters para exponer en el mostrador de tu tienda.<\/p>\n<p>Es un cl\u00e1sico del cat\u00e1logo WILBRA, gracias a su f\u00f3rmula especial sigue consolid\u00e1ndose como el pegamento preferido de los zapateros desde hace m\u00e1s de 40 a\u00f1os. Artiglio Super 620 es excelente para su uso tanto en el mundo del bricolaje como en el sector profesional.<\/p>\n","protected":false},"featured_media":14325,"comment_status":"closed","ping_status":"closed","template":"","meta":[],"product_brand":[],"product_cat":[558,559],"product_tag":[563],"class_list":{"0":"post-16506","1":"product","2":"type-product","3":"status-publish","4":"has-post-thumbnail","6":"product_cat-artesanos","7":"product_cat-casa","8":"product_tag-adhesivos-y-colas","10":"first","11":"instock","12":"sold-individually","13":"taxable","14":"shipping-taxable","15":"purchasable","16":"product-type-variable","17":"has-default-attributes"},"yoast_head":"<!-- This site is optimized with the Yoast SEO plugin v25.8 - https:\/\/yoast.com\/wordpress\/plugins\/seo\/ -->\n<title>Pegamento Artiglio Super 620 - Wilbra<\/title>\n<meta name=\"description\" content=\"Cola Artiglio para cuero, marroquiner\u00eda, tejidos, madera, calzado, pl\u00e1stico. La mejor cola de zapatero apta para reparaciones y bricolaje.\" \/>\n<meta name=\"robots\" content=\"index, follow, max-snippet:-1, max-image-preview:large, max-video-preview:-1\" \/>\n<link rel=\"canonical\" href=\"https:\/\/wilbra.it\/es\/producto\/artiglio-super-620-tubo-pegamento-de-neopreno\/\" \/>\n<meta property=\"og:locale\" content=\"es_ES\" \/>\n<meta property=\"og:type\" content=\"article\" \/>\n<meta property=\"og:title\" content=\"Pegamento Artiglio Super 620 - Wilbra\" \/>\n<meta property=\"og:description\" content=\"Cola Artiglio para cuero, marroquiner\u00eda, tejidos, madera, calzado, pl\u00e1stico. La mejor cola de zapatero apta para reparaciones y bricolaje.\" \/>\n<meta property=\"og:url\" content=\"https:\/\/wilbra.it\/es\/producto\/artiglio-super-620-tubo-pegamento-de-neopreno\/\" \/>\n<meta property=\"og:site_name\" content=\"Wilbra\" \/>\n<meta property=\"article:modified_time\" content=\"2023-11-24T13:54:11+00:00\" \/>\n<meta property=\"og:image\" content=\"https:\/\/wilbra.it\/wp-content\/uploads\/2022\/05\/artiglio-colla-super-620-tubetto-01.jpg\" \/>\n\t<meta property=\"og:image:width\" content=\"800\" \/>\n\t<meta property=\"og:image:height\" content=\"800\" \/>\n\t<meta property=\"og:image:type\" content=\"image\/jpeg\" \/>\n<meta name=\"twitter:card\" content=\"summary_large_image\" \/>\n<script type=\"application\/ld+json\" class=\"yoast-schema-graph\">{\"@context\":\"https:\/\/schema.org\",\"@graph\":[{\"@type\":\"WebPage\",\"@id\":\"https:\/\/wilbra.it\/es\/producto\/artiglio-super-620-tubo-pegamento-de-neopreno\/\",\"url\":\"https:\/\/wilbra.it\/es\/producto\/artiglio-super-620-tubo-pegamento-de-neopreno\/\",\"name\":\"Pegamento Artiglio Super 620 - Wilbra\",\"isPartOf\":{\"@id\":\"https:\/\/wilbra.it\/#website\"},\"primaryImageOfPage\":{\"@id\":\"https:\/\/wilbra.it\/es\/producto\/artiglio-super-620-tubo-pegamento-de-neopreno\/#primaryimage\"},\"image\":{\"@id\":\"https:\/\/wilbra.it\/es\/producto\/artiglio-super-620-tubo-pegamento-de-neopreno\/#primaryimage\"},\"thumbnailUrl\":\"https:\/\/wilbra.it\/wp-content\/uploads\/2022\/05\/artiglio-colla-super-620-tubetto-01.jpg\",\"datePublished\":\"2022-05-17T10:34:36+00:00\",\"dateModified\":\"2023-11-24T13:54:11+00:00\",\"description\":\"Cola Artiglio para cuero, marroquiner\u00eda, tejidos, madera, calzado, pl\u00e1stico. La mejor cola de zapatero apta para reparaciones y bricolaje.\",\"breadcrumb\":{\"@id\":\"https:\/\/wilbra.it\/es\/producto\/artiglio-super-620-tubo-pegamento-de-neopreno\/#breadcrumb\"},\"inLanguage\":\"es\",\"potentialAction\":[{\"@type\":\"ReadAction\",\"target\":[\"https:\/\/wilbra.it\/es\/producto\/artiglio-super-620-tubo-pegamento-de-neopreno\/\"]}]},{\"@type\":\"ImageObject\",\"inLanguage\":\"es\",\"@id\":\"https:\/\/wilbra.it\/es\/producto\/artiglio-super-620-tubo-pegamento-de-neopreno\/#primaryimage\",\"url\":\"https:\/\/wilbra.it\/wp-content\/uploads\/2022\/05\/artiglio-colla-super-620-tubetto-01.jpg\",\"contentUrl\":\"https:\/\/wilbra.it\/wp-content\/uploads\/2022\/05\/artiglio-colla-super-620-tubetto-01.jpg\",\"width\":800,\"height\":800,\"caption\":\"Pegamento neopreno Artiglio Super 620 tubo\"},{\"@type\":\"BreadcrumbList\",\"@id\":\"https:\/\/wilbra.it\/es\/producto\/artiglio-super-620-tubo-pegamento-de-neopreno\/#breadcrumb\",\"itemListElement\":[{\"@type\":\"ListItem\",\"position\":1,\"name\":\"Cat\u00e1logo de productos\",\"item\":\"https:\/\/wilbra.it\/es\/catalogo\/\"},{\"@type\":\"ListItem\",\"position\":2,\"name\":\"Artiglio Super 620\"}]},{\"@type\":\"WebSite\",\"@id\":\"https:\/\/wilbra.it\/#website\",\"url\":\"https:\/\/wilbra.it\/\",\"name\":\"Wilbra\",\"description\":\"Prodotti per la cura di pelli e tessuti\",\"potentialAction\":[{\"@type\":\"SearchAction\",\"target\":{\"@type\":\"EntryPoint\",\"urlTemplate\":\"https:\/\/wilbra.it\/?s={search_term_string}\"},\"query-input\":{\"@type\":\"PropertyValueSpecification\",\"valueRequired\":true,\"valueName\":\"search_term_string\"}}],\"inLanguage\":\"es\"}]}<\/script>\n<!-- \/ Yoast SEO plugin. -->","yoast_head_json":{"title":"Pegamento Artiglio Super 620 - Wilbra","description":"Cola Artiglio para cuero, marroquiner\u00eda, tejidos, madera, calzado, pl\u00e1stico. La mejor cola de zapatero apta para reparaciones y bricolaje.","robots":{"index":"index","follow":"follow","max-snippet":"max-snippet:-1","max-image-preview":"max-image-preview:large","max-video-preview":"max-video-preview:-1"},"canonical":"https:\/\/wilbra.it\/es\/producto\/artiglio-super-620-tubo-pegamento-de-neopreno\/","og_locale":"es_ES","og_type":"article","og_title":"Pegamento Artiglio Super 620 - Wilbra","og_description":"Cola Artiglio para cuero, marroquiner\u00eda, tejidos, madera, calzado, pl\u00e1stico. La mejor cola de zapatero apta para reparaciones y bricolaje.","og_url":"https:\/\/wilbra.it\/es\/producto\/artiglio-super-620-tubo-pegamento-de-neopreno\/","og_site_name":"Wilbra","article_modified_time":"2023-11-24T13:54:11+00:00","og_image":[{"width":800,"height":800,"url":"https:\/\/wilbra.it\/wp-content\/uploads\/2022\/05\/artiglio-colla-super-620-tubetto-01.jpg","type":"image\/jpeg"}],"twitter_card":"summary_large_image","schema":{"@context":"https:\/\/schema.org","@graph":[{"@type":"WebPage","@id":"https:\/\/wilbra.it\/es\/producto\/artiglio-super-620-tubo-pegamento-de-neopreno\/","url":"https:\/\/wilbra.it\/es\/producto\/artiglio-super-620-tubo-pegamento-de-neopreno\/","name":"Pegamento Artiglio Super 620 - Wilbra","isPartOf":{"@id":"https:\/\/wilbra.it\/#website"},"primaryImageOfPage":{"@id":"https:\/\/wilbra.it\/es\/producto\/artiglio-super-620-tubo-pegamento-de-neopreno\/#primaryimage"},"image":{"@id":"https:\/\/wilbra.it\/es\/producto\/artiglio-super-620-tubo-pegamento-de-neopreno\/#primaryimage"},"thumbnailUrl":"https:\/\/wilbra.it\/wp-content\/uploads\/2022\/05\/artiglio-colla-super-620-tubetto-01.jpg","datePublished":"2022-05-17T10:34:36+00:00","dateModified":"2023-11-24T13:54:11+00:00","description":"Cola Artiglio para cuero, marroquiner\u00eda, tejidos, madera, calzado, pl\u00e1stico. La mejor cola de zapatero apta para reparaciones y bricolaje.","breadcrumb":{"@id":"https:\/\/wilbra.it\/es\/producto\/artiglio-super-620-tubo-pegamento-de-neopreno\/#breadcrumb"},"inLanguage":"es","potentialAction":[{"@type":"ReadAction","target":["https:\/\/wilbra.it\/es\/producto\/artiglio-super-620-tubo-pegamento-de-neopreno\/"]}]},{"@type":"ImageObject","inLanguage":"es","@id":"https:\/\/wilbra.it\/es\/producto\/artiglio-super-620-tubo-pegamento-de-neopreno\/#primaryimage","url":"https:\/\/wilbra.it\/wp-content\/uploads\/2022\/05\/artiglio-colla-super-620-tubetto-01.jpg","contentUrl":"https:\/\/wilbra.it\/wp-content\/uploads\/2022\/05\/artiglio-colla-super-620-tubetto-01.jpg","width":800,"height":800,"caption":"Pegamento neopreno Artiglio Super 620 tubo"},{"@type":"BreadcrumbList","@id":"https:\/\/wilbra.it\/es\/producto\/artiglio-super-620-tubo-pegamento-de-neopreno\/#breadcrumb","itemListElement":[{"@type":"ListItem","position":1,"name":"Cat\u00e1logo de productos","item":"https:\/\/wilbra.it\/es\/catalogo\/"},{"@type":"ListItem","position":2,"name":"Artiglio Super 620"}]},{"@type":"WebSite","@id":"https:\/\/wilbra.it\/#website","url":"https:\/\/wilbra.it\/","name":"Wilbra","description":"Prodotti per la cura di pelli e tessuti","potentialAction":[{"@type":"SearchAction","target":{"@type":"EntryPoint","urlTemplate":"https:\/\/wilbra.it\/?s={search_term_string}"},"query-input":{"@type":"PropertyValueSpecification","valueRequired":true,"valueName":"search_term_string"}}],"inLanguage":"es"}]}},"_links":{"self":[{"href":"https:\/\/wilbra.it\/es\/wp-json\/wp\/v2\/product\/16506","targetHints":{"allow":["GET"]}}],"collection":[{"href":"https:\/\/wilbra.it\/es\/wp-json\/wp\/v2\/product"}],"about":[{"href":"https:\/\/wilbra.it\/es\/wp-json\/wp\/v2\/types\/product"}],"replies":[{"embeddable":true,"href":"https:\/\/wilbra.it\/es\/wp-json\/wp\/v2\/comments?post=16506"}],"wp:featuredmedia":[{"embeddable":true,"href":"https:\/\/wilbra.it\/es\/wp-json\/wp\/v2\/media\/14325"}],"wp:attachment":[{"href":"https:\/\/wilbra.it\/es\/wp-json\/wp\/v2\/media?parent=16506"}],"wp:term":[{"taxonomy":"product_brand","embeddable":true,"href":"https:\/\/wilbra.it\/es\/wp-json\/wp\/v2\/product_brand?post=16506"},{"taxonomy":"product_cat","embeddable":true,"href":"https:\/\/wilbra.it\/es\/wp-json\/wp\/v2\/product_cat?post=16506"},{"taxonomy":"product_tag","embeddable":true,"href":"https:\/\/wilbra.it\/es\/wp-json\/wp\/v2\/product_tag?post=16506"}],"curies":[{"name":"wp","href":"https:\/\/api.w.org\/{rel}","templated":true}]}}