{"id":16488,"date":"2022-05-17T12:53:41","date_gmt":"2022-05-17T10:53:41","guid":{"rendered":"https:\/\/wilbra.it\/prodotto\/artiglio-superchiaro-tubetto-colla-neoprenica-trasparente\/"},"modified":"2023-11-24T16:02:43","modified_gmt":"2023-11-24T15:02:43","slug":"artiglio-superchiaro-tubo-pegamento-neopreno-transparente","status":"publish","type":"product","link":"https:\/\/wilbra.it\/es\/producto\/artiglio-superchiaro-tubo-pegamento-neopreno-transparente\/","title":{"rendered":"Artiglio Superchiaro"},"content":{"rendered":"","protected":false},"excerpt":{"rendered":"<p>Adhesivo de neopreno de baja viscosidad que no amarillea, indicado para pegar eficazmente cualquier superficie rugosa, como madera, pl\u00e1stico y cuero. Un producto extremadamente vers\u00e1til para todos los procesos que requieren precisi\u00f3n y alto rendimiento: Artiglio Superchiaro Tubetto es f\u00e1cil de aplicar gracias a su viscosidad y garantiza una excelente esparcibilidad.<\/p>\n<p>Est\u00e1 disponible en formatos de 50ml y 125ml y los tubos de pegamento est\u00e1n disponibles tanto en envases individuales (aptos para bricolaje) como en formatos para exponer en el mostrador de tu tienda.<\/p>\n<p>Indicado para el pegado visible por su transparencia en todas las superficies: no amarillea con el tiempo, manteniendo una excelente resistencia al calor y a la humedad, lo que lo hace apto para usos generales y en particular para reparaciones. Una vez seco, el pegamento tiene una fijaci\u00f3n fuerte y segura, al tiempo que mantiene una flexibilidad \u00f3ptima para reparar objetos que se usan mucho.<\/p>\n","protected":false},"featured_media":14326,"comment_status":"closed","ping_status":"closed","template":"","meta":[],"product_brand":[],"product_cat":[558,559],"product_tag":[563],"class_list":{"0":"post-16488","1":"product","2":"type-product","3":"status-publish","4":"has-post-thumbnail","6":"product_cat-artesanos","7":"product_cat-casa","8":"product_tag-adhesivos-y-colas","10":"first","11":"instock","12":"sold-individually","13":"taxable","14":"shipping-taxable","15":"purchasable","16":"product-type-variable","17":"has-default-attributes"},"yoast_head":"<!-- This site is optimized with the Yoast SEO plugin v25.8 - https:\/\/yoast.com\/wordpress\/plugins\/seo\/ -->\n<title>Pegamento Artiglio Superchiaro - Wilbra<\/title>\n<meta name=\"description\" content=\"Cola de neopreno transparente para cuero, madera, pl\u00e1stico. Cola de contacto. Disponible en formatos de 50ml y 125ml. Para bricolaje y tienda.\" \/>\n<meta name=\"robots\" content=\"index, follow, max-snippet:-1, max-image-preview:large, max-video-preview:-1\" \/>\n<link rel=\"canonical\" href=\"https:\/\/wilbra.it\/es\/producto\/artiglio-superchiaro-tubo-pegamento-neopreno-transparente\/\" \/>\n<meta property=\"og:locale\" content=\"es_ES\" \/>\n<meta property=\"og:type\" content=\"article\" \/>\n<meta property=\"og:title\" content=\"Pegamento Artiglio Superchiaro - Wilbra\" \/>\n<meta property=\"og:description\" content=\"Cola de neopreno transparente para cuero, madera, pl\u00e1stico. Cola de contacto. Disponible en formatos de 50ml y 125ml. Para bricolaje y tienda.\" \/>\n<meta property=\"og:url\" content=\"https:\/\/wilbra.it\/es\/producto\/artiglio-superchiaro-tubo-pegamento-neopreno-transparente\/\" \/>\n<meta property=\"og:site_name\" content=\"Wilbra\" \/>\n<meta property=\"article:modified_time\" content=\"2023-11-24T15:02:43+00:00\" \/>\n<meta property=\"og:image\" content=\"https:\/\/wilbra.it\/wp-content\/uploads\/2022\/05\/artiglio-superchiaro-colla-neoprenica-01.jpg\" \/>\n\t<meta property=\"og:image:width\" content=\"2000\" \/>\n\t<meta property=\"og:image:height\" content=\"2000\" \/>\n\t<meta property=\"og:image:type\" content=\"image\/jpeg\" \/>\n<meta name=\"twitter:card\" content=\"summary_large_image\" \/>\n<script type=\"application\/ld+json\" class=\"yoast-schema-graph\">{\"@context\":\"https:\/\/schema.org\",\"@graph\":[{\"@type\":\"WebPage\",\"@id\":\"https:\/\/wilbra.it\/es\/producto\/artiglio-superchiaro-tubo-pegamento-neopreno-transparente\/\",\"url\":\"https:\/\/wilbra.it\/es\/producto\/artiglio-superchiaro-tubo-pegamento-neopreno-transparente\/\",\"name\":\"Pegamento Artiglio Superchiaro - Wilbra\",\"isPartOf\":{\"@id\":\"https:\/\/wilbra.it\/#website\"},\"primaryImageOfPage\":{\"@id\":\"https:\/\/wilbra.it\/es\/producto\/artiglio-superchiaro-tubo-pegamento-neopreno-transparente\/#primaryimage\"},\"image\":{\"@id\":\"https:\/\/wilbra.it\/es\/producto\/artiglio-superchiaro-tubo-pegamento-neopreno-transparente\/#primaryimage\"},\"thumbnailUrl\":\"https:\/\/wilbra.it\/wp-content\/uploads\/2022\/05\/artiglio-superchiaro-colla-neoprenica-01.jpg\",\"datePublished\":\"2022-05-17T10:53:41+00:00\",\"dateModified\":\"2023-11-24T15:02:43+00:00\",\"description\":\"Cola de neopreno transparente para cuero, madera, pl\u00e1stico. Cola de contacto. Disponible en formatos de 50ml y 125ml. Para bricolaje y tienda.\",\"breadcrumb\":{\"@id\":\"https:\/\/wilbra.it\/es\/producto\/artiglio-superchiaro-tubo-pegamento-neopreno-transparente\/#breadcrumb\"},\"inLanguage\":\"es\",\"potentialAction\":[{\"@type\":\"ReadAction\",\"target\":[\"https:\/\/wilbra.it\/es\/producto\/artiglio-superchiaro-tubo-pegamento-neopreno-transparente\/\"]}]},{\"@type\":\"ImageObject\",\"inLanguage\":\"es\",\"@id\":\"https:\/\/wilbra.it\/es\/producto\/artiglio-superchiaro-tubo-pegamento-neopreno-transparente\/#primaryimage\",\"url\":\"https:\/\/wilbra.it\/wp-content\/uploads\/2022\/05\/artiglio-superchiaro-colla-neoprenica-01.jpg\",\"contentUrl\":\"https:\/\/wilbra.it\/wp-content\/uploads\/2022\/05\/artiglio-superchiaro-colla-neoprenica-01.jpg\",\"width\":2000,\"height\":2000,\"caption\":\"Pegamento neopreno Artiglio SuperChiaro tubo\"},{\"@type\":\"BreadcrumbList\",\"@id\":\"https:\/\/wilbra.it\/es\/producto\/artiglio-superchiaro-tubo-pegamento-neopreno-transparente\/#breadcrumb\",\"itemListElement\":[{\"@type\":\"ListItem\",\"position\":1,\"name\":\"Cat\u00e1logo de productos\",\"item\":\"https:\/\/wilbra.it\/es\/catalogo\/\"},{\"@type\":\"ListItem\",\"position\":2,\"name\":\"Artiglio Superchiaro\"}]},{\"@type\":\"WebSite\",\"@id\":\"https:\/\/wilbra.it\/#website\",\"url\":\"https:\/\/wilbra.it\/\",\"name\":\"Wilbra\",\"description\":\"Prodotti per la cura di pelli e tessuti\",\"potentialAction\":[{\"@type\":\"SearchAction\",\"target\":{\"@type\":\"EntryPoint\",\"urlTemplate\":\"https:\/\/wilbra.it\/?s={search_term_string}\"},\"query-input\":{\"@type\":\"PropertyValueSpecification\",\"valueRequired\":true,\"valueName\":\"search_term_string\"}}],\"inLanguage\":\"es\"}]}<\/script>\n<!-- \/ Yoast SEO plugin. -->","yoast_head_json":{"title":"Pegamento Artiglio Superchiaro - Wilbra","description":"Cola de neopreno transparente para cuero, madera, pl\u00e1stico. Cola de contacto. Disponible en formatos de 50ml y 125ml. Para bricolaje y tienda.","robots":{"index":"index","follow":"follow","max-snippet":"max-snippet:-1","max-image-preview":"max-image-preview:large","max-video-preview":"max-video-preview:-1"},"canonical":"https:\/\/wilbra.it\/es\/producto\/artiglio-superchiaro-tubo-pegamento-neopreno-transparente\/","og_locale":"es_ES","og_type":"article","og_title":"Pegamento Artiglio Superchiaro - Wilbra","og_description":"Cola de neopreno transparente para cuero, madera, pl\u00e1stico. Cola de contacto. Disponible en formatos de 50ml y 125ml. Para bricolaje y tienda.","og_url":"https:\/\/wilbra.it\/es\/producto\/artiglio-superchiaro-tubo-pegamento-neopreno-transparente\/","og_site_name":"Wilbra","article_modified_time":"2023-11-24T15:02:43+00:00","og_image":[{"width":2000,"height":2000,"url":"https:\/\/wilbra.it\/wp-content\/uploads\/2022\/05\/artiglio-superchiaro-colla-neoprenica-01.jpg","type":"image\/jpeg"}],"twitter_card":"summary_large_image","schema":{"@context":"https:\/\/schema.org","@graph":[{"@type":"WebPage","@id":"https:\/\/wilbra.it\/es\/producto\/artiglio-superchiaro-tubo-pegamento-neopreno-transparente\/","url":"https:\/\/wilbra.it\/es\/producto\/artiglio-superchiaro-tubo-pegamento-neopreno-transparente\/","name":"Pegamento Artiglio Superchiaro - Wilbra","isPartOf":{"@id":"https:\/\/wilbra.it\/#website"},"primaryImageOfPage":{"@id":"https:\/\/wilbra.it\/es\/producto\/artiglio-superchiaro-tubo-pegamento-neopreno-transparente\/#primaryimage"},"image":{"@id":"https:\/\/wilbra.it\/es\/producto\/artiglio-superchiaro-tubo-pegamento-neopreno-transparente\/#primaryimage"},"thumbnailUrl":"https:\/\/wilbra.it\/wp-content\/uploads\/2022\/05\/artiglio-superchiaro-colla-neoprenica-01.jpg","datePublished":"2022-05-17T10:53:41+00:00","dateModified":"2023-11-24T15:02:43+00:00","description":"Cola de neopreno transparente para cuero, madera, pl\u00e1stico. Cola de contacto. Disponible en formatos de 50ml y 125ml. Para bricolaje y tienda.","breadcrumb":{"@id":"https:\/\/wilbra.it\/es\/producto\/artiglio-superchiaro-tubo-pegamento-neopreno-transparente\/#breadcrumb"},"inLanguage":"es","potentialAction":[{"@type":"ReadAction","target":["https:\/\/wilbra.it\/es\/producto\/artiglio-superchiaro-tubo-pegamento-neopreno-transparente\/"]}]},{"@type":"ImageObject","inLanguage":"es","@id":"https:\/\/wilbra.it\/es\/producto\/artiglio-superchiaro-tubo-pegamento-neopreno-transparente\/#primaryimage","url":"https:\/\/wilbra.it\/wp-content\/uploads\/2022\/05\/artiglio-superchiaro-colla-neoprenica-01.jpg","contentUrl":"https:\/\/wilbra.it\/wp-content\/uploads\/2022\/05\/artiglio-superchiaro-colla-neoprenica-01.jpg","width":2000,"height":2000,"caption":"Pegamento neopreno Artiglio SuperChiaro tubo"},{"@type":"BreadcrumbList","@id":"https:\/\/wilbra.it\/es\/producto\/artiglio-superchiaro-tubo-pegamento-neopreno-transparente\/#breadcrumb","itemListElement":[{"@type":"ListItem","position":1,"name":"Cat\u00e1logo de productos","item":"https:\/\/wilbra.it\/es\/catalogo\/"},{"@type":"ListItem","position":2,"name":"Artiglio Superchiaro"}]},{"@type":"WebSite","@id":"https:\/\/wilbra.it\/#website","url":"https:\/\/wilbra.it\/","name":"Wilbra","description":"Prodotti per la cura di pelli e tessuti","potentialAction":[{"@type":"SearchAction","target":{"@type":"EntryPoint","urlTemplate":"https:\/\/wilbra.it\/?s={search_term_string}"},"query-input":{"@type":"PropertyValueSpecification","valueRequired":true,"valueName":"search_term_string"}}],"inLanguage":"es"}]}},"_links":{"self":[{"href":"https:\/\/wilbra.it\/es\/wp-json\/wp\/v2\/product\/16488","targetHints":{"allow":["GET"]}}],"collection":[{"href":"https:\/\/wilbra.it\/es\/wp-json\/wp\/v2\/product"}],"about":[{"href":"https:\/\/wilbra.it\/es\/wp-json\/wp\/v2\/types\/product"}],"replies":[{"embeddable":true,"href":"https:\/\/wilbra.it\/es\/wp-json\/wp\/v2\/comments?post=16488"}],"wp:featuredmedia":[{"embeddable":true,"href":"https:\/\/wilbra.it\/es\/wp-json\/wp\/v2\/media\/14326"}],"wp:attachment":[{"href":"https:\/\/wilbra.it\/es\/wp-json\/wp\/v2\/media?parent=16488"}],"wp:term":[{"taxonomy":"product_brand","embeddable":true,"href":"https:\/\/wilbra.it\/es\/wp-json\/wp\/v2\/product_brand?post=16488"},{"taxonomy":"product_cat","embeddable":true,"href":"https:\/\/wilbra.it\/es\/wp-json\/wp\/v2\/product_cat?post=16488"},{"taxonomy":"product_tag","embeddable":true,"href":"https:\/\/wilbra.it\/es\/wp-json\/wp\/v2\/product_tag?post=16488"}],"curies":[{"name":"wp","href":"https:\/\/api.w.org\/{rel}","templated":true}]}}