{"id":16127,"date":"2022-05-18T11:46:17","date_gmt":"2022-05-18T09:46:17","guid":{"rendered":"https:\/\/wilbra.it\/prodotto\/spray-allargante-ammorbidente-elasticizzante-calzature-e-abbigliamento-in-pelle\/"},"modified":"2023-11-21T15:31:06","modified_gmt":"2023-11-21T14:31:06","slug":"ensanchador-de-zapatos-en-spray","status":"publish","type":"product","link":"https:\/\/wilbra.it\/es\/producto\/ensanchador-de-zapatos-en-spray\/","title":{"rendered":"AllargaSpray"},"content":{"rendered":"","protected":false},"excerpt":{"rendered":"<p>King AllargaSpray expande y suaviza los objetos de cuero. Gracias a su f\u00f3rmula especial es capaz de suavizar y ensanchar zapatos, botas, chaquetas y prendas de vestir actuando sobre los puntos tensos y de presi\u00f3n, dando a la piel una gran elasticidad. King AllargaSpray no deja rayas y no provoca arrugas ni estr\u00edas en el cuero tras su uso.<\/p>\n","protected":false},"featured_media":14306,"comment_status":"closed","ping_status":"closed","template":"","meta":[],"product_brand":[],"product_cat":[558,559],"product_tag":[568],"class_list":{"0":"post-16127","1":"product","2":"type-product","3":"status-publish","4":"has-post-thumbnail","6":"product_cat-artesanos","7":"product_cat-casa","8":"product_tag-nutrientes-y-rellenos","10":"first","11":"instock","12":"sold-individually","13":"taxable","14":"shipping-taxable","15":"product-type-simple"},"yoast_head":"<!-- This site is optimized with the Yoast SEO plugin v25.8 - https:\/\/yoast.com\/wordpress\/plugins\/seo\/ -->\n<title>Ensanchador de zapatos en spray - Wilbra<\/title>\n<meta name=\"description\" content=\"Spray profesional para ensanchar zapatos, tambi\u00e9n para uso dom\u00e9stico. Suaviza objetos de cuero: zapatos, botas, chaquetas. Descubre la l\u00ednea King.\" \/>\n<meta name=\"robots\" content=\"index, follow, max-snippet:-1, max-image-preview:large, max-video-preview:-1\" \/>\n<link rel=\"canonical\" href=\"https:\/\/wilbra.it\/es\/prodotto\/ensanchador-de-zapatos-en-spray\/\" \/>\n<meta property=\"og:locale\" content=\"es_ES\" \/>\n<meta property=\"og:type\" content=\"article\" \/>\n<meta property=\"og:title\" content=\"Ensanchador de zapatos en spray - Wilbra\" \/>\n<meta property=\"og:description\" content=\"Spray profesional para ensanchar zapatos, tambi\u00e9n para uso dom\u00e9stico. Suaviza objetos de cuero: zapatos, botas, chaquetas. Descubre la l\u00ednea King.\" \/>\n<meta property=\"og:url\" content=\"https:\/\/wilbra.it\/es\/prodotto\/ensanchador-de-zapatos-en-spray\/\" \/>\n<meta property=\"og:site_name\" content=\"Wilbra\" \/>\n<meta property=\"article:modified_time\" content=\"2023-11-21T14:31:06+00:00\" \/>\n<meta property=\"og:image\" content=\"https:\/\/wilbra.it\/wp-content\/uploads\/2023\/02\/King-AllargaSpray-200.jpg\" \/>\n\t<meta property=\"og:image:width\" content=\"700\" \/>\n\t<meta property=\"og:image:height\" content=\"700\" \/>\n\t<meta property=\"og:image:type\" content=\"image\/jpeg\" \/>\n<meta name=\"twitter:card\" content=\"summary_large_image\" \/>\n<script type=\"application\/ld+json\" class=\"yoast-schema-graph\">{\"@context\":\"https:\/\/schema.org\",\"@graph\":[{\"@type\":\"WebPage\",\"@id\":\"https:\/\/wilbra.it\/es\/prodotto\/ensanchador-de-zapatos-en-spray\/\",\"url\":\"https:\/\/wilbra.it\/es\/prodotto\/ensanchador-de-zapatos-en-spray\/\",\"name\":\"Ensanchador de zapatos en spray - Wilbra\",\"isPartOf\":{\"@id\":\"https:\/\/wilbra.it\/#website\"},\"primaryImageOfPage\":{\"@id\":\"https:\/\/wilbra.it\/es\/prodotto\/ensanchador-de-zapatos-en-spray\/#primaryimage\"},\"image\":{\"@id\":\"https:\/\/wilbra.it\/es\/prodotto\/ensanchador-de-zapatos-en-spray\/#primaryimage\"},\"thumbnailUrl\":\"https:\/\/wilbra.it\/wp-content\/uploads\/2023\/02\/King-AllargaSpray-200.jpg\",\"datePublished\":\"2022-05-18T09:46:17+00:00\",\"dateModified\":\"2023-11-21T14:31:06+00:00\",\"description\":\"Spray profesional para ensanchar zapatos, tambi\u00e9n para uso dom\u00e9stico. Suaviza objetos de cuero: zapatos, botas, chaquetas. Descubre la l\u00ednea King.\",\"breadcrumb\":{\"@id\":\"https:\/\/wilbra.it\/es\/prodotto\/ensanchador-de-zapatos-en-spray\/#breadcrumb\"},\"inLanguage\":\"es\",\"potentialAction\":[{\"@type\":\"ReadAction\",\"target\":[\"https:\/\/wilbra.it\/es\/prodotto\/ensanchador-de-zapatos-en-spray\/\"]}]},{\"@type\":\"ImageObject\",\"inLanguage\":\"es\",\"@id\":\"https:\/\/wilbra.it\/es\/prodotto\/ensanchador-de-zapatos-en-spray\/#primaryimage\",\"url\":\"https:\/\/wilbra.it\/wp-content\/uploads\/2023\/02\/King-AllargaSpray-200.jpg\",\"contentUrl\":\"https:\/\/wilbra.it\/wp-content\/uploads\/2023\/02\/King-AllargaSpray-200.jpg\",\"width\":700,\"height\":700,\"caption\":\"Spray para ensanchar zapatos Allargaspray\"},{\"@type\":\"BreadcrumbList\",\"@id\":\"https:\/\/wilbra.it\/es\/prodotto\/ensanchador-de-zapatos-en-spray\/#breadcrumb\",\"itemListElement\":[{\"@type\":\"ListItem\",\"position\":1,\"name\":\"Cat\u00e1logo de productos\",\"item\":\"https:\/\/wilbra.it\/es\/catalogo\/\"},{\"@type\":\"ListItem\",\"position\":2,\"name\":\"AllargaSpray\"}]},{\"@type\":\"WebSite\",\"@id\":\"https:\/\/wilbra.it\/#website\",\"url\":\"https:\/\/wilbra.it\/\",\"name\":\"Wilbra\",\"description\":\"Prodotti per la cura di pelli e tessuti\",\"potentialAction\":[{\"@type\":\"SearchAction\",\"target\":{\"@type\":\"EntryPoint\",\"urlTemplate\":\"https:\/\/wilbra.it\/?s={search_term_string}\"},\"query-input\":{\"@type\":\"PropertyValueSpecification\",\"valueRequired\":true,\"valueName\":\"search_term_string\"}}],\"inLanguage\":\"es\"}]}<\/script>\n<!-- \/ Yoast SEO plugin. -->","yoast_head_json":{"title":"Ensanchador de zapatos en spray - Wilbra","description":"Spray profesional para ensanchar zapatos, tambi\u00e9n para uso dom\u00e9stico. Suaviza objetos de cuero: zapatos, botas, chaquetas. Descubre la l\u00ednea King.","robots":{"index":"index","follow":"follow","max-snippet":"max-snippet:-1","max-image-preview":"max-image-preview:large","max-video-preview":"max-video-preview:-1"},"canonical":"https:\/\/wilbra.it\/es\/prodotto\/ensanchador-de-zapatos-en-spray\/","og_locale":"es_ES","og_type":"article","og_title":"Ensanchador de zapatos en spray - Wilbra","og_description":"Spray profesional para ensanchar zapatos, tambi\u00e9n para uso dom\u00e9stico. Suaviza objetos de cuero: zapatos, botas, chaquetas. Descubre la l\u00ednea King.","og_url":"https:\/\/wilbra.it\/es\/prodotto\/ensanchador-de-zapatos-en-spray\/","og_site_name":"Wilbra","article_modified_time":"2023-11-21T14:31:06+00:00","og_image":[{"width":700,"height":700,"url":"https:\/\/wilbra.it\/wp-content\/uploads\/2023\/02\/King-AllargaSpray-200.jpg","type":"image\/jpeg"}],"twitter_card":"summary_large_image","schema":{"@context":"https:\/\/schema.org","@graph":[{"@type":"WebPage","@id":"https:\/\/wilbra.it\/es\/prodotto\/ensanchador-de-zapatos-en-spray\/","url":"https:\/\/wilbra.it\/es\/prodotto\/ensanchador-de-zapatos-en-spray\/","name":"Ensanchador de zapatos en spray - Wilbra","isPartOf":{"@id":"https:\/\/wilbra.it\/#website"},"primaryImageOfPage":{"@id":"https:\/\/wilbra.it\/es\/prodotto\/ensanchador-de-zapatos-en-spray\/#primaryimage"},"image":{"@id":"https:\/\/wilbra.it\/es\/prodotto\/ensanchador-de-zapatos-en-spray\/#primaryimage"},"thumbnailUrl":"https:\/\/wilbra.it\/wp-content\/uploads\/2023\/02\/King-AllargaSpray-200.jpg","datePublished":"2022-05-18T09:46:17+00:00","dateModified":"2023-11-21T14:31:06+00:00","description":"Spray profesional para ensanchar zapatos, tambi\u00e9n para uso dom\u00e9stico. Suaviza objetos de cuero: zapatos, botas, chaquetas. Descubre la l\u00ednea King.","breadcrumb":{"@id":"https:\/\/wilbra.it\/es\/prodotto\/ensanchador-de-zapatos-en-spray\/#breadcrumb"},"inLanguage":"es","potentialAction":[{"@type":"ReadAction","target":["https:\/\/wilbra.it\/es\/prodotto\/ensanchador-de-zapatos-en-spray\/"]}]},{"@type":"ImageObject","inLanguage":"es","@id":"https:\/\/wilbra.it\/es\/prodotto\/ensanchador-de-zapatos-en-spray\/#primaryimage","url":"https:\/\/wilbra.it\/wp-content\/uploads\/2023\/02\/King-AllargaSpray-200.jpg","contentUrl":"https:\/\/wilbra.it\/wp-content\/uploads\/2023\/02\/King-AllargaSpray-200.jpg","width":700,"height":700,"caption":"Spray para ensanchar zapatos Allargaspray"},{"@type":"BreadcrumbList","@id":"https:\/\/wilbra.it\/es\/prodotto\/ensanchador-de-zapatos-en-spray\/#breadcrumb","itemListElement":[{"@type":"ListItem","position":1,"name":"Cat\u00e1logo de productos","item":"https:\/\/wilbra.it\/es\/catalogo\/"},{"@type":"ListItem","position":2,"name":"AllargaSpray"}]},{"@type":"WebSite","@id":"https:\/\/wilbra.it\/#website","url":"https:\/\/wilbra.it\/","name":"Wilbra","description":"Prodotti per la cura di pelli e tessuti","potentialAction":[{"@type":"SearchAction","target":{"@type":"EntryPoint","urlTemplate":"https:\/\/wilbra.it\/?s={search_term_string}"},"query-input":{"@type":"PropertyValueSpecification","valueRequired":true,"valueName":"search_term_string"}}],"inLanguage":"es"}]}},"_links":{"self":[{"href":"https:\/\/wilbra.it\/es\/wp-json\/wp\/v2\/product\/16127","targetHints":{"allow":["GET"]}}],"collection":[{"href":"https:\/\/wilbra.it\/es\/wp-json\/wp\/v2\/product"}],"about":[{"href":"https:\/\/wilbra.it\/es\/wp-json\/wp\/v2\/types\/product"}],"replies":[{"embeddable":true,"href":"https:\/\/wilbra.it\/es\/wp-json\/wp\/v2\/comments?post=16127"}],"wp:featuredmedia":[{"embeddable":true,"href":"https:\/\/wilbra.it\/es\/wp-json\/wp\/v2\/media\/14306"}],"wp:attachment":[{"href":"https:\/\/wilbra.it\/es\/wp-json\/wp\/v2\/media?parent=16127"}],"wp:term":[{"taxonomy":"product_brand","embeddable":true,"href":"https:\/\/wilbra.it\/es\/wp-json\/wp\/v2\/product_brand?post=16127"},{"taxonomy":"product_cat","embeddable":true,"href":"https:\/\/wilbra.it\/es\/wp-json\/wp\/v2\/product_cat?post=16127"},{"taxonomy":"product_tag","embeddable":true,"href":"https:\/\/wilbra.it\/es\/wp-json\/wp\/v2\/product_tag?post=16127"}],"curies":[{"name":"wp","href":"https:\/\/api.w.org\/{rel}","templated":true}]}}