{"id":15884,"date":"2022-05-18T12:39:34","date_gmt":"2022-05-18T10:39:34","guid":{"rendered":"https:\/\/wilbra.it\/prodotto\/dressing-spray-tintura-per-pelli-nabuk\/"},"modified":"2023-11-23T15:28:50","modified_gmt":"2023-11-23T14:28:50","slug":"dressing-tinte-en-spray","status":"publish","type":"product","link":"https:\/\/wilbra.it\/es\/producto\/dressing-tinte-en-spray\/","title":{"rendered":"Dressing"},"content":{"rendered":"","protected":false},"excerpt":{"rendered":"<p>King Dressing es un tinte en aerosol excepcional para te\u00f1ir y colorear objetos, ropa y calzado de gamuza y nubuck. Gracias a la amplia disponibilidad de colores King Dressing permite renovar el color de los objetos de ante de forma f\u00e1cil y r\u00e1pida, sin perder ni liberar el color tras su aplicaci\u00f3n y secado.<\/p>\n","protected":false},"featured_media":14309,"comment_status":"closed","ping_status":"closed","template":"","meta":[],"product_brand":[],"product_cat":[558,559],"product_tag":[684],"class_list":{"0":"post-15884","1":"product","2":"type-product","3":"status-publish","4":"has-post-thumbnail","6":"product_cat-artesanos","7":"product_cat-casa","8":"product_tag-pinturas-y-tintes","10":"first","11":"instock","12":"sold-individually","13":"taxable","14":"shipping-taxable","15":"purchasable","16":"product-type-variable","17":"has-default-attributes"},"yoast_head":"<!-- This site is optimized with the Yoast SEO plugin v25.8 - https:\/\/yoast.com\/wordpress\/plugins\/seo\/ -->\n<title>Dressing tinte en spray para cuero nobuck y ante<\/title>\n<meta name=\"description\" content=\"Spray para te\u00f1ir zapatos de ante y piel. Ideal para ropa y calzado. Amplia gama de colores: descubre toda la l\u00ednea King de Wilbra.\" \/>\n<meta name=\"robots\" content=\"index, follow, max-snippet:-1, max-image-preview:large, max-video-preview:-1\" \/>\n<link rel=\"canonical\" href=\"https:\/\/wilbra.it\/es\/producto\/dressing-tinte-en-spray\/\" \/>\n<meta property=\"og:locale\" content=\"es_ES\" \/>\n<meta property=\"og:type\" content=\"article\" \/>\n<meta property=\"og:title\" content=\"Dressing tinte en spray para cuero nobuck y ante\" \/>\n<meta property=\"og:description\" content=\"Spray para te\u00f1ir zapatos de ante y piel. Ideal para ropa y calzado. Amplia gama de colores: descubre toda la l\u00ednea King de Wilbra.\" \/>\n<meta property=\"og:url\" content=\"https:\/\/wilbra.it\/es\/producto\/dressing-tinte-en-spray\/\" \/>\n<meta property=\"og:site_name\" content=\"Wilbra\" \/>\n<meta property=\"article:modified_time\" content=\"2023-11-23T14:28:50+00:00\" \/>\n<meta property=\"og:image\" content=\"https:\/\/wilbra.it\/wp-content\/uploads\/2023\/02\/King-Dressing-200.jpg\" \/>\n\t<meta property=\"og:image:width\" content=\"700\" \/>\n\t<meta property=\"og:image:height\" content=\"700\" \/>\n\t<meta property=\"og:image:type\" content=\"image\/jpeg\" \/>\n<meta name=\"twitter:card\" content=\"summary_large_image\" \/>\n<script type=\"application\/ld+json\" class=\"yoast-schema-graph\">{\"@context\":\"https:\/\/schema.org\",\"@graph\":[{\"@type\":\"WebPage\",\"@id\":\"https:\/\/wilbra.it\/es\/producto\/dressing-tinte-en-spray\/\",\"url\":\"https:\/\/wilbra.it\/es\/producto\/dressing-tinte-en-spray\/\",\"name\":\"Dressing tinte en spray para cuero nobuck y ante\",\"isPartOf\":{\"@id\":\"https:\/\/wilbra.it\/#website\"},\"primaryImageOfPage\":{\"@id\":\"https:\/\/wilbra.it\/es\/producto\/dressing-tinte-en-spray\/#primaryimage\"},\"image\":{\"@id\":\"https:\/\/wilbra.it\/es\/producto\/dressing-tinte-en-spray\/#primaryimage\"},\"thumbnailUrl\":\"https:\/\/wilbra.it\/wp-content\/uploads\/2023\/02\/King-Dressing-200.jpg\",\"datePublished\":\"2022-05-18T10:39:34+00:00\",\"dateModified\":\"2023-11-23T14:28:50+00:00\",\"description\":\"Spray para te\u00f1ir zapatos de ante y piel. Ideal para ropa y calzado. Amplia gama de colores: descubre toda la l\u00ednea King de Wilbra.\",\"breadcrumb\":{\"@id\":\"https:\/\/wilbra.it\/es\/producto\/dressing-tinte-en-spray\/#breadcrumb\"},\"inLanguage\":\"es\",\"potentialAction\":[{\"@type\":\"ReadAction\",\"target\":[\"https:\/\/wilbra.it\/es\/producto\/dressing-tinte-en-spray\/\"]}]},{\"@type\":\"ImageObject\",\"inLanguage\":\"es\",\"@id\":\"https:\/\/wilbra.it\/es\/producto\/dressing-tinte-en-spray\/#primaryimage\",\"url\":\"https:\/\/wilbra.it\/wp-content\/uploads\/2023\/02\/King-Dressing-200.jpg\",\"contentUrl\":\"https:\/\/wilbra.it\/wp-content\/uploads\/2023\/02\/King-Dressing-200.jpg\",\"width\":700,\"height\":700,\"caption\":\"Spray Dressing para cuero nobuck\"},{\"@type\":\"BreadcrumbList\",\"@id\":\"https:\/\/wilbra.it\/es\/producto\/dressing-tinte-en-spray\/#breadcrumb\",\"itemListElement\":[{\"@type\":\"ListItem\",\"position\":1,\"name\":\"Cat\u00e1logo de productos\",\"item\":\"https:\/\/wilbra.it\/es\/catalogo\/\"},{\"@type\":\"ListItem\",\"position\":2,\"name\":\"Dressing\"}]},{\"@type\":\"WebSite\",\"@id\":\"https:\/\/wilbra.it\/#website\",\"url\":\"https:\/\/wilbra.it\/\",\"name\":\"Wilbra\",\"description\":\"Prodotti per la cura di pelli e tessuti\",\"potentialAction\":[{\"@type\":\"SearchAction\",\"target\":{\"@type\":\"EntryPoint\",\"urlTemplate\":\"https:\/\/wilbra.it\/?s={search_term_string}\"},\"query-input\":{\"@type\":\"PropertyValueSpecification\",\"valueRequired\":true,\"valueName\":\"search_term_string\"}}],\"inLanguage\":\"es\"}]}<\/script>\n<!-- \/ Yoast SEO plugin. -->","yoast_head_json":{"title":"Dressing tinte en spray para cuero nobuck y ante","description":"Spray para te\u00f1ir zapatos de ante y piel. Ideal para ropa y calzado. Amplia gama de colores: descubre toda la l\u00ednea King de Wilbra.","robots":{"index":"index","follow":"follow","max-snippet":"max-snippet:-1","max-image-preview":"max-image-preview:large","max-video-preview":"max-video-preview:-1"},"canonical":"https:\/\/wilbra.it\/es\/producto\/dressing-tinte-en-spray\/","og_locale":"es_ES","og_type":"article","og_title":"Dressing tinte en spray para cuero nobuck y ante","og_description":"Spray para te\u00f1ir zapatos de ante y piel. Ideal para ropa y calzado. Amplia gama de colores: descubre toda la l\u00ednea King de Wilbra.","og_url":"https:\/\/wilbra.it\/es\/producto\/dressing-tinte-en-spray\/","og_site_name":"Wilbra","article_modified_time":"2023-11-23T14:28:50+00:00","og_image":[{"width":700,"height":700,"url":"https:\/\/wilbra.it\/wp-content\/uploads\/2023\/02\/King-Dressing-200.jpg","type":"image\/jpeg"}],"twitter_card":"summary_large_image","schema":{"@context":"https:\/\/schema.org","@graph":[{"@type":"WebPage","@id":"https:\/\/wilbra.it\/es\/producto\/dressing-tinte-en-spray\/","url":"https:\/\/wilbra.it\/es\/producto\/dressing-tinte-en-spray\/","name":"Dressing tinte en spray para cuero nobuck y ante","isPartOf":{"@id":"https:\/\/wilbra.it\/#website"},"primaryImageOfPage":{"@id":"https:\/\/wilbra.it\/es\/producto\/dressing-tinte-en-spray\/#primaryimage"},"image":{"@id":"https:\/\/wilbra.it\/es\/producto\/dressing-tinte-en-spray\/#primaryimage"},"thumbnailUrl":"https:\/\/wilbra.it\/wp-content\/uploads\/2023\/02\/King-Dressing-200.jpg","datePublished":"2022-05-18T10:39:34+00:00","dateModified":"2023-11-23T14:28:50+00:00","description":"Spray para te\u00f1ir zapatos de ante y piel. Ideal para ropa y calzado. Amplia gama de colores: descubre toda la l\u00ednea King de Wilbra.","breadcrumb":{"@id":"https:\/\/wilbra.it\/es\/producto\/dressing-tinte-en-spray\/#breadcrumb"},"inLanguage":"es","potentialAction":[{"@type":"ReadAction","target":["https:\/\/wilbra.it\/es\/producto\/dressing-tinte-en-spray\/"]}]},{"@type":"ImageObject","inLanguage":"es","@id":"https:\/\/wilbra.it\/es\/producto\/dressing-tinte-en-spray\/#primaryimage","url":"https:\/\/wilbra.it\/wp-content\/uploads\/2023\/02\/King-Dressing-200.jpg","contentUrl":"https:\/\/wilbra.it\/wp-content\/uploads\/2023\/02\/King-Dressing-200.jpg","width":700,"height":700,"caption":"Spray Dressing para cuero nobuck"},{"@type":"BreadcrumbList","@id":"https:\/\/wilbra.it\/es\/producto\/dressing-tinte-en-spray\/#breadcrumb","itemListElement":[{"@type":"ListItem","position":1,"name":"Cat\u00e1logo de productos","item":"https:\/\/wilbra.it\/es\/catalogo\/"},{"@type":"ListItem","position":2,"name":"Dressing"}]},{"@type":"WebSite","@id":"https:\/\/wilbra.it\/#website","url":"https:\/\/wilbra.it\/","name":"Wilbra","description":"Prodotti per la cura di pelli e tessuti","potentialAction":[{"@type":"SearchAction","target":{"@type":"EntryPoint","urlTemplate":"https:\/\/wilbra.it\/?s={search_term_string}"},"query-input":{"@type":"PropertyValueSpecification","valueRequired":true,"valueName":"search_term_string"}}],"inLanguage":"es"}]}},"_links":{"self":[{"href":"https:\/\/wilbra.it\/es\/wp-json\/wp\/v2\/product\/15884","targetHints":{"allow":["GET"]}}],"collection":[{"href":"https:\/\/wilbra.it\/es\/wp-json\/wp\/v2\/product"}],"about":[{"href":"https:\/\/wilbra.it\/es\/wp-json\/wp\/v2\/types\/product"}],"replies":[{"embeddable":true,"href":"https:\/\/wilbra.it\/es\/wp-json\/wp\/v2\/comments?post=15884"}],"wp:featuredmedia":[{"embeddable":true,"href":"https:\/\/wilbra.it\/es\/wp-json\/wp\/v2\/media\/14309"}],"wp:attachment":[{"href":"https:\/\/wilbra.it\/es\/wp-json\/wp\/v2\/media?parent=15884"}],"wp:term":[{"taxonomy":"product_brand","embeddable":true,"href":"https:\/\/wilbra.it\/es\/wp-json\/wp\/v2\/product_brand?post=15884"},{"taxonomy":"product_cat","embeddable":true,"href":"https:\/\/wilbra.it\/es\/wp-json\/wp\/v2\/product_cat?post=15884"},{"taxonomy":"product_tag","embeddable":true,"href":"https:\/\/wilbra.it\/es\/wp-json\/wp\/v2\/product_tag?post=15884"}],"curies":[{"name":"wp","href":"https:\/\/api.w.org\/{rel}","templated":true}]}}