{"id":15881,"date":"2022-05-18T12:49:04","date_gmt":"2022-05-18T10:49:04","guid":{"rendered":"https:\/\/wilbra.it\/prodotto\/drycleaner-spray-smacchiatore-a-secco\/"},"modified":"2023-11-21T14:34:21","modified_gmt":"2023-11-21T13:34:21","slug":"drycleaner-spray-quitamanchas-en-seco","status":"publish","type":"product","link":"https:\/\/wilbra.it\/es\/producto\/drycleaner-spray-quitamanchas-en-seco\/","title":{"rendered":"DryCleaner"},"content":{"rendered":"","protected":false},"excerpt":{"rendered":"<p>King DryCleaner es el quitamanchas en seco a base de s\u00edlice indicado para eliminar manchas y rayas en cualquier material y superficie. Gracias a su delicado polvo blanco, DryCleaner es capaz de eliminar manchas de aceite y grasa de objetos lisos de cuero, ante y tela para su uso en asientos de coche, calzado, bolsos, ropa, muebles y sillines de moto.<br \/>\nEl<a href=\"https:\/\/wilbra.it\/es\/producto\/espuma-limpiadora-schiumaspray\/\" target=\"_blank\" rel=\"noopener\"> limpiador SchiumaSpray<\/a> tambi\u00e9n est\u00e1 disponible en la l\u00ednea King.<\/p>\n","protected":false},"featured_media":14310,"comment_status":"closed","ping_status":"closed","template":"","meta":[],"product_brand":[],"product_cat":[558,559],"product_tag":[570],"class_list":{"0":"post-15881","1":"product","2":"type-product","3":"status-publish","4":"has-post-thumbnail","6":"product_cat-artesanos","7":"product_cat-casa","8":"product_tag-limpiadores-y-quitamanchas","10":"first","11":"instock","12":"sold-individually","13":"taxable","14":"shipping-taxable","15":"product-type-simple"},"yoast_head":"<!-- This site is optimized with the Yoast SEO plugin v25.8 - https:\/\/yoast.com\/wordpress\/plugins\/seo\/ -->\n<title>DryCleaner quitamanchas en seco - Wilbra<\/title>\n<meta name=\"description\" content=\"Quitamanchas en seco para eliminar manchas, anillos de aceite y grasa en objetos lisos de cuero, ante y tela. Producido por Wilbra.\" \/>\n<meta name=\"robots\" content=\"index, follow, max-snippet:-1, max-image-preview:large, max-video-preview:-1\" \/>\n<link rel=\"canonical\" href=\"https:\/\/wilbra.it\/es\/prodotto\/drycleaner-spray-quitamanchas-en-seco\/\" \/>\n<meta property=\"og:locale\" content=\"es_ES\" \/>\n<meta property=\"og:type\" content=\"article\" \/>\n<meta property=\"og:title\" content=\"DryCleaner quitamanchas en seco - Wilbra\" \/>\n<meta property=\"og:description\" content=\"Quitamanchas en seco para eliminar manchas, anillos de aceite y grasa en objetos lisos de cuero, ante y tela. Producido por Wilbra.\" \/>\n<meta property=\"og:url\" content=\"https:\/\/wilbra.it\/es\/prodotto\/drycleaner-spray-quitamanchas-en-seco\/\" \/>\n<meta property=\"og:site_name\" content=\"Wilbra\" \/>\n<meta property=\"article:modified_time\" content=\"2023-11-21T13:34:21+00:00\" \/>\n<meta property=\"og:image\" content=\"https:\/\/wilbra.it\/wp-content\/uploads\/2023\/02\/King-DryCleaner-200.jpg\" \/>\n\t<meta property=\"og:image:width\" content=\"700\" \/>\n\t<meta property=\"og:image:height\" content=\"700\" \/>\n\t<meta property=\"og:image:type\" content=\"image\/jpeg\" \/>\n<meta name=\"twitter:card\" content=\"summary_large_image\" \/>\n<script type=\"application\/ld+json\" class=\"yoast-schema-graph\">{\"@context\":\"https:\/\/schema.org\",\"@graph\":[{\"@type\":\"WebPage\",\"@id\":\"https:\/\/wilbra.it\/es\/prodotto\/drycleaner-spray-quitamanchas-en-seco\/\",\"url\":\"https:\/\/wilbra.it\/es\/prodotto\/drycleaner-spray-quitamanchas-en-seco\/\",\"name\":\"DryCleaner quitamanchas en seco - Wilbra\",\"isPartOf\":{\"@id\":\"https:\/\/wilbra.it\/#website\"},\"primaryImageOfPage\":{\"@id\":\"https:\/\/wilbra.it\/es\/prodotto\/drycleaner-spray-quitamanchas-en-seco\/#primaryimage\"},\"image\":{\"@id\":\"https:\/\/wilbra.it\/es\/prodotto\/drycleaner-spray-quitamanchas-en-seco\/#primaryimage\"},\"thumbnailUrl\":\"https:\/\/wilbra.it\/wp-content\/uploads\/2023\/02\/King-DryCleaner-200.jpg\",\"datePublished\":\"2022-05-18T10:49:04+00:00\",\"dateModified\":\"2023-11-21T13:34:21+00:00\",\"description\":\"Quitamanchas en seco para eliminar manchas, anillos de aceite y grasa en objetos lisos de cuero, ante y tela. Producido por Wilbra.\",\"breadcrumb\":{\"@id\":\"https:\/\/wilbra.it\/es\/prodotto\/drycleaner-spray-quitamanchas-en-seco\/#breadcrumb\"},\"inLanguage\":\"es\",\"potentialAction\":[{\"@type\":\"ReadAction\",\"target\":[\"https:\/\/wilbra.it\/es\/prodotto\/drycleaner-spray-quitamanchas-en-seco\/\"]}]},{\"@type\":\"ImageObject\",\"inLanguage\":\"es\",\"@id\":\"https:\/\/wilbra.it\/es\/prodotto\/drycleaner-spray-quitamanchas-en-seco\/#primaryimage\",\"url\":\"https:\/\/wilbra.it\/wp-content\/uploads\/2023\/02\/King-DryCleaner-200.jpg\",\"contentUrl\":\"https:\/\/wilbra.it\/wp-content\/uploads\/2023\/02\/King-DryCleaner-200.jpg\",\"width\":700,\"height\":700,\"caption\":\"Spray quitamanchas en seco Drycleaner\"},{\"@type\":\"BreadcrumbList\",\"@id\":\"https:\/\/wilbra.it\/es\/prodotto\/drycleaner-spray-quitamanchas-en-seco\/#breadcrumb\",\"itemListElement\":[{\"@type\":\"ListItem\",\"position\":1,\"name\":\"Cat\u00e1logo de productos\",\"item\":\"https:\/\/wilbra.it\/es\/catalogo\/\"},{\"@type\":\"ListItem\",\"position\":2,\"name\":\"DryCleaner\"}]},{\"@type\":\"WebSite\",\"@id\":\"https:\/\/wilbra.it\/#website\",\"url\":\"https:\/\/wilbra.it\/\",\"name\":\"Wilbra\",\"description\":\"Prodotti per la cura di pelli e tessuti\",\"potentialAction\":[{\"@type\":\"SearchAction\",\"target\":{\"@type\":\"EntryPoint\",\"urlTemplate\":\"https:\/\/wilbra.it\/?s={search_term_string}\"},\"query-input\":{\"@type\":\"PropertyValueSpecification\",\"valueRequired\":true,\"valueName\":\"search_term_string\"}}],\"inLanguage\":\"es\"}]}<\/script>\n<!-- \/ Yoast SEO plugin. -->","yoast_head_json":{"title":"DryCleaner quitamanchas en seco - Wilbra","description":"Quitamanchas en seco para eliminar manchas, anillos de aceite y grasa en objetos lisos de cuero, ante y tela. Producido por Wilbra.","robots":{"index":"index","follow":"follow","max-snippet":"max-snippet:-1","max-image-preview":"max-image-preview:large","max-video-preview":"max-video-preview:-1"},"canonical":"https:\/\/wilbra.it\/es\/prodotto\/drycleaner-spray-quitamanchas-en-seco\/","og_locale":"es_ES","og_type":"article","og_title":"DryCleaner quitamanchas en seco - Wilbra","og_description":"Quitamanchas en seco para eliminar manchas, anillos de aceite y grasa en objetos lisos de cuero, ante y tela. Producido por Wilbra.","og_url":"https:\/\/wilbra.it\/es\/prodotto\/drycleaner-spray-quitamanchas-en-seco\/","og_site_name":"Wilbra","article_modified_time":"2023-11-21T13:34:21+00:00","og_image":[{"width":700,"height":700,"url":"https:\/\/wilbra.it\/wp-content\/uploads\/2023\/02\/King-DryCleaner-200.jpg","type":"image\/jpeg"}],"twitter_card":"summary_large_image","schema":{"@context":"https:\/\/schema.org","@graph":[{"@type":"WebPage","@id":"https:\/\/wilbra.it\/es\/prodotto\/drycleaner-spray-quitamanchas-en-seco\/","url":"https:\/\/wilbra.it\/es\/prodotto\/drycleaner-spray-quitamanchas-en-seco\/","name":"DryCleaner quitamanchas en seco - Wilbra","isPartOf":{"@id":"https:\/\/wilbra.it\/#website"},"primaryImageOfPage":{"@id":"https:\/\/wilbra.it\/es\/prodotto\/drycleaner-spray-quitamanchas-en-seco\/#primaryimage"},"image":{"@id":"https:\/\/wilbra.it\/es\/prodotto\/drycleaner-spray-quitamanchas-en-seco\/#primaryimage"},"thumbnailUrl":"https:\/\/wilbra.it\/wp-content\/uploads\/2023\/02\/King-DryCleaner-200.jpg","datePublished":"2022-05-18T10:49:04+00:00","dateModified":"2023-11-21T13:34:21+00:00","description":"Quitamanchas en seco para eliminar manchas, anillos de aceite y grasa en objetos lisos de cuero, ante y tela. Producido por Wilbra.","breadcrumb":{"@id":"https:\/\/wilbra.it\/es\/prodotto\/drycleaner-spray-quitamanchas-en-seco\/#breadcrumb"},"inLanguage":"es","potentialAction":[{"@type":"ReadAction","target":["https:\/\/wilbra.it\/es\/prodotto\/drycleaner-spray-quitamanchas-en-seco\/"]}]},{"@type":"ImageObject","inLanguage":"es","@id":"https:\/\/wilbra.it\/es\/prodotto\/drycleaner-spray-quitamanchas-en-seco\/#primaryimage","url":"https:\/\/wilbra.it\/wp-content\/uploads\/2023\/02\/King-DryCleaner-200.jpg","contentUrl":"https:\/\/wilbra.it\/wp-content\/uploads\/2023\/02\/King-DryCleaner-200.jpg","width":700,"height":700,"caption":"Spray quitamanchas en seco Drycleaner"},{"@type":"BreadcrumbList","@id":"https:\/\/wilbra.it\/es\/prodotto\/drycleaner-spray-quitamanchas-en-seco\/#breadcrumb","itemListElement":[{"@type":"ListItem","position":1,"name":"Cat\u00e1logo de productos","item":"https:\/\/wilbra.it\/es\/catalogo\/"},{"@type":"ListItem","position":2,"name":"DryCleaner"}]},{"@type":"WebSite","@id":"https:\/\/wilbra.it\/#website","url":"https:\/\/wilbra.it\/","name":"Wilbra","description":"Prodotti per la cura di pelli e tessuti","potentialAction":[{"@type":"SearchAction","target":{"@type":"EntryPoint","urlTemplate":"https:\/\/wilbra.it\/?s={search_term_string}"},"query-input":{"@type":"PropertyValueSpecification","valueRequired":true,"valueName":"search_term_string"}}],"inLanguage":"es"}]}},"_links":{"self":[{"href":"https:\/\/wilbra.it\/es\/wp-json\/wp\/v2\/product\/15881","targetHints":{"allow":["GET"]}}],"collection":[{"href":"https:\/\/wilbra.it\/es\/wp-json\/wp\/v2\/product"}],"about":[{"href":"https:\/\/wilbra.it\/es\/wp-json\/wp\/v2\/types\/product"}],"replies":[{"embeddable":true,"href":"https:\/\/wilbra.it\/es\/wp-json\/wp\/v2\/comments?post=15881"}],"wp:featuredmedia":[{"embeddable":true,"href":"https:\/\/wilbra.it\/es\/wp-json\/wp\/v2\/media\/14310"}],"wp:attachment":[{"href":"https:\/\/wilbra.it\/es\/wp-json\/wp\/v2\/media?parent=15881"}],"wp:term":[{"taxonomy":"product_brand","embeddable":true,"href":"https:\/\/wilbra.it\/es\/wp-json\/wp\/v2\/product_brand?post=15881"},{"taxonomy":"product_cat","embeddable":true,"href":"https:\/\/wilbra.it\/es\/wp-json\/wp\/v2\/product_cat?post=15881"},{"taxonomy":"product_tag","embeddable":true,"href":"https:\/\/wilbra.it\/es\/wp-json\/wp\/v2\/product_tag?post=15881"}],"curies":[{"name":"wp","href":"https:\/\/api.w.org\/{rel}","templated":true}]}}