{"id":15872,"date":"2022-05-18T14:05:42","date_gmt":"2022-05-18T12:05:42","guid":{"rendered":"https:\/\/wilbra.it\/prodotto\/mangiaodore-spray\/"},"modified":"2025-07-14T14:27:34","modified_gmt":"2025-07-14T12:27:34","slug":"mangiaodore-spray","status":"publish","type":"product","link":"https:\/\/wilbra.it\/es\/producto\/mangiaodore-spray\/","title":{"rendered":"Mangiaodore"},"content":{"rendered":"","protected":false},"excerpt":{"rendered":"<div class=\"visibility-search\">\n<p class=\"paragrafo\">King MangiaOdore es un spray revolucionario capaz de eliminar los olores desagradables, mucho m\u00e1s que un simple desodorante. Gracias a su f\u00f3rmula especial y al ingrediente activo MangiaOdore, envuelve eficazmente las mol\u00e9culas olorosas, aisl\u00e1ndolas y elimin\u00e1ndolas en cualquier superficie. Es especialmente eficaz para eliminar los olores org\u00e1nicos, de pintura, de moho, de humo y de animales de los zapatos, las alfombras del coche y del hogar, los armarios y los zapateros.<\/p>\n<\/div>\n","protected":false},"featured_media":18179,"comment_status":"closed","ping_status":"closed","template":"","meta":[],"product_brand":[],"product_cat":[558,559],"product_tag":[569],"class_list":{"0":"post-15872","1":"product","2":"type-product","3":"status-publish","4":"has-post-thumbnail","6":"product_cat-artesanos","7":"product_cat-casa","8":"product_tag-ambientadores-y-eliminadores-de-olores","10":"first","11":"instock","12":"sold-individually","13":"taxable","14":"shipping-taxable","15":"product-type-simple"},"yoast_head":"<!-- This site is optimized with the Yoast SEO plugin v25.8 - https:\/\/yoast.com\/wordpress\/plugins\/seo\/ -->\n<title>Spray King MangiaOdore - Wilbra<\/title>\n<meta name=\"description\" content=\"Spray capaz de eliminar olores org\u00e1nicos, pintura, moho, humo y animales de zapatos, alfombras de coche y hogar, armarios y zapateros.\" \/>\n<meta name=\"robots\" content=\"index, follow, max-snippet:-1, max-image-preview:large, max-video-preview:-1\" \/>\n<link rel=\"canonical\" href=\"https:\/\/wilbra.it\/es\/producto\/mangiaodore-spray\/\" \/>\n<meta property=\"og:locale\" content=\"es_ES\" \/>\n<meta property=\"og:type\" content=\"article\" \/>\n<meta property=\"og:title\" content=\"Spray King MangiaOdore - Wilbra\" \/>\n<meta property=\"og:description\" content=\"Spray capaz de eliminar olores org\u00e1nicos, pintura, moho, humo y animales de zapatos, alfombras de coche y hogar, armarios y zapateros.\" \/>\n<meta property=\"og:url\" content=\"https:\/\/wilbra.it\/es\/producto\/mangiaodore-spray\/\" \/>\n<meta property=\"og:site_name\" content=\"Wilbra\" \/>\n<meta property=\"article:modified_time\" content=\"2025-07-14T12:27:34+00:00\" \/>\n<meta property=\"og:image\" content=\"https:\/\/wilbra.it\/wp-content\/uploads\/2022\/05\/king-mangia-odore.jpg\" \/>\n\t<meta property=\"og:image:width\" content=\"2000\" \/>\n\t<meta property=\"og:image:height\" content=\"2000\" \/>\n\t<meta property=\"og:image:type\" content=\"image\/jpeg\" \/>\n<meta name=\"twitter:card\" content=\"summary_large_image\" \/>\n<meta name=\"twitter:label1\" content=\"Tiempo de lectura\" \/>\n\t<meta name=\"twitter:data1\" content=\"1 minuto\" \/>\n<script type=\"application\/ld+json\" class=\"yoast-schema-graph\">{\"@context\":\"https:\/\/schema.org\",\"@graph\":[{\"@type\":\"WebPage\",\"@id\":\"https:\/\/wilbra.it\/es\/producto\/mangiaodore-spray\/\",\"url\":\"https:\/\/wilbra.it\/es\/producto\/mangiaodore-spray\/\",\"name\":\"Spray King MangiaOdore - Wilbra\",\"isPartOf\":{\"@id\":\"https:\/\/wilbra.it\/#website\"},\"primaryImageOfPage\":{\"@id\":\"https:\/\/wilbra.it\/es\/producto\/mangiaodore-spray\/#primaryimage\"},\"image\":{\"@id\":\"https:\/\/wilbra.it\/es\/producto\/mangiaodore-spray\/#primaryimage\"},\"thumbnailUrl\":\"https:\/\/wilbra.it\/wp-content\/uploads\/2022\/05\/king-mangia-odore.jpg\",\"datePublished\":\"2022-05-18T12:05:42+00:00\",\"dateModified\":\"2025-07-14T12:27:34+00:00\",\"description\":\"Spray capaz de eliminar olores org\u00e1nicos, pintura, moho, humo y animales de zapatos, alfombras de coche y hogar, armarios y zapateros.\",\"breadcrumb\":{\"@id\":\"https:\/\/wilbra.it\/es\/producto\/mangiaodore-spray\/#breadcrumb\"},\"inLanguage\":\"es\",\"potentialAction\":[{\"@type\":\"ReadAction\",\"target\":[\"https:\/\/wilbra.it\/es\/producto\/mangiaodore-spray\/\"]}]},{\"@type\":\"ImageObject\",\"inLanguage\":\"es\",\"@id\":\"https:\/\/wilbra.it\/es\/producto\/mangiaodore-spray\/#primaryimage\",\"url\":\"https:\/\/wilbra.it\/wp-content\/uploads\/2022\/05\/king-mangia-odore.jpg\",\"contentUrl\":\"https:\/\/wilbra.it\/wp-content\/uploads\/2022\/05\/king-mangia-odore.jpg\",\"width\":2000,\"height\":2000},{\"@type\":\"BreadcrumbList\",\"@id\":\"https:\/\/wilbra.it\/es\/producto\/mangiaodore-spray\/#breadcrumb\",\"itemListElement\":[{\"@type\":\"ListItem\",\"position\":1,\"name\":\"Cat\u00e1logo de productos\",\"item\":\"https:\/\/wilbra.it\/es\/catalogo\/\"},{\"@type\":\"ListItem\",\"position\":2,\"name\":\"Mangiaodore\"}]},{\"@type\":\"WebSite\",\"@id\":\"https:\/\/wilbra.it\/#website\",\"url\":\"https:\/\/wilbra.it\/\",\"name\":\"Wilbra\",\"description\":\"Prodotti per la cura di pelli e tessuti\",\"potentialAction\":[{\"@type\":\"SearchAction\",\"target\":{\"@type\":\"EntryPoint\",\"urlTemplate\":\"https:\/\/wilbra.it\/?s={search_term_string}\"},\"query-input\":{\"@type\":\"PropertyValueSpecification\",\"valueRequired\":true,\"valueName\":\"search_term_string\"}}],\"inLanguage\":\"es\"}]}<\/script>\n<!-- \/ Yoast SEO plugin. -->","yoast_head_json":{"title":"Spray King MangiaOdore - Wilbra","description":"Spray capaz de eliminar olores org\u00e1nicos, pintura, moho, humo y animales de zapatos, alfombras de coche y hogar, armarios y zapateros.","robots":{"index":"index","follow":"follow","max-snippet":"max-snippet:-1","max-image-preview":"max-image-preview:large","max-video-preview":"max-video-preview:-1"},"canonical":"https:\/\/wilbra.it\/es\/producto\/mangiaodore-spray\/","og_locale":"es_ES","og_type":"article","og_title":"Spray King MangiaOdore - Wilbra","og_description":"Spray capaz de eliminar olores org\u00e1nicos, pintura, moho, humo y animales de zapatos, alfombras de coche y hogar, armarios y zapateros.","og_url":"https:\/\/wilbra.it\/es\/producto\/mangiaodore-spray\/","og_site_name":"Wilbra","article_modified_time":"2025-07-14T12:27:34+00:00","og_image":[{"width":2000,"height":2000,"url":"https:\/\/wilbra.it\/wp-content\/uploads\/2022\/05\/king-mangia-odore.jpg","type":"image\/jpeg"}],"twitter_card":"summary_large_image","twitter_misc":{"Tiempo de lectura":"1 minuto"},"schema":{"@context":"https:\/\/schema.org","@graph":[{"@type":"WebPage","@id":"https:\/\/wilbra.it\/es\/producto\/mangiaodore-spray\/","url":"https:\/\/wilbra.it\/es\/producto\/mangiaodore-spray\/","name":"Spray King MangiaOdore - Wilbra","isPartOf":{"@id":"https:\/\/wilbra.it\/#website"},"primaryImageOfPage":{"@id":"https:\/\/wilbra.it\/es\/producto\/mangiaodore-spray\/#primaryimage"},"image":{"@id":"https:\/\/wilbra.it\/es\/producto\/mangiaodore-spray\/#primaryimage"},"thumbnailUrl":"https:\/\/wilbra.it\/wp-content\/uploads\/2022\/05\/king-mangia-odore.jpg","datePublished":"2022-05-18T12:05:42+00:00","dateModified":"2025-07-14T12:27:34+00:00","description":"Spray capaz de eliminar olores org\u00e1nicos, pintura, moho, humo y animales de zapatos, alfombras de coche y hogar, armarios y zapateros.","breadcrumb":{"@id":"https:\/\/wilbra.it\/es\/producto\/mangiaodore-spray\/#breadcrumb"},"inLanguage":"es","potentialAction":[{"@type":"ReadAction","target":["https:\/\/wilbra.it\/es\/producto\/mangiaodore-spray\/"]}]},{"@type":"ImageObject","inLanguage":"es","@id":"https:\/\/wilbra.it\/es\/producto\/mangiaodore-spray\/#primaryimage","url":"https:\/\/wilbra.it\/wp-content\/uploads\/2022\/05\/king-mangia-odore.jpg","contentUrl":"https:\/\/wilbra.it\/wp-content\/uploads\/2022\/05\/king-mangia-odore.jpg","width":2000,"height":2000},{"@type":"BreadcrumbList","@id":"https:\/\/wilbra.it\/es\/producto\/mangiaodore-spray\/#breadcrumb","itemListElement":[{"@type":"ListItem","position":1,"name":"Cat\u00e1logo de productos","item":"https:\/\/wilbra.it\/es\/catalogo\/"},{"@type":"ListItem","position":2,"name":"Mangiaodore"}]},{"@type":"WebSite","@id":"https:\/\/wilbra.it\/#website","url":"https:\/\/wilbra.it\/","name":"Wilbra","description":"Prodotti per la cura di pelli e tessuti","potentialAction":[{"@type":"SearchAction","target":{"@type":"EntryPoint","urlTemplate":"https:\/\/wilbra.it\/?s={search_term_string}"},"query-input":{"@type":"PropertyValueSpecification","valueRequired":true,"valueName":"search_term_string"}}],"inLanguage":"es"}]}},"_links":{"self":[{"href":"https:\/\/wilbra.it\/es\/wp-json\/wp\/v2\/product\/15872","targetHints":{"allow":["GET"]}}],"collection":[{"href":"https:\/\/wilbra.it\/es\/wp-json\/wp\/v2\/product"}],"about":[{"href":"https:\/\/wilbra.it\/es\/wp-json\/wp\/v2\/types\/product"}],"replies":[{"embeddable":true,"href":"https:\/\/wilbra.it\/es\/wp-json\/wp\/v2\/comments?post=15872"}],"wp:featuredmedia":[{"embeddable":true,"href":"https:\/\/wilbra.it\/es\/wp-json\/wp\/v2\/media\/18179"}],"wp:attachment":[{"href":"https:\/\/wilbra.it\/es\/wp-json\/wp\/v2\/media?parent=15872"}],"wp:term":[{"taxonomy":"product_brand","embeddable":true,"href":"https:\/\/wilbra.it\/es\/wp-json\/wp\/v2\/product_brand?post=15872"},{"taxonomy":"product_cat","embeddable":true,"href":"https:\/\/wilbra.it\/es\/wp-json\/wp\/v2\/product_cat?post=15872"},{"taxonomy":"product_tag","embeddable":true,"href":"https:\/\/wilbra.it\/es\/wp-json\/wp\/v2\/product_tag?post=15872"}],"curies":[{"name":"wp","href":"https:\/\/api.w.org\/{rel}","templated":true}]}}