{"id":15860,"date":"2022-05-18T14:32:40","date_gmt":"2022-05-18T12:32:40","guid":{"rendered":"https:\/\/wilbra.it\/prodotto\/schiuma-detergente-spray-universale\/"},"modified":"2023-11-23T16:48:48","modified_gmt":"2023-11-23T15:48:48","slug":"espuma-limpiadora-schiumaspray","status":"publish","type":"product","link":"https:\/\/wilbra.it\/es\/producto\/espuma-limpiadora-schiumaspray\/","title":{"rendered":"SchiumaSpray"},"content":{"rendered":"","protected":false},"excerpt":{"rendered":"<p>El detergente universal King SchiumaSpray es una espuma-mousse especial capaz de lavar y eliminar manchas de cualquier material y superficie. No es un producto agresivo, no altera los colores naturales y no requiere aclarado con agua tras su aplicaci\u00f3n, eliminando las manchas y eliminando la suciedad m\u00e1s dif\u00edcil.<\/p>\n<p>El <a href=\"https:\/\/wilbra.it\/es\/producto\/drycleaner-spray-quitamanchas-en-seco\/\" target=\"_blank\" rel=\"noopener\">quitamanchas en seco DryCleaner<\/a> tambi\u00e9n est\u00e1 disponible en la l\u00ednea King.<\/p>\n","protected":false},"featured_media":14317,"comment_status":"closed","ping_status":"closed","template":"","meta":[],"product_brand":[],"product_cat":[558,559],"product_tag":[569,570],"class_list":{"0":"post-15860","1":"product","2":"type-product","3":"status-publish","4":"has-post-thumbnail","6":"product_cat-artesanos","7":"product_cat-casa","8":"product_tag-ambientadores-y-eliminadores-de-olores","9":"product_tag-limpiadores-y-quitamanchas","11":"first","12":"instock","13":"sold-individually","14":"taxable","15":"shipping-taxable","16":"product-type-simple"},"yoast_head":"<!-- This site is optimized with the Yoast SEO plugin v25.8 - https:\/\/yoast.com\/wordpress\/plugins\/seo\/ -->\n<title>Espuma limpiadora SchiumaSpray - Wilbra<\/title>\n<meta name=\"description\" content=\"Spray limpiador universal capaz de lavar y quitar manchas de cualquier material y superficie. Descubre la l\u00ednea King para pieles y tejidos.\" \/>\n<meta name=\"robots\" content=\"index, follow, max-snippet:-1, max-image-preview:large, max-video-preview:-1\" \/>\n<link rel=\"canonical\" href=\"https:\/\/wilbra.it\/es\/producto\/espuma-limpiadora-schiumaspray\/\" \/>\n<meta property=\"og:locale\" content=\"es_ES\" \/>\n<meta property=\"og:type\" content=\"article\" \/>\n<meta property=\"og:title\" content=\"Espuma limpiadora SchiumaSpray - Wilbra\" \/>\n<meta property=\"og:description\" content=\"Spray limpiador universal capaz de lavar y quitar manchas de cualquier material y superficie. Descubre la l\u00ednea King para pieles y tejidos.\" \/>\n<meta property=\"og:url\" content=\"https:\/\/wilbra.it\/es\/producto\/espuma-limpiadora-schiumaspray\/\" \/>\n<meta property=\"og:site_name\" content=\"Wilbra\" \/>\n<meta property=\"article:modified_time\" content=\"2023-11-23T15:48:48+00:00\" \/>\n<meta property=\"og:image\" content=\"https:\/\/wilbra.it\/wp-content\/uploads\/2023\/02\/King-SchiumaSpray-200.jpg\" \/>\n\t<meta property=\"og:image:width\" content=\"700\" \/>\n\t<meta property=\"og:image:height\" content=\"700\" \/>\n\t<meta property=\"og:image:type\" content=\"image\/jpeg\" \/>\n<meta name=\"twitter:card\" content=\"summary_large_image\" \/>\n<script type=\"application\/ld+json\" class=\"yoast-schema-graph\">{\"@context\":\"https:\/\/schema.org\",\"@graph\":[{\"@type\":\"WebPage\",\"@id\":\"https:\/\/wilbra.it\/es\/producto\/espuma-limpiadora-schiumaspray\/\",\"url\":\"https:\/\/wilbra.it\/es\/producto\/espuma-limpiadora-schiumaspray\/\",\"name\":\"Espuma limpiadora SchiumaSpray - Wilbra\",\"isPartOf\":{\"@id\":\"https:\/\/wilbra.it\/#website\"},\"primaryImageOfPage\":{\"@id\":\"https:\/\/wilbra.it\/es\/producto\/espuma-limpiadora-schiumaspray\/#primaryimage\"},\"image\":{\"@id\":\"https:\/\/wilbra.it\/es\/producto\/espuma-limpiadora-schiumaspray\/#primaryimage\"},\"thumbnailUrl\":\"https:\/\/wilbra.it\/wp-content\/uploads\/2023\/02\/King-SchiumaSpray-200.jpg\",\"datePublished\":\"2022-05-18T12:32:40+00:00\",\"dateModified\":\"2023-11-23T15:48:48+00:00\",\"description\":\"Spray limpiador universal capaz de lavar y quitar manchas de cualquier material y superficie. Descubre la l\u00ednea King para pieles y tejidos.\",\"breadcrumb\":{\"@id\":\"https:\/\/wilbra.it\/es\/producto\/espuma-limpiadora-schiumaspray\/#breadcrumb\"},\"inLanguage\":\"es\",\"potentialAction\":[{\"@type\":\"ReadAction\",\"target\":[\"https:\/\/wilbra.it\/es\/producto\/espuma-limpiadora-schiumaspray\/\"]}]},{\"@type\":\"ImageObject\",\"inLanguage\":\"es\",\"@id\":\"https:\/\/wilbra.it\/es\/producto\/espuma-limpiadora-schiumaspray\/#primaryimage\",\"url\":\"https:\/\/wilbra.it\/wp-content\/uploads\/2023\/02\/King-SchiumaSpray-200.jpg\",\"contentUrl\":\"https:\/\/wilbra.it\/wp-content\/uploads\/2023\/02\/King-SchiumaSpray-200.jpg\",\"width\":700,\"height\":700,\"caption\":\"Spray limpiador King Schiumaspray\"},{\"@type\":\"BreadcrumbList\",\"@id\":\"https:\/\/wilbra.it\/es\/producto\/espuma-limpiadora-schiumaspray\/#breadcrumb\",\"itemListElement\":[{\"@type\":\"ListItem\",\"position\":1,\"name\":\"Cat\u00e1logo de productos\",\"item\":\"https:\/\/wilbra.it\/es\/catalogo\/\"},{\"@type\":\"ListItem\",\"position\":2,\"name\":\"SchiumaSpray\"}]},{\"@type\":\"WebSite\",\"@id\":\"https:\/\/wilbra.it\/#website\",\"url\":\"https:\/\/wilbra.it\/\",\"name\":\"Wilbra\",\"description\":\"Prodotti per la cura di pelli e tessuti\",\"potentialAction\":[{\"@type\":\"SearchAction\",\"target\":{\"@type\":\"EntryPoint\",\"urlTemplate\":\"https:\/\/wilbra.it\/?s={search_term_string}\"},\"query-input\":{\"@type\":\"PropertyValueSpecification\",\"valueRequired\":true,\"valueName\":\"search_term_string\"}}],\"inLanguage\":\"es\"}]}<\/script>\n<!-- \/ Yoast SEO plugin. -->","yoast_head_json":{"title":"Espuma limpiadora SchiumaSpray - Wilbra","description":"Spray limpiador universal capaz de lavar y quitar manchas de cualquier material y superficie. Descubre la l\u00ednea King para pieles y tejidos.","robots":{"index":"index","follow":"follow","max-snippet":"max-snippet:-1","max-image-preview":"max-image-preview:large","max-video-preview":"max-video-preview:-1"},"canonical":"https:\/\/wilbra.it\/es\/producto\/espuma-limpiadora-schiumaspray\/","og_locale":"es_ES","og_type":"article","og_title":"Espuma limpiadora SchiumaSpray - Wilbra","og_description":"Spray limpiador universal capaz de lavar y quitar manchas de cualquier material y superficie. Descubre la l\u00ednea King para pieles y tejidos.","og_url":"https:\/\/wilbra.it\/es\/producto\/espuma-limpiadora-schiumaspray\/","og_site_name":"Wilbra","article_modified_time":"2023-11-23T15:48:48+00:00","og_image":[{"width":700,"height":700,"url":"https:\/\/wilbra.it\/wp-content\/uploads\/2023\/02\/King-SchiumaSpray-200.jpg","type":"image\/jpeg"}],"twitter_card":"summary_large_image","schema":{"@context":"https:\/\/schema.org","@graph":[{"@type":"WebPage","@id":"https:\/\/wilbra.it\/es\/producto\/espuma-limpiadora-schiumaspray\/","url":"https:\/\/wilbra.it\/es\/producto\/espuma-limpiadora-schiumaspray\/","name":"Espuma limpiadora SchiumaSpray - Wilbra","isPartOf":{"@id":"https:\/\/wilbra.it\/#website"},"primaryImageOfPage":{"@id":"https:\/\/wilbra.it\/es\/producto\/espuma-limpiadora-schiumaspray\/#primaryimage"},"image":{"@id":"https:\/\/wilbra.it\/es\/producto\/espuma-limpiadora-schiumaspray\/#primaryimage"},"thumbnailUrl":"https:\/\/wilbra.it\/wp-content\/uploads\/2023\/02\/King-SchiumaSpray-200.jpg","datePublished":"2022-05-18T12:32:40+00:00","dateModified":"2023-11-23T15:48:48+00:00","description":"Spray limpiador universal capaz de lavar y quitar manchas de cualquier material y superficie. Descubre la l\u00ednea King para pieles y tejidos.","breadcrumb":{"@id":"https:\/\/wilbra.it\/es\/producto\/espuma-limpiadora-schiumaspray\/#breadcrumb"},"inLanguage":"es","potentialAction":[{"@type":"ReadAction","target":["https:\/\/wilbra.it\/es\/producto\/espuma-limpiadora-schiumaspray\/"]}]},{"@type":"ImageObject","inLanguage":"es","@id":"https:\/\/wilbra.it\/es\/producto\/espuma-limpiadora-schiumaspray\/#primaryimage","url":"https:\/\/wilbra.it\/wp-content\/uploads\/2023\/02\/King-SchiumaSpray-200.jpg","contentUrl":"https:\/\/wilbra.it\/wp-content\/uploads\/2023\/02\/King-SchiumaSpray-200.jpg","width":700,"height":700,"caption":"Spray limpiador King Schiumaspray"},{"@type":"BreadcrumbList","@id":"https:\/\/wilbra.it\/es\/producto\/espuma-limpiadora-schiumaspray\/#breadcrumb","itemListElement":[{"@type":"ListItem","position":1,"name":"Cat\u00e1logo de productos","item":"https:\/\/wilbra.it\/es\/catalogo\/"},{"@type":"ListItem","position":2,"name":"SchiumaSpray"}]},{"@type":"WebSite","@id":"https:\/\/wilbra.it\/#website","url":"https:\/\/wilbra.it\/","name":"Wilbra","description":"Prodotti per la cura di pelli e tessuti","potentialAction":[{"@type":"SearchAction","target":{"@type":"EntryPoint","urlTemplate":"https:\/\/wilbra.it\/?s={search_term_string}"},"query-input":{"@type":"PropertyValueSpecification","valueRequired":true,"valueName":"search_term_string"}}],"inLanguage":"es"}]}},"_links":{"self":[{"href":"https:\/\/wilbra.it\/es\/wp-json\/wp\/v2\/product\/15860","targetHints":{"allow":["GET"]}}],"collection":[{"href":"https:\/\/wilbra.it\/es\/wp-json\/wp\/v2\/product"}],"about":[{"href":"https:\/\/wilbra.it\/es\/wp-json\/wp\/v2\/types\/product"}],"replies":[{"embeddable":true,"href":"https:\/\/wilbra.it\/es\/wp-json\/wp\/v2\/comments?post=15860"}],"wp:featuredmedia":[{"embeddable":true,"href":"https:\/\/wilbra.it\/es\/wp-json\/wp\/v2\/media\/14317"}],"wp:attachment":[{"href":"https:\/\/wilbra.it\/es\/wp-json\/wp\/v2\/media?parent=15860"}],"wp:term":[{"taxonomy":"product_brand","embeddable":true,"href":"https:\/\/wilbra.it\/es\/wp-json\/wp\/v2\/product_brand?post=15860"},{"taxonomy":"product_cat","embeddable":true,"href":"https:\/\/wilbra.it\/es\/wp-json\/wp\/v2\/product_cat?post=15860"},{"taxonomy":"product_tag","embeddable":true,"href":"https:\/\/wilbra.it\/es\/wp-json\/wp\/v2\/product_tag?post=15860"}],"curies":[{"name":"wp","href":"https:\/\/api.w.org\/{rel}","templated":true}]}}