{"id":15842,"date":"2022-05-18T14:47:01","date_gmt":"2022-05-18T12:47:01","guid":{"rendered":"https:\/\/wilbra.it\/prodotto\/lubrisilk-spray-lubrificante-al-silicone-impermeabilizzante\/"},"modified":"2023-11-20T15:58:10","modified_gmt":"2023-11-20T14:58:10","slug":"lubrisilk-spray-lubricante","status":"publish","type":"product","link":"https:\/\/wilbra.it\/es\/producto\/lubrisilk-spray-lubricante\/","title":{"rendered":"Lubrisilk"},"content":{"rendered":"","protected":false},"excerpt":{"rendered":"<p>Lubrisilk es el spray de silicona producido por Wilbra. Gracias a sus especiales propiedades protege, impermeabiliza y suaviza el cuero en general, el calzado deportivo, los balones y mucho m\u00e1s. Lubrisilk es tambi\u00e9n un excelente spray desbloqueo: lubrica y protege bisagras, cerraduras, tornillos, etc. de la oxidaci\u00f3n y las heladas. Es excelente para el uso tanto en el mundo del bricolaje como en el sector profesional. Lubrisilk crea una capa antiadherente en moldes y cuero, no atrae el polvo y mantiene suaves las piezas de goma.<\/p>\n","protected":false},"featured_media":14299,"comment_status":"closed","ping_status":"closed","template":"","meta":[],"product_brand":[],"product_cat":[558,559],"product_tag":[565,566],"class_list":{"0":"post-15842","1":"product","2":"type-product","3":"status-publish","4":"has-post-thumbnail","6":"product_cat-artesanos","7":"product_cat-casa","8":"product_tag-impermeabilizacion","9":"product_tag-lubricantes-y-desbloqueadores","11":"first","12":"instock","13":"sold-individually","14":"taxable","15":"shipping-taxable","16":"purchasable","17":"product-type-variable","18":"has-default-attributes"},"yoast_head":"<!-- This site is optimized with the Yoast SEO plugin v25.8 - https:\/\/yoast.com\/wordpress\/plugins\/seo\/ -->\n<title>Aerosol Lubricante Lubrisilk Artiglio - Wilbra<\/title>\n<meta name=\"description\" content=\"Spray de silicona que protege, impermeabiliza y suaviza cueros, pieles, calzado deportivo, pelotas. Descubre la gama Artiglio.\" \/>\n<meta name=\"robots\" content=\"index, follow, max-snippet:-1, max-image-preview:large, max-video-preview:-1\" \/>\n<link rel=\"canonical\" href=\"https:\/\/wilbra.it\/es\/prodotto\/lubrisilk-spray-lubricante\/\" \/>\n<meta property=\"og:locale\" content=\"es_ES\" \/>\n<meta property=\"og:type\" content=\"article\" \/>\n<meta property=\"og:title\" content=\"Aerosol Lubricante Lubrisilk Artiglio - Wilbra\" \/>\n<meta property=\"og:description\" content=\"Spray de silicona que protege, impermeabiliza y suaviza cueros, pieles, calzado deportivo, pelotas. Descubre la gama Artiglio.\" \/>\n<meta property=\"og:url\" content=\"https:\/\/wilbra.it\/es\/prodotto\/lubrisilk-spray-lubricante\/\" \/>\n<meta property=\"og:site_name\" content=\"Wilbra\" \/>\n<meta property=\"article:modified_time\" content=\"2023-11-20T14:58:10+00:00\" \/>\n<meta property=\"og:image\" content=\"https:\/\/wilbra.it\/wp-content\/uploads\/2022\/05\/artiglio-lubrisilk.jpg\" \/>\n\t<meta property=\"og:image:width\" content=\"700\" \/>\n\t<meta property=\"og:image:height\" content=\"700\" \/>\n\t<meta property=\"og:image:type\" content=\"image\/jpeg\" \/>\n<meta name=\"twitter:card\" content=\"summary_large_image\" \/>\n<script type=\"application\/ld+json\" class=\"yoast-schema-graph\">{\"@context\":\"https:\/\/schema.org\",\"@graph\":[{\"@type\":\"WebPage\",\"@id\":\"https:\/\/wilbra.it\/es\/prodotto\/lubrisilk-spray-lubricante\/\",\"url\":\"https:\/\/wilbra.it\/es\/prodotto\/lubrisilk-spray-lubricante\/\",\"name\":\"Aerosol Lubricante Lubrisilk Artiglio - Wilbra\",\"isPartOf\":{\"@id\":\"https:\/\/wilbra.it\/#website\"},\"primaryImageOfPage\":{\"@id\":\"https:\/\/wilbra.it\/es\/prodotto\/lubrisilk-spray-lubricante\/#primaryimage\"},\"image\":{\"@id\":\"https:\/\/wilbra.it\/es\/prodotto\/lubrisilk-spray-lubricante\/#primaryimage\"},\"thumbnailUrl\":\"https:\/\/wilbra.it\/wp-content\/uploads\/2022\/05\/artiglio-lubrisilk.jpg\",\"datePublished\":\"2022-05-18T12:47:01+00:00\",\"dateModified\":\"2023-11-20T14:58:10+00:00\",\"description\":\"Spray de silicona que protege, impermeabiliza y suaviza cueros, pieles, calzado deportivo, pelotas. Descubre la gama Artiglio.\",\"breadcrumb\":{\"@id\":\"https:\/\/wilbra.it\/es\/prodotto\/lubrisilk-spray-lubricante\/#breadcrumb\"},\"inLanguage\":\"es\",\"potentialAction\":[{\"@type\":\"ReadAction\",\"target\":[\"https:\/\/wilbra.it\/es\/prodotto\/lubrisilk-spray-lubricante\/\"]}]},{\"@type\":\"ImageObject\",\"inLanguage\":\"es\",\"@id\":\"https:\/\/wilbra.it\/es\/prodotto\/lubrisilk-spray-lubricante\/#primaryimage\",\"url\":\"https:\/\/wilbra.it\/wp-content\/uploads\/2022\/05\/artiglio-lubrisilk.jpg\",\"contentUrl\":\"https:\/\/wilbra.it\/wp-content\/uploads\/2022\/05\/artiglio-lubrisilk.jpg\",\"width\":700,\"height\":700,\"caption\":\"Artiglio Lubrisilk lubricante impermeabilizante de silicona en spray\"},{\"@type\":\"BreadcrumbList\",\"@id\":\"https:\/\/wilbra.it\/es\/prodotto\/lubrisilk-spray-lubricante\/#breadcrumb\",\"itemListElement\":[{\"@type\":\"ListItem\",\"position\":1,\"name\":\"Cat\u00e1logo de productos\",\"item\":\"https:\/\/wilbra.it\/es\/catalogo\/\"},{\"@type\":\"ListItem\",\"position\":2,\"name\":\"Lubrisilk\"}]},{\"@type\":\"WebSite\",\"@id\":\"https:\/\/wilbra.it\/#website\",\"url\":\"https:\/\/wilbra.it\/\",\"name\":\"Wilbra\",\"description\":\"Prodotti per la cura di pelli e tessuti\",\"potentialAction\":[{\"@type\":\"SearchAction\",\"target\":{\"@type\":\"EntryPoint\",\"urlTemplate\":\"https:\/\/wilbra.it\/?s={search_term_string}\"},\"query-input\":{\"@type\":\"PropertyValueSpecification\",\"valueRequired\":true,\"valueName\":\"search_term_string\"}}],\"inLanguage\":\"es\"}]}<\/script>\n<!-- \/ Yoast SEO plugin. -->","yoast_head_json":{"title":"Aerosol Lubricante Lubrisilk Artiglio - Wilbra","description":"Spray de silicona que protege, impermeabiliza y suaviza cueros, pieles, calzado deportivo, pelotas. Descubre la gama Artiglio.","robots":{"index":"index","follow":"follow","max-snippet":"max-snippet:-1","max-image-preview":"max-image-preview:large","max-video-preview":"max-video-preview:-1"},"canonical":"https:\/\/wilbra.it\/es\/prodotto\/lubrisilk-spray-lubricante\/","og_locale":"es_ES","og_type":"article","og_title":"Aerosol Lubricante Lubrisilk Artiglio - Wilbra","og_description":"Spray de silicona que protege, impermeabiliza y suaviza cueros, pieles, calzado deportivo, pelotas. Descubre la gama Artiglio.","og_url":"https:\/\/wilbra.it\/es\/prodotto\/lubrisilk-spray-lubricante\/","og_site_name":"Wilbra","article_modified_time":"2023-11-20T14:58:10+00:00","og_image":[{"width":700,"height":700,"url":"https:\/\/wilbra.it\/wp-content\/uploads\/2022\/05\/artiglio-lubrisilk.jpg","type":"image\/jpeg"}],"twitter_card":"summary_large_image","schema":{"@context":"https:\/\/schema.org","@graph":[{"@type":"WebPage","@id":"https:\/\/wilbra.it\/es\/prodotto\/lubrisilk-spray-lubricante\/","url":"https:\/\/wilbra.it\/es\/prodotto\/lubrisilk-spray-lubricante\/","name":"Aerosol Lubricante Lubrisilk Artiglio - Wilbra","isPartOf":{"@id":"https:\/\/wilbra.it\/#website"},"primaryImageOfPage":{"@id":"https:\/\/wilbra.it\/es\/prodotto\/lubrisilk-spray-lubricante\/#primaryimage"},"image":{"@id":"https:\/\/wilbra.it\/es\/prodotto\/lubrisilk-spray-lubricante\/#primaryimage"},"thumbnailUrl":"https:\/\/wilbra.it\/wp-content\/uploads\/2022\/05\/artiglio-lubrisilk.jpg","datePublished":"2022-05-18T12:47:01+00:00","dateModified":"2023-11-20T14:58:10+00:00","description":"Spray de silicona que protege, impermeabiliza y suaviza cueros, pieles, calzado deportivo, pelotas. Descubre la gama Artiglio.","breadcrumb":{"@id":"https:\/\/wilbra.it\/es\/prodotto\/lubrisilk-spray-lubricante\/#breadcrumb"},"inLanguage":"es","potentialAction":[{"@type":"ReadAction","target":["https:\/\/wilbra.it\/es\/prodotto\/lubrisilk-spray-lubricante\/"]}]},{"@type":"ImageObject","inLanguage":"es","@id":"https:\/\/wilbra.it\/es\/prodotto\/lubrisilk-spray-lubricante\/#primaryimage","url":"https:\/\/wilbra.it\/wp-content\/uploads\/2022\/05\/artiglio-lubrisilk.jpg","contentUrl":"https:\/\/wilbra.it\/wp-content\/uploads\/2022\/05\/artiglio-lubrisilk.jpg","width":700,"height":700,"caption":"Artiglio Lubrisilk lubricante impermeabilizante de silicona en spray"},{"@type":"BreadcrumbList","@id":"https:\/\/wilbra.it\/es\/prodotto\/lubrisilk-spray-lubricante\/#breadcrumb","itemListElement":[{"@type":"ListItem","position":1,"name":"Cat\u00e1logo de productos","item":"https:\/\/wilbra.it\/es\/catalogo\/"},{"@type":"ListItem","position":2,"name":"Lubrisilk"}]},{"@type":"WebSite","@id":"https:\/\/wilbra.it\/#website","url":"https:\/\/wilbra.it\/","name":"Wilbra","description":"Prodotti per la cura di pelli e tessuti","potentialAction":[{"@type":"SearchAction","target":{"@type":"EntryPoint","urlTemplate":"https:\/\/wilbra.it\/?s={search_term_string}"},"query-input":{"@type":"PropertyValueSpecification","valueRequired":true,"valueName":"search_term_string"}}],"inLanguage":"es"}]}},"_links":{"self":[{"href":"https:\/\/wilbra.it\/es\/wp-json\/wp\/v2\/product\/15842","targetHints":{"allow":["GET"]}}],"collection":[{"href":"https:\/\/wilbra.it\/es\/wp-json\/wp\/v2\/product"}],"about":[{"href":"https:\/\/wilbra.it\/es\/wp-json\/wp\/v2\/types\/product"}],"replies":[{"embeddable":true,"href":"https:\/\/wilbra.it\/es\/wp-json\/wp\/v2\/comments?post=15842"}],"wp:featuredmedia":[{"embeddable":true,"href":"https:\/\/wilbra.it\/es\/wp-json\/wp\/v2\/media\/14299"}],"wp:attachment":[{"href":"https:\/\/wilbra.it\/es\/wp-json\/wp\/v2\/media?parent=15842"}],"wp:term":[{"taxonomy":"product_brand","embeddable":true,"href":"https:\/\/wilbra.it\/es\/wp-json\/wp\/v2\/product_brand?post=15842"},{"taxonomy":"product_cat","embeddable":true,"href":"https:\/\/wilbra.it\/es\/wp-json\/wp\/v2\/product_cat?post=15842"},{"taxonomy":"product_tag","embeddable":true,"href":"https:\/\/wilbra.it\/es\/wp-json\/wp\/v2\/product_tag?post=15842"}],"curies":[{"name":"wp","href":"https:\/\/api.w.org\/{rel}","templated":true}]}}