{"id":15738,"date":"2022-05-18T15:54:49","date_gmt":"2022-05-18T13:54:49","guid":{"rendered":"https:\/\/wilbra.it\/prodotto\/shampoo-detergente-smacchiante-oggetti-in-pelle-liscia\/"},"modified":"2023-11-23T16:30:19","modified_gmt":"2023-11-23T15:30:19","slug":"champu-limpiador","status":"publish","type":"product","link":"https:\/\/wilbra.it\/es\/producto\/champu-limpiador\/","title":{"rendered":"Champ\u00fa Limpiador"},"content":{"rendered":"","protected":false},"excerpt":{"rendered":"<p>Perla Champ\u00fa Limpiador es un champ\u00fa especial para limpiar todos los cueros y tejidos naturales y sint\u00e9ticos. Gracias a su f\u00f3rmula especial, Wilbra Perla Champ\u00fa Limpiador elimina las marcas de agua y las manchas de aceite y grasa.<\/p>\n","protected":false},"featured_media":14399,"comment_status":"closed","ping_status":"closed","template":"","meta":[],"product_brand":[],"product_cat":[558,559],"product_tag":[570],"class_list":{"0":"post-15738","1":"product","2":"type-product","3":"status-publish","4":"has-post-thumbnail","6":"product_cat-artesanos","7":"product_cat-casa","8":"product_tag-limpiadores-y-quitamanchas","10":"first","11":"instock","12":"sold-individually","13":"taxable","14":"shipping-taxable","15":"purchasable","16":"product-type-variable","17":"has-default-attributes"},"yoast_head":"<!-- This site is optimized with the Yoast SEO plugin v25.8 - https:\/\/yoast.com\/wordpress\/plugins\/seo\/ -->\n<title>Champ\u00fa Limpiador - Wilbra<\/title>\n<meta name=\"description\" content=\"Champ\u00fa limpiador especial para limpiar todas las pieles naturales, fibras sint\u00e9ticas y tejidos. Descubre nuestros productos.\" \/>\n<meta name=\"robots\" content=\"index, follow, max-snippet:-1, max-image-preview:large, max-video-preview:-1\" \/>\n<link rel=\"canonical\" href=\"https:\/\/wilbra.it\/es\/producto\/champu-limpiador\/\" \/>\n<meta property=\"og:locale\" content=\"es_ES\" \/>\n<meta property=\"og:type\" content=\"article\" \/>\n<meta property=\"og:title\" content=\"Champ\u00fa Limpiador - Wilbra\" \/>\n<meta property=\"og:description\" content=\"Champ\u00fa limpiador especial para limpiar todas las pieles naturales, fibras sint\u00e9ticas y tejidos. Descubre nuestros productos.\" \/>\n<meta property=\"og:url\" content=\"https:\/\/wilbra.it\/es\/producto\/champu-limpiador\/\" \/>\n<meta property=\"og:site_name\" content=\"Wilbra\" \/>\n<meta property=\"article:modified_time\" content=\"2023-11-23T15:30:19+00:00\" \/>\n<meta property=\"og:image\" content=\"https:\/\/wilbra.it\/wp-content\/uploads\/2023\/09\/perla-detergente-smacchiante-pelli-tessuti.jpg\" \/>\n\t<meta property=\"og:image:width\" content=\"2000\" \/>\n\t<meta property=\"og:image:height\" content=\"2000\" \/>\n\t<meta property=\"og:image:type\" content=\"image\/jpeg\" \/>\n<meta name=\"twitter:card\" content=\"summary_large_image\" \/>\n<script type=\"application\/ld+json\" class=\"yoast-schema-graph\">{\"@context\":\"https:\/\/schema.org\",\"@graph\":[{\"@type\":\"WebPage\",\"@id\":\"https:\/\/wilbra.it\/es\/producto\/champu-limpiador\/\",\"url\":\"https:\/\/wilbra.it\/es\/producto\/champu-limpiador\/\",\"name\":\"Champ\u00fa Limpiador - Wilbra\",\"isPartOf\":{\"@id\":\"https:\/\/wilbra.it\/#website\"},\"primaryImageOfPage\":{\"@id\":\"https:\/\/wilbra.it\/es\/producto\/champu-limpiador\/#primaryimage\"},\"image\":{\"@id\":\"https:\/\/wilbra.it\/es\/producto\/champu-limpiador\/#primaryimage\"},\"thumbnailUrl\":\"https:\/\/wilbra.it\/wp-content\/uploads\/2023\/09\/perla-detergente-smacchiante-pelli-tessuti.jpg\",\"datePublished\":\"2022-05-18T13:54:49+00:00\",\"dateModified\":\"2023-11-23T15:30:19+00:00\",\"description\":\"Champ\u00fa limpiador especial para limpiar todas las pieles naturales, fibras sint\u00e9ticas y tejidos. Descubre nuestros productos.\",\"breadcrumb\":{\"@id\":\"https:\/\/wilbra.it\/es\/producto\/champu-limpiador\/#breadcrumb\"},\"inLanguage\":\"es\",\"potentialAction\":[{\"@type\":\"ReadAction\",\"target\":[\"https:\/\/wilbra.it\/es\/producto\/champu-limpiador\/\"]}]},{\"@type\":\"ImageObject\",\"inLanguage\":\"es\",\"@id\":\"https:\/\/wilbra.it\/es\/producto\/champu-limpiador\/#primaryimage\",\"url\":\"https:\/\/wilbra.it\/wp-content\/uploads\/2023\/09\/perla-detergente-smacchiante-pelli-tessuti.jpg\",\"contentUrl\":\"https:\/\/wilbra.it\/wp-content\/uploads\/2023\/09\/perla-detergente-smacchiante-pelli-tessuti.jpg\",\"width\":2000,\"height\":2000,\"caption\":\"Detergente y quitamanchas para objetos y tejidos de cuero\"},{\"@type\":\"BreadcrumbList\",\"@id\":\"https:\/\/wilbra.it\/es\/producto\/champu-limpiador\/#breadcrumb\",\"itemListElement\":[{\"@type\":\"ListItem\",\"position\":1,\"name\":\"Cat\u00e1logo de productos\",\"item\":\"https:\/\/wilbra.it\/es\/catalogo\/\"},{\"@type\":\"ListItem\",\"position\":2,\"name\":\"Champ\u00fa Limpiador\"}]},{\"@type\":\"WebSite\",\"@id\":\"https:\/\/wilbra.it\/#website\",\"url\":\"https:\/\/wilbra.it\/\",\"name\":\"Wilbra\",\"description\":\"Prodotti per la cura di pelli e tessuti\",\"potentialAction\":[{\"@type\":\"SearchAction\",\"target\":{\"@type\":\"EntryPoint\",\"urlTemplate\":\"https:\/\/wilbra.it\/?s={search_term_string}\"},\"query-input\":{\"@type\":\"PropertyValueSpecification\",\"valueRequired\":true,\"valueName\":\"search_term_string\"}}],\"inLanguage\":\"es\"}]}<\/script>\n<!-- \/ Yoast SEO plugin. -->","yoast_head_json":{"title":"Champ\u00fa Limpiador - Wilbra","description":"Champ\u00fa limpiador especial para limpiar todas las pieles naturales, fibras sint\u00e9ticas y tejidos. Descubre nuestros productos.","robots":{"index":"index","follow":"follow","max-snippet":"max-snippet:-1","max-image-preview":"max-image-preview:large","max-video-preview":"max-video-preview:-1"},"canonical":"https:\/\/wilbra.it\/es\/producto\/champu-limpiador\/","og_locale":"es_ES","og_type":"article","og_title":"Champ\u00fa Limpiador - Wilbra","og_description":"Champ\u00fa limpiador especial para limpiar todas las pieles naturales, fibras sint\u00e9ticas y tejidos. Descubre nuestros productos.","og_url":"https:\/\/wilbra.it\/es\/producto\/champu-limpiador\/","og_site_name":"Wilbra","article_modified_time":"2023-11-23T15:30:19+00:00","og_image":[{"width":2000,"height":2000,"url":"https:\/\/wilbra.it\/wp-content\/uploads\/2023\/09\/perla-detergente-smacchiante-pelli-tessuti.jpg","type":"image\/jpeg"}],"twitter_card":"summary_large_image","schema":{"@context":"https:\/\/schema.org","@graph":[{"@type":"WebPage","@id":"https:\/\/wilbra.it\/es\/producto\/champu-limpiador\/","url":"https:\/\/wilbra.it\/es\/producto\/champu-limpiador\/","name":"Champ\u00fa Limpiador - Wilbra","isPartOf":{"@id":"https:\/\/wilbra.it\/#website"},"primaryImageOfPage":{"@id":"https:\/\/wilbra.it\/es\/producto\/champu-limpiador\/#primaryimage"},"image":{"@id":"https:\/\/wilbra.it\/es\/producto\/champu-limpiador\/#primaryimage"},"thumbnailUrl":"https:\/\/wilbra.it\/wp-content\/uploads\/2023\/09\/perla-detergente-smacchiante-pelli-tessuti.jpg","datePublished":"2022-05-18T13:54:49+00:00","dateModified":"2023-11-23T15:30:19+00:00","description":"Champ\u00fa limpiador especial para limpiar todas las pieles naturales, fibras sint\u00e9ticas y tejidos. Descubre nuestros productos.","breadcrumb":{"@id":"https:\/\/wilbra.it\/es\/producto\/champu-limpiador\/#breadcrumb"},"inLanguage":"es","potentialAction":[{"@type":"ReadAction","target":["https:\/\/wilbra.it\/es\/producto\/champu-limpiador\/"]}]},{"@type":"ImageObject","inLanguage":"es","@id":"https:\/\/wilbra.it\/es\/producto\/champu-limpiador\/#primaryimage","url":"https:\/\/wilbra.it\/wp-content\/uploads\/2023\/09\/perla-detergente-smacchiante-pelli-tessuti.jpg","contentUrl":"https:\/\/wilbra.it\/wp-content\/uploads\/2023\/09\/perla-detergente-smacchiante-pelli-tessuti.jpg","width":2000,"height":2000,"caption":"Detergente y quitamanchas para objetos y tejidos de cuero"},{"@type":"BreadcrumbList","@id":"https:\/\/wilbra.it\/es\/producto\/champu-limpiador\/#breadcrumb","itemListElement":[{"@type":"ListItem","position":1,"name":"Cat\u00e1logo de productos","item":"https:\/\/wilbra.it\/es\/catalogo\/"},{"@type":"ListItem","position":2,"name":"Champ\u00fa Limpiador"}]},{"@type":"WebSite","@id":"https:\/\/wilbra.it\/#website","url":"https:\/\/wilbra.it\/","name":"Wilbra","description":"Prodotti per la cura di pelli e tessuti","potentialAction":[{"@type":"SearchAction","target":{"@type":"EntryPoint","urlTemplate":"https:\/\/wilbra.it\/?s={search_term_string}"},"query-input":{"@type":"PropertyValueSpecification","valueRequired":true,"valueName":"search_term_string"}}],"inLanguage":"es"}]}},"_links":{"self":[{"href":"https:\/\/wilbra.it\/es\/wp-json\/wp\/v2\/product\/15738","targetHints":{"allow":["GET"]}}],"collection":[{"href":"https:\/\/wilbra.it\/es\/wp-json\/wp\/v2\/product"}],"about":[{"href":"https:\/\/wilbra.it\/es\/wp-json\/wp\/v2\/types\/product"}],"replies":[{"embeddable":true,"href":"https:\/\/wilbra.it\/es\/wp-json\/wp\/v2\/comments?post=15738"}],"wp:featuredmedia":[{"embeddable":true,"href":"https:\/\/wilbra.it\/es\/wp-json\/wp\/v2\/media\/14399"}],"wp:attachment":[{"href":"https:\/\/wilbra.it\/es\/wp-json\/wp\/v2\/media?parent=15738"}],"wp:term":[{"taxonomy":"product_brand","embeddable":true,"href":"https:\/\/wilbra.it\/es\/wp-json\/wp\/v2\/product_brand?post=15738"},{"taxonomy":"product_cat","embeddable":true,"href":"https:\/\/wilbra.it\/es\/wp-json\/wp\/v2\/product_cat?post=15738"},{"taxonomy":"product_tag","embeddable":true,"href":"https:\/\/wilbra.it\/es\/wp-json\/wp\/v2\/product_tag?post=15738"}],"curies":[{"name":"wp","href":"https:\/\/api.w.org\/{rel}","templated":true}]}}