{"id":15710,"date":"2022-05-18T16:07:17","date_gmt":"2022-05-18T14:07:17","guid":{"rendered":"https:\/\/wilbra.it\/prodotto\/perla-house-crema-autolucidante-per-pelli-lisce\/"},"modified":"2023-11-17T17:26:07","modified_gmt":"2023-11-17T16:26:07","slug":"perla-house-crema-autopulimentante","status":"publish","type":"product","link":"https:\/\/wilbra.it\/es\/producto\/perla-house-crema-autopulimentante\/","title":{"rendered":"Crema Autopulimentante"},"content":{"rendered":"","protected":false},"excerpt":{"rendered":"<p>La crema autobrillante de la serie Perla House es ideal para devolver el brillo, el tono y la suavidad natural a todos los cueros lisos de sof\u00e1s, bolsos, cinturones, zapatos, etc. El paquete de Crema Autopulimentante Perla House tambi\u00e9n incluye una pr\u00e1ctica esponja suave para una aplicaci\u00f3n ideal de la crema.<\/p>\n","protected":false},"featured_media":14289,"comment_status":"closed","ping_status":"closed","template":"","meta":[],"product_brand":[],"product_cat":[558,559],"product_tag":[567,565,568],"class_list":{"0":"post-15710","1":"product","2":"type-product","3":"status-publish","4":"has-post-thumbnail","6":"product_cat-artesanos","7":"product_cat-casa","8":"product_tag-abrillantadores","9":"product_tag-impermeabilizacion","10":"product_tag-nutrientes-y-rellenos","12":"first","13":"instock","14":"sold-individually","15":"taxable","16":"shipping-taxable","17":"purchasable","18":"product-type-variable","19":"has-default-attributes"},"yoast_head":"<!-- This site is optimized with the Yoast SEO plugin v25.8 - https:\/\/yoast.com\/wordpress\/plugins\/seo\/ -->\n<title>Crema Autopulimentante Perla House - Wilbra<\/title>\n<meta name=\"description\" content=\"Crema autobrillante ideal para devolver el brillo, el tono y la suavidad natural a todos los cueros lisos de sof\u00e1s, bolsos, cinturones y zapatos.\" \/>\n<meta name=\"robots\" content=\"index, follow, max-snippet:-1, max-image-preview:large, max-video-preview:-1\" \/>\n<link rel=\"canonical\" href=\"https:\/\/wilbra.it\/es\/prodotto\/perla-house-crema-autopulimentante\/\" \/>\n<meta property=\"og:locale\" content=\"es_ES\" \/>\n<meta property=\"og:type\" content=\"article\" \/>\n<meta property=\"og:title\" content=\"Crema Autopulimentante Perla House - Wilbra\" \/>\n<meta property=\"og:description\" content=\"Crema autobrillante ideal para devolver el brillo, el tono y la suavidad natural a todos los cueros lisos de sof\u00e1s, bolsos, cinturones y zapatos.\" \/>\n<meta property=\"og:url\" content=\"https:\/\/wilbra.it\/es\/prodotto\/perla-house-crema-autopulimentante\/\" \/>\n<meta property=\"og:site_name\" content=\"Wilbra\" \/>\n<meta property=\"article:modified_time\" content=\"2023-11-17T16:26:07+00:00\" \/>\n<meta property=\"og:image\" content=\"https:\/\/wilbra.it\/wp-content\/uploads\/2022\/05\/perla-autolucidante.jpg\" \/>\n\t<meta property=\"og:image:width\" content=\"2000\" \/>\n\t<meta property=\"og:image:height\" content=\"2000\" \/>\n\t<meta property=\"og:image:type\" content=\"image\/jpeg\" \/>\n<meta name=\"twitter:card\" content=\"summary_large_image\" \/>\n<script type=\"application\/ld+json\" class=\"yoast-schema-graph\">{\"@context\":\"https:\/\/schema.org\",\"@graph\":[{\"@type\":\"WebPage\",\"@id\":\"https:\/\/wilbra.it\/es\/prodotto\/perla-house-crema-autopulimentante\/\",\"url\":\"https:\/\/wilbra.it\/es\/prodotto\/perla-house-crema-autopulimentante\/\",\"name\":\"Crema Autopulimentante Perla House - Wilbra\",\"isPartOf\":{\"@id\":\"https:\/\/wilbra.it\/#website\"},\"primaryImageOfPage\":{\"@id\":\"https:\/\/wilbra.it\/es\/prodotto\/perla-house-crema-autopulimentante\/#primaryimage\"},\"image\":{\"@id\":\"https:\/\/wilbra.it\/es\/prodotto\/perla-house-crema-autopulimentante\/#primaryimage\"},\"thumbnailUrl\":\"https:\/\/wilbra.it\/wp-content\/uploads\/2022\/05\/perla-autolucidante.jpg\",\"datePublished\":\"2022-05-18T14:07:17+00:00\",\"dateModified\":\"2023-11-17T16:26:07+00:00\",\"description\":\"Crema autobrillante ideal para devolver el brillo, el tono y la suavidad natural a todos los cueros lisos de sof\u00e1s, bolsos, cinturones y zapatos.\",\"breadcrumb\":{\"@id\":\"https:\/\/wilbra.it\/es\/prodotto\/perla-house-crema-autopulimentante\/#breadcrumb\"},\"inLanguage\":\"es\",\"potentialAction\":[{\"@type\":\"ReadAction\",\"target\":[\"https:\/\/wilbra.it\/es\/prodotto\/perla-house-crema-autopulimentante\/\"]}]},{\"@type\":\"ImageObject\",\"inLanguage\":\"es\",\"@id\":\"https:\/\/wilbra.it\/es\/prodotto\/perla-house-crema-autopulimentante\/#primaryimage\",\"url\":\"https:\/\/wilbra.it\/wp-content\/uploads\/2022\/05\/perla-autolucidante.jpg\",\"contentUrl\":\"https:\/\/wilbra.it\/wp-content\/uploads\/2022\/05\/perla-autolucidante.jpg\",\"width\":2000,\"height\":2000,\"caption\":\"Crema pulidora para objetos de cuero liso\"},{\"@type\":\"BreadcrumbList\",\"@id\":\"https:\/\/wilbra.it\/es\/prodotto\/perla-house-crema-autopulimentante\/#breadcrumb\",\"itemListElement\":[{\"@type\":\"ListItem\",\"position\":1,\"name\":\"Cat\u00e1logo de productos\",\"item\":\"https:\/\/wilbra.it\/es\/catalogo\/\"},{\"@type\":\"ListItem\",\"position\":2,\"name\":\"Crema Autopulimentante\"}]},{\"@type\":\"WebSite\",\"@id\":\"https:\/\/wilbra.it\/#website\",\"url\":\"https:\/\/wilbra.it\/\",\"name\":\"Wilbra\",\"description\":\"Prodotti per la cura di pelli e tessuti\",\"potentialAction\":[{\"@type\":\"SearchAction\",\"target\":{\"@type\":\"EntryPoint\",\"urlTemplate\":\"https:\/\/wilbra.it\/?s={search_term_string}\"},\"query-input\":{\"@type\":\"PropertyValueSpecification\",\"valueRequired\":true,\"valueName\":\"search_term_string\"}}],\"inLanguage\":\"es\"}]}<\/script>\n<!-- \/ Yoast SEO plugin. -->","yoast_head_json":{"title":"Crema Autopulimentante Perla House - Wilbra","description":"Crema autobrillante ideal para devolver el brillo, el tono y la suavidad natural a todos los cueros lisos de sof\u00e1s, bolsos, cinturones y zapatos.","robots":{"index":"index","follow":"follow","max-snippet":"max-snippet:-1","max-image-preview":"max-image-preview:large","max-video-preview":"max-video-preview:-1"},"canonical":"https:\/\/wilbra.it\/es\/prodotto\/perla-house-crema-autopulimentante\/","og_locale":"es_ES","og_type":"article","og_title":"Crema Autopulimentante Perla House - Wilbra","og_description":"Crema autobrillante ideal para devolver el brillo, el tono y la suavidad natural a todos los cueros lisos de sof\u00e1s, bolsos, cinturones y zapatos.","og_url":"https:\/\/wilbra.it\/es\/prodotto\/perla-house-crema-autopulimentante\/","og_site_name":"Wilbra","article_modified_time":"2023-11-17T16:26:07+00:00","og_image":[{"width":2000,"height":2000,"url":"https:\/\/wilbra.it\/wp-content\/uploads\/2022\/05\/perla-autolucidante.jpg","type":"image\/jpeg"}],"twitter_card":"summary_large_image","schema":{"@context":"https:\/\/schema.org","@graph":[{"@type":"WebPage","@id":"https:\/\/wilbra.it\/es\/prodotto\/perla-house-crema-autopulimentante\/","url":"https:\/\/wilbra.it\/es\/prodotto\/perla-house-crema-autopulimentante\/","name":"Crema Autopulimentante Perla House - Wilbra","isPartOf":{"@id":"https:\/\/wilbra.it\/#website"},"primaryImageOfPage":{"@id":"https:\/\/wilbra.it\/es\/prodotto\/perla-house-crema-autopulimentante\/#primaryimage"},"image":{"@id":"https:\/\/wilbra.it\/es\/prodotto\/perla-house-crema-autopulimentante\/#primaryimage"},"thumbnailUrl":"https:\/\/wilbra.it\/wp-content\/uploads\/2022\/05\/perla-autolucidante.jpg","datePublished":"2022-05-18T14:07:17+00:00","dateModified":"2023-11-17T16:26:07+00:00","description":"Crema autobrillante ideal para devolver el brillo, el tono y la suavidad natural a todos los cueros lisos de sof\u00e1s, bolsos, cinturones y zapatos.","breadcrumb":{"@id":"https:\/\/wilbra.it\/es\/prodotto\/perla-house-crema-autopulimentante\/#breadcrumb"},"inLanguage":"es","potentialAction":[{"@type":"ReadAction","target":["https:\/\/wilbra.it\/es\/prodotto\/perla-house-crema-autopulimentante\/"]}]},{"@type":"ImageObject","inLanguage":"es","@id":"https:\/\/wilbra.it\/es\/prodotto\/perla-house-crema-autopulimentante\/#primaryimage","url":"https:\/\/wilbra.it\/wp-content\/uploads\/2022\/05\/perla-autolucidante.jpg","contentUrl":"https:\/\/wilbra.it\/wp-content\/uploads\/2022\/05\/perla-autolucidante.jpg","width":2000,"height":2000,"caption":"Crema pulidora para objetos de cuero liso"},{"@type":"BreadcrumbList","@id":"https:\/\/wilbra.it\/es\/prodotto\/perla-house-crema-autopulimentante\/#breadcrumb","itemListElement":[{"@type":"ListItem","position":1,"name":"Cat\u00e1logo de productos","item":"https:\/\/wilbra.it\/es\/catalogo\/"},{"@type":"ListItem","position":2,"name":"Crema Autopulimentante"}]},{"@type":"WebSite","@id":"https:\/\/wilbra.it\/#website","url":"https:\/\/wilbra.it\/","name":"Wilbra","description":"Prodotti per la cura di pelli e tessuti","potentialAction":[{"@type":"SearchAction","target":{"@type":"EntryPoint","urlTemplate":"https:\/\/wilbra.it\/?s={search_term_string}"},"query-input":{"@type":"PropertyValueSpecification","valueRequired":true,"valueName":"search_term_string"}}],"inLanguage":"es"}]}},"_links":{"self":[{"href":"https:\/\/wilbra.it\/es\/wp-json\/wp\/v2\/product\/15710","targetHints":{"allow":["GET"]}}],"collection":[{"href":"https:\/\/wilbra.it\/es\/wp-json\/wp\/v2\/product"}],"about":[{"href":"https:\/\/wilbra.it\/es\/wp-json\/wp\/v2\/types\/product"}],"replies":[{"embeddable":true,"href":"https:\/\/wilbra.it\/es\/wp-json\/wp\/v2\/comments?post=15710"}],"wp:featuredmedia":[{"embeddable":true,"href":"https:\/\/wilbra.it\/es\/wp-json\/wp\/v2\/media\/14289"}],"wp:attachment":[{"href":"https:\/\/wilbra.it\/es\/wp-json\/wp\/v2\/media?parent=15710"}],"wp:term":[{"taxonomy":"product_brand","embeddable":true,"href":"https:\/\/wilbra.it\/es\/wp-json\/wp\/v2\/product_brand?post=15710"},{"taxonomy":"product_cat","embeddable":true,"href":"https:\/\/wilbra.it\/es\/wp-json\/wp\/v2\/product_cat?post=15710"},{"taxonomy":"product_tag","embeddable":true,"href":"https:\/\/wilbra.it\/es\/wp-json\/wp\/v2\/product_tag?post=15710"}],"curies":[{"name":"wp","href":"https:\/\/api.w.org\/{rel}","templated":true}]}}