{"id":15682,"date":"2022-05-18T16:53:09","date_gmt":"2022-05-18T14:53:09","guid":{"rendered":"https:\/\/wilbra.it\/prodotto\/uno-bianco-crema-bianca-coprente-per-pelli-liscie-e-nabuk\/"},"modified":"2023-11-23T15:46:23","modified_gmt":"2023-11-23T14:46:23","slug":"uno-bianco-crema-cubredora-blanca-para-piel-lisa-y-nubuck","status":"publish","type":"product","link":"https:\/\/wilbra.it\/es\/producto\/uno-bianco-crema-cubredora-blanca-para-piel-lisa-y-nubuck\/","title":{"rendered":"UnoBianco Crema"},"content":{"rendered":"","protected":false},"excerpt":{"rendered":"<p>UnoBianco Perla crema es un blanqueador universal especial, en formato crema, muy cubriente e indicado para iluminar el color blanco de zapatos, zapatillas, botas, sof\u00e1s, asientos, bolsos y prendas de vestir en piel lisa y ante. UnoBianco en versi\u00f3n crema se ofrece en un pr\u00e1ctico tubo de aluminio de 50 ml.<\/p>\n<p>Tambi\u00e9n disponible en <a href=\"https:\/\/wilbra.it\/es\/producto\/uno-bianco-blanqueador-liquido\/\" target=\"_blank\" rel=\"noopener\">versi\u00f3n l\u00edquida en botellas<\/a>.<\/p>\n","protected":false},"featured_media":14304,"comment_status":"closed","ping_status":"closed","template":"","meta":[],"product_brand":[],"product_cat":[558,559],"product_tag":[684],"class_list":{"0":"post-15682","1":"product","2":"type-product","3":"status-publish","4":"has-post-thumbnail","6":"product_cat-artesanos","7":"product_cat-casa","8":"product_tag-pinturas-y-tintes","10":"first","11":"instock","12":"sold-individually","13":"taxable","14":"shipping-taxable","15":"product-type-simple"},"yoast_head":"<!-- This site is optimized with the Yoast SEO plugin v25.8 - https:\/\/yoast.com\/wordpress\/plugins\/seo\/ -->\n<title>Crema Cubriente UnoBianco - Wilbra<\/title>\n<meta name=\"description\" content=\"Crema blanca opaca para reavivar el color blanco en zapatos, zapatillas, botas, sof\u00e1s, asientos, bolsos y prendas de vestir en piel lisa y ante.\" \/>\n<meta name=\"robots\" content=\"index, follow, max-snippet:-1, max-image-preview:large, max-video-preview:-1\" \/>\n<link rel=\"canonical\" href=\"https:\/\/wilbra.it\/es\/producto\/uno-bianco-crema-cubredora-blanca-para-piel-lisa-y-nubuck\/\" \/>\n<meta property=\"og:locale\" content=\"es_ES\" \/>\n<meta property=\"og:type\" content=\"article\" \/>\n<meta property=\"og:title\" content=\"Crema Cubriente UnoBianco - Wilbra\" \/>\n<meta property=\"og:description\" content=\"Crema blanca opaca para reavivar el color blanco en zapatos, zapatillas, botas, sof\u00e1s, asientos, bolsos y prendas de vestir en piel lisa y ante.\" \/>\n<meta property=\"og:url\" content=\"https:\/\/wilbra.it\/es\/producto\/uno-bianco-crema-cubredora-blanca-para-piel-lisa-y-nubuck\/\" \/>\n<meta property=\"og:site_name\" content=\"Wilbra\" \/>\n<meta property=\"article:modified_time\" content=\"2023-11-23T14:46:23+00:00\" \/>\n<meta property=\"og:image\" content=\"https:\/\/wilbra.it\/wp-content\/uploads\/2022\/09\/perla-crema-bianca-coprente-per-pelli.jpg\" \/>\n\t<meta property=\"og:image:width\" content=\"800\" \/>\n\t<meta property=\"og:image:height\" content=\"800\" \/>\n\t<meta property=\"og:image:type\" content=\"image\/jpeg\" \/>\n<meta name=\"twitter:card\" content=\"summary_large_image\" \/>\n<script type=\"application\/ld+json\" class=\"yoast-schema-graph\">{\"@context\":\"https:\/\/schema.org\",\"@graph\":[{\"@type\":\"WebPage\",\"@id\":\"https:\/\/wilbra.it\/es\/producto\/uno-bianco-crema-cubredora-blanca-para-piel-lisa-y-nubuck\/\",\"url\":\"https:\/\/wilbra.it\/es\/producto\/uno-bianco-crema-cubredora-blanca-para-piel-lisa-y-nubuck\/\",\"name\":\"Crema Cubriente UnoBianco - Wilbra\",\"isPartOf\":{\"@id\":\"https:\/\/wilbra.it\/#website\"},\"primaryImageOfPage\":{\"@id\":\"https:\/\/wilbra.it\/es\/producto\/uno-bianco-crema-cubredora-blanca-para-piel-lisa-y-nubuck\/#primaryimage\"},\"image\":{\"@id\":\"https:\/\/wilbra.it\/es\/producto\/uno-bianco-crema-cubredora-blanca-para-piel-lisa-y-nubuck\/#primaryimage\"},\"thumbnailUrl\":\"https:\/\/wilbra.it\/wp-content\/uploads\/2022\/09\/perla-crema-bianca-coprente-per-pelli.jpg\",\"datePublished\":\"2022-05-18T14:53:09+00:00\",\"dateModified\":\"2023-11-23T14:46:23+00:00\",\"description\":\"Crema blanca opaca para reavivar el color blanco en zapatos, zapatillas, botas, sof\u00e1s, asientos, bolsos y prendas de vestir en piel lisa y ante.\",\"breadcrumb\":{\"@id\":\"https:\/\/wilbra.it\/es\/producto\/uno-bianco-crema-cubredora-blanca-para-piel-lisa-y-nubuck\/#breadcrumb\"},\"inLanguage\":\"es\",\"potentialAction\":[{\"@type\":\"ReadAction\",\"target\":[\"https:\/\/wilbra.it\/es\/producto\/uno-bianco-crema-cubredora-blanca-para-piel-lisa-y-nubuck\/\"]}]},{\"@type\":\"ImageObject\",\"inLanguage\":\"es\",\"@id\":\"https:\/\/wilbra.it\/es\/producto\/uno-bianco-crema-cubredora-blanca-para-piel-lisa-y-nubuck\/#primaryimage\",\"url\":\"https:\/\/wilbra.it\/wp-content\/uploads\/2022\/09\/perla-crema-bianca-coprente-per-pelli.jpg\",\"contentUrl\":\"https:\/\/wilbra.it\/wp-content\/uploads\/2022\/09\/perla-crema-bianca-coprente-per-pelli.jpg\",\"width\":800,\"height\":800,\"caption\":\"Crema cubriente blanca para objetos de cuero\"},{\"@type\":\"BreadcrumbList\",\"@id\":\"https:\/\/wilbra.it\/es\/producto\/uno-bianco-crema-cubredora-blanca-para-piel-lisa-y-nubuck\/#breadcrumb\",\"itemListElement\":[{\"@type\":\"ListItem\",\"position\":1,\"name\":\"Cat\u00e1logo de productos\",\"item\":\"https:\/\/wilbra.it\/es\/catalogo\/\"},{\"@type\":\"ListItem\",\"position\":2,\"name\":\"UnoBianco Crema\"}]},{\"@type\":\"WebSite\",\"@id\":\"https:\/\/wilbra.it\/#website\",\"url\":\"https:\/\/wilbra.it\/\",\"name\":\"Wilbra\",\"description\":\"Prodotti per la cura di pelli e tessuti\",\"potentialAction\":[{\"@type\":\"SearchAction\",\"target\":{\"@type\":\"EntryPoint\",\"urlTemplate\":\"https:\/\/wilbra.it\/?s={search_term_string}\"},\"query-input\":{\"@type\":\"PropertyValueSpecification\",\"valueRequired\":true,\"valueName\":\"search_term_string\"}}],\"inLanguage\":\"es\"}]}<\/script>\n<!-- \/ Yoast SEO plugin. -->","yoast_head_json":{"title":"Crema Cubriente UnoBianco - Wilbra","description":"Crema blanca opaca para reavivar el color blanco en zapatos, zapatillas, botas, sof\u00e1s, asientos, bolsos y prendas de vestir en piel lisa y ante.","robots":{"index":"index","follow":"follow","max-snippet":"max-snippet:-1","max-image-preview":"max-image-preview:large","max-video-preview":"max-video-preview:-1"},"canonical":"https:\/\/wilbra.it\/es\/producto\/uno-bianco-crema-cubredora-blanca-para-piel-lisa-y-nubuck\/","og_locale":"es_ES","og_type":"article","og_title":"Crema Cubriente UnoBianco - Wilbra","og_description":"Crema blanca opaca para reavivar el color blanco en zapatos, zapatillas, botas, sof\u00e1s, asientos, bolsos y prendas de vestir en piel lisa y ante.","og_url":"https:\/\/wilbra.it\/es\/producto\/uno-bianco-crema-cubredora-blanca-para-piel-lisa-y-nubuck\/","og_site_name":"Wilbra","article_modified_time":"2023-11-23T14:46:23+00:00","og_image":[{"width":800,"height":800,"url":"https:\/\/wilbra.it\/wp-content\/uploads\/2022\/09\/perla-crema-bianca-coprente-per-pelli.jpg","type":"image\/jpeg"}],"twitter_card":"summary_large_image","schema":{"@context":"https:\/\/schema.org","@graph":[{"@type":"WebPage","@id":"https:\/\/wilbra.it\/es\/producto\/uno-bianco-crema-cubredora-blanca-para-piel-lisa-y-nubuck\/","url":"https:\/\/wilbra.it\/es\/producto\/uno-bianco-crema-cubredora-blanca-para-piel-lisa-y-nubuck\/","name":"Crema Cubriente UnoBianco - Wilbra","isPartOf":{"@id":"https:\/\/wilbra.it\/#website"},"primaryImageOfPage":{"@id":"https:\/\/wilbra.it\/es\/producto\/uno-bianco-crema-cubredora-blanca-para-piel-lisa-y-nubuck\/#primaryimage"},"image":{"@id":"https:\/\/wilbra.it\/es\/producto\/uno-bianco-crema-cubredora-blanca-para-piel-lisa-y-nubuck\/#primaryimage"},"thumbnailUrl":"https:\/\/wilbra.it\/wp-content\/uploads\/2022\/09\/perla-crema-bianca-coprente-per-pelli.jpg","datePublished":"2022-05-18T14:53:09+00:00","dateModified":"2023-11-23T14:46:23+00:00","description":"Crema blanca opaca para reavivar el color blanco en zapatos, zapatillas, botas, sof\u00e1s, asientos, bolsos y prendas de vestir en piel lisa y ante.","breadcrumb":{"@id":"https:\/\/wilbra.it\/es\/producto\/uno-bianco-crema-cubredora-blanca-para-piel-lisa-y-nubuck\/#breadcrumb"},"inLanguage":"es","potentialAction":[{"@type":"ReadAction","target":["https:\/\/wilbra.it\/es\/producto\/uno-bianco-crema-cubredora-blanca-para-piel-lisa-y-nubuck\/"]}]},{"@type":"ImageObject","inLanguage":"es","@id":"https:\/\/wilbra.it\/es\/producto\/uno-bianco-crema-cubredora-blanca-para-piel-lisa-y-nubuck\/#primaryimage","url":"https:\/\/wilbra.it\/wp-content\/uploads\/2022\/09\/perla-crema-bianca-coprente-per-pelli.jpg","contentUrl":"https:\/\/wilbra.it\/wp-content\/uploads\/2022\/09\/perla-crema-bianca-coprente-per-pelli.jpg","width":800,"height":800,"caption":"Crema cubriente blanca para objetos de cuero"},{"@type":"BreadcrumbList","@id":"https:\/\/wilbra.it\/es\/producto\/uno-bianco-crema-cubredora-blanca-para-piel-lisa-y-nubuck\/#breadcrumb","itemListElement":[{"@type":"ListItem","position":1,"name":"Cat\u00e1logo de productos","item":"https:\/\/wilbra.it\/es\/catalogo\/"},{"@type":"ListItem","position":2,"name":"UnoBianco Crema"}]},{"@type":"WebSite","@id":"https:\/\/wilbra.it\/#website","url":"https:\/\/wilbra.it\/","name":"Wilbra","description":"Prodotti per la cura di pelli e tessuti","potentialAction":[{"@type":"SearchAction","target":{"@type":"EntryPoint","urlTemplate":"https:\/\/wilbra.it\/?s={search_term_string}"},"query-input":{"@type":"PropertyValueSpecification","valueRequired":true,"valueName":"search_term_string"}}],"inLanguage":"es"}]}},"_links":{"self":[{"href":"https:\/\/wilbra.it\/es\/wp-json\/wp\/v2\/product\/15682","targetHints":{"allow":["GET"]}}],"collection":[{"href":"https:\/\/wilbra.it\/es\/wp-json\/wp\/v2\/product"}],"about":[{"href":"https:\/\/wilbra.it\/es\/wp-json\/wp\/v2\/types\/product"}],"replies":[{"embeddable":true,"href":"https:\/\/wilbra.it\/es\/wp-json\/wp\/v2\/comments?post=15682"}],"wp:featuredmedia":[{"embeddable":true,"href":"https:\/\/wilbra.it\/es\/wp-json\/wp\/v2\/media\/14304"}],"wp:attachment":[{"href":"https:\/\/wilbra.it\/es\/wp-json\/wp\/v2\/media?parent=15682"}],"wp:term":[{"taxonomy":"product_brand","embeddable":true,"href":"https:\/\/wilbra.it\/es\/wp-json\/wp\/v2\/product_brand?post=15682"},{"taxonomy":"product_cat","embeddable":true,"href":"https:\/\/wilbra.it\/es\/wp-json\/wp\/v2\/product_cat?post=15682"},{"taxonomy":"product_tag","embeddable":true,"href":"https:\/\/wilbra.it\/es\/wp-json\/wp\/v2\/product_tag?post=15682"}],"curies":[{"name":"wp","href":"https:\/\/api.w.org\/{rel}","templated":true}]}}