{"id":15554,"date":"2022-05-18T17:02:18","date_gmt":"2022-05-18T15:02:18","guid":{"rendered":"https:\/\/wilbra.it\/?post_type=product&#038;p=15554"},"modified":"2024-05-17T10:14:58","modified_gmt":"2024-05-17T08:14:58","slug":"poker-spray-para-cuero","status":"publish","type":"product","link":"https:\/\/wilbra.it\/es\/producto\/poker-spray-para-cuero\/","title":{"rendered":"Poker Spray"},"content":{"rendered":"","protected":false},"excerpt":{"rendered":"<p>Poker spray es una pintura especial ideal para cualquier material como cuero, corcho, madera, pl\u00e1stico, metales y aluminio. Excelente para renovar ropa y art\u00edculos de cuero de manera uniforme y perfecta. Es una pintura nitrocubriente, espec\u00edfica para colorear y renovar la piel y prendas y complementos de piel.<\/p>\n","protected":false},"featured_media":17160,"comment_status":"closed","ping_status":"closed","template":"","meta":[],"product_brand":[],"product_cat":[558,559,560],"product_tag":[567,684],"class_list":{"0":"post-15554","1":"product","2":"type-product","3":"status-publish","4":"has-post-thumbnail","6":"product_cat-artesanos","7":"product_cat-casa","8":"product_cat-industria-es","9":"product_tag-abrillantadores","10":"product_tag-pinturas-y-tintes","12":"first","13":"instock","14":"sold-individually","15":"taxable","16":"shipping-taxable","17":"purchasable","18":"product-type-variable","19":"has-default-attributes"},"yoast_head":"<!-- This site is optimized with the Yoast SEO plugin v25.8 - https:\/\/yoast.com\/wordpress\/plugins\/seo\/ -->\n<title>Pintura Nitro en Spray Poker para Cuero, Madera, Pl\u00e1stico y Metales - Wilbra<\/title>\n<meta name=\"description\" content=\"Moderna y delicada pintura en spray Poker, ideal para cualquier material como cuero, corcho, madera, pl\u00e1stico, metales y aluminio.\" \/>\n<meta name=\"robots\" content=\"index, follow, max-snippet:-1, max-image-preview:large, max-video-preview:-1\" \/>\n<link rel=\"canonical\" href=\"https:\/\/wilbra.it\/es\/producto\/poker-spray-para-cuero\/\" \/>\n<meta property=\"og:locale\" content=\"es_ES\" \/>\n<meta property=\"og:type\" content=\"article\" \/>\n<meta property=\"og:title\" content=\"Pintura Nitro en Spray Poker para Cuero, Madera, Pl\u00e1stico y Metales - Wilbra\" \/>\n<meta property=\"og:description\" content=\"Moderna y delicada pintura en spray Poker, ideal para cualquier material como cuero, corcho, madera, pl\u00e1stico, metales y aluminio.\" \/>\n<meta property=\"og:url\" content=\"https:\/\/wilbra.it\/es\/producto\/poker-spray-para-cuero\/\" \/>\n<meta property=\"og:site_name\" content=\"Wilbra\" \/>\n<meta property=\"article:modified_time\" content=\"2024-05-17T08:14:58+00:00\" \/>\n<meta property=\"og:image\" content=\"https:\/\/wilbra.it\/wp-content\/uploads\/2024\/05\/poker-vernice-spray-alla-nitro.png\" \/>\n\t<meta property=\"og:image:width\" content=\"700\" \/>\n\t<meta property=\"og:image:height\" content=\"700\" \/>\n\t<meta property=\"og:image:type\" content=\"image\/png\" \/>\n<meta name=\"twitter:card\" content=\"summary_large_image\" \/>\n<script type=\"application\/ld+json\" class=\"yoast-schema-graph\">{\"@context\":\"https:\/\/schema.org\",\"@graph\":[{\"@type\":\"WebPage\",\"@id\":\"https:\/\/wilbra.it\/es\/producto\/poker-spray-para-cuero\/\",\"url\":\"https:\/\/wilbra.it\/es\/producto\/poker-spray-para-cuero\/\",\"name\":\"Pintura Nitro en Spray Poker para Cuero, Madera, Pl\u00e1stico y Metales - Wilbra\",\"isPartOf\":{\"@id\":\"https:\/\/wilbra.it\/#website\"},\"primaryImageOfPage\":{\"@id\":\"https:\/\/wilbra.it\/es\/producto\/poker-spray-para-cuero\/#primaryimage\"},\"image\":{\"@id\":\"https:\/\/wilbra.it\/es\/producto\/poker-spray-para-cuero\/#primaryimage\"},\"thumbnailUrl\":\"https:\/\/wilbra.it\/wp-content\/uploads\/2024\/05\/poker-vernice-spray-alla-nitro.png\",\"datePublished\":\"2022-05-18T15:02:18+00:00\",\"dateModified\":\"2024-05-17T08:14:58+00:00\",\"description\":\"Moderna y delicada pintura en spray Poker, ideal para cualquier material como cuero, corcho, madera, pl\u00e1stico, metales y aluminio.\",\"breadcrumb\":{\"@id\":\"https:\/\/wilbra.it\/es\/producto\/poker-spray-para-cuero\/#breadcrumb\"},\"inLanguage\":\"es\",\"potentialAction\":[{\"@type\":\"ReadAction\",\"target\":[\"https:\/\/wilbra.it\/es\/producto\/poker-spray-para-cuero\/\"]}]},{\"@type\":\"ImageObject\",\"inLanguage\":\"es\",\"@id\":\"https:\/\/wilbra.it\/es\/producto\/poker-spray-para-cuero\/#primaryimage\",\"url\":\"https:\/\/wilbra.it\/wp-content\/uploads\/2024\/05\/poker-vernice-spray-alla-nitro.png\",\"contentUrl\":\"https:\/\/wilbra.it\/wp-content\/uploads\/2024\/05\/poker-vernice-spray-alla-nitro.png\",\"width\":700,\"height\":700,\"caption\":\"Pinturas y tintes nitro en spray para pieles, cueros, maderas, pl\u00e1sticos y metales\"},{\"@type\":\"BreadcrumbList\",\"@id\":\"https:\/\/wilbra.it\/es\/producto\/poker-spray-para-cuero\/#breadcrumb\",\"itemListElement\":[{\"@type\":\"ListItem\",\"position\":1,\"name\":\"Cat\u00e1logo de productos\",\"item\":\"https:\/\/wilbra.it\/es\/catalogo\/\"},{\"@type\":\"ListItem\",\"position\":2,\"name\":\"Poker Spray\"}]},{\"@type\":\"WebSite\",\"@id\":\"https:\/\/wilbra.it\/#website\",\"url\":\"https:\/\/wilbra.it\/\",\"name\":\"Wilbra\",\"description\":\"Prodotti per la cura di pelli e tessuti\",\"potentialAction\":[{\"@type\":\"SearchAction\",\"target\":{\"@type\":\"EntryPoint\",\"urlTemplate\":\"https:\/\/wilbra.it\/?s={search_term_string}\"},\"query-input\":{\"@type\":\"PropertyValueSpecification\",\"valueRequired\":true,\"valueName\":\"search_term_string\"}}],\"inLanguage\":\"es\"}]}<\/script>\n<!-- \/ Yoast SEO plugin. -->","yoast_head_json":{"title":"Pintura Nitro en Spray Poker para Cuero, Madera, Pl\u00e1stico y Metales - Wilbra","description":"Moderna y delicada pintura en spray Poker, ideal para cualquier material como cuero, corcho, madera, pl\u00e1stico, metales y aluminio.","robots":{"index":"index","follow":"follow","max-snippet":"max-snippet:-1","max-image-preview":"max-image-preview:large","max-video-preview":"max-video-preview:-1"},"canonical":"https:\/\/wilbra.it\/es\/producto\/poker-spray-para-cuero\/","og_locale":"es_ES","og_type":"article","og_title":"Pintura Nitro en Spray Poker para Cuero, Madera, Pl\u00e1stico y Metales - Wilbra","og_description":"Moderna y delicada pintura en spray Poker, ideal para cualquier material como cuero, corcho, madera, pl\u00e1stico, metales y aluminio.","og_url":"https:\/\/wilbra.it\/es\/producto\/poker-spray-para-cuero\/","og_site_name":"Wilbra","article_modified_time":"2024-05-17T08:14:58+00:00","og_image":[{"width":700,"height":700,"url":"https:\/\/wilbra.it\/wp-content\/uploads\/2024\/05\/poker-vernice-spray-alla-nitro.png","type":"image\/png"}],"twitter_card":"summary_large_image","schema":{"@context":"https:\/\/schema.org","@graph":[{"@type":"WebPage","@id":"https:\/\/wilbra.it\/es\/producto\/poker-spray-para-cuero\/","url":"https:\/\/wilbra.it\/es\/producto\/poker-spray-para-cuero\/","name":"Pintura Nitro en Spray Poker para Cuero, Madera, Pl\u00e1stico y Metales - Wilbra","isPartOf":{"@id":"https:\/\/wilbra.it\/#website"},"primaryImageOfPage":{"@id":"https:\/\/wilbra.it\/es\/producto\/poker-spray-para-cuero\/#primaryimage"},"image":{"@id":"https:\/\/wilbra.it\/es\/producto\/poker-spray-para-cuero\/#primaryimage"},"thumbnailUrl":"https:\/\/wilbra.it\/wp-content\/uploads\/2024\/05\/poker-vernice-spray-alla-nitro.png","datePublished":"2022-05-18T15:02:18+00:00","dateModified":"2024-05-17T08:14:58+00:00","description":"Moderna y delicada pintura en spray Poker, ideal para cualquier material como cuero, corcho, madera, pl\u00e1stico, metales y aluminio.","breadcrumb":{"@id":"https:\/\/wilbra.it\/es\/producto\/poker-spray-para-cuero\/#breadcrumb"},"inLanguage":"es","potentialAction":[{"@type":"ReadAction","target":["https:\/\/wilbra.it\/es\/producto\/poker-spray-para-cuero\/"]}]},{"@type":"ImageObject","inLanguage":"es","@id":"https:\/\/wilbra.it\/es\/producto\/poker-spray-para-cuero\/#primaryimage","url":"https:\/\/wilbra.it\/wp-content\/uploads\/2024\/05\/poker-vernice-spray-alla-nitro.png","contentUrl":"https:\/\/wilbra.it\/wp-content\/uploads\/2024\/05\/poker-vernice-spray-alla-nitro.png","width":700,"height":700,"caption":"Pinturas y tintes nitro en spray para pieles, cueros, maderas, pl\u00e1sticos y metales"},{"@type":"BreadcrumbList","@id":"https:\/\/wilbra.it\/es\/producto\/poker-spray-para-cuero\/#breadcrumb","itemListElement":[{"@type":"ListItem","position":1,"name":"Cat\u00e1logo de productos","item":"https:\/\/wilbra.it\/es\/catalogo\/"},{"@type":"ListItem","position":2,"name":"Poker Spray"}]},{"@type":"WebSite","@id":"https:\/\/wilbra.it\/#website","url":"https:\/\/wilbra.it\/","name":"Wilbra","description":"Prodotti per la cura di pelli e tessuti","potentialAction":[{"@type":"SearchAction","target":{"@type":"EntryPoint","urlTemplate":"https:\/\/wilbra.it\/?s={search_term_string}"},"query-input":{"@type":"PropertyValueSpecification","valueRequired":true,"valueName":"search_term_string"}}],"inLanguage":"es"}]}},"_links":{"self":[{"href":"https:\/\/wilbra.it\/es\/wp-json\/wp\/v2\/product\/15554","targetHints":{"allow":["GET"]}}],"collection":[{"href":"https:\/\/wilbra.it\/es\/wp-json\/wp\/v2\/product"}],"about":[{"href":"https:\/\/wilbra.it\/es\/wp-json\/wp\/v2\/types\/product"}],"replies":[{"embeddable":true,"href":"https:\/\/wilbra.it\/es\/wp-json\/wp\/v2\/comments?post=15554"}],"wp:featuredmedia":[{"embeddable":true,"href":"https:\/\/wilbra.it\/es\/wp-json\/wp\/v2\/media\/17160"}],"wp:attachment":[{"href":"https:\/\/wilbra.it\/es\/wp-json\/wp\/v2\/media?parent=15554"}],"wp:term":[{"taxonomy":"product_brand","embeddable":true,"href":"https:\/\/wilbra.it\/es\/wp-json\/wp\/v2\/product_brand?post=15554"},{"taxonomy":"product_cat","embeddable":true,"href":"https:\/\/wilbra.it\/es\/wp-json\/wp\/v2\/product_cat?post=15554"},{"taxonomy":"product_tag","embeddable":true,"href":"https:\/\/wilbra.it\/es\/wp-json\/wp\/v2\/product_tag?post=15554"}],"curies":[{"name":"wp","href":"https:\/\/api.w.org\/{rel}","templated":true}]}}