{"id":15462,"date":"2022-05-18T17:11:59","date_gmt":"2022-05-18T15:11:59","guid":{"rendered":"https:\/\/wilbra.it\/prodotto\/pre-attac-aggrappante-a-freddo\/"},"modified":"2023-11-17T16:15:45","modified_gmt":"2023-11-17T15:15:45","slug":"pre-attac-solucion-de-poliuretano","status":"publish","type":"product","link":"https:\/\/wilbra.it\/es\/producto\/pre-attac-solucion-de-poliuretano\/","title":{"rendered":"Pre-Attac"},"content":{"rendered":"","protected":false},"excerpt":{"rendered":"<p>Pre-Attac es una soluci\u00f3n de poliuretano especial para aplicar sobre soportes sint\u00e9ticos para poder laminar en fr\u00edo y con adhesivos de neopreno.<br \/>\nNecesario donde no se dispone de horno para reactivar adhesivos de poliuretano.<\/p>\n","protected":false},"featured_media":14244,"comment_status":"closed","ping_status":"closed","template":"","meta":[],"product_brand":[],"product_cat":[558,560],"product_tag":[563,564],"class_list":{"0":"post-15462","1":"product","2":"type-product","3":"status-publish","4":"has-post-thumbnail","6":"product_cat-artesanos","7":"product_cat-industria-es","8":"product_tag-adhesivos-y-colas","9":"product_tag-ceras-auxiliares","11":"first","12":"instock","13":"sold-individually","14":"taxable","15":"shipping-taxable","16":"purchasable","17":"product-type-variable","18":"has-default-attributes"},"yoast_head":"<!-- This site is optimized with the Yoast SEO plugin v25.8 - https:\/\/yoast.com\/wordpress\/plugins\/seo\/ -->\n<title>Pre-Attac - Wilbra<\/title>\n<meta name=\"description\" content=\"Soluci\u00f3n de poliuretano especial para aplicar sobre soportes sint\u00e9ticos para poder laminar en fr\u00edo y con adhesivos de neopreno.\" \/>\n<meta name=\"robots\" content=\"index, follow, max-snippet:-1, max-image-preview:large, max-video-preview:-1\" \/>\n<link rel=\"canonical\" href=\"https:\/\/wilbra.it\/es\/prodotto\/pre-attac-solucion-de-poliuretano\/\" \/>\n<meta property=\"og:locale\" content=\"es_ES\" \/>\n<meta property=\"og:type\" content=\"article\" \/>\n<meta property=\"og:title\" content=\"Pre-Attac - Wilbra\" \/>\n<meta property=\"og:description\" content=\"Soluci\u00f3n de poliuretano especial para aplicar sobre soportes sint\u00e9ticos para poder laminar en fr\u00edo y con adhesivos de neopreno.\" \/>\n<meta property=\"og:url\" content=\"https:\/\/wilbra.it\/es\/prodotto\/pre-attac-solucion-de-poliuretano\/\" \/>\n<meta property=\"og:site_name\" content=\"Wilbra\" \/>\n<meta property=\"article:modified_time\" content=\"2023-11-17T15:15:45+00:00\" \/>\n<meta property=\"og:image\" content=\"https:\/\/wilbra.it\/wp-content\/uploads\/2022\/05\/pre-attac.png\" \/>\n\t<meta property=\"og:image:width\" content=\"512\" \/>\n\t<meta property=\"og:image:height\" content=\"512\" \/>\n\t<meta property=\"og:image:type\" content=\"image\/png\" \/>\n<meta name=\"twitter:card\" content=\"summary_large_image\" \/>\n<script type=\"application\/ld+json\" class=\"yoast-schema-graph\">{\"@context\":\"https:\/\/schema.org\",\"@graph\":[{\"@type\":\"WebPage\",\"@id\":\"https:\/\/wilbra.it\/es\/prodotto\/pre-attac-solucion-de-poliuretano\/\",\"url\":\"https:\/\/wilbra.it\/es\/prodotto\/pre-attac-solucion-de-poliuretano\/\",\"name\":\"Pre-Attac - Wilbra\",\"isPartOf\":{\"@id\":\"https:\/\/wilbra.it\/#website\"},\"primaryImageOfPage\":{\"@id\":\"https:\/\/wilbra.it\/es\/prodotto\/pre-attac-solucion-de-poliuretano\/#primaryimage\"},\"image\":{\"@id\":\"https:\/\/wilbra.it\/es\/prodotto\/pre-attac-solucion-de-poliuretano\/#primaryimage\"},\"thumbnailUrl\":\"https:\/\/wilbra.it\/wp-content\/uploads\/2022\/05\/pre-attac.png\",\"datePublished\":\"2022-05-18T15:11:59+00:00\",\"dateModified\":\"2023-11-17T15:15:45+00:00\",\"description\":\"Soluci\u00f3n de poliuretano especial para aplicar sobre soportes sint\u00e9ticos para poder laminar en fr\u00edo y con adhesivos de neopreno.\",\"breadcrumb\":{\"@id\":\"https:\/\/wilbra.it\/es\/prodotto\/pre-attac-solucion-de-poliuretano\/#breadcrumb\"},\"inLanguage\":\"es\",\"potentialAction\":[{\"@type\":\"ReadAction\",\"target\":[\"https:\/\/wilbra.it\/es\/prodotto\/pre-attac-solucion-de-poliuretano\/\"]}]},{\"@type\":\"ImageObject\",\"inLanguage\":\"es\",\"@id\":\"https:\/\/wilbra.it\/es\/prodotto\/pre-attac-solucion-de-poliuretano\/#primaryimage\",\"url\":\"https:\/\/wilbra.it\/wp-content\/uploads\/2022\/05\/pre-attac.png\",\"contentUrl\":\"https:\/\/wilbra.it\/wp-content\/uploads\/2022\/05\/pre-attac.png\",\"width\":512,\"height\":512,\"caption\":\"Soluci\u00f3n de poliuretano pre-Attac\"},{\"@type\":\"BreadcrumbList\",\"@id\":\"https:\/\/wilbra.it\/es\/prodotto\/pre-attac-solucion-de-poliuretano\/#breadcrumb\",\"itemListElement\":[{\"@type\":\"ListItem\",\"position\":1,\"name\":\"Cat\u00e1logo de productos\",\"item\":\"https:\/\/wilbra.it\/es\/catalogo\/\"},{\"@type\":\"ListItem\",\"position\":2,\"name\":\"Pre-Attac\"}]},{\"@type\":\"WebSite\",\"@id\":\"https:\/\/wilbra.it\/#website\",\"url\":\"https:\/\/wilbra.it\/\",\"name\":\"Wilbra\",\"description\":\"Prodotti per la cura di pelli e tessuti\",\"potentialAction\":[{\"@type\":\"SearchAction\",\"target\":{\"@type\":\"EntryPoint\",\"urlTemplate\":\"https:\/\/wilbra.it\/?s={search_term_string}\"},\"query-input\":{\"@type\":\"PropertyValueSpecification\",\"valueRequired\":true,\"valueName\":\"search_term_string\"}}],\"inLanguage\":\"es\"}]}<\/script>\n<!-- \/ Yoast SEO plugin. -->","yoast_head_json":{"title":"Pre-Attac - Wilbra","description":"Soluci\u00f3n de poliuretano especial para aplicar sobre soportes sint\u00e9ticos para poder laminar en fr\u00edo y con adhesivos de neopreno.","robots":{"index":"index","follow":"follow","max-snippet":"max-snippet:-1","max-image-preview":"max-image-preview:large","max-video-preview":"max-video-preview:-1"},"canonical":"https:\/\/wilbra.it\/es\/prodotto\/pre-attac-solucion-de-poliuretano\/","og_locale":"es_ES","og_type":"article","og_title":"Pre-Attac - Wilbra","og_description":"Soluci\u00f3n de poliuretano especial para aplicar sobre soportes sint\u00e9ticos para poder laminar en fr\u00edo y con adhesivos de neopreno.","og_url":"https:\/\/wilbra.it\/es\/prodotto\/pre-attac-solucion-de-poliuretano\/","og_site_name":"Wilbra","article_modified_time":"2023-11-17T15:15:45+00:00","og_image":[{"width":512,"height":512,"url":"https:\/\/wilbra.it\/wp-content\/uploads\/2022\/05\/pre-attac.png","type":"image\/png"}],"twitter_card":"summary_large_image","schema":{"@context":"https:\/\/schema.org","@graph":[{"@type":"WebPage","@id":"https:\/\/wilbra.it\/es\/prodotto\/pre-attac-solucion-de-poliuretano\/","url":"https:\/\/wilbra.it\/es\/prodotto\/pre-attac-solucion-de-poliuretano\/","name":"Pre-Attac - Wilbra","isPartOf":{"@id":"https:\/\/wilbra.it\/#website"},"primaryImageOfPage":{"@id":"https:\/\/wilbra.it\/es\/prodotto\/pre-attac-solucion-de-poliuretano\/#primaryimage"},"image":{"@id":"https:\/\/wilbra.it\/es\/prodotto\/pre-attac-solucion-de-poliuretano\/#primaryimage"},"thumbnailUrl":"https:\/\/wilbra.it\/wp-content\/uploads\/2022\/05\/pre-attac.png","datePublished":"2022-05-18T15:11:59+00:00","dateModified":"2023-11-17T15:15:45+00:00","description":"Soluci\u00f3n de poliuretano especial para aplicar sobre soportes sint\u00e9ticos para poder laminar en fr\u00edo y con adhesivos de neopreno.","breadcrumb":{"@id":"https:\/\/wilbra.it\/es\/prodotto\/pre-attac-solucion-de-poliuretano\/#breadcrumb"},"inLanguage":"es","potentialAction":[{"@type":"ReadAction","target":["https:\/\/wilbra.it\/es\/prodotto\/pre-attac-solucion-de-poliuretano\/"]}]},{"@type":"ImageObject","inLanguage":"es","@id":"https:\/\/wilbra.it\/es\/prodotto\/pre-attac-solucion-de-poliuretano\/#primaryimage","url":"https:\/\/wilbra.it\/wp-content\/uploads\/2022\/05\/pre-attac.png","contentUrl":"https:\/\/wilbra.it\/wp-content\/uploads\/2022\/05\/pre-attac.png","width":512,"height":512,"caption":"Soluci\u00f3n de poliuretano pre-Attac"},{"@type":"BreadcrumbList","@id":"https:\/\/wilbra.it\/es\/prodotto\/pre-attac-solucion-de-poliuretano\/#breadcrumb","itemListElement":[{"@type":"ListItem","position":1,"name":"Cat\u00e1logo de productos","item":"https:\/\/wilbra.it\/es\/catalogo\/"},{"@type":"ListItem","position":2,"name":"Pre-Attac"}]},{"@type":"WebSite","@id":"https:\/\/wilbra.it\/#website","url":"https:\/\/wilbra.it\/","name":"Wilbra","description":"Prodotti per la cura di pelli e tessuti","potentialAction":[{"@type":"SearchAction","target":{"@type":"EntryPoint","urlTemplate":"https:\/\/wilbra.it\/?s={search_term_string}"},"query-input":{"@type":"PropertyValueSpecification","valueRequired":true,"valueName":"search_term_string"}}],"inLanguage":"es"}]}},"_links":{"self":[{"href":"https:\/\/wilbra.it\/es\/wp-json\/wp\/v2\/product\/15462","targetHints":{"allow":["GET"]}}],"collection":[{"href":"https:\/\/wilbra.it\/es\/wp-json\/wp\/v2\/product"}],"about":[{"href":"https:\/\/wilbra.it\/es\/wp-json\/wp\/v2\/types\/product"}],"replies":[{"embeddable":true,"href":"https:\/\/wilbra.it\/es\/wp-json\/wp\/v2\/comments?post=15462"}],"wp:featuredmedia":[{"embeddable":true,"href":"https:\/\/wilbra.it\/es\/wp-json\/wp\/v2\/media\/14244"}],"wp:attachment":[{"href":"https:\/\/wilbra.it\/es\/wp-json\/wp\/v2\/media?parent=15462"}],"wp:term":[{"taxonomy":"product_brand","embeddable":true,"href":"https:\/\/wilbra.it\/es\/wp-json\/wp\/v2\/product_brand?post=15462"},{"taxonomy":"product_cat","embeddable":true,"href":"https:\/\/wilbra.it\/es\/wp-json\/wp\/v2\/product_cat?post=15462"},{"taxonomy":"product_tag","embeddable":true,"href":"https:\/\/wilbra.it\/es\/wp-json\/wp\/v2\/product_tag?post=15462"}],"curies":[{"name":"wp","href":"https:\/\/api.w.org\/{rel}","templated":true}]}}