{"id":15459,"date":"2022-05-18T17:20:05","date_gmt":"2022-05-18T15:20:05","guid":{"rendered":"https:\/\/wilbra.it\/prodotto\/pulitore-a-secco-pelli-scamosciate\/"},"modified":"2023-11-17T16:11:19","modified_gmt":"2023-11-17T15:11:19","slug":"tintorero-para-ante","status":"publish","type":"product","link":"https:\/\/wilbra.it\/es\/producto\/tintorero-para-ante\/","title":{"rendered":"Tintorero"},"content":{"rendered":"","protected":false},"excerpt":{"rendered":"<p>Nuestro tintorero es un pr\u00e1ctico bloque de goma abrasiva, espec\u00edfico para eliminar en profundidad las manchas de todos los art\u00edculos de ante y similares.<\/p>\n<p>Paquete de caja expositora de 24 piezas.<\/p>\n","protected":false},"featured_media":14245,"comment_status":"closed","ping_status":"closed","template":"","meta":[],"product_brand":[],"product_cat":[558,559,560],"product_tag":[570],"class_list":{"0":"post-15459","1":"product","2":"type-product","3":"status-publish","4":"has-post-thumbnail","6":"product_cat-artesanos","7":"product_cat-casa","8":"product_cat-industria-es","9":"product_tag-limpiadores-y-quitamanchas","11":"first","12":"instock","13":"sold-individually","14":"taxable","15":"shipping-taxable","16":"product-type-simple"},"yoast_head":"<!-- This site is optimized with the Yoast SEO plugin v25.8 - https:\/\/yoast.com\/wordpress\/plugins\/seo\/ -->\n<title>Tintorero - Wilbra<\/title>\n<meta name=\"description\" content=\"Un pr\u00e1ctico bloque de goma abrasiva, espec\u00edfico para eliminar en profundidad las manchas de todos los art\u00edculos de ante y similares.\" \/>\n<meta name=\"robots\" content=\"index, follow, max-snippet:-1, max-image-preview:large, max-video-preview:-1\" \/>\n<link rel=\"canonical\" href=\"https:\/\/wilbra.it\/es\/prodotto\/tintorero-para-ante\/\" \/>\n<meta property=\"og:locale\" content=\"es_ES\" \/>\n<meta property=\"og:type\" content=\"article\" \/>\n<meta property=\"og:title\" content=\"Tintorero - Wilbra\" \/>\n<meta property=\"og:description\" content=\"Un pr\u00e1ctico bloque de goma abrasiva, espec\u00edfico para eliminar en profundidad las manchas de todos los art\u00edculos de ante y similares.\" \/>\n<meta property=\"og:url\" content=\"https:\/\/wilbra.it\/es\/prodotto\/tintorero-para-ante\/\" \/>\n<meta property=\"og:site_name\" content=\"Wilbra\" \/>\n<meta property=\"article:modified_time\" content=\"2023-11-17T15:11:19+00:00\" \/>\n<meta property=\"og:image\" content=\"https:\/\/wilbra.it\/wp-content\/uploads\/2022\/05\/pulitore-a-secco.jpeg\" \/>\n\t<meta property=\"og:image:width\" content=\"600\" \/>\n\t<meta property=\"og:image:height\" content=\"600\" \/>\n\t<meta property=\"og:image:type\" content=\"image\/jpeg\" \/>\n<meta name=\"twitter:card\" content=\"summary_large_image\" \/>\n<script type=\"application\/ld+json\" class=\"yoast-schema-graph\">{\"@context\":\"https:\/\/schema.org\",\"@graph\":[{\"@type\":\"WebPage\",\"@id\":\"https:\/\/wilbra.it\/es\/prodotto\/tintorero-para-ante\/\",\"url\":\"https:\/\/wilbra.it\/es\/prodotto\/tintorero-para-ante\/\",\"name\":\"Tintorero - Wilbra\",\"isPartOf\":{\"@id\":\"https:\/\/wilbra.it\/#website\"},\"primaryImageOfPage\":{\"@id\":\"https:\/\/wilbra.it\/es\/prodotto\/tintorero-para-ante\/#primaryimage\"},\"image\":{\"@id\":\"https:\/\/wilbra.it\/es\/prodotto\/tintorero-para-ante\/#primaryimage\"},\"thumbnailUrl\":\"https:\/\/wilbra.it\/wp-content\/uploads\/2022\/05\/pulitore-a-secco.jpeg\",\"datePublished\":\"2022-05-18T15:20:05+00:00\",\"dateModified\":\"2023-11-17T15:11:19+00:00\",\"description\":\"Un pr\u00e1ctico bloque de goma abrasiva, espec\u00edfico para eliminar en profundidad las manchas de todos los art\u00edculos de ante y similares.\",\"breadcrumb\":{\"@id\":\"https:\/\/wilbra.it\/es\/prodotto\/tintorero-para-ante\/#breadcrumb\"},\"inLanguage\":\"es\",\"potentialAction\":[{\"@type\":\"ReadAction\",\"target\":[\"https:\/\/wilbra.it\/es\/prodotto\/tintorero-para-ante\/\"]}]},{\"@type\":\"ImageObject\",\"inLanguage\":\"es\",\"@id\":\"https:\/\/wilbra.it\/es\/prodotto\/tintorero-para-ante\/#primaryimage\",\"url\":\"https:\/\/wilbra.it\/wp-content\/uploads\/2022\/05\/pulitore-a-secco.jpeg\",\"contentUrl\":\"https:\/\/wilbra.it\/wp-content\/uploads\/2022\/05\/pulitore-a-secco.jpeg\",\"width\":600,\"height\":600,\"caption\":\"Limpiador en seco para ante\"},{\"@type\":\"BreadcrumbList\",\"@id\":\"https:\/\/wilbra.it\/es\/prodotto\/tintorero-para-ante\/#breadcrumb\",\"itemListElement\":[{\"@type\":\"ListItem\",\"position\":1,\"name\":\"Cat\u00e1logo de productos\",\"item\":\"https:\/\/wilbra.it\/es\/catalogo\/\"},{\"@type\":\"ListItem\",\"position\":2,\"name\":\"Tintorero\"}]},{\"@type\":\"WebSite\",\"@id\":\"https:\/\/wilbra.it\/#website\",\"url\":\"https:\/\/wilbra.it\/\",\"name\":\"Wilbra\",\"description\":\"Prodotti per la cura di pelli e tessuti\",\"potentialAction\":[{\"@type\":\"SearchAction\",\"target\":{\"@type\":\"EntryPoint\",\"urlTemplate\":\"https:\/\/wilbra.it\/?s={search_term_string}\"},\"query-input\":{\"@type\":\"PropertyValueSpecification\",\"valueRequired\":true,\"valueName\":\"search_term_string\"}}],\"inLanguage\":\"es\"}]}<\/script>\n<!-- \/ Yoast SEO plugin. -->","yoast_head_json":{"title":"Tintorero - Wilbra","description":"Un pr\u00e1ctico bloque de goma abrasiva, espec\u00edfico para eliminar en profundidad las manchas de todos los art\u00edculos de ante y similares.","robots":{"index":"index","follow":"follow","max-snippet":"max-snippet:-1","max-image-preview":"max-image-preview:large","max-video-preview":"max-video-preview:-1"},"canonical":"https:\/\/wilbra.it\/es\/prodotto\/tintorero-para-ante\/","og_locale":"es_ES","og_type":"article","og_title":"Tintorero - Wilbra","og_description":"Un pr\u00e1ctico bloque de goma abrasiva, espec\u00edfico para eliminar en profundidad las manchas de todos los art\u00edculos de ante y similares.","og_url":"https:\/\/wilbra.it\/es\/prodotto\/tintorero-para-ante\/","og_site_name":"Wilbra","article_modified_time":"2023-11-17T15:11:19+00:00","og_image":[{"width":600,"height":600,"url":"https:\/\/wilbra.it\/wp-content\/uploads\/2022\/05\/pulitore-a-secco.jpeg","type":"image\/jpeg"}],"twitter_card":"summary_large_image","schema":{"@context":"https:\/\/schema.org","@graph":[{"@type":"WebPage","@id":"https:\/\/wilbra.it\/es\/prodotto\/tintorero-para-ante\/","url":"https:\/\/wilbra.it\/es\/prodotto\/tintorero-para-ante\/","name":"Tintorero - Wilbra","isPartOf":{"@id":"https:\/\/wilbra.it\/#website"},"primaryImageOfPage":{"@id":"https:\/\/wilbra.it\/es\/prodotto\/tintorero-para-ante\/#primaryimage"},"image":{"@id":"https:\/\/wilbra.it\/es\/prodotto\/tintorero-para-ante\/#primaryimage"},"thumbnailUrl":"https:\/\/wilbra.it\/wp-content\/uploads\/2022\/05\/pulitore-a-secco.jpeg","datePublished":"2022-05-18T15:20:05+00:00","dateModified":"2023-11-17T15:11:19+00:00","description":"Un pr\u00e1ctico bloque de goma abrasiva, espec\u00edfico para eliminar en profundidad las manchas de todos los art\u00edculos de ante y similares.","breadcrumb":{"@id":"https:\/\/wilbra.it\/es\/prodotto\/tintorero-para-ante\/#breadcrumb"},"inLanguage":"es","potentialAction":[{"@type":"ReadAction","target":["https:\/\/wilbra.it\/es\/prodotto\/tintorero-para-ante\/"]}]},{"@type":"ImageObject","inLanguage":"es","@id":"https:\/\/wilbra.it\/es\/prodotto\/tintorero-para-ante\/#primaryimage","url":"https:\/\/wilbra.it\/wp-content\/uploads\/2022\/05\/pulitore-a-secco.jpeg","contentUrl":"https:\/\/wilbra.it\/wp-content\/uploads\/2022\/05\/pulitore-a-secco.jpeg","width":600,"height":600,"caption":"Limpiador en seco para ante"},{"@type":"BreadcrumbList","@id":"https:\/\/wilbra.it\/es\/prodotto\/tintorero-para-ante\/#breadcrumb","itemListElement":[{"@type":"ListItem","position":1,"name":"Cat\u00e1logo de productos","item":"https:\/\/wilbra.it\/es\/catalogo\/"},{"@type":"ListItem","position":2,"name":"Tintorero"}]},{"@type":"WebSite","@id":"https:\/\/wilbra.it\/#website","url":"https:\/\/wilbra.it\/","name":"Wilbra","description":"Prodotti per la cura di pelli e tessuti","potentialAction":[{"@type":"SearchAction","target":{"@type":"EntryPoint","urlTemplate":"https:\/\/wilbra.it\/?s={search_term_string}"},"query-input":{"@type":"PropertyValueSpecification","valueRequired":true,"valueName":"search_term_string"}}],"inLanguage":"es"}]}},"_links":{"self":[{"href":"https:\/\/wilbra.it\/es\/wp-json\/wp\/v2\/product\/15459","targetHints":{"allow":["GET"]}}],"collection":[{"href":"https:\/\/wilbra.it\/es\/wp-json\/wp\/v2\/product"}],"about":[{"href":"https:\/\/wilbra.it\/es\/wp-json\/wp\/v2\/types\/product"}],"replies":[{"embeddable":true,"href":"https:\/\/wilbra.it\/es\/wp-json\/wp\/v2\/comments?post=15459"}],"wp:featuredmedia":[{"embeddable":true,"href":"https:\/\/wilbra.it\/es\/wp-json\/wp\/v2\/media\/14245"}],"wp:attachment":[{"href":"https:\/\/wilbra.it\/es\/wp-json\/wp\/v2\/media?parent=15459"}],"wp:term":[{"taxonomy":"product_brand","embeddable":true,"href":"https:\/\/wilbra.it\/es\/wp-json\/wp\/v2\/product_brand?post=15459"},{"taxonomy":"product_cat","embeddable":true,"href":"https:\/\/wilbra.it\/es\/wp-json\/wp\/v2\/product_cat?post=15459"},{"taxonomy":"product_tag","embeddable":true,"href":"https:\/\/wilbra.it\/es\/wp-json\/wp\/v2\/product_tag?post=15459"}],"curies":[{"name":"wp","href":"https:\/\/api.w.org\/{rel}","templated":true}]}}