{"id":15445,"date":"2022-05-19T09:14:28","date_gmt":"2022-05-19T07:14:28","guid":{"rendered":"https:\/\/wilbra.it\/prodotto\/solette-ritagliabili-soft-foot\/"},"modified":"2023-11-17T15:06:53","modified_gmt":"2023-11-17T14:06:53","slug":"plantillas-cortables-soft-foot","status":"publish","type":"product","link":"https:\/\/wilbra.it\/es\/producto\/plantillas-cortables-soft-foot\/","title":{"rendered":"Plantillas cortables SOFT FOOT"},"content":{"rendered":"","protected":false},"excerpt":{"rendered":"<p>Las econ\u00f3micas plantillas cortables SOFT FOOT tienen un lado serigrafiado para cortar en varios tama\u00f1os y est\u00e1n envueltas en celof\u00e1n por par.<\/p>\n<p>Caracter\u00edsticas de las econ\u00f3micas plantillas recortables Soft Foot de Wilbra: Carb\u00f3n activado, Clorofila, Fieltro, Corcho, Esponja.<\/p>\n","protected":false},"featured_media":14248,"comment_status":"closed","ping_status":"closed","template":"","meta":[],"product_brand":[],"product_cat":[558,559],"product_tag":[562],"class_list":{"0":"post-15445","1":"product","2":"type-product","3":"status-publish","4":"has-post-thumbnail","6":"product_cat-artesanos","7":"product_cat-casa","8":"product_tag-accesorios-y-plantillas","10":"first","11":"instock","12":"sold-individually","13":"taxable","14":"shipping-taxable","15":"product-type-simple"},"yoast_head":"<!-- This site is optimized with the Yoast SEO plugin v25.8 - https:\/\/yoast.com\/wordpress\/plugins\/seo\/ -->\n<title>Plantillas cortables SOFT FOOT - Wilbra<\/title>\n<meta name=\"description\" content=\"Econ\u00f3micas plantillas cortables con un lado serigrafiado para cortar en varios tama\u00f1os envueltas en celof\u00e1n por par. Descubre los productos.\" \/>\n<meta name=\"robots\" content=\"index, follow, max-snippet:-1, max-image-preview:large, max-video-preview:-1\" \/>\n<link rel=\"canonical\" href=\"https:\/\/wilbra.it\/es\/prodotto\/plantillas-cortables-soft-foot\/\" \/>\n<meta property=\"og:locale\" content=\"es_ES\" \/>\n<meta property=\"og:type\" content=\"article\" \/>\n<meta property=\"og:title\" content=\"Plantillas cortables SOFT FOOT - Wilbra\" \/>\n<meta property=\"og:description\" content=\"Econ\u00f3micas plantillas cortables con un lado serigrafiado para cortar en varios tama\u00f1os envueltas en celof\u00e1n por par. Descubre los productos.\" \/>\n<meta property=\"og:url\" content=\"https:\/\/wilbra.it\/es\/prodotto\/plantillas-cortables-soft-foot\/\" \/>\n<meta property=\"og:site_name\" content=\"Wilbra\" \/>\n<meta property=\"article:modified_time\" content=\"2023-11-17T14:06:53+00:00\" \/>\n<meta property=\"og:image\" content=\"https:\/\/wilbra.it\/wp-content\/uploads\/2022\/05\/solette-ritagliabili-soft-foot.jpeg\" \/>\n\t<meta property=\"og:image:width\" content=\"1059\" \/>\n\t<meta property=\"og:image:height\" content=\"1059\" \/>\n\t<meta property=\"og:image:type\" content=\"image\/jpeg\" \/>\n<meta name=\"twitter:card\" content=\"summary_large_image\" \/>\n<script type=\"application\/ld+json\" class=\"yoast-schema-graph\">{\"@context\":\"https:\/\/schema.org\",\"@graph\":[{\"@type\":\"WebPage\",\"@id\":\"https:\/\/wilbra.it\/es\/prodotto\/plantillas-cortables-soft-foot\/\",\"url\":\"https:\/\/wilbra.it\/es\/prodotto\/plantillas-cortables-soft-foot\/\",\"name\":\"Plantillas cortables SOFT FOOT - Wilbra\",\"isPartOf\":{\"@id\":\"https:\/\/wilbra.it\/#website\"},\"primaryImageOfPage\":{\"@id\":\"https:\/\/wilbra.it\/es\/prodotto\/plantillas-cortables-soft-foot\/#primaryimage\"},\"image\":{\"@id\":\"https:\/\/wilbra.it\/es\/prodotto\/plantillas-cortables-soft-foot\/#primaryimage\"},\"thumbnailUrl\":\"https:\/\/wilbra.it\/wp-content\/uploads\/2022\/05\/solette-ritagliabili-soft-foot.jpeg\",\"datePublished\":\"2022-05-19T07:14:28+00:00\",\"dateModified\":\"2023-11-17T14:06:53+00:00\",\"description\":\"Econ\u00f3micas plantillas cortables con un lado serigrafiado para cortar en varios tama\u00f1os envueltas en celof\u00e1n por par. Descubre los productos.\",\"breadcrumb\":{\"@id\":\"https:\/\/wilbra.it\/es\/prodotto\/plantillas-cortables-soft-foot\/#breadcrumb\"},\"inLanguage\":\"es\",\"potentialAction\":[{\"@type\":\"ReadAction\",\"target\":[\"https:\/\/wilbra.it\/es\/prodotto\/plantillas-cortables-soft-foot\/\"]}]},{\"@type\":\"ImageObject\",\"inLanguage\":\"es\",\"@id\":\"https:\/\/wilbra.it\/es\/prodotto\/plantillas-cortables-soft-foot\/#primaryimage\",\"url\":\"https:\/\/wilbra.it\/wp-content\/uploads\/2022\/05\/solette-ritagliabili-soft-foot.jpeg\",\"contentUrl\":\"https:\/\/wilbra.it\/wp-content\/uploads\/2022\/05\/solette-ritagliabili-soft-foot.jpeg\",\"width\":1059,\"height\":1059,\"caption\":\"Plantillas recortables Soft foot\"},{\"@type\":\"BreadcrumbList\",\"@id\":\"https:\/\/wilbra.it\/es\/prodotto\/plantillas-cortables-soft-foot\/#breadcrumb\",\"itemListElement\":[{\"@type\":\"ListItem\",\"position\":1,\"name\":\"Cat\u00e1logo de productos\",\"item\":\"https:\/\/wilbra.it\/es\/catalogo\/\"},{\"@type\":\"ListItem\",\"position\":2,\"name\":\"Plantillas cortables SOFT FOOT\"}]},{\"@type\":\"WebSite\",\"@id\":\"https:\/\/wilbra.it\/#website\",\"url\":\"https:\/\/wilbra.it\/\",\"name\":\"Wilbra\",\"description\":\"Prodotti per la cura di pelli e tessuti\",\"potentialAction\":[{\"@type\":\"SearchAction\",\"target\":{\"@type\":\"EntryPoint\",\"urlTemplate\":\"https:\/\/wilbra.it\/?s={search_term_string}\"},\"query-input\":{\"@type\":\"PropertyValueSpecification\",\"valueRequired\":true,\"valueName\":\"search_term_string\"}}],\"inLanguage\":\"es\"}]}<\/script>\n<!-- \/ Yoast SEO plugin. -->","yoast_head_json":{"title":"Plantillas cortables SOFT FOOT - Wilbra","description":"Econ\u00f3micas plantillas cortables con un lado serigrafiado para cortar en varios tama\u00f1os envueltas en celof\u00e1n por par. Descubre los productos.","robots":{"index":"index","follow":"follow","max-snippet":"max-snippet:-1","max-image-preview":"max-image-preview:large","max-video-preview":"max-video-preview:-1"},"canonical":"https:\/\/wilbra.it\/es\/prodotto\/plantillas-cortables-soft-foot\/","og_locale":"es_ES","og_type":"article","og_title":"Plantillas cortables SOFT FOOT - Wilbra","og_description":"Econ\u00f3micas plantillas cortables con un lado serigrafiado para cortar en varios tama\u00f1os envueltas en celof\u00e1n por par. Descubre los productos.","og_url":"https:\/\/wilbra.it\/es\/prodotto\/plantillas-cortables-soft-foot\/","og_site_name":"Wilbra","article_modified_time":"2023-11-17T14:06:53+00:00","og_image":[{"width":1059,"height":1059,"url":"https:\/\/wilbra.it\/wp-content\/uploads\/2022\/05\/solette-ritagliabili-soft-foot.jpeg","type":"image\/jpeg"}],"twitter_card":"summary_large_image","schema":{"@context":"https:\/\/schema.org","@graph":[{"@type":"WebPage","@id":"https:\/\/wilbra.it\/es\/prodotto\/plantillas-cortables-soft-foot\/","url":"https:\/\/wilbra.it\/es\/prodotto\/plantillas-cortables-soft-foot\/","name":"Plantillas cortables SOFT FOOT - Wilbra","isPartOf":{"@id":"https:\/\/wilbra.it\/#website"},"primaryImageOfPage":{"@id":"https:\/\/wilbra.it\/es\/prodotto\/plantillas-cortables-soft-foot\/#primaryimage"},"image":{"@id":"https:\/\/wilbra.it\/es\/prodotto\/plantillas-cortables-soft-foot\/#primaryimage"},"thumbnailUrl":"https:\/\/wilbra.it\/wp-content\/uploads\/2022\/05\/solette-ritagliabili-soft-foot.jpeg","datePublished":"2022-05-19T07:14:28+00:00","dateModified":"2023-11-17T14:06:53+00:00","description":"Econ\u00f3micas plantillas cortables con un lado serigrafiado para cortar en varios tama\u00f1os envueltas en celof\u00e1n por par. Descubre los productos.","breadcrumb":{"@id":"https:\/\/wilbra.it\/es\/prodotto\/plantillas-cortables-soft-foot\/#breadcrumb"},"inLanguage":"es","potentialAction":[{"@type":"ReadAction","target":["https:\/\/wilbra.it\/es\/prodotto\/plantillas-cortables-soft-foot\/"]}]},{"@type":"ImageObject","inLanguage":"es","@id":"https:\/\/wilbra.it\/es\/prodotto\/plantillas-cortables-soft-foot\/#primaryimage","url":"https:\/\/wilbra.it\/wp-content\/uploads\/2022\/05\/solette-ritagliabili-soft-foot.jpeg","contentUrl":"https:\/\/wilbra.it\/wp-content\/uploads\/2022\/05\/solette-ritagliabili-soft-foot.jpeg","width":1059,"height":1059,"caption":"Plantillas recortables Soft foot"},{"@type":"BreadcrumbList","@id":"https:\/\/wilbra.it\/es\/prodotto\/plantillas-cortables-soft-foot\/#breadcrumb","itemListElement":[{"@type":"ListItem","position":1,"name":"Cat\u00e1logo de productos","item":"https:\/\/wilbra.it\/es\/catalogo\/"},{"@type":"ListItem","position":2,"name":"Plantillas cortables SOFT FOOT"}]},{"@type":"WebSite","@id":"https:\/\/wilbra.it\/#website","url":"https:\/\/wilbra.it\/","name":"Wilbra","description":"Prodotti per la cura di pelli e tessuti","potentialAction":[{"@type":"SearchAction","target":{"@type":"EntryPoint","urlTemplate":"https:\/\/wilbra.it\/?s={search_term_string}"},"query-input":{"@type":"PropertyValueSpecification","valueRequired":true,"valueName":"search_term_string"}}],"inLanguage":"es"}]}},"_links":{"self":[{"href":"https:\/\/wilbra.it\/es\/wp-json\/wp\/v2\/product\/15445","targetHints":{"allow":["GET"]}}],"collection":[{"href":"https:\/\/wilbra.it\/es\/wp-json\/wp\/v2\/product"}],"about":[{"href":"https:\/\/wilbra.it\/es\/wp-json\/wp\/v2\/types\/product"}],"replies":[{"embeddable":true,"href":"https:\/\/wilbra.it\/es\/wp-json\/wp\/v2\/comments?post=15445"}],"wp:featuredmedia":[{"embeddable":true,"href":"https:\/\/wilbra.it\/es\/wp-json\/wp\/v2\/media\/14248"}],"wp:attachment":[{"href":"https:\/\/wilbra.it\/es\/wp-json\/wp\/v2\/media?parent=15445"}],"wp:term":[{"taxonomy":"product_brand","embeddable":true,"href":"https:\/\/wilbra.it\/es\/wp-json\/wp\/v2\/product_brand?post=15445"},{"taxonomy":"product_cat","embeddable":true,"href":"https:\/\/wilbra.it\/es\/wp-json\/wp\/v2\/product_cat?post=15445"},{"taxonomy":"product_tag","embeddable":true,"href":"https:\/\/wilbra.it\/es\/wp-json\/wp\/v2\/product_tag?post=15445"}],"curies":[{"name":"wp","href":"https:\/\/api.w.org\/{rel}","templated":true}]}}