{"id":15438,"date":"2022-05-19T09:32:53","date_gmt":"2022-05-19T07:32:53","guid":{"rendered":"https:\/\/wilbra.it\/prodotto\/stain-cleaner-solvente-smacchiatore-pelli\/"},"modified":"2023-11-17T14:56:07","modified_gmt":"2023-11-17T13:56:07","slug":"stain-cleaner-quitamanchas-solvente-cuero","status":"publish","type":"product","link":"https:\/\/wilbra.it\/es\/producto\/stain-cleaner-quitamanchas-solvente-cuero\/","title":{"rendered":"Stain Cleaner"},"content":{"rendered":"","protected":false},"excerpt":{"rendered":"<p>Stain Cleaner es un disolvente quitamanchas especial para cuero. La mezcla Stain Cleaner garantiza una evaporaci\u00f3n muy r\u00e1pida, un producto ideal para desengrasar el cuero. Elimina todas las manchas: grasa, aceite, sangre, tinta de bol\u00edgrafo, masilla, rotulador y no deja rayas.<\/p>\n","protected":false},"featured_media":14250,"comment_status":"closed","ping_status":"closed","template":"","meta":[],"product_brand":[],"product_cat":[558,559,560],"product_tag":[571,570,684],"class_list":{"0":"post-15438","1":"product","2":"type-product","3":"status-publish","4":"has-post-thumbnail","6":"product_cat-artesanos","7":"product_cat-casa","8":"product_cat-industria-es","9":"product_tag-disolventes-y-diluyentes","10":"product_tag-limpiadores-y-quitamanchas","11":"product_tag-pinturas-y-tintes","13":"first","14":"instock","15":"sold-individually","16":"taxable","17":"shipping-taxable","18":"purchasable","19":"product-type-variable","20":"has-default-attributes"},"yoast_head":"<!-- This site is optimized with the Yoast SEO plugin v25.8 - https:\/\/yoast.com\/wordpress\/plugins\/seo\/ -->\n<title>Stain Cleaner - Wilbra<\/title>\n<meta name=\"description\" content=\"Disolvente quitamanchas especial para cuero. Elimina todas las manchas: grasa, aceite, sangre, tinta de bol\u00edgrafo, masilla, rotulador.\" \/>\n<meta name=\"robots\" content=\"index, follow, max-snippet:-1, max-image-preview:large, max-video-preview:-1\" \/>\n<link rel=\"canonical\" href=\"https:\/\/wilbra.it\/es\/producto\/stain-cleaner-quitamanchas-solvente-cuero\/\" \/>\n<meta property=\"og:locale\" content=\"es_ES\" \/>\n<meta property=\"og:type\" content=\"article\" \/>\n<meta property=\"og:title\" content=\"Stain Cleaner - Wilbra\" \/>\n<meta property=\"og:description\" content=\"Disolvente quitamanchas especial para cuero. Elimina todas las manchas: grasa, aceite, sangre, tinta de bol\u00edgrafo, masilla, rotulador.\" \/>\n<meta property=\"og:url\" content=\"https:\/\/wilbra.it\/es\/producto\/stain-cleaner-quitamanchas-solvente-cuero\/\" \/>\n<meta property=\"og:site_name\" content=\"Wilbra\" \/>\n<meta property=\"article:modified_time\" content=\"2023-11-17T13:56:07+00:00\" \/>\n<meta property=\"og:image\" content=\"https:\/\/wilbra.it\/wp-content\/uploads\/2022\/05\/stain-cleaner.png\" \/>\n\t<meta property=\"og:image:width\" content=\"900\" \/>\n\t<meta property=\"og:image:height\" content=\"900\" \/>\n\t<meta property=\"og:image:type\" content=\"image\/png\" \/>\n<meta name=\"twitter:card\" content=\"summary_large_image\" \/>\n<script type=\"application\/ld+json\" class=\"yoast-schema-graph\">{\"@context\":\"https:\/\/schema.org\",\"@graph\":[{\"@type\":\"WebPage\",\"@id\":\"https:\/\/wilbra.it\/es\/producto\/stain-cleaner-quitamanchas-solvente-cuero\/\",\"url\":\"https:\/\/wilbra.it\/es\/producto\/stain-cleaner-quitamanchas-solvente-cuero\/\",\"name\":\"Stain Cleaner - Wilbra\",\"isPartOf\":{\"@id\":\"https:\/\/wilbra.it\/#website\"},\"primaryImageOfPage\":{\"@id\":\"https:\/\/wilbra.it\/es\/producto\/stain-cleaner-quitamanchas-solvente-cuero\/#primaryimage\"},\"image\":{\"@id\":\"https:\/\/wilbra.it\/es\/producto\/stain-cleaner-quitamanchas-solvente-cuero\/#primaryimage\"},\"thumbnailUrl\":\"https:\/\/wilbra.it\/wp-content\/uploads\/2022\/05\/stain-cleaner.png\",\"datePublished\":\"2022-05-19T07:32:53+00:00\",\"dateModified\":\"2023-11-17T13:56:07+00:00\",\"description\":\"Disolvente quitamanchas especial para cuero. Elimina todas las manchas: grasa, aceite, sangre, tinta de bol\u00edgrafo, masilla, rotulador.\",\"breadcrumb\":{\"@id\":\"https:\/\/wilbra.it\/es\/producto\/stain-cleaner-quitamanchas-solvente-cuero\/#breadcrumb\"},\"inLanguage\":\"es\",\"potentialAction\":[{\"@type\":\"ReadAction\",\"target\":[\"https:\/\/wilbra.it\/es\/producto\/stain-cleaner-quitamanchas-solvente-cuero\/\"]}]},{\"@type\":\"ImageObject\",\"inLanguage\":\"es\",\"@id\":\"https:\/\/wilbra.it\/es\/producto\/stain-cleaner-quitamanchas-solvente-cuero\/#primaryimage\",\"url\":\"https:\/\/wilbra.it\/wp-content\/uploads\/2022\/05\/stain-cleaner.png\",\"contentUrl\":\"https:\/\/wilbra.it\/wp-content\/uploads\/2022\/05\/stain-cleaner.png\",\"width\":900,\"height\":900,\"caption\":\"Solvente limpiador de manchas\"},{\"@type\":\"BreadcrumbList\",\"@id\":\"https:\/\/wilbra.it\/es\/producto\/stain-cleaner-quitamanchas-solvente-cuero\/#breadcrumb\",\"itemListElement\":[{\"@type\":\"ListItem\",\"position\":1,\"name\":\"Cat\u00e1logo de productos\",\"item\":\"https:\/\/wilbra.it\/es\/catalogo\/\"},{\"@type\":\"ListItem\",\"position\":2,\"name\":\"Stain Cleaner\"}]},{\"@type\":\"WebSite\",\"@id\":\"https:\/\/wilbra.it\/#website\",\"url\":\"https:\/\/wilbra.it\/\",\"name\":\"Wilbra\",\"description\":\"Prodotti per la cura di pelli e tessuti\",\"potentialAction\":[{\"@type\":\"SearchAction\",\"target\":{\"@type\":\"EntryPoint\",\"urlTemplate\":\"https:\/\/wilbra.it\/?s={search_term_string}\"},\"query-input\":{\"@type\":\"PropertyValueSpecification\",\"valueRequired\":true,\"valueName\":\"search_term_string\"}}],\"inLanguage\":\"es\"}]}<\/script>\n<!-- \/ Yoast SEO plugin. -->","yoast_head_json":{"title":"Stain Cleaner - Wilbra","description":"Disolvente quitamanchas especial para cuero. Elimina todas las manchas: grasa, aceite, sangre, tinta de bol\u00edgrafo, masilla, rotulador.","robots":{"index":"index","follow":"follow","max-snippet":"max-snippet:-1","max-image-preview":"max-image-preview:large","max-video-preview":"max-video-preview:-1"},"canonical":"https:\/\/wilbra.it\/es\/producto\/stain-cleaner-quitamanchas-solvente-cuero\/","og_locale":"es_ES","og_type":"article","og_title":"Stain Cleaner - Wilbra","og_description":"Disolvente quitamanchas especial para cuero. Elimina todas las manchas: grasa, aceite, sangre, tinta de bol\u00edgrafo, masilla, rotulador.","og_url":"https:\/\/wilbra.it\/es\/producto\/stain-cleaner-quitamanchas-solvente-cuero\/","og_site_name":"Wilbra","article_modified_time":"2023-11-17T13:56:07+00:00","og_image":[{"width":900,"height":900,"url":"https:\/\/wilbra.it\/wp-content\/uploads\/2022\/05\/stain-cleaner.png","type":"image\/png"}],"twitter_card":"summary_large_image","schema":{"@context":"https:\/\/schema.org","@graph":[{"@type":"WebPage","@id":"https:\/\/wilbra.it\/es\/producto\/stain-cleaner-quitamanchas-solvente-cuero\/","url":"https:\/\/wilbra.it\/es\/producto\/stain-cleaner-quitamanchas-solvente-cuero\/","name":"Stain Cleaner - Wilbra","isPartOf":{"@id":"https:\/\/wilbra.it\/#website"},"primaryImageOfPage":{"@id":"https:\/\/wilbra.it\/es\/producto\/stain-cleaner-quitamanchas-solvente-cuero\/#primaryimage"},"image":{"@id":"https:\/\/wilbra.it\/es\/producto\/stain-cleaner-quitamanchas-solvente-cuero\/#primaryimage"},"thumbnailUrl":"https:\/\/wilbra.it\/wp-content\/uploads\/2022\/05\/stain-cleaner.png","datePublished":"2022-05-19T07:32:53+00:00","dateModified":"2023-11-17T13:56:07+00:00","description":"Disolvente quitamanchas especial para cuero. Elimina todas las manchas: grasa, aceite, sangre, tinta de bol\u00edgrafo, masilla, rotulador.","breadcrumb":{"@id":"https:\/\/wilbra.it\/es\/producto\/stain-cleaner-quitamanchas-solvente-cuero\/#breadcrumb"},"inLanguage":"es","potentialAction":[{"@type":"ReadAction","target":["https:\/\/wilbra.it\/es\/producto\/stain-cleaner-quitamanchas-solvente-cuero\/"]}]},{"@type":"ImageObject","inLanguage":"es","@id":"https:\/\/wilbra.it\/es\/producto\/stain-cleaner-quitamanchas-solvente-cuero\/#primaryimage","url":"https:\/\/wilbra.it\/wp-content\/uploads\/2022\/05\/stain-cleaner.png","contentUrl":"https:\/\/wilbra.it\/wp-content\/uploads\/2022\/05\/stain-cleaner.png","width":900,"height":900,"caption":"Solvente limpiador de manchas"},{"@type":"BreadcrumbList","@id":"https:\/\/wilbra.it\/es\/producto\/stain-cleaner-quitamanchas-solvente-cuero\/#breadcrumb","itemListElement":[{"@type":"ListItem","position":1,"name":"Cat\u00e1logo de productos","item":"https:\/\/wilbra.it\/es\/catalogo\/"},{"@type":"ListItem","position":2,"name":"Stain Cleaner"}]},{"@type":"WebSite","@id":"https:\/\/wilbra.it\/#website","url":"https:\/\/wilbra.it\/","name":"Wilbra","description":"Prodotti per la cura di pelli e tessuti","potentialAction":[{"@type":"SearchAction","target":{"@type":"EntryPoint","urlTemplate":"https:\/\/wilbra.it\/?s={search_term_string}"},"query-input":{"@type":"PropertyValueSpecification","valueRequired":true,"valueName":"search_term_string"}}],"inLanguage":"es"}]}},"_links":{"self":[{"href":"https:\/\/wilbra.it\/es\/wp-json\/wp\/v2\/product\/15438","targetHints":{"allow":["GET"]}}],"collection":[{"href":"https:\/\/wilbra.it\/es\/wp-json\/wp\/v2\/product"}],"about":[{"href":"https:\/\/wilbra.it\/es\/wp-json\/wp\/v2\/types\/product"}],"replies":[{"embeddable":true,"href":"https:\/\/wilbra.it\/es\/wp-json\/wp\/v2\/comments?post=15438"}],"wp:featuredmedia":[{"embeddable":true,"href":"https:\/\/wilbra.it\/es\/wp-json\/wp\/v2\/media\/14250"}],"wp:attachment":[{"href":"https:\/\/wilbra.it\/es\/wp-json\/wp\/v2\/media?parent=15438"}],"wp:term":[{"taxonomy":"product_brand","embeddable":true,"href":"https:\/\/wilbra.it\/es\/wp-json\/wp\/v2\/product_brand?post=15438"},{"taxonomy":"product_cat","embeddable":true,"href":"https:\/\/wilbra.it\/es\/wp-json\/wp\/v2\/product_cat?post=15438"},{"taxonomy":"product_tag","embeddable":true,"href":"https:\/\/wilbra.it\/es\/wp-json\/wp\/v2\/product_tag?post=15438"}],"curies":[{"name":"wp","href":"https:\/\/api.w.org\/{rel}","templated":true}]}}