{"id":15419,"date":"2022-05-19T09:43:44","date_gmt":"2022-05-19T07:43:44","guid":{"rendered":"https:\/\/wilbra.it\/prodotto\/svitalok-sbloccante-spray-e-lubrificante-antiruggine\/"},"modified":"2023-11-17T14:20:04","modified_gmt":"2023-11-17T13:20:04","slug":"svitalok-spray-antioxidante-liberador-y-lubricante","status":"publish","type":"product","link":"https:\/\/wilbra.it\/es\/producto\/svitalok-spray-antioxidante-liberador-y-lubricante\/","title":{"rendered":"Svitalok"},"content":{"rendered":"","protected":false},"excerpt":{"rendered":"<p>SvitaLock es el Spray Desbloqueador y Lubricante producido por Wilbra. Gracias a sus propiedades especiales elimina eficazmente el \u00f3xido y lubrica todas las piezas met\u00e1licas.<\/p>\n<p>Una vez aplicado, SvitaLock crea una pel\u00edcula repelente al agua, protegiendo las piezas mec\u00e1nicas de la humedad y la acci\u00f3n de la sal, alargando la vida y eficacia de maquinaria, mecanismos, cerraduras y mucho m\u00e1s. Elimina dispersiones el\u00e9ctricas, no contiene silicona y no atrae polvo ni suciedad.<\/p>\n<p>SvitaLock es tambi\u00e9n un excelente spray de desbloqueo: penetra r\u00e1pidamente en profundidad en las piezas met\u00e1licas y en las roscas, liber\u00e1ndolas de la oxidaci\u00f3n. Tambi\u00e9n lubrica y protege bisagras, cerraduras, tornillos, etc. de la oxidaci\u00f3n y la congelaci\u00f3n.<\/p>\n","protected":false},"featured_media":14300,"comment_status":"closed","ping_status":"closed","template":"","meta":[],"product_brand":[],"product_cat":[558,559],"product_tag":[566],"class_list":{"0":"post-15419","1":"product","2":"type-product","3":"status-publish","4":"has-post-thumbnail","6":"product_cat-artesanos","7":"product_cat-casa","8":"product_tag-lubricantes-y-desbloqueadores","10":"first","11":"instock","12":"sold-individually","13":"taxable","14":"shipping-taxable","15":"purchasable","16":"product-type-variable","17":"has-default-attributes"},"yoast_head":"<!-- This site is optimized with the Yoast SEO plugin v25.8 - https:\/\/yoast.com\/wordpress\/plugins\/seo\/ -->\n<title>Aerosol lubricante Svitalock Artiglio - Wilbra<\/title>\n<meta name=\"description\" content=\"Spray desbloqueador y lubricante para piezas met\u00e1licas. Ideal para maquinaria, mecanismos, cerraduras. Descubre la l\u00ednea Artiglio.\" \/>\n<meta name=\"robots\" content=\"index, follow, max-snippet:-1, max-image-preview:large, max-video-preview:-1\" \/>\n<link rel=\"canonical\" href=\"https:\/\/wilbra.it\/es\/prodotto\/svitalok-spray-antioxidante-liberador-y-lubricante\/\" \/>\n<meta property=\"og:locale\" content=\"es_ES\" \/>\n<meta property=\"og:type\" content=\"article\" \/>\n<meta property=\"og:title\" content=\"Aerosol lubricante Svitalock Artiglio - Wilbra\" \/>\n<meta property=\"og:description\" content=\"Spray desbloqueador y lubricante para piezas met\u00e1licas. Ideal para maquinaria, mecanismos, cerraduras. Descubre la l\u00ednea Artiglio.\" \/>\n<meta property=\"og:url\" content=\"https:\/\/wilbra.it\/es\/prodotto\/svitalok-spray-antioxidante-liberador-y-lubricante\/\" \/>\n<meta property=\"og:site_name\" content=\"Wilbra\" \/>\n<meta property=\"article:modified_time\" content=\"2023-11-17T13:20:04+00:00\" \/>\n<meta property=\"og:image\" content=\"https:\/\/wilbra.it\/wp-content\/uploads\/2022\/05\/artiglio-svitalok.jpg\" \/>\n\t<meta property=\"og:image:width\" content=\"700\" \/>\n\t<meta property=\"og:image:height\" content=\"700\" \/>\n\t<meta property=\"og:image:type\" content=\"image\/jpeg\" \/>\n<meta name=\"twitter:card\" content=\"summary_large_image\" \/>\n<script type=\"application\/ld+json\" class=\"yoast-schema-graph\">{\"@context\":\"https:\/\/schema.org\",\"@graph\":[{\"@type\":\"WebPage\",\"@id\":\"https:\/\/wilbra.it\/es\/prodotto\/svitalok-spray-antioxidante-liberador-y-lubricante\/\",\"url\":\"https:\/\/wilbra.it\/es\/prodotto\/svitalok-spray-antioxidante-liberador-y-lubricante\/\",\"name\":\"Aerosol lubricante Svitalock Artiglio - Wilbra\",\"isPartOf\":{\"@id\":\"https:\/\/wilbra.it\/#website\"},\"primaryImageOfPage\":{\"@id\":\"https:\/\/wilbra.it\/es\/prodotto\/svitalok-spray-antioxidante-liberador-y-lubricante\/#primaryimage\"},\"image\":{\"@id\":\"https:\/\/wilbra.it\/es\/prodotto\/svitalok-spray-antioxidante-liberador-y-lubricante\/#primaryimage\"},\"thumbnailUrl\":\"https:\/\/wilbra.it\/wp-content\/uploads\/2022\/05\/artiglio-svitalok.jpg\",\"datePublished\":\"2022-05-19T07:43:44+00:00\",\"dateModified\":\"2023-11-17T13:20:04+00:00\",\"description\":\"Spray desbloqueador y lubricante para piezas met\u00e1licas. Ideal para maquinaria, mecanismos, cerraduras. Descubre la l\u00ednea Artiglio.\",\"breadcrumb\":{\"@id\":\"https:\/\/wilbra.it\/es\/prodotto\/svitalok-spray-antioxidante-liberador-y-lubricante\/#breadcrumb\"},\"inLanguage\":\"es\",\"potentialAction\":[{\"@type\":\"ReadAction\",\"target\":[\"https:\/\/wilbra.it\/es\/prodotto\/svitalok-spray-antioxidante-liberador-y-lubricante\/\"]}]},{\"@type\":\"ImageObject\",\"inLanguage\":\"es\",\"@id\":\"https:\/\/wilbra.it\/es\/prodotto\/svitalok-spray-antioxidante-liberador-y-lubricante\/#primaryimage\",\"url\":\"https:\/\/wilbra.it\/wp-content\/uploads\/2022\/05\/artiglio-svitalok.jpg\",\"contentUrl\":\"https:\/\/wilbra.it\/wp-content\/uploads\/2022\/05\/artiglio-svitalok.jpg\",\"width\":700,\"height\":700,\"caption\":\"Svitalok spray desbloqueo, lubricante y antioxidante\"},{\"@type\":\"BreadcrumbList\",\"@id\":\"https:\/\/wilbra.it\/es\/prodotto\/svitalok-spray-antioxidante-liberador-y-lubricante\/#breadcrumb\",\"itemListElement\":[{\"@type\":\"ListItem\",\"position\":1,\"name\":\"Cat\u00e1logo de productos\",\"item\":\"https:\/\/wilbra.it\/es\/catalogo\/\"},{\"@type\":\"ListItem\",\"position\":2,\"name\":\"Svitalok\"}]},{\"@type\":\"WebSite\",\"@id\":\"https:\/\/wilbra.it\/#website\",\"url\":\"https:\/\/wilbra.it\/\",\"name\":\"Wilbra\",\"description\":\"Prodotti per la cura di pelli e tessuti\",\"potentialAction\":[{\"@type\":\"SearchAction\",\"target\":{\"@type\":\"EntryPoint\",\"urlTemplate\":\"https:\/\/wilbra.it\/?s={search_term_string}\"},\"query-input\":{\"@type\":\"PropertyValueSpecification\",\"valueRequired\":true,\"valueName\":\"search_term_string\"}}],\"inLanguage\":\"es\"}]}<\/script>\n<!-- \/ Yoast SEO plugin. -->","yoast_head_json":{"title":"Aerosol lubricante Svitalock Artiglio - Wilbra","description":"Spray desbloqueador y lubricante para piezas met\u00e1licas. Ideal para maquinaria, mecanismos, cerraduras. Descubre la l\u00ednea Artiglio.","robots":{"index":"index","follow":"follow","max-snippet":"max-snippet:-1","max-image-preview":"max-image-preview:large","max-video-preview":"max-video-preview:-1"},"canonical":"https:\/\/wilbra.it\/es\/prodotto\/svitalok-spray-antioxidante-liberador-y-lubricante\/","og_locale":"es_ES","og_type":"article","og_title":"Aerosol lubricante Svitalock Artiglio - Wilbra","og_description":"Spray desbloqueador y lubricante para piezas met\u00e1licas. Ideal para maquinaria, mecanismos, cerraduras. Descubre la l\u00ednea Artiglio.","og_url":"https:\/\/wilbra.it\/es\/prodotto\/svitalok-spray-antioxidante-liberador-y-lubricante\/","og_site_name":"Wilbra","article_modified_time":"2023-11-17T13:20:04+00:00","og_image":[{"width":700,"height":700,"url":"https:\/\/wilbra.it\/wp-content\/uploads\/2022\/05\/artiglio-svitalok.jpg","type":"image\/jpeg"}],"twitter_card":"summary_large_image","schema":{"@context":"https:\/\/schema.org","@graph":[{"@type":"WebPage","@id":"https:\/\/wilbra.it\/es\/prodotto\/svitalok-spray-antioxidante-liberador-y-lubricante\/","url":"https:\/\/wilbra.it\/es\/prodotto\/svitalok-spray-antioxidante-liberador-y-lubricante\/","name":"Aerosol lubricante Svitalock Artiglio - Wilbra","isPartOf":{"@id":"https:\/\/wilbra.it\/#website"},"primaryImageOfPage":{"@id":"https:\/\/wilbra.it\/es\/prodotto\/svitalok-spray-antioxidante-liberador-y-lubricante\/#primaryimage"},"image":{"@id":"https:\/\/wilbra.it\/es\/prodotto\/svitalok-spray-antioxidante-liberador-y-lubricante\/#primaryimage"},"thumbnailUrl":"https:\/\/wilbra.it\/wp-content\/uploads\/2022\/05\/artiglio-svitalok.jpg","datePublished":"2022-05-19T07:43:44+00:00","dateModified":"2023-11-17T13:20:04+00:00","description":"Spray desbloqueador y lubricante para piezas met\u00e1licas. Ideal para maquinaria, mecanismos, cerraduras. Descubre la l\u00ednea Artiglio.","breadcrumb":{"@id":"https:\/\/wilbra.it\/es\/prodotto\/svitalok-spray-antioxidante-liberador-y-lubricante\/#breadcrumb"},"inLanguage":"es","potentialAction":[{"@type":"ReadAction","target":["https:\/\/wilbra.it\/es\/prodotto\/svitalok-spray-antioxidante-liberador-y-lubricante\/"]}]},{"@type":"ImageObject","inLanguage":"es","@id":"https:\/\/wilbra.it\/es\/prodotto\/svitalok-spray-antioxidante-liberador-y-lubricante\/#primaryimage","url":"https:\/\/wilbra.it\/wp-content\/uploads\/2022\/05\/artiglio-svitalok.jpg","contentUrl":"https:\/\/wilbra.it\/wp-content\/uploads\/2022\/05\/artiglio-svitalok.jpg","width":700,"height":700,"caption":"Svitalok spray desbloqueo, lubricante y antioxidante"},{"@type":"BreadcrumbList","@id":"https:\/\/wilbra.it\/es\/prodotto\/svitalok-spray-antioxidante-liberador-y-lubricante\/#breadcrumb","itemListElement":[{"@type":"ListItem","position":1,"name":"Cat\u00e1logo de productos","item":"https:\/\/wilbra.it\/es\/catalogo\/"},{"@type":"ListItem","position":2,"name":"Svitalok"}]},{"@type":"WebSite","@id":"https:\/\/wilbra.it\/#website","url":"https:\/\/wilbra.it\/","name":"Wilbra","description":"Prodotti per la cura di pelli e tessuti","potentialAction":[{"@type":"SearchAction","target":{"@type":"EntryPoint","urlTemplate":"https:\/\/wilbra.it\/?s={search_term_string}"},"query-input":{"@type":"PropertyValueSpecification","valueRequired":true,"valueName":"search_term_string"}}],"inLanguage":"es"}]}},"_links":{"self":[{"href":"https:\/\/wilbra.it\/es\/wp-json\/wp\/v2\/product\/15419","targetHints":{"allow":["GET"]}}],"collection":[{"href":"https:\/\/wilbra.it\/es\/wp-json\/wp\/v2\/product"}],"about":[{"href":"https:\/\/wilbra.it\/es\/wp-json\/wp\/v2\/types\/product"}],"replies":[{"embeddable":true,"href":"https:\/\/wilbra.it\/es\/wp-json\/wp\/v2\/comments?post=15419"}],"wp:featuredmedia":[{"embeddable":true,"href":"https:\/\/wilbra.it\/es\/wp-json\/wp\/v2\/media\/14300"}],"wp:attachment":[{"href":"https:\/\/wilbra.it\/es\/wp-json\/wp\/v2\/media?parent=15419"}],"wp:term":[{"taxonomy":"product_brand","embeddable":true,"href":"https:\/\/wilbra.it\/es\/wp-json\/wp\/v2\/product_brand?post=15419"},{"taxonomy":"product_cat","embeddable":true,"href":"https:\/\/wilbra.it\/es\/wp-json\/wp\/v2\/product_cat?post=15419"},{"taxonomy":"product_tag","embeddable":true,"href":"https:\/\/wilbra.it\/es\/wp-json\/wp\/v2\/product_tag?post=15419"}],"curies":[{"name":"wp","href":"https:\/\/api.w.org\/{rel}","templated":true}]}}