{"id":15396,"date":"2022-05-19T10:04:14","date_gmt":"2022-05-19T08:04:14","guid":{"rendered":"https:\/\/wilbra.it\/prodotto\/tex-cleaner-solvente-smacchiatore-rapido-per-tessuti\/"},"modified":"2023-11-17T12:52:57","modified_gmt":"2023-11-17T11:52:57","slug":"tex-cleaner-quitamanchas-rapido-disolvente-para-tejidos","status":"publish","type":"product","link":"https:\/\/wilbra.it\/es\/producto\/tex-cleaner-quitamanchas-rapido-disolvente-para-tejidos\/","title":{"rendered":"Tex Cleaner"},"content":{"rendered":"","protected":false},"excerpt":{"rendered":"<div class=\"visibility-search\">\n<p class=\"paragrafo\">Tex Cleaner es un quitamanchas r\u00e1pido especial para tejidos especialmente indicado para la limpieza y eliminaci\u00f3n de manchas de tejidos. La mezcla de disolventes Tex Cleaner garantiza una evaporaci\u00f3n muy r\u00e1pida con un alto poder desengrasante.<\/p>\n<\/div>\n","protected":false},"featured_media":14254,"comment_status":"closed","ping_status":"closed","template":"","meta":[],"product_brand":[],"product_cat":[558,559,560],"product_tag":[571,570],"class_list":{"0":"post-15396","1":"product","2":"type-product","3":"status-publish","4":"has-post-thumbnail","6":"product_cat-artesanos","7":"product_cat-casa","8":"product_cat-industria-es","9":"product_tag-disolventes-y-diluyentes","10":"product_tag-limpiadores-y-quitamanchas","12":"first","13":"instock","14":"sold-individually","15":"taxable","16":"shipping-taxable","17":"purchasable","18":"product-type-variable","19":"has-default-attributes"},"yoast_head":"<!-- This site is optimized with the Yoast SEO plugin v25.8 - https:\/\/yoast.com\/wordpress\/plugins\/seo\/ -->\n<title>Tex Cleaner - Wilbra<\/title>\n<meta name=\"description\" content=\"Tex Cleaner es un quitamanchas r\u00e1pido especial para tejidos indicado para la limpieza y eliminaci\u00f3n de manchas. Descubre los productos Wilbra.\" \/>\n<meta name=\"robots\" content=\"index, follow, max-snippet:-1, max-image-preview:large, max-video-preview:-1\" \/>\n<link rel=\"canonical\" href=\"https:\/\/wilbra.it\/es\/producto\/tex-cleaner-quitamanchas-rapido-disolvente-para-tejidos\/\" \/>\n<meta property=\"og:locale\" content=\"es_ES\" \/>\n<meta property=\"og:type\" content=\"article\" \/>\n<meta property=\"og:title\" content=\"Tex Cleaner - Wilbra\" \/>\n<meta property=\"og:description\" content=\"Tex Cleaner es un quitamanchas r\u00e1pido especial para tejidos indicado para la limpieza y eliminaci\u00f3n de manchas. Descubre los productos Wilbra.\" \/>\n<meta property=\"og:url\" content=\"https:\/\/wilbra.it\/es\/producto\/tex-cleaner-quitamanchas-rapido-disolvente-para-tejidos\/\" \/>\n<meta property=\"og:site_name\" content=\"Wilbra\" \/>\n<meta property=\"article:modified_time\" content=\"2023-11-17T11:52:57+00:00\" \/>\n<meta property=\"og:image\" content=\"https:\/\/wilbra.it\/wp-content\/uploads\/2022\/05\/tex-cleaner.png\" \/>\n\t<meta property=\"og:image:width\" content=\"900\" \/>\n\t<meta property=\"og:image:height\" content=\"900\" \/>\n\t<meta property=\"og:image:type\" content=\"image\/png\" \/>\n<meta name=\"twitter:card\" content=\"summary_large_image\" \/>\n<script type=\"application\/ld+json\" class=\"yoast-schema-graph\">{\"@context\":\"https:\/\/schema.org\",\"@graph\":[{\"@type\":\"WebPage\",\"@id\":\"https:\/\/wilbra.it\/es\/producto\/tex-cleaner-quitamanchas-rapido-disolvente-para-tejidos\/\",\"url\":\"https:\/\/wilbra.it\/es\/producto\/tex-cleaner-quitamanchas-rapido-disolvente-para-tejidos\/\",\"name\":\"Tex Cleaner - Wilbra\",\"isPartOf\":{\"@id\":\"https:\/\/wilbra.it\/#website\"},\"primaryImageOfPage\":{\"@id\":\"https:\/\/wilbra.it\/es\/producto\/tex-cleaner-quitamanchas-rapido-disolvente-para-tejidos\/#primaryimage\"},\"image\":{\"@id\":\"https:\/\/wilbra.it\/es\/producto\/tex-cleaner-quitamanchas-rapido-disolvente-para-tejidos\/#primaryimage\"},\"thumbnailUrl\":\"https:\/\/wilbra.it\/wp-content\/uploads\/2022\/05\/tex-cleaner.png\",\"datePublished\":\"2022-05-19T08:04:14+00:00\",\"dateModified\":\"2023-11-17T11:52:57+00:00\",\"description\":\"Tex Cleaner es un quitamanchas r\u00e1pido especial para tejidos indicado para la limpieza y eliminaci\u00f3n de manchas. Descubre los productos Wilbra.\",\"breadcrumb\":{\"@id\":\"https:\/\/wilbra.it\/es\/producto\/tex-cleaner-quitamanchas-rapido-disolvente-para-tejidos\/#breadcrumb\"},\"inLanguage\":\"es\",\"potentialAction\":[{\"@type\":\"ReadAction\",\"target\":[\"https:\/\/wilbra.it\/es\/producto\/tex-cleaner-quitamanchas-rapido-disolvente-para-tejidos\/\"]}]},{\"@type\":\"ImageObject\",\"inLanguage\":\"es\",\"@id\":\"https:\/\/wilbra.it\/es\/producto\/tex-cleaner-quitamanchas-rapido-disolvente-para-tejidos\/#primaryimage\",\"url\":\"https:\/\/wilbra.it\/wp-content\/uploads\/2022\/05\/tex-cleaner.png\",\"contentUrl\":\"https:\/\/wilbra.it\/wp-content\/uploads\/2022\/05\/tex-cleaner.png\",\"width\":900,\"height\":900,\"caption\":\"Tex Cleaner quitamanchas r\u00e1pido\"},{\"@type\":\"BreadcrumbList\",\"@id\":\"https:\/\/wilbra.it\/es\/producto\/tex-cleaner-quitamanchas-rapido-disolvente-para-tejidos\/#breadcrumb\",\"itemListElement\":[{\"@type\":\"ListItem\",\"position\":1,\"name\":\"Cat\u00e1logo de productos\",\"item\":\"https:\/\/wilbra.it\/es\/catalogo\/\"},{\"@type\":\"ListItem\",\"position\":2,\"name\":\"Tex Cleaner\"}]},{\"@type\":\"WebSite\",\"@id\":\"https:\/\/wilbra.it\/#website\",\"url\":\"https:\/\/wilbra.it\/\",\"name\":\"Wilbra\",\"description\":\"Prodotti per la cura di pelli e tessuti\",\"potentialAction\":[{\"@type\":\"SearchAction\",\"target\":{\"@type\":\"EntryPoint\",\"urlTemplate\":\"https:\/\/wilbra.it\/?s={search_term_string}\"},\"query-input\":{\"@type\":\"PropertyValueSpecification\",\"valueRequired\":true,\"valueName\":\"search_term_string\"}}],\"inLanguage\":\"es\"}]}<\/script>\n<!-- \/ Yoast SEO plugin. -->","yoast_head_json":{"title":"Tex Cleaner - Wilbra","description":"Tex Cleaner es un quitamanchas r\u00e1pido especial para tejidos indicado para la limpieza y eliminaci\u00f3n de manchas. Descubre los productos Wilbra.","robots":{"index":"index","follow":"follow","max-snippet":"max-snippet:-1","max-image-preview":"max-image-preview:large","max-video-preview":"max-video-preview:-1"},"canonical":"https:\/\/wilbra.it\/es\/producto\/tex-cleaner-quitamanchas-rapido-disolvente-para-tejidos\/","og_locale":"es_ES","og_type":"article","og_title":"Tex Cleaner - Wilbra","og_description":"Tex Cleaner es un quitamanchas r\u00e1pido especial para tejidos indicado para la limpieza y eliminaci\u00f3n de manchas. Descubre los productos Wilbra.","og_url":"https:\/\/wilbra.it\/es\/producto\/tex-cleaner-quitamanchas-rapido-disolvente-para-tejidos\/","og_site_name":"Wilbra","article_modified_time":"2023-11-17T11:52:57+00:00","og_image":[{"width":900,"height":900,"url":"https:\/\/wilbra.it\/wp-content\/uploads\/2022\/05\/tex-cleaner.png","type":"image\/png"}],"twitter_card":"summary_large_image","schema":{"@context":"https:\/\/schema.org","@graph":[{"@type":"WebPage","@id":"https:\/\/wilbra.it\/es\/producto\/tex-cleaner-quitamanchas-rapido-disolvente-para-tejidos\/","url":"https:\/\/wilbra.it\/es\/producto\/tex-cleaner-quitamanchas-rapido-disolvente-para-tejidos\/","name":"Tex Cleaner - Wilbra","isPartOf":{"@id":"https:\/\/wilbra.it\/#website"},"primaryImageOfPage":{"@id":"https:\/\/wilbra.it\/es\/producto\/tex-cleaner-quitamanchas-rapido-disolvente-para-tejidos\/#primaryimage"},"image":{"@id":"https:\/\/wilbra.it\/es\/producto\/tex-cleaner-quitamanchas-rapido-disolvente-para-tejidos\/#primaryimage"},"thumbnailUrl":"https:\/\/wilbra.it\/wp-content\/uploads\/2022\/05\/tex-cleaner.png","datePublished":"2022-05-19T08:04:14+00:00","dateModified":"2023-11-17T11:52:57+00:00","description":"Tex Cleaner es un quitamanchas r\u00e1pido especial para tejidos indicado para la limpieza y eliminaci\u00f3n de manchas. Descubre los productos Wilbra.","breadcrumb":{"@id":"https:\/\/wilbra.it\/es\/producto\/tex-cleaner-quitamanchas-rapido-disolvente-para-tejidos\/#breadcrumb"},"inLanguage":"es","potentialAction":[{"@type":"ReadAction","target":["https:\/\/wilbra.it\/es\/producto\/tex-cleaner-quitamanchas-rapido-disolvente-para-tejidos\/"]}]},{"@type":"ImageObject","inLanguage":"es","@id":"https:\/\/wilbra.it\/es\/producto\/tex-cleaner-quitamanchas-rapido-disolvente-para-tejidos\/#primaryimage","url":"https:\/\/wilbra.it\/wp-content\/uploads\/2022\/05\/tex-cleaner.png","contentUrl":"https:\/\/wilbra.it\/wp-content\/uploads\/2022\/05\/tex-cleaner.png","width":900,"height":900,"caption":"Tex Cleaner quitamanchas r\u00e1pido"},{"@type":"BreadcrumbList","@id":"https:\/\/wilbra.it\/es\/producto\/tex-cleaner-quitamanchas-rapido-disolvente-para-tejidos\/#breadcrumb","itemListElement":[{"@type":"ListItem","position":1,"name":"Cat\u00e1logo de productos","item":"https:\/\/wilbra.it\/es\/catalogo\/"},{"@type":"ListItem","position":2,"name":"Tex Cleaner"}]},{"@type":"WebSite","@id":"https:\/\/wilbra.it\/#website","url":"https:\/\/wilbra.it\/","name":"Wilbra","description":"Prodotti per la cura di pelli e tessuti","potentialAction":[{"@type":"SearchAction","target":{"@type":"EntryPoint","urlTemplate":"https:\/\/wilbra.it\/?s={search_term_string}"},"query-input":{"@type":"PropertyValueSpecification","valueRequired":true,"valueName":"search_term_string"}}],"inLanguage":"es"}]}},"_links":{"self":[{"href":"https:\/\/wilbra.it\/es\/wp-json\/wp\/v2\/product\/15396","targetHints":{"allow":["GET"]}}],"collection":[{"href":"https:\/\/wilbra.it\/es\/wp-json\/wp\/v2\/product"}],"about":[{"href":"https:\/\/wilbra.it\/es\/wp-json\/wp\/v2\/types\/product"}],"replies":[{"embeddable":true,"href":"https:\/\/wilbra.it\/es\/wp-json\/wp\/v2\/comments?post=15396"}],"wp:featuredmedia":[{"embeddable":true,"href":"https:\/\/wilbra.it\/es\/wp-json\/wp\/v2\/media\/14254"}],"wp:attachment":[{"href":"https:\/\/wilbra.it\/es\/wp-json\/wp\/v2\/media?parent=15396"}],"wp:term":[{"taxonomy":"product_brand","embeddable":true,"href":"https:\/\/wilbra.it\/es\/wp-json\/wp\/v2\/product_brand?post=15396"},{"taxonomy":"product_cat","embeddable":true,"href":"https:\/\/wilbra.it\/es\/wp-json\/wp\/v2\/product_cat?post=15396"},{"taxonomy":"product_tag","embeddable":true,"href":"https:\/\/wilbra.it\/es\/wp-json\/wp\/v2\/product_tag?post=15396"}],"curies":[{"name":"wp","href":"https:\/\/api.w.org\/{rel}","templated":true}]}}