{"id":15006,"date":"2022-05-19T11:53:37","date_gmt":"2022-05-19T09:53:37","guid":{"rendered":"https:\/\/wilbra.it\/prodotto\/wilbrasan-igienizzanti-spray-e-gel\/"},"modified":"2023-11-16T15:19:38","modified_gmt":"2023-11-16T14:19:38","slug":"wilbrasan-sanitizantes-spray-y-gel","status":"publish","type":"product","link":"https:\/\/wilbra.it\/es\/producto\/wilbrasan-sanitizantes-spray-y-gel\/","title":{"rendered":"WilbraSan"},"content":{"rendered":"","protected":false},"excerpt":{"rendered":"<p>WilbraSan es la l\u00ednea de productos sanitizantes para manos y superficies que incluye: Gel Sanitizante para Manos, Spray Sanitizante para superficies y Soluci\u00f3n Alcoh\u00f3lica para sanitizar superficies.<\/p>\n<p>La L\u00ednea Desinfectante de Superficies WilbraSan es un producto higienizante en soluci\u00f3n hidroalcoh\u00f3lica al 70% certificada y garantizada. Una vez aplicado no requiere enjuague.<\/p>\n","protected":false},"featured_media":14260,"comment_status":"closed","ping_status":"closed","template":"","meta":[],"product_brand":[],"product_cat":[558,559,560],"product_tag":[],"class_list":{"0":"post-15006","1":"product","2":"type-product","3":"status-publish","4":"has-post-thumbnail","6":"product_cat-artesanos","7":"product_cat-casa","8":"product_cat-industria-es","10":"first","11":"instock","12":"sold-individually","13":"taxable","14":"shipping-taxable","15":"product-type-simple"},"yoast_head":"<!-- This site is optimized with the Yoast SEO plugin v25.8 - https:\/\/yoast.com\/wordpress\/plugins\/seo\/ -->\n<title>WilbraSan - Wilbra<\/title>\n<meta name=\"description\" content=\"L\u00ednea de productos sanitizantes para manos y superficies que incluye gel sanitizante, spray sanitizante y soluci\u00f3n alcoh\u00f3lica.\" \/>\n<meta name=\"robots\" content=\"index, follow, max-snippet:-1, max-image-preview:large, max-video-preview:-1\" \/>\n<link rel=\"canonical\" href=\"https:\/\/wilbra.it\/es\/prodotto\/wilbrasan-sanitizantes-spray-y-gel\/\" \/>\n<meta property=\"og:locale\" content=\"es_ES\" \/>\n<meta property=\"og:type\" content=\"article\" \/>\n<meta property=\"og:title\" content=\"WilbraSan - Wilbra\" \/>\n<meta property=\"og:description\" content=\"L\u00ednea de productos sanitizantes para manos y superficies que incluye gel sanitizante, spray sanitizante y soluci\u00f3n alcoh\u00f3lica.\" \/>\n<meta property=\"og:url\" content=\"https:\/\/wilbra.it\/es\/prodotto\/wilbrasan-sanitizantes-spray-y-gel\/\" \/>\n<meta property=\"og:site_name\" content=\"Wilbra\" \/>\n<meta property=\"article:modified_time\" content=\"2023-11-16T14:19:38+00:00\" \/>\n<meta property=\"og:image\" content=\"https:\/\/wilbra.it\/wp-content\/uploads\/2022\/05\/wilbrasan.png\" \/>\n\t<meta property=\"og:image:width\" content=\"900\" \/>\n\t<meta property=\"og:image:height\" content=\"900\" \/>\n\t<meta property=\"og:image:type\" content=\"image\/png\" \/>\n<meta name=\"twitter:card\" content=\"summary_large_image\" \/>\n<script type=\"application\/ld+json\" class=\"yoast-schema-graph\">{\"@context\":\"https:\/\/schema.org\",\"@graph\":[{\"@type\":\"WebPage\",\"@id\":\"https:\/\/wilbra.it\/es\/prodotto\/wilbrasan-sanitizantes-spray-y-gel\/\",\"url\":\"https:\/\/wilbra.it\/es\/prodotto\/wilbrasan-sanitizantes-spray-y-gel\/\",\"name\":\"WilbraSan - Wilbra\",\"isPartOf\":{\"@id\":\"https:\/\/wilbra.it\/#website\"},\"primaryImageOfPage\":{\"@id\":\"https:\/\/wilbra.it\/es\/prodotto\/wilbrasan-sanitizantes-spray-y-gel\/#primaryimage\"},\"image\":{\"@id\":\"https:\/\/wilbra.it\/es\/prodotto\/wilbrasan-sanitizantes-spray-y-gel\/#primaryimage\"},\"thumbnailUrl\":\"https:\/\/wilbra.it\/wp-content\/uploads\/2022\/05\/wilbrasan.png\",\"datePublished\":\"2022-05-19T09:53:37+00:00\",\"dateModified\":\"2023-11-16T14:19:38+00:00\",\"description\":\"L\u00ednea de productos sanitizantes para manos y superficies que incluye gel sanitizante, spray sanitizante y soluci\u00f3n alcoh\u00f3lica.\",\"breadcrumb\":{\"@id\":\"https:\/\/wilbra.it\/es\/prodotto\/wilbrasan-sanitizantes-spray-y-gel\/#breadcrumb\"},\"inLanguage\":\"es\",\"potentialAction\":[{\"@type\":\"ReadAction\",\"target\":[\"https:\/\/wilbra.it\/es\/prodotto\/wilbrasan-sanitizantes-spray-y-gel\/\"]}]},{\"@type\":\"ImageObject\",\"inLanguage\":\"es\",\"@id\":\"https:\/\/wilbra.it\/es\/prodotto\/wilbrasan-sanitizantes-spray-y-gel\/#primaryimage\",\"url\":\"https:\/\/wilbra.it\/wp-content\/uploads\/2022\/05\/wilbrasan.png\",\"contentUrl\":\"https:\/\/wilbra.it\/wp-content\/uploads\/2022\/05\/wilbrasan.png\",\"width\":900,\"height\":900,\"caption\":\"WilbraSan - Productos higienizantes\"},{\"@type\":\"BreadcrumbList\",\"@id\":\"https:\/\/wilbra.it\/es\/prodotto\/wilbrasan-sanitizantes-spray-y-gel\/#breadcrumb\",\"itemListElement\":[{\"@type\":\"ListItem\",\"position\":1,\"name\":\"Cat\u00e1logo de productos\",\"item\":\"https:\/\/wilbra.it\/es\/catalogo\/\"},{\"@type\":\"ListItem\",\"position\":2,\"name\":\"WilbraSan\"}]},{\"@type\":\"WebSite\",\"@id\":\"https:\/\/wilbra.it\/#website\",\"url\":\"https:\/\/wilbra.it\/\",\"name\":\"Wilbra\",\"description\":\"Prodotti per la cura di pelli e tessuti\",\"potentialAction\":[{\"@type\":\"SearchAction\",\"target\":{\"@type\":\"EntryPoint\",\"urlTemplate\":\"https:\/\/wilbra.it\/?s={search_term_string}\"},\"query-input\":{\"@type\":\"PropertyValueSpecification\",\"valueRequired\":true,\"valueName\":\"search_term_string\"}}],\"inLanguage\":\"es\"}]}<\/script>\n<!-- \/ Yoast SEO plugin. -->","yoast_head_json":{"title":"WilbraSan - Wilbra","description":"L\u00ednea de productos sanitizantes para manos y superficies que incluye gel sanitizante, spray sanitizante y soluci\u00f3n alcoh\u00f3lica.","robots":{"index":"index","follow":"follow","max-snippet":"max-snippet:-1","max-image-preview":"max-image-preview:large","max-video-preview":"max-video-preview:-1"},"canonical":"https:\/\/wilbra.it\/es\/prodotto\/wilbrasan-sanitizantes-spray-y-gel\/","og_locale":"es_ES","og_type":"article","og_title":"WilbraSan - Wilbra","og_description":"L\u00ednea de productos sanitizantes para manos y superficies que incluye gel sanitizante, spray sanitizante y soluci\u00f3n alcoh\u00f3lica.","og_url":"https:\/\/wilbra.it\/es\/prodotto\/wilbrasan-sanitizantes-spray-y-gel\/","og_site_name":"Wilbra","article_modified_time":"2023-11-16T14:19:38+00:00","og_image":[{"width":900,"height":900,"url":"https:\/\/wilbra.it\/wp-content\/uploads\/2022\/05\/wilbrasan.png","type":"image\/png"}],"twitter_card":"summary_large_image","schema":{"@context":"https:\/\/schema.org","@graph":[{"@type":"WebPage","@id":"https:\/\/wilbra.it\/es\/prodotto\/wilbrasan-sanitizantes-spray-y-gel\/","url":"https:\/\/wilbra.it\/es\/prodotto\/wilbrasan-sanitizantes-spray-y-gel\/","name":"WilbraSan - Wilbra","isPartOf":{"@id":"https:\/\/wilbra.it\/#website"},"primaryImageOfPage":{"@id":"https:\/\/wilbra.it\/es\/prodotto\/wilbrasan-sanitizantes-spray-y-gel\/#primaryimage"},"image":{"@id":"https:\/\/wilbra.it\/es\/prodotto\/wilbrasan-sanitizantes-spray-y-gel\/#primaryimage"},"thumbnailUrl":"https:\/\/wilbra.it\/wp-content\/uploads\/2022\/05\/wilbrasan.png","datePublished":"2022-05-19T09:53:37+00:00","dateModified":"2023-11-16T14:19:38+00:00","description":"L\u00ednea de productos sanitizantes para manos y superficies que incluye gel sanitizante, spray sanitizante y soluci\u00f3n alcoh\u00f3lica.","breadcrumb":{"@id":"https:\/\/wilbra.it\/es\/prodotto\/wilbrasan-sanitizantes-spray-y-gel\/#breadcrumb"},"inLanguage":"es","potentialAction":[{"@type":"ReadAction","target":["https:\/\/wilbra.it\/es\/prodotto\/wilbrasan-sanitizantes-spray-y-gel\/"]}]},{"@type":"ImageObject","inLanguage":"es","@id":"https:\/\/wilbra.it\/es\/prodotto\/wilbrasan-sanitizantes-spray-y-gel\/#primaryimage","url":"https:\/\/wilbra.it\/wp-content\/uploads\/2022\/05\/wilbrasan.png","contentUrl":"https:\/\/wilbra.it\/wp-content\/uploads\/2022\/05\/wilbrasan.png","width":900,"height":900,"caption":"WilbraSan - Productos higienizantes"},{"@type":"BreadcrumbList","@id":"https:\/\/wilbra.it\/es\/prodotto\/wilbrasan-sanitizantes-spray-y-gel\/#breadcrumb","itemListElement":[{"@type":"ListItem","position":1,"name":"Cat\u00e1logo de productos","item":"https:\/\/wilbra.it\/es\/catalogo\/"},{"@type":"ListItem","position":2,"name":"WilbraSan"}]},{"@type":"WebSite","@id":"https:\/\/wilbra.it\/#website","url":"https:\/\/wilbra.it\/","name":"Wilbra","description":"Prodotti per la cura di pelli e tessuti","potentialAction":[{"@type":"SearchAction","target":{"@type":"EntryPoint","urlTemplate":"https:\/\/wilbra.it\/?s={search_term_string}"},"query-input":{"@type":"PropertyValueSpecification","valueRequired":true,"valueName":"search_term_string"}}],"inLanguage":"es"}]}},"_links":{"self":[{"href":"https:\/\/wilbra.it\/es\/wp-json\/wp\/v2\/product\/15006","targetHints":{"allow":["GET"]}}],"collection":[{"href":"https:\/\/wilbra.it\/es\/wp-json\/wp\/v2\/product"}],"about":[{"href":"https:\/\/wilbra.it\/es\/wp-json\/wp\/v2\/types\/product"}],"replies":[{"embeddable":true,"href":"https:\/\/wilbra.it\/es\/wp-json\/wp\/v2\/comments?post=15006"}],"wp:featuredmedia":[{"embeddable":true,"href":"https:\/\/wilbra.it\/es\/wp-json\/wp\/v2\/media\/14260"}],"wp:attachment":[{"href":"https:\/\/wilbra.it\/es\/wp-json\/wp\/v2\/media?parent=15006"}],"wp:term":[{"taxonomy":"product_brand","embeddable":true,"href":"https:\/\/wilbra.it\/es\/wp-json\/wp\/v2\/product_brand?post=15006"},{"taxonomy":"product_cat","embeddable":true,"href":"https:\/\/wilbra.it\/es\/wp-json\/wp\/v2\/product_cat?post=15006"},{"taxonomy":"product_tag","embeddable":true,"href":"https:\/\/wilbra.it\/es\/wp-json\/wp\/v2\/product_tag?post=15006"}],"curies":[{"name":"wp","href":"https:\/\/api.w.org\/{rel}","templated":true}]}}