{"id":14998,"date":"2022-05-19T12:55:16","date_gmt":"2022-05-19T10:55:16","guid":{"rendered":"https:\/\/wilbra.it\/prodotto\/vinik-colla-vinilica-bianca\/"},"modified":"2023-11-16T15:13:56","modified_gmt":"2023-11-16T14:13:56","slug":"vinik-cola-vinilica-blanca","status":"publish","type":"product","link":"https:\/\/wilbra.it\/es\/producto\/vinik-cola-vinilica-blanca\/","title":{"rendered":"Vinik"},"content":{"rendered":"","protected":false},"excerpt":{"rendered":"<p>Vinik (WilbraVil) es el pegamento vin\u00edlico blanco universal: el adhesivo vin\u00edlico de viscosidad media eficaz, seguro y fabricado en Italia. Vinik (WilbraVil) es un adhesivo termopl\u00e1stico y por tanto apto para un uso amplio y general tanto en el mundo del bricolaje como en el \u00e1mbito profesional. La cola vin\u00edlica Vinik (WilbraVil) une r\u00e1pidamente madera, fieltro, papel, cart\u00f3n, corcho, tejidos y cuero.<\/p>\n<p>Adem\u00e1s, al no contener disolventes y ser a base de agua, Vinik (WilbraVil) es seguro de usar, no es inflamable ni t\u00f3xico.<\/p>\n","protected":false},"featured_media":14321,"comment_status":"closed","ping_status":"closed","template":"","meta":[],"product_brand":[],"product_cat":[558,559,560],"product_tag":[563],"class_list":{"0":"post-14998","1":"product","2":"type-product","3":"status-publish","4":"has-post-thumbnail","6":"product_cat-artesanos","7":"product_cat-casa","8":"product_cat-industria-es","9":"product_tag-adhesivos-y-colas","11":"first","12":"instock","13":"sold-individually","14":"taxable","15":"shipping-taxable","16":"purchasable","17":"product-type-variable","18":"has-default-attributes"},"yoast_head":"<!-- This site is optimized with the Yoast SEO plugin v25.8 - https:\/\/yoast.com\/wordpress\/plugins\/seo\/ -->\n<title>Cola vin\u00edlica Vinik Artiglio - Wilbra<\/title>\n<meta name=\"description\" content=\"Cola vin\u00edlica para madera, papel, cuero, corcho, nubuck. Para uso profesional y bricolaje. No inflamable, no t\u00f3xico, fabricado en Italia.\" \/>\n<meta name=\"robots\" content=\"index, follow, max-snippet:-1, max-image-preview:large, max-video-preview:-1\" \/>\n<link rel=\"canonical\" href=\"https:\/\/wilbra.it\/es\/prodotto\/vinik-cola-vinilica-blanca\/\" \/>\n<meta property=\"og:locale\" content=\"es_ES\" \/>\n<meta property=\"og:type\" content=\"article\" \/>\n<meta property=\"og:title\" content=\"Cola vin\u00edlica Vinik Artiglio - Wilbra\" \/>\n<meta property=\"og:description\" content=\"Cola vin\u00edlica para madera, papel, cuero, corcho, nubuck. Para uso profesional y bricolaje. No inflamable, no t\u00f3xico, fabricado en Italia.\" \/>\n<meta property=\"og:url\" content=\"https:\/\/wilbra.it\/es\/prodotto\/vinik-cola-vinilica-blanca\/\" \/>\n<meta property=\"og:site_name\" content=\"Wilbra\" \/>\n<meta property=\"article:modified_time\" content=\"2023-11-16T14:13:56+00:00\" \/>\n<meta property=\"og:image\" content=\"https:\/\/wilbra.it\/wp-content\/uploads\/2022\/05\/artiglio-vinik-colla-vinilica-bianca.jpg\" \/>\n\t<meta property=\"og:image:width\" content=\"800\" \/>\n\t<meta property=\"og:image:height\" content=\"800\" \/>\n\t<meta property=\"og:image:type\" content=\"image\/jpeg\" \/>\n<meta name=\"twitter:card\" content=\"summary_large_image\" \/>\n<script type=\"application\/ld+json\" class=\"yoast-schema-graph\">{\"@context\":\"https:\/\/schema.org\",\"@graph\":[{\"@type\":\"WebPage\",\"@id\":\"https:\/\/wilbra.it\/es\/prodotto\/vinik-cola-vinilica-blanca\/\",\"url\":\"https:\/\/wilbra.it\/es\/prodotto\/vinik-cola-vinilica-blanca\/\",\"name\":\"Cola vin\u00edlica Vinik Artiglio - Wilbra\",\"isPartOf\":{\"@id\":\"https:\/\/wilbra.it\/#website\"},\"primaryImageOfPage\":{\"@id\":\"https:\/\/wilbra.it\/es\/prodotto\/vinik-cola-vinilica-blanca\/#primaryimage\"},\"image\":{\"@id\":\"https:\/\/wilbra.it\/es\/prodotto\/vinik-cola-vinilica-blanca\/#primaryimage\"},\"thumbnailUrl\":\"https:\/\/wilbra.it\/wp-content\/uploads\/2022\/05\/artiglio-vinik-colla-vinilica-bianca.jpg\",\"datePublished\":\"2022-05-19T10:55:16+00:00\",\"dateModified\":\"2023-11-16T14:13:56+00:00\",\"description\":\"Cola vin\u00edlica para madera, papel, cuero, corcho, nubuck. Para uso profesional y bricolaje. No inflamable, no t\u00f3xico, fabricado en Italia.\",\"breadcrumb\":{\"@id\":\"https:\/\/wilbra.it\/es\/prodotto\/vinik-cola-vinilica-blanca\/#breadcrumb\"},\"inLanguage\":\"es\",\"potentialAction\":[{\"@type\":\"ReadAction\",\"target\":[\"https:\/\/wilbra.it\/es\/prodotto\/vinik-cola-vinilica-blanca\/\"]}]},{\"@type\":\"ImageObject\",\"inLanguage\":\"es\",\"@id\":\"https:\/\/wilbra.it\/es\/prodotto\/vinik-cola-vinilica-blanca\/#primaryimage\",\"url\":\"https:\/\/wilbra.it\/wp-content\/uploads\/2022\/05\/artiglio-vinik-colla-vinilica-bianca.jpg\",\"contentUrl\":\"https:\/\/wilbra.it\/wp-content\/uploads\/2022\/05\/artiglio-vinik-colla-vinilica-bianca.jpg\",\"width\":800,\"height\":800,\"caption\":\"Cola vin\u00edlica blanca Artiglio Vinik\"},{\"@type\":\"BreadcrumbList\",\"@id\":\"https:\/\/wilbra.it\/es\/prodotto\/vinik-cola-vinilica-blanca\/#breadcrumb\",\"itemListElement\":[{\"@type\":\"ListItem\",\"position\":1,\"name\":\"Cat\u00e1logo de productos\",\"item\":\"https:\/\/wilbra.it\/es\/catalogo\/\"},{\"@type\":\"ListItem\",\"position\":2,\"name\":\"Vinik\"}]},{\"@type\":\"WebSite\",\"@id\":\"https:\/\/wilbra.it\/#website\",\"url\":\"https:\/\/wilbra.it\/\",\"name\":\"Wilbra\",\"description\":\"Prodotti per la cura di pelli e tessuti\",\"potentialAction\":[{\"@type\":\"SearchAction\",\"target\":{\"@type\":\"EntryPoint\",\"urlTemplate\":\"https:\/\/wilbra.it\/?s={search_term_string}\"},\"query-input\":{\"@type\":\"PropertyValueSpecification\",\"valueRequired\":true,\"valueName\":\"search_term_string\"}}],\"inLanguage\":\"es\"}]}<\/script>\n<!-- \/ Yoast SEO plugin. -->","yoast_head_json":{"title":"Cola vin\u00edlica Vinik Artiglio - Wilbra","description":"Cola vin\u00edlica para madera, papel, cuero, corcho, nubuck. Para uso profesional y bricolaje. No inflamable, no t\u00f3xico, fabricado en Italia.","robots":{"index":"index","follow":"follow","max-snippet":"max-snippet:-1","max-image-preview":"max-image-preview:large","max-video-preview":"max-video-preview:-1"},"canonical":"https:\/\/wilbra.it\/es\/prodotto\/vinik-cola-vinilica-blanca\/","og_locale":"es_ES","og_type":"article","og_title":"Cola vin\u00edlica Vinik Artiglio - Wilbra","og_description":"Cola vin\u00edlica para madera, papel, cuero, corcho, nubuck. Para uso profesional y bricolaje. No inflamable, no t\u00f3xico, fabricado en Italia.","og_url":"https:\/\/wilbra.it\/es\/prodotto\/vinik-cola-vinilica-blanca\/","og_site_name":"Wilbra","article_modified_time":"2023-11-16T14:13:56+00:00","og_image":[{"width":800,"height":800,"url":"https:\/\/wilbra.it\/wp-content\/uploads\/2022\/05\/artiglio-vinik-colla-vinilica-bianca.jpg","type":"image\/jpeg"}],"twitter_card":"summary_large_image","schema":{"@context":"https:\/\/schema.org","@graph":[{"@type":"WebPage","@id":"https:\/\/wilbra.it\/es\/prodotto\/vinik-cola-vinilica-blanca\/","url":"https:\/\/wilbra.it\/es\/prodotto\/vinik-cola-vinilica-blanca\/","name":"Cola vin\u00edlica Vinik Artiglio - Wilbra","isPartOf":{"@id":"https:\/\/wilbra.it\/#website"},"primaryImageOfPage":{"@id":"https:\/\/wilbra.it\/es\/prodotto\/vinik-cola-vinilica-blanca\/#primaryimage"},"image":{"@id":"https:\/\/wilbra.it\/es\/prodotto\/vinik-cola-vinilica-blanca\/#primaryimage"},"thumbnailUrl":"https:\/\/wilbra.it\/wp-content\/uploads\/2022\/05\/artiglio-vinik-colla-vinilica-bianca.jpg","datePublished":"2022-05-19T10:55:16+00:00","dateModified":"2023-11-16T14:13:56+00:00","description":"Cola vin\u00edlica para madera, papel, cuero, corcho, nubuck. Para uso profesional y bricolaje. No inflamable, no t\u00f3xico, fabricado en Italia.","breadcrumb":{"@id":"https:\/\/wilbra.it\/es\/prodotto\/vinik-cola-vinilica-blanca\/#breadcrumb"},"inLanguage":"es","potentialAction":[{"@type":"ReadAction","target":["https:\/\/wilbra.it\/es\/prodotto\/vinik-cola-vinilica-blanca\/"]}]},{"@type":"ImageObject","inLanguage":"es","@id":"https:\/\/wilbra.it\/es\/prodotto\/vinik-cola-vinilica-blanca\/#primaryimage","url":"https:\/\/wilbra.it\/wp-content\/uploads\/2022\/05\/artiglio-vinik-colla-vinilica-bianca.jpg","contentUrl":"https:\/\/wilbra.it\/wp-content\/uploads\/2022\/05\/artiglio-vinik-colla-vinilica-bianca.jpg","width":800,"height":800,"caption":"Cola vin\u00edlica blanca Artiglio Vinik"},{"@type":"BreadcrumbList","@id":"https:\/\/wilbra.it\/es\/prodotto\/vinik-cola-vinilica-blanca\/#breadcrumb","itemListElement":[{"@type":"ListItem","position":1,"name":"Cat\u00e1logo de productos","item":"https:\/\/wilbra.it\/es\/catalogo\/"},{"@type":"ListItem","position":2,"name":"Vinik"}]},{"@type":"WebSite","@id":"https:\/\/wilbra.it\/#website","url":"https:\/\/wilbra.it\/","name":"Wilbra","description":"Prodotti per la cura di pelli e tessuti","potentialAction":[{"@type":"SearchAction","target":{"@type":"EntryPoint","urlTemplate":"https:\/\/wilbra.it\/?s={search_term_string}"},"query-input":{"@type":"PropertyValueSpecification","valueRequired":true,"valueName":"search_term_string"}}],"inLanguage":"es"}]}},"_links":{"self":[{"href":"https:\/\/wilbra.it\/es\/wp-json\/wp\/v2\/product\/14998","targetHints":{"allow":["GET"]}}],"collection":[{"href":"https:\/\/wilbra.it\/es\/wp-json\/wp\/v2\/product"}],"about":[{"href":"https:\/\/wilbra.it\/es\/wp-json\/wp\/v2\/types\/product"}],"replies":[{"embeddable":true,"href":"https:\/\/wilbra.it\/es\/wp-json\/wp\/v2\/comments?post=14998"}],"wp:featuredmedia":[{"embeddable":true,"href":"https:\/\/wilbra.it\/es\/wp-json\/wp\/v2\/media\/14321"}],"wp:attachment":[{"href":"https:\/\/wilbra.it\/es\/wp-json\/wp\/v2\/media?parent=14998"}],"wp:term":[{"taxonomy":"product_brand","embeddable":true,"href":"https:\/\/wilbra.it\/es\/wp-json\/wp\/v2\/product_brand?post=14998"},{"taxonomy":"product_cat","embeddable":true,"href":"https:\/\/wilbra.it\/es\/wp-json\/wp\/v2\/product_cat?post=14998"},{"taxonomy":"product_tag","embeddable":true,"href":"https:\/\/wilbra.it\/es\/wp-json\/wp\/v2\/product_tag?post=14998"}],"curies":[{"name":"wp","href":"https:\/\/api.w.org\/{rel}","templated":true}]}}