{"id":14686,"date":"2023-03-01T09:31:39","date_gmt":"2023-03-01T08:31:39","guid":{"rendered":"https:\/\/wilbra.it\/prodotto\/uno-bianco-bianchetto-liquido-coprente-per-pelli-liscie-e-nabuk\/"},"modified":"2023-11-23T15:49:16","modified_gmt":"2023-11-23T14:49:16","slug":"uno-bianco-blanqueador-liquido","status":"publish","type":"product","link":"https:\/\/wilbra.it\/es\/producto\/uno-bianco-blanqueador-liquido\/","title":{"rendered":"UnoBianco L\u00edquido"},"content":{"rendered":"","protected":false},"excerpt":{"rendered":"<p>UnoBianco Perla l\u00edquido es un blanqueador universal especial en formato l\u00edquido. Es un blanqueador muy cubriente e indicado para restaurar el color blanco de zapatos, zapatillas, botas, sof\u00e1s, asientos, bolsos y prendas de vestir en piel lisa y ante. UnoBianco en versi\u00f3n l\u00edquida se ofrece en un frasco de 75 ml con un c\u00f3modo dosificador.<\/p>\n<p>Tambi\u00e9n disponible en la versi\u00f3n <a href=\"https:\/\/wilbra.it\/es\/producto\/uno-bianco-crema-cubredora-blanca-para-piel-lisa-y-nubuck\/\">tubo crema.<\/a><\/p>\n","protected":false},"featured_media":14328,"comment_status":"closed","ping_status":"closed","template":"","meta":[],"product_brand":[],"product_cat":[558,559],"product_tag":[684],"class_list":{"0":"post-14686","1":"product","2":"type-product","3":"status-publish","4":"has-post-thumbnail","6":"product_cat-artesanos","7":"product_cat-casa","8":"product_tag-pinturas-y-tintes","10":"first","11":"instock","12":"sold-individually","13":"taxable","14":"shipping-taxable","15":"product-type-simple"},"yoast_head":"<!-- This site is optimized with the Yoast SEO plugin v25.8 - https:\/\/yoast.com\/wordpress\/plugins\/seo\/ -->\n<title>Blanqueador L\u00edquido UnoBianco - Wilbra<\/title>\n<meta name=\"description\" content=\"Blanqueamiento opaco para restaurar el color blanco de zapatos, zapatillas, botas, sof\u00e1s, asientos, bolsos y prendas de vestir en piel lisa y ante.\" \/>\n<meta name=\"robots\" content=\"index, follow, max-snippet:-1, max-image-preview:large, max-video-preview:-1\" \/>\n<link rel=\"canonical\" href=\"https:\/\/wilbra.it\/es\/producto\/uno-bianco-blanqueador-liquido\/\" \/>\n<meta property=\"og:locale\" content=\"es_ES\" \/>\n<meta property=\"og:type\" content=\"article\" \/>\n<meta property=\"og:title\" content=\"Blanqueador L\u00edquido UnoBianco - Wilbra\" \/>\n<meta property=\"og:description\" content=\"Blanqueamiento opaco para restaurar el color blanco de zapatos, zapatillas, botas, sof\u00e1s, asientos, bolsos y prendas de vestir en piel lisa y ante.\" \/>\n<meta property=\"og:url\" content=\"https:\/\/wilbra.it\/es\/producto\/uno-bianco-blanqueador-liquido\/\" \/>\n<meta property=\"og:site_name\" content=\"Wilbra\" \/>\n<meta property=\"article:modified_time\" content=\"2023-11-23T14:49:16+00:00\" \/>\n<meta property=\"og:image\" content=\"https:\/\/wilbra.it\/wp-content\/uploads\/2023\/03\/perla-uno-bianco-liquido.jpg\" \/>\n\t<meta property=\"og:image:width\" content=\"800\" \/>\n\t<meta property=\"og:image:height\" content=\"800\" \/>\n\t<meta property=\"og:image:type\" content=\"image\/jpeg\" \/>\n<meta name=\"twitter:card\" content=\"summary_large_image\" \/>\n<script type=\"application\/ld+json\" class=\"yoast-schema-graph\">{\"@context\":\"https:\/\/schema.org\",\"@graph\":[{\"@type\":\"WebPage\",\"@id\":\"https:\/\/wilbra.it\/es\/producto\/uno-bianco-blanqueador-liquido\/\",\"url\":\"https:\/\/wilbra.it\/es\/producto\/uno-bianco-blanqueador-liquido\/\",\"name\":\"Blanqueador L\u00edquido UnoBianco - Wilbra\",\"isPartOf\":{\"@id\":\"https:\/\/wilbra.it\/#website\"},\"primaryImageOfPage\":{\"@id\":\"https:\/\/wilbra.it\/es\/producto\/uno-bianco-blanqueador-liquido\/#primaryimage\"},\"image\":{\"@id\":\"https:\/\/wilbra.it\/es\/producto\/uno-bianco-blanqueador-liquido\/#primaryimage\"},\"thumbnailUrl\":\"https:\/\/wilbra.it\/wp-content\/uploads\/2023\/03\/perla-uno-bianco-liquido.jpg\",\"datePublished\":\"2023-03-01T08:31:39+00:00\",\"dateModified\":\"2023-11-23T14:49:16+00:00\",\"description\":\"Blanqueamiento opaco para restaurar el color blanco de zapatos, zapatillas, botas, sof\u00e1s, asientos, bolsos y prendas de vestir en piel lisa y ante.\",\"breadcrumb\":{\"@id\":\"https:\/\/wilbra.it\/es\/producto\/uno-bianco-blanqueador-liquido\/#breadcrumb\"},\"inLanguage\":\"es\",\"potentialAction\":[{\"@type\":\"ReadAction\",\"target\":[\"https:\/\/wilbra.it\/es\/producto\/uno-bianco-blanqueador-liquido\/\"]}]},{\"@type\":\"ImageObject\",\"inLanguage\":\"es\",\"@id\":\"https:\/\/wilbra.it\/es\/producto\/uno-bianco-blanqueador-liquido\/#primaryimage\",\"url\":\"https:\/\/wilbra.it\/wp-content\/uploads\/2023\/03\/perla-uno-bianco-liquido.jpg\",\"contentUrl\":\"https:\/\/wilbra.it\/wp-content\/uploads\/2023\/03\/perla-uno-bianco-liquido.jpg\",\"width\":800,\"height\":800,\"caption\":\"Tinte l\u00edquido blanco para objetos de cuero\"},{\"@type\":\"BreadcrumbList\",\"@id\":\"https:\/\/wilbra.it\/es\/producto\/uno-bianco-blanqueador-liquido\/#breadcrumb\",\"itemListElement\":[{\"@type\":\"ListItem\",\"position\":1,\"name\":\"Cat\u00e1logo de productos\",\"item\":\"https:\/\/wilbra.it\/es\/catalogo\/\"},{\"@type\":\"ListItem\",\"position\":2,\"name\":\"UnoBianco L\u00edquido\"}]},{\"@type\":\"WebSite\",\"@id\":\"https:\/\/wilbra.it\/#website\",\"url\":\"https:\/\/wilbra.it\/\",\"name\":\"Wilbra\",\"description\":\"Prodotti per la cura di pelli e tessuti\",\"potentialAction\":[{\"@type\":\"SearchAction\",\"target\":{\"@type\":\"EntryPoint\",\"urlTemplate\":\"https:\/\/wilbra.it\/?s={search_term_string}\"},\"query-input\":{\"@type\":\"PropertyValueSpecification\",\"valueRequired\":true,\"valueName\":\"search_term_string\"}}],\"inLanguage\":\"es\"}]}<\/script>\n<!-- \/ Yoast SEO plugin. -->","yoast_head_json":{"title":"Blanqueador L\u00edquido UnoBianco - Wilbra","description":"Blanqueamiento opaco para restaurar el color blanco de zapatos, zapatillas, botas, sof\u00e1s, asientos, bolsos y prendas de vestir en piel lisa y ante.","robots":{"index":"index","follow":"follow","max-snippet":"max-snippet:-1","max-image-preview":"max-image-preview:large","max-video-preview":"max-video-preview:-1"},"canonical":"https:\/\/wilbra.it\/es\/producto\/uno-bianco-blanqueador-liquido\/","og_locale":"es_ES","og_type":"article","og_title":"Blanqueador L\u00edquido UnoBianco - Wilbra","og_description":"Blanqueamiento opaco para restaurar el color blanco de zapatos, zapatillas, botas, sof\u00e1s, asientos, bolsos y prendas de vestir en piel lisa y ante.","og_url":"https:\/\/wilbra.it\/es\/producto\/uno-bianco-blanqueador-liquido\/","og_site_name":"Wilbra","article_modified_time":"2023-11-23T14:49:16+00:00","og_image":[{"width":800,"height":800,"url":"https:\/\/wilbra.it\/wp-content\/uploads\/2023\/03\/perla-uno-bianco-liquido.jpg","type":"image\/jpeg"}],"twitter_card":"summary_large_image","schema":{"@context":"https:\/\/schema.org","@graph":[{"@type":"WebPage","@id":"https:\/\/wilbra.it\/es\/producto\/uno-bianco-blanqueador-liquido\/","url":"https:\/\/wilbra.it\/es\/producto\/uno-bianco-blanqueador-liquido\/","name":"Blanqueador L\u00edquido UnoBianco - Wilbra","isPartOf":{"@id":"https:\/\/wilbra.it\/#website"},"primaryImageOfPage":{"@id":"https:\/\/wilbra.it\/es\/producto\/uno-bianco-blanqueador-liquido\/#primaryimage"},"image":{"@id":"https:\/\/wilbra.it\/es\/producto\/uno-bianco-blanqueador-liquido\/#primaryimage"},"thumbnailUrl":"https:\/\/wilbra.it\/wp-content\/uploads\/2023\/03\/perla-uno-bianco-liquido.jpg","datePublished":"2023-03-01T08:31:39+00:00","dateModified":"2023-11-23T14:49:16+00:00","description":"Blanqueamiento opaco para restaurar el color blanco de zapatos, zapatillas, botas, sof\u00e1s, asientos, bolsos y prendas de vestir en piel lisa y ante.","breadcrumb":{"@id":"https:\/\/wilbra.it\/es\/producto\/uno-bianco-blanqueador-liquido\/#breadcrumb"},"inLanguage":"es","potentialAction":[{"@type":"ReadAction","target":["https:\/\/wilbra.it\/es\/producto\/uno-bianco-blanqueador-liquido\/"]}]},{"@type":"ImageObject","inLanguage":"es","@id":"https:\/\/wilbra.it\/es\/producto\/uno-bianco-blanqueador-liquido\/#primaryimage","url":"https:\/\/wilbra.it\/wp-content\/uploads\/2023\/03\/perla-uno-bianco-liquido.jpg","contentUrl":"https:\/\/wilbra.it\/wp-content\/uploads\/2023\/03\/perla-uno-bianco-liquido.jpg","width":800,"height":800,"caption":"Tinte l\u00edquido blanco para objetos de cuero"},{"@type":"BreadcrumbList","@id":"https:\/\/wilbra.it\/es\/producto\/uno-bianco-blanqueador-liquido\/#breadcrumb","itemListElement":[{"@type":"ListItem","position":1,"name":"Cat\u00e1logo de productos","item":"https:\/\/wilbra.it\/es\/catalogo\/"},{"@type":"ListItem","position":2,"name":"UnoBianco L\u00edquido"}]},{"@type":"WebSite","@id":"https:\/\/wilbra.it\/#website","url":"https:\/\/wilbra.it\/","name":"Wilbra","description":"Prodotti per la cura di pelli e tessuti","potentialAction":[{"@type":"SearchAction","target":{"@type":"EntryPoint","urlTemplate":"https:\/\/wilbra.it\/?s={search_term_string}"},"query-input":{"@type":"PropertyValueSpecification","valueRequired":true,"valueName":"search_term_string"}}],"inLanguage":"es"}]}},"_links":{"self":[{"href":"https:\/\/wilbra.it\/es\/wp-json\/wp\/v2\/product\/14686","targetHints":{"allow":["GET"]}}],"collection":[{"href":"https:\/\/wilbra.it\/es\/wp-json\/wp\/v2\/product"}],"about":[{"href":"https:\/\/wilbra.it\/es\/wp-json\/wp\/v2\/types\/product"}],"replies":[{"embeddable":true,"href":"https:\/\/wilbra.it\/es\/wp-json\/wp\/v2\/comments?post=14686"}],"wp:featuredmedia":[{"embeddable":true,"href":"https:\/\/wilbra.it\/es\/wp-json\/wp\/v2\/media\/14328"}],"wp:attachment":[{"href":"https:\/\/wilbra.it\/es\/wp-json\/wp\/v2\/media?parent=14686"}],"wp:term":[{"taxonomy":"product_brand","embeddable":true,"href":"https:\/\/wilbra.it\/es\/wp-json\/wp\/v2\/product_brand?post=14686"},{"taxonomy":"product_cat","embeddable":true,"href":"https:\/\/wilbra.it\/es\/wp-json\/wp\/v2\/product_cat?post=14686"},{"taxonomy":"product_tag","embeddable":true,"href":"https:\/\/wilbra.it\/es\/wp-json\/wp\/v2\/product_tag?post=14686"}],"curies":[{"name":"wp","href":"https:\/\/api.w.org\/{rel}","templated":true}]}}