{"id":14655,"date":"2022-04-27T17:11:01","date_gmt":"2022-04-27T15:11:01","guid":{"rendered":"https:\/\/wilbra.it\/perfil-de-la-empresa\/storia\/"},"modified":"2023-11-14T12:05:22","modified_gmt":"2023-11-14T11:05:22","slug":"historia","status":"publish","type":"page","link":"https:\/\/wilbra.it\/es\/perfil-de-la-empresa\/historia\/","title":{"rendered":"Historia"},"content":{"rendered":"<div class=\"wpb-content-wrapper\"><p>[vc_row css_animation=\u00bb\u00bb row_type=\u00bbrow\u00bb use_row_as_full_screen_section=\u00bbyes\u00bb type=\u00bbfull_width\u00bb angled_section=\u00bbno\u00bb text_align=\u00bbleft\u00bb background_image_as_pattern=\u00bbwithout_pattern\u00bb z_index=\u00bb\u00bb background_image=\u00bb2716&#8243; el_class=\u00bbfull-section-pagine-storia\u00bb][vc_column][vc_empty_space height=\u00bb450px\u00bb el_class=\u00bbempty-space-tablet-orizzontale-top-first-slide\u00bb][vc_row_inner row_type=\u00bbrow\u00bb type=\u00bbfull_width\u00bb text_align=\u00bbleft\u00bb css_animation=\u00bb\u00bb el_class=\u00bbshadow-text-storia\u00bb][vc_column_inner width=\u00bb5\/6&#8243; offset=\u00bbvc_col-lg-offset-3 vc_col-lg-6 vc_col-md-offset-1 vc_col-md-10 vc_col-sm-offset-1&#8243;][qode_elements_holder number_of_columns=\u00bbone_column\u00bb][qode_elements_holder_item vertical_alignment=\u00bbbottom\u00bb horizontal_alignment=\u00bbcenter\u00bb advanced_animations=\u00bbno\u00bb item_padding=\u00bb110px 0px 150px 0px\u00bb item_padding_1280_1440=\u00bb110px 0px 150px 0px\u00bb item_padding_1024_1280=\u00bb110px 0px 150px 0px\u00bb item_padding_768_1024=\u00bb110px 0px 150px 0px\u00bb item_padding_600_768=\u00bb110px 0px 150px 0px\u00bb item_padding_480_600=\u00bb110px 30px 150px 30px\u00bb item_padding_480=\u00bb110px 30px 150px 30px\u00bb][vc_column_text]<\/p>\n<div class=\"container-title-storia\">\n<h3 style=\"font-weight: 400;\">Setenta a\u00f1os de Historia, Innovaci\u00f3n y \u00c9xitos<\/h3>\n<\/div>\n<p>[\/vc_column_text][vc_empty_space height=\u00bb30px\u00bb][vc_column_text]<\/p>\n<h4 class=\"subtitle-storia\">Wilbra naci\u00f3 all\u00e1 por 1951 con la adquisici\u00f3n de la empresa alemana \u00abWilhem Brauns\u00bb<\/h4>\n<p>[\/vc_column_text][vc_empty_space height=\u00bb30px\u00bb][vc_column_text el_class=\u00bbwhite-text\u00bb]Wilbra naci\u00f3 en 1951, en Desio, Italia, con la adquisici\u00f3n de la empresa alemana \u00abWilhem Brauns\u00bb por parte de Giuseppe Fossati. Giuseppe era representante de Brauns y decidi\u00f3 fundar Wilbra junto con un colega qu\u00edmico.[\/vc_column_text][\/qode_elements_holder_item][\/qode_elements_holder][\/vc_column_inner][\/vc_row_inner][\/vc_column][\/vc_row][vc_row css_animation=\u00bb\u00bb row_type=\u00bbrow\u00bb use_row_as_full_screen_section=\u00bbyes\u00bb type=\u00bbfull_width\u00bb angled_section=\u00bbno\u00bb text_align=\u00bbleft\u00bb background_image_as_pattern=\u00bbwithout_pattern\u00bb z_index=\u00bb\u00bb background_image=\u00bb2705&#8243; el_class=\u00bbfull-section-pagine-storia\u00bb][vc_column][vc_empty_space height=\u00bb400px\u00bb el_class=\u00bbempty-space-tablet-orizzontale-top\u00bb][vc_row_inner row_type=\u00bbrow\u00bb type=\u00bbfull_width\u00bb text_align=\u00bbleft\u00bb css_animation=\u00bb\u00bb el_class=\u00bbshadow-text-storia\u00bb][vc_column_inner width=\u00bb5\/6&#8243; offset=\u00bbvc_col-lg-offset-3 vc_col-lg-6 vc_col-md-offset-1 vc_col-md-10 vc_col-sm-offset-1&#8243;][qode_elements_holder number_of_columns=\u00bbone_column\u00bb][qode_elements_holder_item vertical_alignment=\u00bbbottom\u00bb horizontal_alignment=\u00bbcenter\u00bb advanced_animations=\u00bbno\u00bb item_padding=\u00bb80px 30px 100px 70px\u00bb item_padding_1280_1440=\u00bb80px 30px 100px 70px\u00bb item_padding_1024_1280=\u00bb80px 30px 100px 70px\u00bb item_padding_768_1024=\u00bb80px 30px 100px 70px\u00bb item_padding_600_768=\u00bb80px 30px 100px 70px\u00bb item_padding_480_600=\u00bb80px 30px 100px 30px\u00bb item_padding_480=\u00bb80px 30px 100px 30px\u00bb][vc_column_text el_class=\u00bbyellow-text\u00bb]<\/p>\n<h4 class=\"subtitle-storia\">Producci\u00f3n enfocada a satisfacer las necesidades de los zapateros<\/h4>\n<p>[\/vc_column_text][vc_empty_space height=\u00bb25px\u00bb][vc_column_text el_class=\u00bbwhite-text\u00bb]En aquellos a\u00f1os el cat\u00e1logo de Wilbra inclu\u00eda una gran variedad de productos, como colorantes, ceras para suelos, aromas para doli y extractos para bebidas. Pasados \u200b\u200blos primeros a\u00f1os, la producci\u00f3n se centr\u00f3 en satisfacer las necesidades de los numerosos zapateros a los que abastec\u00eda, creando ceras y productos de reparaci\u00f3n para ellos.[\/vc_column_text][vc_empty_space height=\u00bb45px\u00bb][\/qode_elements_holder_item][\/qode_elements_holder][\/vc_column_inner][\/vc_row_inner][\/vc_column][\/vc_row][vc_row css_animation=\u00bb\u00bb row_type=\u00bbrow\u00bb use_row_as_full_screen_section=\u00bbyes\u00bb type=\u00bbfull_width\u00bb angled_section=\u00bbno\u00bb text_align=\u00bbleft\u00bb background_image_as_pattern=\u00bbwithout_pattern\u00bb z_index=\u00bb\u00bb background_image=\u00bb6030&#8243; el_class=\u00bbfull-section-pagine-storia\u00bb][vc_column][vc_empty_space height=\u00bb480px\u00bb el_class=\u00bbempty-space-tablet-orizzontale-top\u00bb][vc_row_inner row_type=\u00bbrow\u00bb type=\u00bbfull_width\u00bb text_align=\u00bbleft\u00bb css_animation=\u00bb\u00bb el_class=\u00bbshadow-text-storia\u00bb][vc_column_inner width=\u00bb5\/6&#8243; offset=\u00bbvc_col-lg-offset-3 vc_col-lg-6 vc_col-md-offset-1 vc_col-md-10&#8243;][qode_elements_holder number_of_columns=\u00bbone_column\u00bb][qode_elements_holder_item vertical_alignment=\u00bbbottom\u00bb horizontal_alignment=\u00bbcenter\u00bb advanced_animations=\u00bbno\u00bb item_padding=\u00bb80px 30px 100px 70px\u00bb item_padding_1280_1440=\u00bb80px 30px 100px 70px\u00bb item_padding_1024_1280=\u00bb80px 30px 100px 70px\u00bb item_padding_768_1024=\u00bb80px 30px 100px 70px\u00bb item_padding_600_768=\u00bb80px 30px 100px 70px\u00bb item_padding_480_600=\u00bb80px 30px 100px 30px\u00bb item_padding_480=\u00bb80px 30px 100px 30px\u00bb][vc_column_text el_class=\u00bbyellow-text\u00bb]<\/p>\n<h4 class=\"subtitle-storia\">Camino lineal de desarrollo tecnol\u00f3gico y aumento de la producci\u00f3n<\/h4>\n<p>[\/vc_column_text][vc_empty_space height=\u00bb25px\u00bb][vc_column_text el_class=\u00bbwhite-text\u00bb]Desde entonces Wilbra ha sabido crecer siguiendo un camino lineal de desarrollo tecnol\u00f3gico y aumento productivo que le ha permitido ofrecer siempre el mejor producto del momento hasta los est\u00e1ndares actuales de especializaci\u00f3n y calidad. Desde el primer peque\u00f1o almac\u00e9n hemos llegado a las tres f\u00e1bricas actuales, que ocupan un total de 11.000 metros cuadrados, de los cuales 6.000 est\u00e1n cubiertos. La maquinaria m\u00e1s moderna que tenemos hoy a nuestra disposici\u00f3n permite una producci\u00f3n r\u00e1pida y flexible, con una amplia gama de colores y diversos formatos.[\/vc_column_text][vc_empty_space height=\u00bb45px\u00bb][\/qode_elements_holder_item][\/qode_elements_holder][\/vc_column_inner][\/vc_row_inner][\/vc_column][\/vc_row][vc_row css_animation=\u00bb\u00bb row_type=\u00bbrow\u00bb use_row_as_full_screen_section=\u00bbyes\u00bb type=\u00bbfull_width\u00bb angled_section=\u00bbno\u00bb text_align=\u00bbleft\u00bb background_image_as_pattern=\u00bbwithout_pattern\u00bb z_index=\u00bb\u00bb el_class=\u00bbfull-section-pagine-storia\u00bb background_image=\u00bb6031&#8243;][vc_column][vc_empty_space height=\u00bb480px\u00bb el_class=\u00bbempty-space-tablet-orizzontale-top\u00bb][vc_row_inner row_type=\u00bbrow\u00bb type=\u00bbfull_width\u00bb text_align=\u00bbleft\u00bb css_animation=\u00bb\u00bb el_class=\u00bbshadow-text-storia\u00bb][vc_column_inner width=\u00bb5\/6&#8243; offset=\u00bbvc_col-lg-offset-3 vc_col-lg-6 vc_col-md-offset-1 vc_col-md-10 vc_col-sm-offset-1&#8243;][qode_elements_holder number_of_columns=\u00bbone_column\u00bb][qode_elements_holder_item vertical_alignment=\u00bbbottom\u00bb horizontal_alignment=\u00bbcenter\u00bb advanced_animations=\u00bbno\u00bb item_padding=\u00bb80px 30px 120px 70px\u00bb item_padding_1280_1440=\u00bb80px 30px 100px 70px\u00bb item_padding_1024_1280=\u00bb80px 30px 100px 70px\u00bb item_padding_768_1024=\u00bb80px 30px 100px 70px\u00bb item_padding_600_768=\u00bb80px 30px 100px 70px\u00bb item_padding_480_600=\u00bb80px 30px 100px 30px\u00bb item_padding_480=\u00bb80px 30px 100px 30px\u00bb][vc_column_text el_class=\u00bbyellow-text\u00bb]<\/p>\n<h4 class=\"subtitle-storia\">Experiencia probada y refinada a lo largo de m\u00e1s de medio siglo<\/h4>\n<p>[\/vc_column_text][vc_empty_space height=\u00bb35px\u00bb][vc_column_text el_class=\u00bbfinal-paragraph-storia\u00bb]La calidad de nuestros productos est\u00e1 garantizada por la coherencia en la compra de materias primas, elegidas entre proveedores primarios y certificados, y por el control de todas las fases de producci\u00f3n de las formulaciones seg\u00fan una experiencia probada y perfeccionada a lo largo de m\u00e1s de medio siglo.[\/vc_column_text][vc_empty_space height=\u00bb15px\u00bb][vc_column_text el_class=\u00bbfinal-paragraph-storia white-text\u00bb]<\/p>\n<h6 style=\"font-style: italic; font-weight: bold;\">Todo esto para brindar a nuestros clientes solo lo mejor.<\/h6>\n<p>[\/vc_column_text][vc_empty_space height=\u00bb25px\u00bb]<a  itemprop=\"url\" href=\"https:\/\/wilbra.it\/es\/productos\" target=\"_self\" data-hover-background-color=\"#00a7d6\" data-hover-border-color=\"#00a7d6\" data-hover-color=\"#ffffff\" class=\"qbutton  white default\" style=\"\">VER TODO EL CAT\u00c1LOGO<\/a>[\/qode_elements_holder_item][\/qode_elements_holder][\/vc_column_inner][\/vc_row_inner][\/vc_column][\/vc_row][vc_row css_animation=\u00bb\u00bb row_type=\u00bbrow\u00bb use_row_as_full_screen_section=\u00bbno\u00bb type=\u00bbfull_width\u00bb angled_section=\u00bbno\u00bb text_align=\u00bbcenter\u00bb background_image_as_pattern=\u00bbwithout_pattern\u00bb z_index=\u00bb\u00bb el_class=\u00bbpagina-storia-responsive\u00bb css=\u00bb.vc_custom_1653561855639{background-color: #000000 !important;}\u00bb][vc_column][vc_single_image image=\u00bb14270&#8243; img_size=\u00bb1080 x 1080&#8243; alignment=\u00bbcenter\u00bb qode_css_animation=\u00bb\u00bb el_class=\u00bbempty-space-top-mobile\u00bb][vc_row_inner row_type=\u00bbrow\u00bb type=\u00bbgrid\u00bb text_align=\u00bbcenter\u00bb css_animation=\u00bb\u00bb][vc_column_inner css=\u00bb.vc_custom_1653562286613{margin-top: -60px !important;}\u00bb][vc_column_text]<\/p>\n<div class=\"container-title-storia\">\n<h3 style=\"font-weight: 400;\">Setenta a\u00f1os de Historia, Innovaci\u00f3n y \u00c9xitos<\/h3>\n<\/div>\n<p>[\/vc_column_text][vc_empty_space height=\u00bb30px\u00bb][vc_column_text el_class=\u00bbtext-storia-mobile\u00bb]<\/p>\n<h4 class=\"subtitle-storia\">Wilbra naci\u00f3 all\u00e1 por 1951 con la adquisici\u00f3n de la empresa alemana \u00abWilhem Brauns\u00bb<\/h4>\n<p>[\/vc_column_text][vc_empty_space height=\u00bb15px\u00bb][vc_column_text el_class=\u00bbwhite-text\u00bb]Wilbra naci\u00f3 en 1951, en Desio, Italia, con la adquisici\u00f3n de la empresa alemana \u00abWilhem Brauns\u00bb por parte de Giuseppe Fossati. Giuseppe era representante de Brauns y decidi\u00f3 fundar Wilbra junto con un colega qu\u00edmico.[\/vc_column_text][\/vc_column_inner][\/vc_row_inner][vc_empty_space height=\u00bb70px\u00bb][\/vc_column][\/vc_row][vc_row css_animation=\u00bb\u00bb row_type=\u00bbrow\u00bb use_row_as_full_screen_section=\u00bbno\u00bb type=\u00bbfull_width\u00bb angled_section=\u00bbno\u00bb text_align=\u00bbcenter\u00bb background_image_as_pattern=\u00bbwithout_pattern\u00bb z_index=\u00bb\u00bb el_class=\u00bbpagina-storia-responsive\u00bb css=\u00bb.vc_custom_1653561850082{background-color: #000000 !important;}\u00bb][vc_column][vc_single_image image=\u00bb14267&#8243; img_size=\u00bb1080&#215;1080&#8243; alignment=\u00bbcenter\u00bb qode_css_animation=\u00bb\u00bb el_class=\u00bbempty-space-top-mobile\u00bb][vc_row_inner row_type=\u00bbrow\u00bb type=\u00bbgrid\u00bb text_align=\u00bbcenter\u00bb css_animation=\u00bb\u00bb][vc_column_inner css=\u00bb.vc_custom_1653562213117{margin-top: -90px !important;}\u00bb][vc_column_text el_class=\u00bbtext-storia-mobile\u00bb]<\/p>\n<h4 class=\"subtitle-storia\">Producci\u00f3n enfocada a satisfacer las necesidades de los zapateros<\/h4>\n<p>[\/vc_column_text][vc_empty_space height=\u00bb15px\u00bb][vc_column_text el_class=\u00bbwhite-text\u00bb]En aquellos a\u00f1os el cat\u00e1logo de Wilbra inclu\u00eda una gran variedad de productos, como colorantes, ceras para suelos, aromas para doli y extractos para bebidas. Pasados \u200b\u200blos primeros a\u00f1os, la producci\u00f3n se centr\u00f3 en satisfacer las necesidades de los numerosos zapateros a los que abastec\u00eda, creando ceras y productos de reparaci\u00f3n para ellos.[\/vc_column_text][\/vc_column_inner][\/vc_row_inner][vc_empty_space height=\u00bb70px\u00bb][\/vc_column][\/vc_row][vc_row css_animation=\u00bb\u00bb row_type=\u00bbrow\u00bb use_row_as_full_screen_section=\u00bbno\u00bb type=\u00bbfull_width\u00bb angled_section=\u00bbno\u00bb text_align=\u00bbcenter\u00bb background_image_as_pattern=\u00bbwithout_pattern\u00bb z_index=\u00bb\u00bb el_class=\u00bbpagina-storia-responsive\u00bb css=\u00bb.vc_custom_1653561797971{background-color: #000000 !important;}\u00bb][vc_column][vc_single_image image=\u00bb14268&#8243; img_size=\u00bb1080&#215;1080&#8243; alignment=\u00bbcenter\u00bb qode_css_animation=\u00bb\u00bb el_class=\u00bbempty-space-top-mobile\u00bb][vc_row_inner row_type=\u00bbrow\u00bb type=\u00bbgrid\u00bb text_align=\u00bbcenter\u00bb css_animation=\u00bb\u00bb][vc_column_inner css=\u00bb.vc_custom_1653562208334{margin-top: -90px !important;}\u00bb][vc_column_text el_class=\u00bbtext-storia-mobile\u00bb]<\/p>\n<h4 class=\"subtitle-storia\">Camino lineal de desarrollo tecnol\u00f3gico y aumento de la producci\u00f3n<\/h4>\n<p>[\/vc_column_text][vc_empty_space height=\u00bb15px\u00bb][vc_column_text el_class=\u00bbwhite-text\u00bb]Desde entonces Wilbra ha sabido crecer siguiendo un camino lineal de desarrollo tecnol\u00f3gico y aumento productivo que le ha permitido ofrecer siempre el mejor producto del momento hasta los est\u00e1ndares actuales de especializaci\u00f3n y calidad. Desde el primer peque\u00f1o almac\u00e9n hemos llegado a las tres f\u00e1bricas actuales, que ocupan un total de 11.000 metros cuadrados, de los cuales 6.000 est\u00e1n cubiertos. La maquinaria m\u00e1s moderna que tenemos hoy a nuestra disposici\u00f3n permite una producci\u00f3n r\u00e1pida y flexible, con una amplia gama de colores y diversos formatos.[\/vc_column_text][\/vc_column_inner][\/vc_row_inner][vc_empty_space height=\u00bb70px\u00bb][\/vc_column][\/vc_row][vc_row css_animation=\u00bb\u00bb row_type=\u00bbrow\u00bb use_row_as_full_screen_section=\u00bbno\u00bb type=\u00bbfull_width\u00bb angled_section=\u00bbno\u00bb text_align=\u00bbcenter\u00bb background_image_as_pattern=\u00bbwithout_pattern\u00bb z_index=\u00bb\u00bb el_class=\u00bbpagina-storia-responsive\u00bb css=\u00bb.vc_custom_1653561804564{background-color: #000000 !important;}\u00bb][vc_column][vc_single_image image=\u00bb14269&#8243; img_size=\u00bb1080&#215;1080&#8243; alignment=\u00bbcenter\u00bb qode_css_animation=\u00bb\u00bb el_class=\u00bbempty-space-top-mobile\u00bb][vc_row_inner row_type=\u00bbrow\u00bb type=\u00bbgrid\u00bb text_align=\u00bbcenter\u00bb css_animation=\u00bb\u00bb][vc_column_inner css=\u00bb.vc_custom_1653562196240{margin-top: -90px !important;}\u00bb][vc_column_text el_class=\u00bbtext-storia-mobile\u00bb]<\/p>\n<h4 class=\"subtitle-storia\">Experiencia probada y refinada a lo largo de m\u00e1s de medio siglo<\/h4>\n<p>[\/vc_column_text][vc_empty_space height=\u00bb15px\u00bb][vc_column_text el_class=\u00bbfinal-paragraph-storia\u00bb]La calidad de nuestros productos est\u00e1 garantizada por la coherencia en la compra de materias primas, elegidas entre proveedores primarios y certificados, y por el control de todas las fases de producci\u00f3n de las formulaciones seg\u00fan una experiencia probada y perfeccionada a lo largo de m\u00e1s de medio siglo.[\/vc_column_text][vc_empty_space height=\u00bb15px\u00bb][vc_column_text el_class=\u00bbfinal-paragraph-storia white-text\u00bb]<\/p>\n<h6 style=\"font-style: italic; font-weight: bold;\">Todo esto para brindar a nuestros clientes solo lo mejor.<\/h6>\n<p>[\/vc_column_text][vc_empty_space height=\u00bb30px\u00bb]<a  itemprop=\"url\" href=\"https:\/\/wilbra.it\/es\/productos\" target=\"_self\"  class=\"qbutton  white default\" style=\"\">VER TODO EL CAT\u00c1LOGO<\/a>[\/vc_column_inner][\/vc_row_inner][vc_empty_space height=\u00bb70px\u00bb][\/vc_column][\/vc_row]<\/p>\n<\/div>","protected":false},"excerpt":{"rendered":"<p>[vc_row css_animation=\u00bb\u00bb row_type=\u00bbrow\u00bb use_row_as_full_screen_section=\u00bbyes\u00bb type=\u00bbfull_width\u00bb angled_section=\u00bbno\u00bb text_align=\u00bbleft\u00bb background_image_as_pattern=\u00bbwithout_pattern\u00bb z_index=\u00bb\u00bb background_image=\u00bb2716&#8243; el_class=\u00bbfull-section-pagine-storia\u00bb][vc_column][vc_empty_space height=\u00bb450px\u00bb el_class=\u00bbempty-space-tablet-orizzontale-top-first-slide\u00bb][vc_row_inner row_type=\u00bbrow\u00bb type=\u00bbfull_width\u00bb text_align=\u00bbleft\u00bb css_animation=\u00bb\u00bb el_class=\u00bbshadow-text-storia\u00bb][vc_column_inner width=\u00bb5\/6&#8243; offset=\u00bbvc_col-lg-offset-3 vc_col-lg-6 vc_col-md-offset-1 vc_col-md-10 vc_col-sm-offset-1&#8243;][qode_elements_holder number_of_columns=\u00bbone_column\u00bb][qode_elements_holder_item vertical_alignment=\u00bbbottom\u00bb horizontal_alignment=\u00bbcenter\u00bb advanced_animations=\u00bbno\u00bb item_padding=\u00bb110px 0px 150px 0px\u00bb item_padding_1280_1440=\u00bb110px 0px 150px 0px\u00bb item_padding_1024_1280=\u00bb110px 0px 150px 0px\u00bb item_padding_768_1024=\u00bb110px 0px 150px 0px\u00bb item_padding_600_768=\u00bb110px&#8230;<\/p>\n","protected":false},"author":2,"featured_media":0,"parent":14649,"menu_order":0,"comment_status":"closed","ping_status":"closed","template":"full_screen.php","meta":{"footnotes":""},"class_list":["post-14655","page","type-page","status-publish","hentry"],"yoast_head":"<!-- This site is optimized with the Yoast SEO plugin v25.8 - https:\/\/yoast.com\/wordpress\/plugins\/seo\/ -->\n<title>Historia - Wilbra<\/title>\n<meta name=\"description\" content=\"Wilbra naci\u00f3 en 1951. Empresa del sector qu\u00edmico, hoy es l\u00edder en el mercado del cuidado y mantenimiento de objetos de cuero.\" \/>\n<meta name=\"robots\" content=\"index, follow, max-snippet:-1, max-image-preview:large, max-video-preview:-1\" \/>\n<link rel=\"canonical\" href=\"https:\/\/wilbra.it\/es\/perfil-de-la-empresa\/historia\/\" \/>\n<meta property=\"og:locale\" content=\"es_ES\" \/>\n<meta property=\"og:type\" content=\"article\" \/>\n<meta property=\"og:title\" content=\"Historia - Wilbra\" \/>\n<meta property=\"og:description\" content=\"Wilbra naci\u00f3 en 1951. Empresa del sector qu\u00edmico, hoy es l\u00edder en el mercado del cuidado y mantenimiento de objetos de cuero.\" \/>\n<meta property=\"og:url\" content=\"https:\/\/wilbra.it\/es\/perfil-de-la-empresa\/historia\/\" \/>\n<meta property=\"og:site_name\" content=\"Wilbra\" \/>\n<meta property=\"article:modified_time\" content=\"2023-11-14T11:05:22+00:00\" \/>\n<meta name=\"twitter:card\" content=\"summary_large_image\" \/>\n<meta name=\"twitter:label1\" content=\"Tiempo de lectura\" \/>\n\t<meta name=\"twitter:data1\" content=\"6 minutos\" \/>\n<script type=\"application\/ld+json\" class=\"yoast-schema-graph\">{\"@context\":\"https:\/\/schema.org\",\"@graph\":[{\"@type\":\"WebPage\",\"@id\":\"https:\/\/wilbra.it\/es\/perfil-de-la-empresa\/historia\/\",\"url\":\"https:\/\/wilbra.it\/es\/perfil-de-la-empresa\/historia\/\",\"name\":\"Historia - Wilbra\",\"isPartOf\":{\"@id\":\"https:\/\/wilbra.it\/#website\"},\"datePublished\":\"2022-04-27T15:11:01+00:00\",\"dateModified\":\"2023-11-14T11:05:22+00:00\",\"description\":\"Wilbra naci\u00f3 en 1951. Empresa del sector qu\u00edmico, hoy es l\u00edder en el mercado del cuidado y mantenimiento de objetos de cuero.\",\"breadcrumb\":{\"@id\":\"https:\/\/wilbra.it\/es\/perfil-de-la-empresa\/historia\/#breadcrumb\"},\"inLanguage\":\"es\",\"potentialAction\":[{\"@type\":\"ReadAction\",\"target\":[\"https:\/\/wilbra.it\/es\/perfil-de-la-empresa\/historia\/\"]}]},{\"@type\":\"BreadcrumbList\",\"@id\":\"https:\/\/wilbra.it\/es\/perfil-de-la-empresa\/historia\/#breadcrumb\",\"itemListElement\":[{\"@type\":\"ListItem\",\"position\":1,\"name\":\"Wilbra\",\"item\":\"https:\/\/wilbra.it\/es\/perfil-de-la-empresa\/\"},{\"@type\":\"ListItem\",\"position\":2,\"name\":\"Historia\"}]},{\"@type\":\"WebSite\",\"@id\":\"https:\/\/wilbra.it\/#website\",\"url\":\"https:\/\/wilbra.it\/\",\"name\":\"Wilbra\",\"description\":\"Prodotti per la cura di pelli e tessuti\",\"potentialAction\":[{\"@type\":\"SearchAction\",\"target\":{\"@type\":\"EntryPoint\",\"urlTemplate\":\"https:\/\/wilbra.it\/?s={search_term_string}\"},\"query-input\":{\"@type\":\"PropertyValueSpecification\",\"valueRequired\":true,\"valueName\":\"search_term_string\"}}],\"inLanguage\":\"es\"}]}<\/script>\n<!-- \/ Yoast SEO plugin. -->","yoast_head_json":{"title":"Historia - Wilbra","description":"Wilbra naci\u00f3 en 1951. Empresa del sector qu\u00edmico, hoy es l\u00edder en el mercado del cuidado y mantenimiento de objetos de cuero.","robots":{"index":"index","follow":"follow","max-snippet":"max-snippet:-1","max-image-preview":"max-image-preview:large","max-video-preview":"max-video-preview:-1"},"canonical":"https:\/\/wilbra.it\/es\/perfil-de-la-empresa\/historia\/","og_locale":"es_ES","og_type":"article","og_title":"Historia - Wilbra","og_description":"Wilbra naci\u00f3 en 1951. Empresa del sector qu\u00edmico, hoy es l\u00edder en el mercado del cuidado y mantenimiento de objetos de cuero.","og_url":"https:\/\/wilbra.it\/es\/perfil-de-la-empresa\/historia\/","og_site_name":"Wilbra","article_modified_time":"2023-11-14T11:05:22+00:00","twitter_card":"summary_large_image","twitter_misc":{"Tiempo de lectura":"6 minutos"},"schema":{"@context":"https:\/\/schema.org","@graph":[{"@type":"WebPage","@id":"https:\/\/wilbra.it\/es\/perfil-de-la-empresa\/historia\/","url":"https:\/\/wilbra.it\/es\/perfil-de-la-empresa\/historia\/","name":"Historia - Wilbra","isPartOf":{"@id":"https:\/\/wilbra.it\/#website"},"datePublished":"2022-04-27T15:11:01+00:00","dateModified":"2023-11-14T11:05:22+00:00","description":"Wilbra naci\u00f3 en 1951. Empresa del sector qu\u00edmico, hoy es l\u00edder en el mercado del cuidado y mantenimiento de objetos de cuero.","breadcrumb":{"@id":"https:\/\/wilbra.it\/es\/perfil-de-la-empresa\/historia\/#breadcrumb"},"inLanguage":"es","potentialAction":[{"@type":"ReadAction","target":["https:\/\/wilbra.it\/es\/perfil-de-la-empresa\/historia\/"]}]},{"@type":"BreadcrumbList","@id":"https:\/\/wilbra.it\/es\/perfil-de-la-empresa\/historia\/#breadcrumb","itemListElement":[{"@type":"ListItem","position":1,"name":"Wilbra","item":"https:\/\/wilbra.it\/es\/perfil-de-la-empresa\/"},{"@type":"ListItem","position":2,"name":"Historia"}]},{"@type":"WebSite","@id":"https:\/\/wilbra.it\/#website","url":"https:\/\/wilbra.it\/","name":"Wilbra","description":"Prodotti per la cura di pelli e tessuti","potentialAction":[{"@type":"SearchAction","target":{"@type":"EntryPoint","urlTemplate":"https:\/\/wilbra.it\/?s={search_term_string}"},"query-input":{"@type":"PropertyValueSpecification","valueRequired":true,"valueName":"search_term_string"}}],"inLanguage":"es"}]}},"_links":{"self":[{"href":"https:\/\/wilbra.it\/es\/wp-json\/wp\/v2\/pages\/14655","targetHints":{"allow":["GET"]}}],"collection":[{"href":"https:\/\/wilbra.it\/es\/wp-json\/wp\/v2\/pages"}],"about":[{"href":"https:\/\/wilbra.it\/es\/wp-json\/wp\/v2\/types\/page"}],"author":[{"embeddable":true,"href":"https:\/\/wilbra.it\/es\/wp-json\/wp\/v2\/users\/2"}],"replies":[{"embeddable":true,"href":"https:\/\/wilbra.it\/es\/wp-json\/wp\/v2\/comments?post=14655"}],"version-history":[{"count":0,"href":"https:\/\/wilbra.it\/es\/wp-json\/wp\/v2\/pages\/14655\/revisions"}],"up":[{"embeddable":true,"href":"https:\/\/wilbra.it\/es\/wp-json\/wp\/v2\/pages\/14649"}],"wp:attachment":[{"href":"https:\/\/wilbra.it\/es\/wp-json\/wp\/v2\/media?parent=14655"}],"curies":[{"name":"wp","href":"https:\/\/api.w.org\/{rel}","templated":true}]}}