{"id":14649,"date":"2022-04-14T10:54:49","date_gmt":"2022-04-14T08:54:49","guid":{"rendered":"https:\/\/wilbra.it\/profilo-aziendale\/"},"modified":"2023-11-29T15:39:04","modified_gmt":"2023-11-29T14:39:04","slug":"perfil-de-la-empresa","status":"publish","type":"page","link":"https:\/\/wilbra.it\/es\/perfil-de-la-empresa\/","title":{"rendered":"Wilbra"},"content":{"rendered":"<div class=\"wpb-content-wrapper\"><p>[vc_row css_animation=\u00bb\u00bb row_type=\u00bbrow\u00bb use_row_as_full_screen_section=\u00bbno\u00bb type=\u00bbgrid\u00bb angled_section=\u00bbno\u00bb text_align=\u00bbcenter\u00bb background_image_as_pattern=\u00bbwithout_pattern\u00bb z_index=\u00bb\u00bb][vc_column offset=\u00bbvc_col-lg-offset-2 vc_col-lg-8 vc_col-md-offset-1 vc_col-md-10&#8243; el_class=\u00bbriga-testo-azienda\u00bb][vc_row_inner row_type=\u00bbrow\u00bb type=\u00bbfull_width\u00bb text_align=\u00bbcenter\u00bb css_animation=\u00bb\u00bb][vc_column_inner]<div class=\"qode_video_box\">\n\t<a itemprop=\"image\" class=\"qode_video_image\" href=\"https:\/\/youtu.be\/XdMYnlcb3Os\" data-rel=\"prettyPhoto\">\n\t\t\t\t\t<img decoding=\"async\" width=\"1\" height=\"1\" src=\"https:\/\/wilbra.it\/wp-content\/uploads\/2022\/05\/bg-video-introduzione.png\" class=\"attachment-full size-full\" alt=\"\" \/>\t\t\t<span class=\"qode_video_box_button_holder\">\n\t\t\t\t<span class=\"qode_video_box_button\">\n\t\t\t\t\t<span class=\"qode_video_box_button_arrow\">\n\t\t\t\t\t<\/span>\n\t\t\t\t<\/span>\n\t\t\t<\/span>\n\t\t\t<\/a>\n<\/div>[\/vc_column_inner][\/vc_row_inner][vc_row_inner row_type=\u00bbrow\u00bb type=\u00bbfull_width\u00bb text_align=\u00bbleft\u00bb css_animation=\u00bb\u00bb][vc_column_inner offset=\u00bbvc_hidden-sm vc_hidden-xs\u00bb][vc_empty_space height=\u00bb70px\u00bb][\/vc_column_inner][\/vc_row_inner][vc_empty_space height=\u00bb30px\u00bb][vc_column_text]<\/p>\n<h1 class=\"elementor-heading-title elementor-size-default\">Nuestra empresa<\/h1>\n<p>[\/vc_column_text][vc_empty_space height=\u00bb20px\u00bb][vc_column_text]Desde hace setenta a\u00f1os <strong>WILBRA<\/strong> asocia su nombre al mercado del cuero, ofreciendo productos para el acabado, cuidado, mantenimiento, reparaci\u00f3n y creaci\u00f3n de objetos de <strong>cuero<\/strong>, <strong>liso<\/strong>\u00a0y <strong>ante<\/strong>.<\/p>\n<p>Desde calzado a bolsos, desde chaquetas a pantalones y cinturones, hasta sof\u00e1s y sillones\u2026<\/p>\n<p>&nbsp;<\/p>\n<h6 style=\"color: #04b5de;\"><strong><em>Donde hay cuero, hay un producto WILBRA.<\/em><\/strong><\/h6>\n<p>[\/vc_column_text][vc_empty_space height=\u00bb30px\u00bb][vc_column_text]Nuestro sistema eficaz y probado de <strong>almacenamiento y env\u00edo<\/strong> garantiza <strong>env\u00edos r\u00e1pidos<\/strong> en todo el territorio italiano y en los pa\u00edses europeos. Nuestros clientes saben que pueden contar con nuestros env\u00edos r\u00e1pidos y garantizados. El <strong>gran cuidado en el embalaje<\/strong> de los productos y la clasificaci\u00f3n de los pedidos es un punto clave para garantizar en nuestra cadena de suministro un flujo continuo de entregas a todos nuestros clientes.[\/vc_column_text][vc_empty_space height=\u00bb30px\u00bb][vc_row_inner row_type=\u00bbrow\u00bb type=\u00bbfull_width\u00bb text_align=\u00bbleft\u00bb css_animation=\u00bb\u00bb][vc_column_inner width=\u00bb5\/6&#8243; offset=\u00bbvc_col-lg-offset-3 vc_col-lg-6 vc_col-md-offset-2 vc_col-md-8 vc_col-sm-offset-1 vc_hidden-xs\u00bb]<a  itemprop=\"url\" href=\"https:\/\/wilbra.it\/es\/contactos\" target=\"_self\"  class=\"qbutton  big_large_full_width default\" style=\"\">CONT\u00c1CTANOS<\/a>[\/vc_column_inner][\/vc_row_inner][vc_row_inner row_type=\u00bbrow\u00bb type=\u00bbfull_width\u00bb text_align=\u00bbcenter\u00bb css_animation=\u00bb\u00bb][vc_column_inner width=\u00bb5\/6&#8243; offset=\u00bbvc_col-lg-offset-3 vc_col-lg-6 vc_hidden-lg vc_col-md-offset-2 vc_col-md-8 vc_hidden-md vc_col-sm-offset-1 vc_hidden-sm\u00bb]<a  itemprop=\"url\" href=\"https:\/\/wilbra.it\/es\/contactos\/\" target=\"_self\"  class=\"qbutton  default\" style=\"\">CONT\u00c1CTANOS<\/a>[\/vc_column_inner][\/vc_row_inner][vc_empty_space height=\u00bb60px\u00bb][vc_row_inner row_type=\u00bbrow\u00bb type=\u00bbfull_width\u00bb text_align=\u00bbleft\u00bb css_animation=\u00bb\u00bb][vc_column_inner offset=\u00bbvc_hidden-md vc_hidden-sm vc_hidden-xs\u00bb][vc_empty_space height=\u00bb40px\u00bb][\/vc_column_inner][\/vc_row_inner][\/vc_column][\/vc_row][vc_row css_animation=\u00bb\u00bb row_type=\u00bbrow\u00bb use_row_as_full_screen_section=\u00bbno\u00bb type=\u00bbfull_width\u00bb angled_section=\u00bbno\u00bb text_align=\u00bbcenter\u00bb background_image_as_pattern=\u00bbwithout_pattern\u00bb css=\u00bb.vc_custom_1651135441829{background-color: #f7f7f7 !important;}\u00bb z_index=\u00bb\u00bb][vc_column][vc_empty_space height=\u00bb60px\u00bb][vc_row_inner row_type=\u00bbrow\u00bb type=\u00bbgrid\u00bb text_align=\u00bbcenter\u00bb css_animation=\u00bb\u00bb][vc_column_inner offset=\u00bbvc_col-lg-3 vc_col-md-6&#8243;][vc_column_text]<\/p>\n<h2 class=\"numeri-di-wilbra\">+ 4.300<\/h2>\n<div class=\"bg-azzurro-info\"><\/div>\n<h5 class=\"title-wilbra\"><em><strong>CLIENTES ACTIVOS<\/strong><\/em><\/h5>\n<p>[\/vc_column_text][vc_empty_space height=\u00bb20px\u00bb][\/vc_column_inner][vc_column_inner offset=\u00bbvc_col-lg-3 vc_col-md-6&#8243;][vc_column_text]<\/p>\n<h2 class=\"numeri-di-wilbra\">3<\/h2>\n<div class=\"bg-azzurro-info\"><\/div>\n<h5 class=\"title-wilbra\"><em><strong>PLANTAS<\/strong><\/em><\/h5>\n<p>[\/vc_column_text][vc_empty_space height=\u00bb20px\u00bb][\/vc_column_inner][vc_column_inner offset=\u00bbvc_col-lg-3 vc_col-md-6&#8243;][vc_column_text]<\/p>\n<h2 class=\"numeri-di-wilbra\">11.000<\/h2>\n<div class=\"bg-azzurro-info\"><\/div>\n<h5 class=\"title-wilbra\"><em><strong>METROS CUADRADOS<\/strong><\/em><\/h5>\n<p>[\/vc_column_text][vc_empty_space height=\u00bb20px\u00bb][\/vc_column_inner][vc_column_inner offset=\u00bbvc_col-lg-3 vc_col-md-6&#8243;][vc_column_text]<\/p>\n<h2 class=\"numeri-di-wilbra\">+150<\/h2>\n<div class=\"bg-azzurro-info\"><\/div>\n<h5 class=\"title-wilbra\"><em><strong>PRODUCTOS DEL CAT\u00c1LOGO<\/strong><\/em><\/h5>\n<p>[\/vc_column_text][vc_empty_space height=\u00bb20px\u00bb][\/vc_column_inner][\/vc_row_inner][vc_empty_space height=\u00bb160px\u00bb][\/vc_column][\/vc_row][vc_row css_animation=\u00bb\u00bb row_type=\u00bbrow\u00bb use_row_as_full_screen_section=\u00bbno\u00bb type=\u00bbgrid\u00bb angled_section=\u00bbno\u00bb text_align=\u00bbleft\u00bb background_image_as_pattern=\u00bbwithout_pattern\u00bb z_index=\u00bb\u00bb][vc_column offset=\u00bbvc_col-md-offset-1 vc_col-md-10&#8243; el_class=\u00bbaccordion-scelte\u00bb][vc_column_text]<\/p>\n<h3 class=\"elementor-heading-title elementor-size-default\" style=\"text-align: center;\">\u00bfPor qu\u00e9 hemos sido elegidos durante m\u00e1s de 70 a\u00f1os?<\/h3>\n<p>[\/vc_column_text][vc_empty_space height=\u00bb40px\u00bb]<div class=\"qode-accordion-holder clearfix qode-toggle qode-initial \">\n\t<h5 class=\"clearfix qode-title-holder\">\n<span class=\"qode-tab-title\">\n\t    <span class=\"qode-tab-title-inner\">\n        Agentes expertos en el sector    <\/span>\n<\/span>\n<span class=\"qode-accordion-mark\">\n    <span class=\"qode-accordion-mark-icon\">\n        <span class=\"icon_plus\"><\/span>\n        <span class=\"icon_minus-06\"><\/span>\n    <\/span>\n<\/span>\n<\/h5>\n<div  class=\"qode-accordion-content \" >\n    <div class=\"qode-accordion-content-inner\">\n        [vc_column_text]Nuestra <strong>red comercial<\/strong> est\u00e1 conformada por representantes expertos que conocen bien el sector, esta pol\u00edtica nos permite ofrecer a los clientes una <strong>referencia v\u00e1lida<\/strong> y un contacto seguro con la sede operativa.[\/vc_column_text]    <\/div>\n<\/div><h5 class=\"clearfix qode-title-holder\">\n<span class=\"qode-tab-title\">\n\t    <span class=\"qode-tab-title-inner\">\n        Ayuda en la elecci\u00f3n y soporte postventa    <\/span>\n<\/span>\n<span class=\"qode-accordion-mark\">\n    <span class=\"qode-accordion-mark-icon\">\n        <span class=\"icon_plus\"><\/span>\n        <span class=\"icon_minus-06\"><\/span>\n    <\/span>\n<\/span>\n<\/h5>\n<div  class=\"qode-accordion-content \" >\n    <div class=\"qode-accordion-content-inner\">\n        [vc_column_text]Nuestros representantes comerciales y nuestro laboratorio interno te ayudar\u00e1n en las fases de selecci\u00f3n, compra y postventa.<br \/>\nTambi\u00e9n fabricamos<strong> productos o colores personalizados<\/strong> a petici\u00f3n del cliente.[\/vc_column_text]    <\/div>\n<\/div><h5 class=\"clearfix qode-title-holder\">\n<span class=\"qode-tab-title\">\n\t    <span class=\"qode-tab-title-inner\">\n        Clientela fiel y reconocida    <\/span>\n<\/span>\n<span class=\"qode-accordion-mark\">\n    <span class=\"qode-accordion-mark-icon\">\n        <span class=\"icon_plus\"><\/span>\n        <span class=\"icon_minus-06\"><\/span>\n    <\/span>\n<\/span>\n<\/h5>\n<div  class=\"qode-accordion-content \" >\n    <div class=\"qode-accordion-content-inner\">\n        [vc_column_text]El \u00e9xito de WILBRA queda demostrado por sus numerosos y fieles clientes, nacionales (<strong>m\u00e1s de 4.000 clientes activos en Italia<\/strong>) e internacionales (<strong>m\u00e1s de 300 mayoristas extranjeros<\/strong>), entre los que se encuentran los nombres m\u00e1s prestigiosos de todos los sectores en los que se utiliza el cuero.[\/vc_column_text]    <\/div>\n<\/div><h5 class=\"clearfix qode-title-holder\">\n<span class=\"qode-tab-title\">\n\t    <span class=\"qode-tab-title-inner\">\n        L\u00edder del mercado en el sector de productos para el cuidado de la piel    <\/span>\n<\/span>\n<span class=\"qode-accordion-mark\">\n    <span class=\"qode-accordion-mark-icon\">\n        <span class=\"icon_plus\"><\/span>\n        <span class=\"icon_minus-06\"><\/span>\n    <\/span>\n<\/span>\n<\/h5>\n<div  class=\"qode-accordion-content \" >\n    <div class=\"qode-accordion-content-inner\">\n        [vc_column_text]WILBRA es l\u00edder en su mercado y es reconocida como un <strong>fabricante de art\u00edculos para el hogar, cuero y calzado<\/strong>, siempre atenta a las innovaciones, capaz de interpretar las necesidades de los clientes y consumidores y, por \u00faltimo, atenta a la seguridad de los productos ofrecidos y su impacto en el medio ambiente.[\/vc_column_text]    <\/div>\n<\/div><\/div>[\/vc_column][\/vc_row][vc_row css_animation=\u00bb\u00bb row_type=\u00bbrow\u00bb use_row_as_full_screen_section=\u00bbno\u00bb type=\u00bbfull_width\u00bb angled_section=\u00bbno\u00bb text_align=\u00bbleft\u00bb background_image_as_pattern=\u00bbwithout_pattern\u00bb][vc_column][vc_empty_space height=\u00bb100px\u00bb][\/vc_column][\/vc_row][vc_row css_animation=\u00bb\u00bb row_type=\u00bbrow\u00bb use_row_as_full_screen_section=\u00bbno\u00bb type=\u00bbfull_width\u00bb angled_section=\u00bbno\u00bb text_align=\u00bbcenter\u00bb background_image_as_pattern=\u00bbwithout_pattern\u00bb z_index=\u00bb\u00bb][vc_column width=\u00bb1\/2&#8243; css=\u00bb.vc_custom_1651139408732{margin-top: 0px !important;margin-right: 0px !important;margin-bottom: 0px !important;margin-left: 0px !important;padding-top: 0px !important;padding-right: 30px !important;padding-bottom: 0px !important;padding-left: 30px !important;background-color: #00a7d6 !important;}\u00bb][vc_empty_space height=\u00bb50px\u00bb][vc_column_text el_class=\u00bbwhite-text\u00bb]<\/p>\n<h3>\u00bfQUIERES SER DISTRIBUIDOR?<\/h3>\n<p>[\/vc_column_text][vc_empty_space height=\u00bb20px\u00bb][vc_row_inner row_type=\u00bbrow\u00bb type=\u00bbfull_width\u00bb text_align=\u00bbcenter\u00bb css_animation=\u00bb\u00bb][vc_column_inner offset=\u00bbvc_col-lg-offset-1 vc_col-lg-10 vc_col-md-offset-1 vc_col-md-10&#8243;][vc_column_text el_class=\u00bbwhite-text\u00bb]Cont\u00e1ctanos para conocer nuestros productos y activar una colaboraci\u00f3n como revendedor de Wilbra. Cu\u00e9ntanos tus necesidades comerciales, te ayudaremos a satisfacerlas con nuestro cat\u00e1logo de productos.[\/vc_column_text][\/vc_column_inner][\/vc_row_inner][vc_empty_space height=\u00bb20px\u00bb]<a  itemprop=\"url\" href=\"https:\/\/wilbra.it\/es\/conviertete-en-distribudor-de-wilbra\/\" target=\"_self\" data-hover-background-color=\"#ffffff\" data-hover-color=\"#263046\" class=\"qbutton  default\" style=\"\">SABER M\u00c1S<\/a>[vc_empty_space height=\u00bb50px\u00bb][\/vc_column][vc_column width=\u00bb1\/2&#8243; css=\u00bb.vc_custom_1651139678232{margin-top: 0px !important;margin-right: 0px !important;margin-bottom: 0px !important;margin-left: 0px !important;padding-top: 0px !important;padding-right: 30px !important;padding-bottom: 0px !important;padding-left: 30px !important;background-color: #263046 !important;}\u00bb][vc_empty_space height=\u00bb50px\u00bb][vc_column_text el_class=\u00bbwhite-text\u00bb]<\/p>\n<h3>\u00bfEST\u00c1S BUSCANDO SUMINISTROS INDUSTRIALES?<\/h3>\n<p>[\/vc_column_text][vc_empty_space height=\u00bb20px\u00bb][vc_row_inner row_type=\u00bbrow\u00bb type=\u00bbfull_width\u00bb text_align=\u00bbcenter\u00bb css_animation=\u00bb\u00bb][vc_column_inner offset=\u00bbvc_col-lg-offset-1 vc_col-lg-10 vc_col-md-offset-1 vc_col-md-10&#8243;][vc_column_text el_class=\u00bbwhite-text\u00bb]Ofrecemos productos de la m\u00e1s alta calidad para empresas que fabrican productos de cuero: moda, dise\u00f1o, muebles, interiores de autom\u00f3viles, sillines y ropa para motocicletas, n\u00e1utica y mucho m\u00e1s.[\/vc_column_text][\/vc_column_inner][\/vc_row_inner][vc_empty_space height=\u00bb20px\u00bb]<a  itemprop=\"url\" href=\"https:\/\/wilbra.it\/es\/suministros-industriales\" target=\"_self\" data-hover-background-color=\"#ffffff\" data-hover-border-color=\"#ffffff\" data-hover-color=\"#263046\" class=\"qbutton  default\" style=\"color: #ffffff; border-color: #00a7d6; background-color:#00a7d6;\">SABER M\u00c1S<\/a>[vc_empty_space height=\u00bb50px\u00bb][\/vc_column][\/vc_row][vc_row css_animation=\u00bb\u00bb row_type=\u00bbrow\u00bb use_row_as_full_screen_section=\u00bbno\u00bb type=\u00bbfull_width\u00bb angled_section=\u00bbno\u00bb text_align=\u00bbcenter\u00bb background_image_as_pattern=\u00bbwithout_pattern\u00bb z_index=\u00bb\u00bb background_image=\u00bb2665&#8243;][vc_column el_class=\u00bbbg-storia-azienda\u00bb][vc_row_inner row_type=\u00bbrow\u00bb type=\u00bbfull_width\u00bb text_align=\u00bbleft\u00bb css_animation=\u00bb\u00bb][vc_column_inner offset=\u00bbvc_hidden-sm vc_hidden-xs\u00bb][vc_empty_space height=\u00bb100px\u00bb][\/vc_column_inner][\/vc_row_inner][vc_empty_space height=\u00bb60px\u00bb][vc_row_inner row_type=\u00bbrow\u00bb type=\u00bbgrid\u00bb text_align=\u00bbcenter\u00bb css_animation=\u00bb\u00bb][vc_column_inner el_class=\u00bbbg-shadow-logo\u00bb][vc_column_text]<img decoding=\"async\" style=\"width: 500px;\" src=\"https:\/\/wilbra.it\/wp-content\/uploads\/2022\/04\/logo-70-anni-bn.svg\" \/>[\/vc_column_text][vc_empty_space height=\u00bb10px\u00bb][vc_column_text el_class=\u00bbwhite-text\u00bb]<\/p>\n<h1 class=\"elementor-heading-title elementor-size-default\">70 a\u00f1os de productos<br \/>\npara el cuidado del cuero y los tejidos<\/h1>\n<p>[\/vc_column_text][vc_empty_space height=\u00bb30px\u00bb][\/vc_column_inner][\/vc_row_inner][vc_row_inner row_type=\u00bbrow\u00bb type=\u00bbgrid\u00bb text_align=\u00bbleft\u00bb css_animation=\u00bb\u00bb][vc_column_inner width=\u00bb5\/6&#8243; offset=\u00bbvc_col-lg-offset-3 vc_col-lg-6 vc_col-md-offset-2 vc_col-md-8 vc_col-sm-offset-1 vc_hidden-xs\u00bb]<a  itemprop=\"url\" href=\"https:\/\/wilbra.it\/es\/wilbra\/historia\" target=\"_self\" data-hover-background-color=\"#ffffff\" data-hover-border-color=\"#ffffff\" data-hover-color=\"#00a7d6\" class=\"qbutton  big_large_full_width white default\" style=\"color: #ffffff; border-color: #00a7d6; background-color:#00a7d6;\">NUESTRA HISTORIA<\/a>[\/vc_column_inner][\/vc_row_inner][vc_row_inner row_type=\u00bbrow\u00bb type=\u00bbgrid\u00bb text_align=\u00bbcenter\u00bb css_animation=\u00bb\u00bb][vc_column_inner width=\u00bb5\/6&#8243; offset=\u00bbvc_col-lg-offset-3 vc_col-lg-6 vc_hidden-lg vc_col-md-offset-2 vc_col-md-8 vc_hidden-md vc_col-sm-offset-1 vc_hidden-sm\u00bb]<a  itemprop=\"url\" href=\"https:\/\/wilbra.it\/es\/wilbra\/historia\" target=\"_self\" data-hover-background-color=\"#ffffff\" data-hover-border-color=\"#ffffff\" data-hover-color=\"#00a7d6\" class=\"qbutton  white default\" style=\"color: #ffffff; border-color: #00a7d6; background-color:#00a7d6;\">NUESTRA HISTORIA<\/a>[\/vc_column_inner][\/vc_row_inner][vc_empty_space height=\u00bb60px\u00bb][vc_row_inner row_type=\u00bbrow\u00bb type=\u00bbfull_width\u00bb text_align=\u00bbleft\u00bb css_animation=\u00bb\u00bb][vc_column_inner offset=\u00bbvc_hidden-sm vc_hidden-xs\u00bb][vc_empty_space height=\u00bb100px\u00bb][\/vc_column_inner][\/vc_row_inner][\/vc_column][\/vc_row]<\/p>\n<\/div>","protected":false},"excerpt":{"rendered":"<p>[vc_row css_animation=\u00bb\u00bb row_type=\u00bbrow\u00bb use_row_as_full_screen_section=\u00bbno\u00bb type=\u00bbgrid\u00bb angled_section=\u00bbno\u00bb text_align=\u00bbcenter\u00bb background_image_as_pattern=\u00bbwithout_pattern\u00bb z_index=\u00bb\u00bb][vc_column offset=\u00bbvc_col-lg-offset-2 vc_col-lg-8 vc_col-md-offset-1 vc_col-md-10&#8243; el_class=\u00bbriga-testo-azienda\u00bb][vc_row_inner row_type=\u00bbrow\u00bb type=\u00bbfull_width\u00bb text_align=\u00bbcenter\u00bb css_animation=\u00bb\u00bb][vc_column_inner][\/vc_column_inner][\/vc_row_inner][vc_row_inner row_type=\u00bbrow\u00bb type=\u00bbfull_width\u00bb text_align=\u00bbleft\u00bb css_animation=\u00bb\u00bb][vc_column_inner offset=\u00bbvc_hidden-sm vc_hidden-xs\u00bb][vc_empty_space height=\u00bb70px\u00bb][\/vc_column_inner][\/vc_row_inner][vc_empty_space height=\u00bb30px\u00bb][vc_column_text] Nuestra empresa [\/vc_column_text][vc_empty_space height=\u00bb20px\u00bb][vc_column_text]Desde hace setenta a\u00f1os WILBRA asocia su nombre al mercado del cuero, ofreciendo productos para el&#8230;<\/p>\n","protected":false},"author":2,"featured_media":0,"parent":0,"menu_order":0,"comment_status":"closed","ping_status":"closed","template":"full_width.php","meta":{"footnotes":""},"class_list":["post-14649","page","type-page","status-publish","hentry"],"yoast_head":"<!-- This site is optimized with the Yoast SEO plugin v25.8 - https:\/\/yoast.com\/wordpress\/plugins\/seo\/ -->\n<title>Quienes somos - Wilbra<\/title>\n<meta name=\"description\" content=\"Wilbra produce productos para el acabado, cuidado, mantenimiento y reparaci\u00f3n de objetos de cuero y piel, lisos y ante.\" \/>\n<meta name=\"robots\" content=\"index, follow, max-snippet:-1, max-image-preview:large, max-video-preview:-1\" \/>\n<link rel=\"canonical\" href=\"https:\/\/wilbra.it\/es\/perfil-de-la-empresa\/\" \/>\n<meta property=\"og:locale\" content=\"es_ES\" \/>\n<meta property=\"og:type\" content=\"article\" \/>\n<meta property=\"og:title\" content=\"Quienes somos - Wilbra\" \/>\n<meta property=\"og:description\" content=\"Wilbra produce productos para el acabado, cuidado, mantenimiento y reparaci\u00f3n de objetos de cuero y piel, lisos y ante.\" \/>\n<meta property=\"og:url\" content=\"https:\/\/wilbra.it\/es\/perfil-de-la-empresa\/\" \/>\n<meta property=\"og:site_name\" content=\"Wilbra\" \/>\n<meta property=\"article:modified_time\" content=\"2023-11-29T14:39:04+00:00\" \/>\n<meta property=\"og:image\" content=\"https:\/\/wilbra.it\/wp-content\/uploads\/2022\/04\/logo-70-anni-bn.svg\" \/>\n<meta name=\"twitter:card\" content=\"summary_large_image\" \/>\n<meta name=\"twitter:label1\" content=\"Tiempo de lectura\" \/>\n\t<meta name=\"twitter:data1\" content=\"4 minutos\" \/>\n<script type=\"application\/ld+json\" class=\"yoast-schema-graph\">{\"@context\":\"https:\/\/schema.org\",\"@graph\":[{\"@type\":\"WebPage\",\"@id\":\"https:\/\/wilbra.it\/es\/perfil-de-la-empresa\/\",\"url\":\"https:\/\/wilbra.it\/es\/perfil-de-la-empresa\/\",\"name\":\"Quienes somos - Wilbra\",\"isPartOf\":{\"@id\":\"https:\/\/wilbra.it\/#website\"},\"primaryImageOfPage\":{\"@id\":\"https:\/\/wilbra.it\/es\/perfil-de-la-empresa\/#primaryimage\"},\"image\":{\"@id\":\"https:\/\/wilbra.it\/es\/perfil-de-la-empresa\/#primaryimage\"},\"thumbnailUrl\":\"https:\/\/wilbra.it\/wp-content\/uploads\/2022\/04\/logo-70-anni-bn.svg\",\"datePublished\":\"2022-04-14T08:54:49+00:00\",\"dateModified\":\"2023-11-29T14:39:04+00:00\",\"description\":\"Wilbra produce productos para el acabado, cuidado, mantenimiento y reparaci\u00f3n de objetos de cuero y piel, lisos y ante.\",\"inLanguage\":\"es\",\"potentialAction\":[{\"@type\":\"ReadAction\",\"target\":[\"https:\/\/wilbra.it\/es\/perfil-de-la-empresa\/\"]}]},{\"@type\":\"ImageObject\",\"inLanguage\":\"es\",\"@id\":\"https:\/\/wilbra.it\/es\/perfil-de-la-empresa\/#primaryimage\",\"url\":\"https:\/\/wilbra.it\/wp-content\/uploads\/2022\/04\/logo-70-anni-bn.svg\",\"contentUrl\":\"https:\/\/wilbra.it\/wp-content\/uploads\/2022\/04\/logo-70-anni-bn.svg\"},{\"@type\":\"WebSite\",\"@id\":\"https:\/\/wilbra.it\/#website\",\"url\":\"https:\/\/wilbra.it\/\",\"name\":\"Wilbra\",\"description\":\"Prodotti per la cura di pelli e tessuti\",\"potentialAction\":[{\"@type\":\"SearchAction\",\"target\":{\"@type\":\"EntryPoint\",\"urlTemplate\":\"https:\/\/wilbra.it\/?s={search_term_string}\"},\"query-input\":{\"@type\":\"PropertyValueSpecification\",\"valueRequired\":true,\"valueName\":\"search_term_string\"}}],\"inLanguage\":\"es\"}]}<\/script>\n<!-- \/ Yoast SEO plugin. -->","yoast_head_json":{"title":"Quienes somos - Wilbra","description":"Wilbra produce productos para el acabado, cuidado, mantenimiento y reparaci\u00f3n de objetos de cuero y piel, lisos y ante.","robots":{"index":"index","follow":"follow","max-snippet":"max-snippet:-1","max-image-preview":"max-image-preview:large","max-video-preview":"max-video-preview:-1"},"canonical":"https:\/\/wilbra.it\/es\/perfil-de-la-empresa\/","og_locale":"es_ES","og_type":"article","og_title":"Quienes somos - Wilbra","og_description":"Wilbra produce productos para el acabado, cuidado, mantenimiento y reparaci\u00f3n de objetos de cuero y piel, lisos y ante.","og_url":"https:\/\/wilbra.it\/es\/perfil-de-la-empresa\/","og_site_name":"Wilbra","article_modified_time":"2023-11-29T14:39:04+00:00","og_image":[{"url":"https:\/\/wilbra.it\/wp-content\/uploads\/2022\/04\/logo-70-anni-bn.svg","type":"","width":"","height":""}],"twitter_card":"summary_large_image","twitter_misc":{"Tiempo de lectura":"4 minutos"},"schema":{"@context":"https:\/\/schema.org","@graph":[{"@type":"WebPage","@id":"https:\/\/wilbra.it\/es\/perfil-de-la-empresa\/","url":"https:\/\/wilbra.it\/es\/perfil-de-la-empresa\/","name":"Quienes somos - Wilbra","isPartOf":{"@id":"https:\/\/wilbra.it\/#website"},"primaryImageOfPage":{"@id":"https:\/\/wilbra.it\/es\/perfil-de-la-empresa\/#primaryimage"},"image":{"@id":"https:\/\/wilbra.it\/es\/perfil-de-la-empresa\/#primaryimage"},"thumbnailUrl":"https:\/\/wilbra.it\/wp-content\/uploads\/2022\/04\/logo-70-anni-bn.svg","datePublished":"2022-04-14T08:54:49+00:00","dateModified":"2023-11-29T14:39:04+00:00","description":"Wilbra produce productos para el acabado, cuidado, mantenimiento y reparaci\u00f3n de objetos de cuero y piel, lisos y ante.","inLanguage":"es","potentialAction":[{"@type":"ReadAction","target":["https:\/\/wilbra.it\/es\/perfil-de-la-empresa\/"]}]},{"@type":"ImageObject","inLanguage":"es","@id":"https:\/\/wilbra.it\/es\/perfil-de-la-empresa\/#primaryimage","url":"https:\/\/wilbra.it\/wp-content\/uploads\/2022\/04\/logo-70-anni-bn.svg","contentUrl":"https:\/\/wilbra.it\/wp-content\/uploads\/2022\/04\/logo-70-anni-bn.svg"},{"@type":"WebSite","@id":"https:\/\/wilbra.it\/#website","url":"https:\/\/wilbra.it\/","name":"Wilbra","description":"Prodotti per la cura di pelli e tessuti","potentialAction":[{"@type":"SearchAction","target":{"@type":"EntryPoint","urlTemplate":"https:\/\/wilbra.it\/?s={search_term_string}"},"query-input":{"@type":"PropertyValueSpecification","valueRequired":true,"valueName":"search_term_string"}}],"inLanguage":"es"}]}},"_links":{"self":[{"href":"https:\/\/wilbra.it\/es\/wp-json\/wp\/v2\/pages\/14649","targetHints":{"allow":["GET"]}}],"collection":[{"href":"https:\/\/wilbra.it\/es\/wp-json\/wp\/v2\/pages"}],"about":[{"href":"https:\/\/wilbra.it\/es\/wp-json\/wp\/v2\/types\/page"}],"author":[{"embeddable":true,"href":"https:\/\/wilbra.it\/es\/wp-json\/wp\/v2\/users\/2"}],"replies":[{"embeddable":true,"href":"https:\/\/wilbra.it\/es\/wp-json\/wp\/v2\/comments?post=14649"}],"version-history":[{"count":0,"href":"https:\/\/wilbra.it\/es\/wp-json\/wp\/v2\/pages\/14649\/revisions"}],"wp:attachment":[{"href":"https:\/\/wilbra.it\/es\/wp-json\/wp\/v2\/media?parent=14649"}],"curies":[{"name":"wp","href":"https:\/\/api.w.org\/{rel}","templated":true}]}}