{"id":14554,"date":"2022-04-20T14:49:29","date_gmt":"2022-04-20T12:49:29","guid":{"rendered":"https:\/\/wilbra.it\/invia-richiesta\/"},"modified":"2023-11-30T10:36:32","modified_gmt":"2023-11-30T09:36:32","slug":"enviar-consulta","status":"publish","type":"page","link":"https:\/\/wilbra.it\/es\/enviar-consulta\/","title":{"rendered":"Enviar consulta"},"content":{"rendered":"<div class=\"wpb-content-wrapper\"><p>[vc_row css_animation=\u00bb\u00bb row_type=\u00bbrow\u00bb use_row_as_full_screen_section=\u00bbno\u00bb type=\u00bbfull_width\u00bb angled_section=\u00bbno\u00bb text_align=\u00bbleft\u00bb background_image_as_pattern=\u00bbwithout_pattern\u00bb][vc_column][vc_row_inner row_type=\u00bbrow\u00bb type=\u00bbfull_width\u00bb text_align=\u00bbleft\u00bb css_animation=\u00bb\u00bb][vc_column_inner offset=\u00bbvc_hidden-lg\u00bb][vc_empty_space height=\u00bb60px\u00bb el_class=\u00bbempty-space-intro-pagine-mobile\u00bb][\/vc_column_inner][\/vc_row_inner][vc_empty_space height=\u00bb60px\u00bb][\/vc_column][\/vc_row][vc_row css_animation=\u00bb\u00bb row_type=\u00bbrow\u00bb use_row_as_full_screen_section=\u00bbno\u00bb type=\u00bbgrid\u00bb angled_section=\u00bbno\u00bb text_align=\u00bbcenter\u00bb background_image_as_pattern=\u00bbwithout_pattern\u00bb z_index=\u00bb\u00bb][vc_column offset=\u00bbvc_col-lg-offset-2 vc_col-lg-8 vc_col-md-offset-1 vc_col-md-10&#8243;][vc_column_text el_class=\u00bbred-text\u00bb]<\/p>\n<h1>SOLICITAR COTIZACI\u00d3N<\/h1>\n<p>[\/vc_column_text][vc_empty_space height=\u00bb15px\u00bb][vc_column_text]Solicitar un presupuesto para nuestro cat\u00e1logo de productos es f\u00e1cil y sencillo. S\u00f3lo tienes que seguir estos 3 sencillos pasos y solicitarnos informaci\u00f3n o un presupuesto para una entrega. Nuestro departamento de atenci\u00f3n al cliente est\u00e1 a tu disposici\u00f3n y estar\u00e1 encantado de responderte detalladamente; la solicitud de presupuesto no es en ning\u00fan caso vinculante.[\/vc_column_text][\/vc_column][\/vc_row][vc_row css_animation=\u00bb\u00bb row_type=\u00bbrow\u00bb use_row_as_full_screen_section=\u00bbno\u00bb type=\u00bbfull_width\u00bb angled_section=\u00bbno\u00bb text_align=\u00bbcenter\u00bb background_image_as_pattern=\u00bbwithout_pattern\u00bb z_index=\u00bb\u00bb][vc_column width=\u00bb1\/3&#8243;][vc_empty_space height=\u00bb30px\u00bb]<span data-type=\"square\" data-hover-bg-color=\"#ffffff\" data-hover-icon-color=\"#00a7d6\" class=\"qode_icon_shortcode fa-stack q_font_awsome_icon_square fa-lg pull-center \" style=\"background-color: #ffffff;border: 2px solid #ededed;font-size: 17px;font-size: 30px;border-radius: 100px; \"><i class=\"qode_icon_font_awesome_5 fa5 fa fa-star qode_icon_element\" style=\"font-size: 17px;color: #00a7d6;\" ><\/i><\/span>[vc_empty_space height=\u00bb15px\u00bb][vc_column_text el_class=\u00bbblu-text\u00bb]<\/p>\n<h6>1 . SELECCIONAR PRODUCTOS<\/h6>\n<p>[\/vc_column_text][vc_column_text]<\/p>\n<p style=\"font-size: 13px; line-height: 17px; margin-top: 10px;\">Selecciona el producto que te interesa haciendo clic en \u00absolicitar presupuesto\u00bb. Acceder\u00e1s a la lista de productos seleccionados. Puedes volver al cat\u00e1logo para seleccionar otros productos o proceder a enviar tu solicitud de presupuesto.<\/p>\n<p>[\/vc_column_text][\/vc_column][vc_column width=\u00bb1\/3&#8243;][vc_empty_space height=\u00bb30px\u00bb]<span data-type=\"square\" data-hover-bg-color=\"#ffffff\" data-hover-icon-color=\"#00a7d6\" class=\"qode_icon_shortcode fa-stack q_font_awsome_icon_square fa-lg pull-center \" style=\"background-color: #ffffff;border: 2px solid #ededed;font-size: 17px;font-size: 30px;border-radius: 100px; \"><i class=\"qode_icon_font_awesome_5 fa5 fa fa-edit qode_icon_element\" style=\"font-size: 17px;color: #00a7d6;\" ><\/i><\/span>[vc_empty_space height=\u00bb15px\u00bb][vc_column_text el_class=\u00bbblu-text\u00bb]<\/p>\n<h6>2 . RELLENAR EL FORMULARIO<\/h6>\n<p>[\/vc_column_text][vc_column_text]<\/p>\n<p style=\"font-size: 13px; line-height: 17px; margin-top: 10px;\">Cuando hayas completado la selecci\u00f3n de productos que te interesan, puedes proceder a rellenar el formulario, introduciendo tus datos personales y los de tu empresa. Te enviaremos un correo electr\u00f3nico de cortes\u00eda a tu bandeja de entrada con un informe detallado de tu solicitud de presupuesto.<\/p>\n<p>[\/vc_column_text][\/vc_column][vc_column width=\u00bb1\/3&#8243;][vc_empty_space height=\u00bb30px\u00bb]<span data-type=\"square\" data-hover-bg-color=\"#ffffff\" data-hover-icon-color=\"#00a7d6\" class=\"qode_icon_shortcode fa-stack q_font_awsome_icon_square fa-lg pull-center \" style=\"background-color: #ffffff;border: 2px solid #ededed;font-size: 17px;font-size: 30px;border-radius: 100px; \"><i class=\"qode_icon_font_awesome_5 fa5 fa fa-paper-plane qode_icon_element\" style=\"font-size: 17px;color: #00a7d6;\" ><\/i><\/span>[vc_empty_space height=\u00bb15px\u00bb][vc_column_text el_class=\u00bbblu-text\u00bb]<\/p>\n<h6>3 . ENVIAR SOLICITUD<\/h6>\n<p>[\/vc_column_text][vc_column_text]<\/p>\n<p style=\"font-size: 13px; line-height: 17px; margin-top: 10px;\">Env\u00edanos tu solicitud de presupuesto rellenando el siguiente formulario. Nuestra oficina de atenci\u00f3n al cliente est\u00e1 a tu disposici\u00f3n y lista para responderte detalladamente con la informaci\u00f3n necesaria relacionada con tu solicitud de presupuesto.<\/p>\n<p>[\/vc_column_text][\/vc_column][\/vc_row][vc_row css_animation=\u00bb\u00bb row_type=\u00bbrow\u00bb use_row_as_full_screen_section=\u00bbno\u00bb type=\u00bbgrid\u00bb angled_section=\u00bbno\u00bb text_align=\u00bbcenter\u00bb background_image_as_pattern=\u00bbwithout_pattern\u00bb z_index=\u00bb\u00bb][vc_column offset=\u00bbvc_col-lg-offset-2 vc_col-lg-8 vc_col-md-offset-1 vc_col-md-10&#8243;][vc_empty_space height=\u00bb40px\u00bb]<a  itemprop=\"url\" href=\"https:\/\/wilbra.it\/es\/productos\/\" target=\"_self\"  class=\"qbutton  center default\" style=\"\">CAT\u00c1LOGO DE PRODUCTOS<\/a>[\/vc_column][\/vc_row][vc_row css_animation=\u00bb\u00bb row_type=\u00bbrow\u00bb use_row_as_full_screen_section=\u00bbno\u00bb type=\u00bbfull_width\u00bb angled_section=\u00bbno\u00bb text_align=\u00bbleft\u00bb background_image_as_pattern=\u00bbwithout_pattern\u00bb][vc_column][vc_empty_space height=\u00bb60px\u00bb][\/vc_column][\/vc_row][vc_row css_animation=\u00bb\u00bb row_type=\u00bbrow\u00bb use_row_as_full_screen_section=\u00bbno\u00bb type=\u00bbfull_width\u00bb angled_section=\u00bbno\u00bb text_align=\u00bbleft\u00bb background_image_as_pattern=\u00bbwithout_pattern\u00bb][vc_column][vc_column_text]\n<div class=\"woocommerce ywraq-wrapper ywraq-empty\">\n\t\t\t<div id=\"yith-ywraq-message\"><div class=\"ywraq-question-message\">\n\t<\/div>\n<\/div>\n\t\t\n\t\t\t\t<div class=\"ywraq-form-table-wrapper vertical\">\n\t\t\t<div class=\"ywraq-before-form\">\n\t<p class=\"ywraq_list_empty_message\">Tu lista est\u00e1 vac\u00eda, a\u00f1ade productos a la lista para enviar una solicitud<p><p class=\"return-to-shop\"><a class=\"button wc-backward\" href=\"https:\/\/wilbra.it\/prodotti\/\"><\/a><\/p><\/div>\n\t\t\t\t\t<\/div>\n\t<\/div>\n[\/vc_column_text][\/vc_column][\/vc_row][vc_row css_animation=\u00bb\u00bb row_type=\u00bbrow\u00bb use_row_as_full_screen_section=\u00bbno\u00bb type=\u00bbfull_width\u00bb angled_section=\u00bbno\u00bb text_align=\u00bbleft\u00bb background_image_as_pattern=\u00bbwithout_pattern\u00bb][vc_column][vc_empty_space height=\u00bb60px\u00bb][\/vc_column][\/vc_row]<\/p>\n<\/div>","protected":false},"excerpt":{"rendered":"<p>[vc_row css_animation=\u00bb\u00bb row_type=\u00bbrow\u00bb use_row_as_full_screen_section=\u00bbno\u00bb type=\u00bbfull_width\u00bb angled_section=\u00bbno\u00bb text_align=\u00bbleft\u00bb background_image_as_pattern=\u00bbwithout_pattern\u00bb][vc_column][vc_row_inner row_type=\u00bbrow\u00bb type=\u00bbfull_width\u00bb text_align=\u00bbleft\u00bb css_animation=\u00bb\u00bb][vc_column_inner offset=\u00bbvc_hidden-lg\u00bb][vc_empty_space height=\u00bb60px\u00bb el_class=\u00bbempty-space-intro-pagine-mobile\u00bb][\/vc_column_inner][\/vc_row_inner][vc_empty_space height=\u00bb60px\u00bb][\/vc_column][\/vc_row][vc_row css_animation=\u00bb\u00bb row_type=\u00bbrow\u00bb use_row_as_full_screen_section=\u00bbno\u00bb type=\u00bbgrid\u00bb angled_section=\u00bbno\u00bb text_align=\u00bbcenter\u00bb background_image_as_pattern=\u00bbwithout_pattern\u00bb z_index=\u00bb\u00bb][vc_column offset=\u00bbvc_col-lg-offset-2 vc_col-lg-8 vc_col-md-offset-1 vc_col-md-10&#8243;][vc_column_text el_class=\u00bbred-text\u00bb] SOLICITAR COTIZACI\u00d3N [\/vc_column_text][vc_empty_space height=\u00bb15px\u00bb][vc_column_text]Solicitar un presupuesto para nuestro cat\u00e1logo de productos es f\u00e1cil y sencillo. S\u00f3lo&#8230;<\/p>\n","protected":false},"author":1,"featured_media":0,"parent":0,"menu_order":0,"comment_status":"closed","ping_status":"closed","template":"","meta":{"footnotes":""},"class_list":["post-14554","page","type-page","status-publish","hentry"],"yoast_head":"<!-- This site is optimized with the Yoast SEO plugin v25.8 - https:\/\/yoast.com\/wordpress\/plugins\/seo\/ -->\n<title>Enviar consulta - Wilbra<\/title>\n<meta name=\"robots\" content=\"index, follow, max-snippet:-1, max-image-preview:large, max-video-preview:-1\" \/>\n<link rel=\"canonical\" href=\"https:\/\/wilbra.it\/es\/enviar-consulta\/\" \/>\n<meta property=\"og:locale\" content=\"es_ES\" \/>\n<meta property=\"og:type\" content=\"article\" \/>\n<meta property=\"og:title\" content=\"Enviar consulta - Wilbra\" \/>\n<meta property=\"og:description\" content=\"[vc_row css_animation=\u00bb\u00bb row_type=\u00bbrow\u00bb use_row_as_full_screen_section=\u00bbno\u00bb type=\u00bbfull_width\u00bb angled_section=\u00bbno\u00bb text_align=\u00bbleft\u00bb background_image_as_pattern=\u00bbwithout_pattern\u00bb][vc_column][vc_row_inner row_type=\u00bbrow\u00bb type=\u00bbfull_width\u00bb text_align=\u00bbleft\u00bb css_animation=\u00bb\u00bb][vc_column_inner offset=\u00bbvc_hidden-lg\u00bb][vc_empty_space height=\u00bb60px\u00bb el_class=\u00bbempty-space-intro-pagine-mobile\u00bb][\/vc_column_inner][\/vc_row_inner][vc_empty_space height=\u00bb60px\u00bb][\/vc_column][\/vc_row][vc_row css_animation=\u00bb\u00bb row_type=\u00bbrow\u00bb use_row_as_full_screen_section=\u00bbno\u00bb type=\u00bbgrid\u00bb angled_section=\u00bbno\u00bb text_align=\u00bbcenter\u00bb background_image_as_pattern=\u00bbwithout_pattern\u00bb z_index=\u00bb\u00bb][vc_column offset=\u00bbvc_col-lg-offset-2 vc_col-lg-8 vc_col-md-offset-1 vc_col-md-10&#8243;][vc_column_text el_class=\u00bbred-text\u00bb] SOLICITAR COTIZACI\u00d3N [\/vc_column_text][vc_empty_space height=\u00bb15px\u00bb][vc_column_text]Solicitar un presupuesto para nuestro cat\u00e1logo de productos es f\u00e1cil y sencillo. S\u00f3lo...\" \/>\n<meta property=\"og:url\" content=\"https:\/\/wilbra.it\/es\/enviar-consulta\/\" \/>\n<meta property=\"og:site_name\" content=\"Wilbra\" \/>\n<meta property=\"article:modified_time\" content=\"2023-11-30T09:36:32+00:00\" \/>\n<meta name=\"twitter:card\" content=\"summary_large_image\" \/>\n<meta name=\"twitter:label1\" content=\"Tiempo de lectura\" \/>\n\t<meta name=\"twitter:data1\" content=\"2 minutos\" \/>\n<script type=\"application\/ld+json\" class=\"yoast-schema-graph\">{\"@context\":\"https:\/\/schema.org\",\"@graph\":[{\"@type\":\"WebPage\",\"@id\":\"https:\/\/wilbra.it\/es\/enviar-consulta\/\",\"url\":\"https:\/\/wilbra.it\/es\/enviar-consulta\/\",\"name\":\"Enviar consulta - Wilbra\",\"isPartOf\":{\"@id\":\"https:\/\/wilbra.it\/#website\"},\"datePublished\":\"2022-04-20T12:49:29+00:00\",\"dateModified\":\"2023-11-30T09:36:32+00:00\",\"inLanguage\":\"es\",\"potentialAction\":[{\"@type\":\"ReadAction\",\"target\":[\"https:\/\/wilbra.it\/es\/enviar-consulta\/\"]}]},{\"@type\":\"WebSite\",\"@id\":\"https:\/\/wilbra.it\/#website\",\"url\":\"https:\/\/wilbra.it\/\",\"name\":\"Wilbra\",\"description\":\"Prodotti per la cura di pelli e tessuti\",\"potentialAction\":[{\"@type\":\"SearchAction\",\"target\":{\"@type\":\"EntryPoint\",\"urlTemplate\":\"https:\/\/wilbra.it\/?s={search_term_string}\"},\"query-input\":{\"@type\":\"PropertyValueSpecification\",\"valueRequired\":true,\"valueName\":\"search_term_string\"}}],\"inLanguage\":\"es\"}]}<\/script>\n<!-- \/ Yoast SEO plugin. -->","yoast_head_json":{"title":"Enviar consulta - Wilbra","robots":{"index":"index","follow":"follow","max-snippet":"max-snippet:-1","max-image-preview":"max-image-preview:large","max-video-preview":"max-video-preview:-1"},"canonical":"https:\/\/wilbra.it\/es\/enviar-consulta\/","og_locale":"es_ES","og_type":"article","og_title":"Enviar consulta - Wilbra","og_description":"[vc_row css_animation=\u00bb\u00bb row_type=\u00bbrow\u00bb use_row_as_full_screen_section=\u00bbno\u00bb type=\u00bbfull_width\u00bb angled_section=\u00bbno\u00bb text_align=\u00bbleft\u00bb background_image_as_pattern=\u00bbwithout_pattern\u00bb][vc_column][vc_row_inner row_type=\u00bbrow\u00bb type=\u00bbfull_width\u00bb text_align=\u00bbleft\u00bb css_animation=\u00bb\u00bb][vc_column_inner offset=\u00bbvc_hidden-lg\u00bb][vc_empty_space height=\u00bb60px\u00bb el_class=\u00bbempty-space-intro-pagine-mobile\u00bb][\/vc_column_inner][\/vc_row_inner][vc_empty_space height=\u00bb60px\u00bb][\/vc_column][\/vc_row][vc_row css_animation=\u00bb\u00bb row_type=\u00bbrow\u00bb use_row_as_full_screen_section=\u00bbno\u00bb type=\u00bbgrid\u00bb angled_section=\u00bbno\u00bb text_align=\u00bbcenter\u00bb background_image_as_pattern=\u00bbwithout_pattern\u00bb z_index=\u00bb\u00bb][vc_column offset=\u00bbvc_col-lg-offset-2 vc_col-lg-8 vc_col-md-offset-1 vc_col-md-10&#8243;][vc_column_text el_class=\u00bbred-text\u00bb] SOLICITAR COTIZACI\u00d3N [\/vc_column_text][vc_empty_space height=\u00bb15px\u00bb][vc_column_text]Solicitar un presupuesto para nuestro cat\u00e1logo de productos es f\u00e1cil y sencillo. S\u00f3lo...","og_url":"https:\/\/wilbra.it\/es\/enviar-consulta\/","og_site_name":"Wilbra","article_modified_time":"2023-11-30T09:36:32+00:00","twitter_card":"summary_large_image","twitter_misc":{"Tiempo de lectura":"2 minutos"},"schema":{"@context":"https:\/\/schema.org","@graph":[{"@type":"WebPage","@id":"https:\/\/wilbra.it\/es\/enviar-consulta\/","url":"https:\/\/wilbra.it\/es\/enviar-consulta\/","name":"Enviar consulta - Wilbra","isPartOf":{"@id":"https:\/\/wilbra.it\/#website"},"datePublished":"2022-04-20T12:49:29+00:00","dateModified":"2023-11-30T09:36:32+00:00","inLanguage":"es","potentialAction":[{"@type":"ReadAction","target":["https:\/\/wilbra.it\/es\/enviar-consulta\/"]}]},{"@type":"WebSite","@id":"https:\/\/wilbra.it\/#website","url":"https:\/\/wilbra.it\/","name":"Wilbra","description":"Prodotti per la cura di pelli e tessuti","potentialAction":[{"@type":"SearchAction","target":{"@type":"EntryPoint","urlTemplate":"https:\/\/wilbra.it\/?s={search_term_string}"},"query-input":{"@type":"PropertyValueSpecification","valueRequired":true,"valueName":"search_term_string"}}],"inLanguage":"es"}]}},"_links":{"self":[{"href":"https:\/\/wilbra.it\/es\/wp-json\/wp\/v2\/pages\/14554","targetHints":{"allow":["GET"]}}],"collection":[{"href":"https:\/\/wilbra.it\/es\/wp-json\/wp\/v2\/pages"}],"about":[{"href":"https:\/\/wilbra.it\/es\/wp-json\/wp\/v2\/types\/page"}],"author":[{"embeddable":true,"href":"https:\/\/wilbra.it\/es\/wp-json\/wp\/v2\/users\/1"}],"replies":[{"embeddable":true,"href":"https:\/\/wilbra.it\/es\/wp-json\/wp\/v2\/comments?post=14554"}],"version-history":[{"count":0,"href":"https:\/\/wilbra.it\/es\/wp-json\/wp\/v2\/pages\/14554\/revisions"}],"wp:attachment":[{"href":"https:\/\/wilbra.it\/es\/wp-json\/wp\/v2\/media?parent=14554"}],"curies":[{"name":"wp","href":"https:\/\/api.w.org\/{rel}","templated":true}]}}