{"id":14422,"date":"2022-04-14T12:06:10","date_gmt":"2022-04-14T10:06:10","guid":{"rendered":"https:\/\/wilbra.it\/contatti\/"},"modified":"2025-04-29T10:39:05","modified_gmt":"2025-04-29T08:39:05","slug":"contactos","status":"publish","type":"page","link":"https:\/\/wilbra.it\/es\/contactos\/","title":{"rendered":"Contactos"},"content":{"rendered":"<div class=\"wpb-content-wrapper\"><p>[vc_row css_animation=\u00bb\u00bb row_type=\u00bbrow\u00bb use_row_as_full_screen_section=\u00bbno\u00bb type=\u00bbfull_width\u00bb angled_section=\u00bbno\u00bb text_align=\u00bbleft\u00bb background_image_as_pattern=\u00bbwithout_pattern\u00bb][vc_column][vc_row_inner row_type=\u00bbrow\u00bb type=\u00bbfull_width\u00bb text_align=\u00bbleft\u00bb css_animation=\u00bb\u00bb][vc_column_inner offset=\u00bbvc_hidden-lg\u00bb][vc_empty_space height=\u00bb60px\u00bb el_class=\u00bbempty-space-intro-pagine-mobile\u00bb][\/vc_column_inner][\/vc_row_inner][vc_empty_space height=\u00bb60px\u00bb][\/vc_column][\/vc_row][vc_row css_animation=\u00bb\u00bb row_type=\u00bbrow\u00bb use_row_as_full_screen_section=\u00bbno\u00bb type=\u00bbgrid\u00bb angled_section=\u00bbno\u00bb text_align=\u00bbleft\u00bb background_image_as_pattern=\u00bbwithout_pattern\u00bb z_index=\u00bb\u00bb][vc_column offset=\u00bbvc_col-md-6&#8243;][vc_column_text]<\/p>\n<h1>Wilbra Srl<\/h1>\n<p>[\/vc_column_text][vc_empty_space height=\u00bb20px\u00bb][vc_column_text]Para un primer contacto y\/o m\u00e1s informaci\u00f3n sobre el tipo, costos y disponibilidad de los productos ilustrados, completa el formulario, \u00a1nos comunicaremos contigo lo antes posible![\/vc_column_text][vc_empty_space height=\u00bb40px\u00bb][vc_row_inner row_type=\u00bbrow\u00bb type=\u00bbfull_width\u00bb text_align=\u00bbleft\u00bb css_animation=\u00bb\u00bb][vc_column_inner offset=\u00bbvc_col-lg-2 vc_col-md-3&#8243;]<span data-type=\"square\" data-hover-bg-color=\"#eeeeee\" data-hover-icon-color=\"#00a7d6\" class=\"qode_icon_shortcode fa-stack q_font_awsome_icon_square fa-lg pull-center \" style=\"background-color: rgba(0,0,0,0.01);border: 2px solid #eeeeee;font-size: 40px;font-size: 45px;border-radius: 90px; \"><a   itemprop=\"url\" href=\"mailto:info@wilbra.it\" target=\"_self\"><i class=\"qode_icon_font_awesome fa fa-envelope qode_icon_element\" style=\"font-size: 40px;color: #00a7d6;\" ><\/i><\/a><\/span>[\/vc_column_inner][vc_column_inner el_class=\u00bbtext-conttatti\u00bb offset=\u00bbvc_col-lg-10 vc_col-md-9&#8243;][vc_empty_space height=\u00bb25px\u00bb][vc_column_text]<\/p>\n<h6>Escribe un correo electr\u00f3nico a:<br \/>\n<strong>info@wilbra.it<\/strong><\/h6>\n<p>[\/vc_column_text][\/vc_column_inner][\/vc_row_inner][vc_separator type=\u00bbsmall\u00bb position=\u00bbleft\u00bb width_in_percentages=\u00bbyes\u00bb color=\u00bb#e0e0e0&#8243; thickness=\u00bb1&#8243; width=\u00bb80&#8243; up=\u00bb30&#8243; down=\u00bb30&#8243; el_class=\u00bbseparator-conttatti\u00bb][vc_row_inner row_type=\u00bbrow\u00bb type=\u00bbfull_width\u00bb text_align=\u00bbleft\u00bb css_animation=\u00bb\u00bb][vc_column_inner offset=\u00bbvc_col-lg-2 vc_col-md-3&#8243;]<span data-type=\"square\" data-hover-bg-color=\"#eeeeee\" data-hover-icon-color=\"#00a7d6\" class=\"qode_icon_shortcode fa-stack q_font_awsome_icon_square fa-lg pull-center \" style=\"background-color: rgba(0,0,0,0.01);border: 2px solid #eeeeee;font-size: 40px;font-size: 45px;border-radius: 90px; \"><a   itemprop=\"url\" href=\"tel:+390362306128\" target=\"_self\"><i class=\"qode_icon_font_awesome fa fa-phone qode_icon_element\" style=\"font-size: 40px;color: #00a7d6;\" ><\/i><\/a><\/span>[\/vc_column_inner][vc_column_inner el_class=\u00bbtext-conttatti\u00bb offset=\u00bbvc_col-lg-10 vc_col-md-9&#8243;][vc_empty_space height=\u00bb25px\u00bb][vc_column_text]<\/p>\n<h6>Llamenos al:<br \/>\n<strong>+39.0362.306128<\/strong><\/h6>\n<p>[\/vc_column_text][\/vc_column_inner][\/vc_row_inner][vc_empty_space height=\u00bb50px\u00bb][vc_column_text]<\/p>\n<h6>\u00bfEst\u00e1s interesado en nuestros productos? \u00bfQuieres revenderlos en tu tienda?<br \/>\nHaz clic en el bot\u00f3n y completa el formulario dedicado.<\/h6>\n<p>[\/vc_column_text][vc_empty_space height=\u00bb20px\u00bb][vc_row_inner row_type=\u00bbrow\u00bb type=\u00bbfull_width\u00bb text_align=\u00bbleft\u00bb css_animation=\u00bb\u00bb][vc_column_inner offset=\u00bbvc_col-lg-8 vc_col-md-10&#8243;]<a  itemprop=\"url\" href=\"https:\/\/wilbra.it\/es\/conviertete-en-distribudor-de-wilbra\/\" target=\"_self\"  class=\"qbutton  big_large_full_width default\" style=\"\">CONVI\u00c9RTETE EN DISTRIBUIDOR<\/a>[\/vc_column_inner][\/vc_row_inner][vc_empty_space height=\u00bb50px\u00bb][\/vc_column][vc_column offset=\u00bbvc_col-md-6&#8243;]\n<div class=\"wpcf7 no-js\" id=\"wpcf7-f16842-o1\" lang=\"es-ES\" dir=\"ltr\" data-wpcf7-id=\"16842\">\n<div class=\"screen-reader-response\"><p role=\"status\" aria-live=\"polite\" aria-atomic=\"true\"><\/p> <ul><\/ul><\/div>\n<form action=\"\/es\/wp-json\/wp\/v2\/pages\/14422#wpcf7-f16842-o1\" method=\"post\" class=\"wpcf7-form init cf7_custom_style_1\" aria-label=\"Formulario de contacto\" novalidate=\"novalidate\" data-status=\"init\">\n<fieldset class=\"hidden-fields-container\"><input type=\"hidden\" name=\"_wpcf7\" value=\"16842\" \/><input type=\"hidden\" name=\"_wpcf7_version\" value=\"6.1.1\" \/><input type=\"hidden\" name=\"_wpcf7_locale\" value=\"es_ES\" \/><input type=\"hidden\" name=\"_wpcf7_unit_tag\" value=\"wpcf7-f16842-o1\" \/><input type=\"hidden\" name=\"_wpcf7_container_post\" value=\"0\" \/><input type=\"hidden\" name=\"_wpcf7_posted_data_hash\" value=\"\" \/><input type=\"hidden\" name=\"_wpcf7cf_hidden_group_fields\" value=\"[]\" \/><input type=\"hidden\" name=\"_wpcf7cf_hidden_groups\" value=\"[]\" \/><input type=\"hidden\" name=\"_wpcf7cf_visible_groups\" value=\"[]\" \/><input type=\"hidden\" name=\"_wpcf7cf_repeaters\" value=\"[]\" \/><input type=\"hidden\" name=\"_wpcf7cf_steps\" value=\"{}\" \/><input type=\"hidden\" name=\"_wpcf7cf_options\" value=\"{&quot;form_id&quot;:16842,&quot;conditions&quot;:[],&quot;settings&quot;:{&quot;animation&quot;:&quot;yes&quot;,&quot;animation_intime&quot;:200,&quot;animation_outtime&quot;:200,&quot;conditions_ui&quot;:&quot;normal&quot;,&quot;notice_dismissed&quot;:false,&quot;notice_dismissed_update-cf7-5.9.8&quot;:true}}\" \/><input type=\"hidden\" name=\"_wpcf7_recaptcha_response\" value=\"\" \/>\n<\/fieldset>\n<div class=\"contentform\">\n\t<div class=\"contentform\">\n\t\t<p><span class=\"wpcf7-form-control-wrap\" data-name=\"your-name\"><input size=\"40\" maxlength=\"400\" class=\"wpcf7-form-control wpcf7-text wpcf7-validates-as-required\" aria-required=\"true\" aria-invalid=\"false\" placeholder=\"Nombre y apellido*\" value=\"\" type=\"text\" name=\"your-name\" \/><\/span>\n\t\t<\/p>\n\t<\/div>\n\t<div class=\"contentform\">\n\t\t<p><span class=\"wpcf7-form-control-wrap\" data-name=\"your-company\"><input size=\"40\" maxlength=\"400\" class=\"wpcf7-form-control wpcf7-text\" aria-invalid=\"false\" placeholder=\"Empresa\" value=\"\" type=\"text\" name=\"your-company\" \/><\/span>\n\t\t<\/p>\n\t<\/div>\n\t<div class=\"contentform\">\n\t\t<p><span class=\"wpcf7-form-control-wrap\" data-name=\"your-address\"><input size=\"40\" maxlength=\"400\" class=\"wpcf7-form-control wpcf7-text wpcf7-validates-as-required\" aria-required=\"true\" aria-invalid=\"false\" placeholder=\"Ciudad\" value=\"\" type=\"text\" name=\"your-address\" \/><\/span>\n\t\t<\/p>\n\t<\/div>\n\t<div class=\"contentform\">\n\t\t<p><span class=\"wpcf7-form-control-wrap\" data-name=\"your-phone\"><input size=\"40\" maxlength=\"400\" class=\"wpcf7-form-control wpcf7-tel wpcf7-validates-as-required wpcf7-text wpcf7-validates-as-tel\" aria-required=\"true\" aria-invalid=\"false\" placeholder=\"Tel\u00e9fono*\" value=\"\" type=\"tel\" name=\"your-phone\" \/><\/span>\n\t\t<\/p>\n\t<\/div>\n\t<div class=\"contentform\">\n\t\t<p><span class=\"wpcf7-form-control-wrap\" data-name=\"your-email\"><input size=\"40\" maxlength=\"400\" class=\"wpcf7-form-control wpcf7-email wpcf7-validates-as-required wpcf7-text wpcf7-validates-as-email\" aria-required=\"true\" aria-invalid=\"false\" placeholder=\"Correo electr\u00f3nico*\" value=\"\" type=\"email\" name=\"your-email\" \/><\/span>\n\t\t<\/p>\n\t<\/div>\n\t<div class=\"contentform\">\n\t\t<p><span class=\"wpcf7-form-control-wrap\" data-name=\"your-message\"><textarea cols=\"40\" rows=\"10\" maxlength=\"2000\" class=\"wpcf7-form-control wpcf7-textarea\" aria-invalid=\"false\" placeholder=\"Mensaje\" name=\"your-message\"><\/textarea><\/span>\n\t\t<\/p>\n\t\t<p style=\"font-size:12px;\"><span class=\"wpcf7-form-control-wrap\" data-name=\"Accettoprivacy\"><span class=\"wpcf7-form-control wpcf7-acceptance\"><span class=\"wpcf7-list-item\"><input type=\"checkbox\" name=\"Accettoprivacy\" value=\"1\" aria-invalid=\"false\" \/><\/span><\/span><\/span> He le\u00eddo <a href=\"https:\/\/wilbra.it\/es\/politica-de-privacidad\/\" target=\"_blank\" title=\"informativa sulla privacy\"><strong>pol\u00edtica de privacidad<\/strong><\/a> y consiento el tratamiento de datos personales en base a lo dispuesto en el Reglamento UE 2016\/679 y la legislaci\u00f3n nacional vigente en materia de Privacidad.\n\t\t<\/p>\n\t\t<p style=\"margin-top: 20px;\">\n\t\t<span class=\"wpcf7-form-control-wrap recaptcha\" data-name=\"recaptcha\"><span data-sitekey=\"6Le6N8ElAAAAAFYS1BbwJLHpWmH_tAbJfsOpjM1T\" class=\"wpcf7-form-control wpcf7-recaptcha g-recaptcha\"><\/span>\r\n<noscript>\r\n\t<div class=\"grecaptcha-noscript\">\r\n\t\t<iframe loading=\"lazy\" src=\"https:\/\/www.google.com\/recaptcha\/api\/fallback?k=6Le6N8ElAAAAAFYS1BbwJLHpWmH_tAbJfsOpjM1T\" frameborder=\"0\" scrolling=\"no\" width=\"310\" height=\"430\">\r\n\t\t<\/iframe>\r\n\t\t<textarea name=\"g-recaptcha-response\" rows=\"3\" cols=\"40\" placeholder=\"Aqu\u00ed la respuesta de reCAPTCHA\">\r\n\t\t<\/textarea>\r\n\t<\/div>\r\n<\/noscript>\r\n<\/span>\n\t\t<\/p>\n\t\t<p><input class=\"wpcf7-form-control wpcf7-submit has-spinner\" type=\"submit\" value=\"enviar consulta\" \/>\n\t\t<\/p>\n\t<\/div>\n\t<div class=\"contentform\">\n\t<div class=\"wpcf7-response-output\" aria-hidden=\"true\"><\/div>\n\t<\/div>\n<\/div>\n<\/form>\n<\/div>\n[\/vc_column][\/vc_row][vc_row css_animation=\u00bb\u00bb row_type=\u00bbrow\u00bb use_row_as_full_screen_section=\u00bbno\u00bb type=\u00bbfull_width\u00bb angled_section=\u00bbno\u00bb text_align=\u00bbleft\u00bb background_image_as_pattern=\u00bbwithout_pattern\u00bb][vc_column][vc_empty_space height=\u00bb80px\u00bb][\/vc_column][\/vc_row]<\/p>\n<\/div>","protected":false},"excerpt":{"rendered":"<p>[vc_row css_animation=\u00bb\u00bb row_type=\u00bbrow\u00bb use_row_as_full_screen_section=\u00bbno\u00bb type=\u00bbfull_width\u00bb angled_section=\u00bbno\u00bb text_align=\u00bbleft\u00bb background_image_as_pattern=\u00bbwithout_pattern\u00bb][vc_column][vc_row_inner row_type=\u00bbrow\u00bb type=\u00bbfull_width\u00bb text_align=\u00bbleft\u00bb css_animation=\u00bb\u00bb][vc_column_inner offset=\u00bbvc_hidden-lg\u00bb][vc_empty_space height=\u00bb60px\u00bb el_class=\u00bbempty-space-intro-pagine-mobile\u00bb][\/vc_column_inner][\/vc_row_inner][vc_empty_space height=\u00bb60px\u00bb][\/vc_column][\/vc_row][vc_row css_animation=\u00bb\u00bb row_type=\u00bbrow\u00bb use_row_as_full_screen_section=\u00bbno\u00bb type=\u00bbgrid\u00bb angled_section=\u00bbno\u00bb text_align=\u00bbleft\u00bb background_image_as_pattern=\u00bbwithout_pattern\u00bb z_index=\u00bb\u00bb][vc_column offset=\u00bbvc_col-md-6&#8243;][vc_column_text] Wilbra Srl [\/vc_column_text][vc_empty_space height=\u00bb20px\u00bb][vc_column_text]Para un primer contacto y\/o m\u00e1s informaci\u00f3n sobre el tipo, costos y disponibilidad de los productos ilustrados,&#8230;<\/p>\n","protected":false},"author":2,"featured_media":0,"parent":0,"menu_order":0,"comment_status":"closed","ping_status":"closed","template":"full_width.php","meta":{"footnotes":""},"class_list":["post-14422","page","type-page","status-publish","hentry"],"yoast_head":"<!-- This site is optimized with the Yoast SEO plugin v25.8 - https:\/\/yoast.com\/wordpress\/plugins\/seo\/ -->\n<title>Contactos - Wilbra<\/title>\n<meta name=\"description\" content=\"\u00bfQuieres comprar nuestros pegamentos? Cont\u00e1ctanos: aqu\u00ed encontrar\u00e1s los n\u00fameros de tel\u00e9fono y la direcci\u00f3n de correo electr\u00f3nico de Wilbra.\" \/>\n<meta name=\"robots\" content=\"index, follow, max-snippet:-1, max-image-preview:large, max-video-preview:-1\" \/>\n<link rel=\"canonical\" href=\"https:\/\/wilbra.it\/es\/contactos\/\" \/>\n<meta property=\"og:locale\" content=\"es_ES\" \/>\n<meta property=\"og:type\" content=\"article\" \/>\n<meta property=\"og:title\" content=\"Contactos - Wilbra\" \/>\n<meta property=\"og:description\" content=\"\u00bfQuieres comprar nuestros pegamentos? Cont\u00e1ctanos: aqu\u00ed encontrar\u00e1s los n\u00fameros de tel\u00e9fono y la direcci\u00f3n de correo electr\u00f3nico de Wilbra.\" \/>\n<meta property=\"og:url\" content=\"https:\/\/wilbra.it\/es\/contactos\/\" \/>\n<meta property=\"og:site_name\" content=\"Wilbra\" \/>\n<meta property=\"article:modified_time\" content=\"2025-04-29T08:39:05+00:00\" \/>\n<meta name=\"twitter:card\" content=\"summary_large_image\" \/>\n<meta name=\"twitter:label1\" content=\"Tiempo de lectura\" \/>\n\t<meta name=\"twitter:data1\" content=\"1 minuto\" \/>\n<script type=\"application\/ld+json\" class=\"yoast-schema-graph\">{\"@context\":\"https:\/\/schema.org\",\"@graph\":[{\"@type\":\"WebPage\",\"@id\":\"https:\/\/wilbra.it\/es\/contactos\/\",\"url\":\"https:\/\/wilbra.it\/es\/contactos\/\",\"name\":\"Contactos - Wilbra\",\"isPartOf\":{\"@id\":\"https:\/\/wilbra.it\/#website\"},\"datePublished\":\"2022-04-14T10:06:10+00:00\",\"dateModified\":\"2025-04-29T08:39:05+00:00\",\"description\":\"\u00bfQuieres comprar nuestros pegamentos? Cont\u00e1ctanos: aqu\u00ed encontrar\u00e1s los n\u00fameros de tel\u00e9fono y la direcci\u00f3n de correo electr\u00f3nico de Wilbra.\",\"inLanguage\":\"es\",\"potentialAction\":[{\"@type\":\"ReadAction\",\"target\":[\"https:\/\/wilbra.it\/es\/contactos\/\"]}]},{\"@type\":\"WebSite\",\"@id\":\"https:\/\/wilbra.it\/#website\",\"url\":\"https:\/\/wilbra.it\/\",\"name\":\"Wilbra\",\"description\":\"Prodotti per la cura di pelli e tessuti\",\"potentialAction\":[{\"@type\":\"SearchAction\",\"target\":{\"@type\":\"EntryPoint\",\"urlTemplate\":\"https:\/\/wilbra.it\/?s={search_term_string}\"},\"query-input\":{\"@type\":\"PropertyValueSpecification\",\"valueRequired\":true,\"valueName\":\"search_term_string\"}}],\"inLanguage\":\"es\"}]}<\/script>\n<!-- \/ Yoast SEO plugin. -->","yoast_head_json":{"title":"Contactos - Wilbra","description":"\u00bfQuieres comprar nuestros pegamentos? Cont\u00e1ctanos: aqu\u00ed encontrar\u00e1s los n\u00fameros de tel\u00e9fono y la direcci\u00f3n de correo electr\u00f3nico de Wilbra.","robots":{"index":"index","follow":"follow","max-snippet":"max-snippet:-1","max-image-preview":"max-image-preview:large","max-video-preview":"max-video-preview:-1"},"canonical":"https:\/\/wilbra.it\/es\/contactos\/","og_locale":"es_ES","og_type":"article","og_title":"Contactos - Wilbra","og_description":"\u00bfQuieres comprar nuestros pegamentos? Cont\u00e1ctanos: aqu\u00ed encontrar\u00e1s los n\u00fameros de tel\u00e9fono y la direcci\u00f3n de correo electr\u00f3nico de Wilbra.","og_url":"https:\/\/wilbra.it\/es\/contactos\/","og_site_name":"Wilbra","article_modified_time":"2025-04-29T08:39:05+00:00","twitter_card":"summary_large_image","twitter_misc":{"Tiempo de lectura":"1 minuto"},"schema":{"@context":"https:\/\/schema.org","@graph":[{"@type":"WebPage","@id":"https:\/\/wilbra.it\/es\/contactos\/","url":"https:\/\/wilbra.it\/es\/contactos\/","name":"Contactos - Wilbra","isPartOf":{"@id":"https:\/\/wilbra.it\/#website"},"datePublished":"2022-04-14T10:06:10+00:00","dateModified":"2025-04-29T08:39:05+00:00","description":"\u00bfQuieres comprar nuestros pegamentos? Cont\u00e1ctanos: aqu\u00ed encontrar\u00e1s los n\u00fameros de tel\u00e9fono y la direcci\u00f3n de correo electr\u00f3nico de Wilbra.","inLanguage":"es","potentialAction":[{"@type":"ReadAction","target":["https:\/\/wilbra.it\/es\/contactos\/"]}]},{"@type":"WebSite","@id":"https:\/\/wilbra.it\/#website","url":"https:\/\/wilbra.it\/","name":"Wilbra","description":"Prodotti per la cura di pelli e tessuti","potentialAction":[{"@type":"SearchAction","target":{"@type":"EntryPoint","urlTemplate":"https:\/\/wilbra.it\/?s={search_term_string}"},"query-input":{"@type":"PropertyValueSpecification","valueRequired":true,"valueName":"search_term_string"}}],"inLanguage":"es"}]}},"_links":{"self":[{"href":"https:\/\/wilbra.it\/es\/wp-json\/wp\/v2\/pages\/14422","targetHints":{"allow":["GET"]}}],"collection":[{"href":"https:\/\/wilbra.it\/es\/wp-json\/wp\/v2\/pages"}],"about":[{"href":"https:\/\/wilbra.it\/es\/wp-json\/wp\/v2\/types\/page"}],"author":[{"embeddable":true,"href":"https:\/\/wilbra.it\/es\/wp-json\/wp\/v2\/users\/2"}],"replies":[{"embeddable":true,"href":"https:\/\/wilbra.it\/es\/wp-json\/wp\/v2\/comments?post=14422"}],"version-history":[{"count":0,"href":"https:\/\/wilbra.it\/es\/wp-json\/wp\/v2\/pages\/14422\/revisions"}],"wp:attachment":[{"href":"https:\/\/wilbra.it\/es\/wp-json\/wp\/v2\/media?parent=14422"}],"curies":[{"name":"wp","href":"https:\/\/api.w.org\/{rel}","templated":true}]}}